{"id":898,"date":"2023-07-07T14:53:56","date_gmt":"2023-07-07T14:53:56","guid":{"rendered":"https:\/\/tiendamarcial.com\/arnobysinam\/?post_type=product&#038;p=898"},"modified":"2026-04-28T13:05:35","modified_gmt":"2026-04-28T18:05:35","slug":"nunchaku-foami-dragon-ng-cadena","status":"publish","type":"product","link":"https:\/\/tiendamarcial.com\/arnobysinam\/producto\/nunchaku-foami-dragon-ng-cadena\/","title":{"rendered":"Nunchaku foami Drag\u00f3n NG &#8211; Cadena"},"content":{"rendered":"<div align=\"justify\">\n<h4><strong>Domina una de las armas del Kobud\u00f4 con Nuestros Nunchaku foami Drag\u00f3n NG &#8211; Cadena<\/strong><\/h4>\n<p>Los nunchaku (\u30cc\u30f3\u30c1\u30e3\u30af), com\u00fanmente y mal llamados \u00abchacos\u00bb, son armas ic\u00f3nicas en el mundo de las Artes Marciales, popularizadas por el legendario Bruce Lee en sus pel\u00edculas. Ahora, te ofrecemos una versi\u00f3n moderna y segura de estas armas cl\u00e1sicas para que puedas entrenar con confianza y estilo, los Nunchaku foami Drag\u00f3n NG &#8211; Cadena.<\/p>\n<h4><strong>Caracter\u00edsticas Sobresalientes:<\/strong><\/h4>\n<ul>\n<li><strong>Dise\u00f1o de Seguridad Avanzada:<\/strong> Nuestros nunchaku est\u00e1n elaborados con precisi\u00f3n a partir de PVC resistente, cubierto de foami de alta calidad. Esta combinaci\u00f3n de materiales proporciona una experiencia de entrenamiento segura, perfecta para principiantes y adecuada incluso para los m\u00e1s experimentados.<\/li>\n<li><strong>M\u00e1xima Velocidad:<\/strong> La cadena con sistema de rodamiento enlaza cada secci\u00f3n (kon) con una suavidad impresionante, lo que te permite ganar velocidad y destreza en cada movimiento. Perfecciona tus habilidades y alcanza tu potencial m\u00e1ximo.<\/li>\n<li><strong>Dise\u00f1o Estilizado:<\/strong> El cuerpo de estos nunchaku presenta un elegante drag\u00f3n estampado, que combina a la perfecci\u00f3n la est\u00e9tica con la funcionalidad. Destaca en tu entrenamiento con un toque de autenticidad.<\/li>\n<li><strong>Para Todas las Edades:<\/strong> Con un tama\u00f1o vers\u00e1til, estos nunchaku son ideales tanto para adultos como para ni\u00f1os, lo que los convierte en una opci\u00f3n perfecta para toda la familia. Son f\u00e1ciles de recortar por si desea cambiar su tama\u00f1o y sin necesidad de da\u00f1ar su est\u00e9tica.<\/li>\n<\/ul>\n<h4><strong>Especificaciones de los Nunchaku:<\/strong><\/h4>\n<ul>\n<li>Color: Negro.<\/li>\n<li>Longitud de cada secci\u00f3n: 31 cm.<\/li>\n<li>Di\u00e1metro: 3 cm.<\/li>\n<li>Cadena: 13 cm.<\/li>\n<li>Longitud total: 75 cm.<\/li>\n<li>Peso: 225 gramos.<\/li>\n<\/ul>\n<p>No dejes pasar la oportunidad de incorporar estos nunchaku de entrenamiento a tu pr\u00e1ctica de Artes Marciales. Convi\u00e9rtete en un maestro de las t\u00e9cnicas de combate y desarrolla tus habilidades con total seguridad.<\/p>\n<p><strong>\u00a1Agrega este imprescindible a tu carrito y eleva tu entrenamiento al siguiente nivel!<\/strong><\/p>\n<\/div>\n","protected":false},"excerpt":{"rendered":"<div align=\"justify\">\n<p><strong>Domina una de las armas del Kobud\u00f4 con Nuestros Nunchaku de Entrenamiento en Foami<\/strong><\/p>\n<p>Los nunchaku (\u30cc\u30f3\u30c1\u30e3\u30af), com\u00fanmente y mal llamados \u00abchacos\u00bb, son armas ic\u00f3nicas en el mundo de las Artes Marciales, popularizadas por el legendario Bruce Lee en sus pel\u00edculas. Ahora, te ofrecemos una versi\u00f3n moderna y segura de estas armas cl\u00e1sicas para que puedas entrenar con confianza y estilo.<\/p>\n<\/div>\n","protected":false},"featured_media":3804,"template":"","meta":[],"product_brand":[],"product_cat":[96],"product_tag":[93,100,39,99,98,40,59,72,97,92,45],"class_list":{"0":"post-898","1":"product","2":"type-product","3":"status-publish","4":"has-post-thumbnail","6":"product_cat-nunchaku","7":"product_tag-aikido","8":"product_tag-armas","9":"product_tag-artes-marciales","10":"product_tag-bruce-lee","11":"product_tag-dragon","12":"product_tag-karate","13":"product_tag-katana","14":"product_tag-mma","15":"product_tag-nunchaku","16":"product_tag-sensei","17":"product_tag-taekwondo","19":"first","20":"instock","21":"sale","22":"shipping-taxable","23":"purchasable","24":"product-type-simple"},"yoast_head":"<!-- This site is optimized with the Yoast SEO plugin v26.8 - https:\/\/yoast.com\/product\/yoast-seo-wordpress\/ -->\n<title>Nunchaku foami Drag\u00f3n NG - Cadena - Tienda Marcial Colombia<\/title>\n<meta name=\"description\" content=\"Domina una de las armas del Kobud\u00f4 con Nuestros Nunchaku foami Drag\u00f3n NG de Entrenamiento en Foami, com\u00fanmente y mal llamados &quot;chacos&quot; para Artes Marciales.\" \/>\n<meta name=\"robots\" content=\"index, follow, max-snippet:-1, max-image-preview:large, max-video-preview:-1\" \/>\n<link rel=\"canonical\" href=\"https:\/\/tiendamarcial.com\/arnobysinam\/producto\/nunchaku-foami-dragon-ng-cadena\/\" \/>\n<meta property=\"og:locale\" content=\"es_ES\" \/>\n<meta property=\"og:type\" content=\"article\" \/>\n<meta property=\"og:title\" content=\"Nunchaku foami Drag\u00f3n NG - Cadena - Tienda Marcial Colombia\" \/>\n<meta property=\"og:description\" content=\"Domina una de las armas del Kobud\u00f4 con Nuestros Nunchaku foami Drag\u00f3n NG de Entrenamiento en Foami, com\u00fanmente y mal llamados &quot;chacos&quot; para Artes Marciales.\" \/>\n<meta property=\"og:url\" content=\"https:\/\/tiendamarcial.com\/arnobysinam\/producto\/nunchaku-foami-dragon-ng-cadena\/\" \/>\n<meta property=\"og:site_name\" content=\"Tienda Marcial Colombia\" \/>\n<meta property=\"article:publisher\" content=\"https:\/\/www.facebook.com\/TiendaMarcial\" \/>\n<meta property=\"article:modified_time\" content=\"2026-04-28T18:05:35+00:00\" \/>\n<meta property=\"og:image\" content=\"https:\/\/tiendamarcial.com\/arnobysinam\/wp-content\/uploads\/2023\/07\/ARNC151-nunchaku-chacos-kobudo-chakos-dragon-foami-espuma-pvc-entrenamiento-ninos-colombia-tienda-marcial.jpg\" \/>\n\t<meta property=\"og:image:width\" content=\"600\" \/>\n\t<meta property=\"og:image:height\" content=\"600\" \/>\n\t<meta property=\"og:image:type\" content=\"image\/jpeg\" \/>\n<meta name=\"twitter:card\" content=\"summary_large_image\" \/>\n<meta name=\"twitter:site\" content=\"@TiendaMarcial\" \/>\n<meta name=\"twitter:label1\" content=\"Tiempo de lectura\" \/>\n\t<meta name=\"twitter:data1\" content=\"2 minutos\" \/>\n<script type=\"application\/ld+json\" class=\"yoast-schema-graph\">{\"@context\":\"https:\/\/schema.org\",\"@graph\":[{\"@type\":\"WebPage\",\"@id\":\"https:\/\/tiendamarcial.com\/arnobysinam\/producto\/nunchaku-foami-dragon-ng-cadena\/\",\"url\":\"https:\/\/tiendamarcial.com\/arnobysinam\/producto\/nunchaku-foami-dragon-ng-cadena\/\",\"name\":\"Nunchaku foami Drag\u00f3n NG - Cadena - Tienda Marcial Colombia\",\"isPartOf\":{\"@id\":\"https:\/\/tiendamarcial.com\/arnobysinam\/#website\"},\"primaryImageOfPage\":{\"@id\":\"https:\/\/tiendamarcial.com\/arnobysinam\/producto\/nunchaku-foami-dragon-ng-cadena\/#primaryimage\"},\"image\":{\"@id\":\"https:\/\/tiendamarcial.com\/arnobysinam\/producto\/nunchaku-foami-dragon-ng-cadena\/#primaryimage\"},\"thumbnailUrl\":\"https:\/\/tiendamarcial.com\/arnobysinam\/wp-content\/uploads\/2023\/07\/ARNC151-nunchaku-chacos-kobudo-chakos-dragon-foami-espuma-pvc-entrenamiento-ninos-colombia-tienda-marcial.jpg\",\"datePublished\":\"2023-07-07T14:53:56+00:00\",\"dateModified\":\"2026-04-28T18:05:35+00:00\",\"description\":\"Domina una de las armas del Kobud\u00f4 con Nuestros Nunchaku foami Drag\u00f3n NG de Entrenamiento en Foami, com\u00fanmente y mal llamados \\\"chacos\\\" para Artes Marciales.\",\"breadcrumb\":{\"@id\":\"https:\/\/tiendamarcial.com\/arnobysinam\/producto\/nunchaku-foami-dragon-ng-cadena\/#breadcrumb\"},\"inLanguage\":\"es\",\"potentialAction\":[{\"@type\":\"ReadAction\",\"target\":[\"https:\/\/tiendamarcial.com\/arnobysinam\/producto\/nunchaku-foami-dragon-ng-cadena\/\"]}]},{\"@type\":\"ImageObject\",\"inLanguage\":\"es\",\"@id\":\"https:\/\/tiendamarcial.com\/arnobysinam\/producto\/nunchaku-foami-dragon-ng-cadena\/#primaryimage\",\"url\":\"https:\/\/tiendamarcial.com\/arnobysinam\/wp-content\/uploads\/2023\/07\/ARNC151-nunchaku-chacos-kobudo-chakos-dragon-foami-espuma-pvc-entrenamiento-ninos-colombia-tienda-marcial.jpg\",\"contentUrl\":\"https:\/\/tiendamarcial.com\/arnobysinam\/wp-content\/uploads\/2023\/07\/ARNC151-nunchaku-chacos-kobudo-chakos-dragon-foami-espuma-pvc-entrenamiento-ninos-colombia-tienda-marcial.jpg\",\"width\":600,\"height\":600,\"caption\":\"Nunchaku en foami Drag\u00f3n Negro con Cadena para entrenamiento de Artes Marciales\"},{\"@type\":\"BreadcrumbList\",\"@id\":\"https:\/\/tiendamarcial.com\/arnobysinam\/producto\/nunchaku-foami-dragon-ng-cadena\/#breadcrumb\",\"itemListElement\":[{\"@type\":\"ListItem\",\"position\":1,\"name\":\"Portada\",\"item\":\"https:\/\/tiendamarcial.com\/arnobysinam\/\"},{\"@type\":\"ListItem\",\"position\":2,\"name\":\"Tienda\",\"item\":\"https:\/\/tiendamarcial.com\/arnobysinam\/tienda\/\"},{\"@type\":\"ListItem\",\"position\":3,\"name\":\"Nunchaku foami Drag\u00f3n NG &#8211; Cadena\"}]},{\"@type\":\"WebSite\",\"@id\":\"https:\/\/tiendamarcial.com\/arnobysinam\/#website\",\"url\":\"https:\/\/tiendamarcial.com\/arnobysinam\/\",\"name\":\"Tienda Marcial Colombia\",\"description\":\"Todo en implementos para Artes Marciales\",\"potentialAction\":[{\"@type\":\"SearchAction\",\"target\":{\"@type\":\"EntryPoint\",\"urlTemplate\":\"https:\/\/tiendamarcial.com\/arnobysinam\/?s={search_term_string}\"},\"query-input\":{\"@type\":\"PropertyValueSpecification\",\"valueRequired\":true,\"valueName\":\"search_term_string\"}}],\"inLanguage\":\"es\"}]}<\/script>\n<!-- \/ Yoast SEO plugin. -->","yoast_head_json":{"title":"Nunchaku foami Drag\u00f3n NG - Cadena - Tienda Marcial Colombia","description":"Domina una de las armas del Kobud\u00f4 con Nuestros Nunchaku foami Drag\u00f3n NG de Entrenamiento en Foami, com\u00fanmente y mal llamados \"chacos\" para Artes Marciales.","robots":{"index":"index","follow":"follow","max-snippet":"max-snippet:-1","max-image-preview":"max-image-preview:large","max-video-preview":"max-video-preview:-1"},"canonical":"https:\/\/tiendamarcial.com\/arnobysinam\/producto\/nunchaku-foami-dragon-ng-cadena\/","og_locale":"es_ES","og_type":"article","og_title":"Nunchaku foami Drag\u00f3n NG - Cadena - Tienda Marcial Colombia","og_description":"Domina una de las armas del Kobud\u00f4 con Nuestros Nunchaku foami Drag\u00f3n NG de Entrenamiento en Foami, com\u00fanmente y mal llamados \"chacos\" para Artes Marciales.","og_url":"https:\/\/tiendamarcial.com\/arnobysinam\/producto\/nunchaku-foami-dragon-ng-cadena\/","og_site_name":"Tienda Marcial Colombia","article_publisher":"https:\/\/www.facebook.com\/TiendaMarcial","article_modified_time":"2026-04-28T18:05:35+00:00","og_image":[{"width":600,"height":600,"url":"https:\/\/tiendamarcial.com\/arnobysinam\/wp-content\/uploads\/2023\/07\/ARNC151-nunchaku-chacos-kobudo-chakos-dragon-foami-espuma-pvc-entrenamiento-ninos-colombia-tienda-marcial.jpg","type":"image\/jpeg"}],"twitter_card":"summary_large_image","twitter_site":"@TiendaMarcial","twitter_misc":{"Tiempo de lectura":"2 minutos"},"schema":{"@context":"https:\/\/schema.org","@graph":[{"@type":"WebPage","@id":"https:\/\/tiendamarcial.com\/arnobysinam\/producto\/nunchaku-foami-dragon-ng-cadena\/","url":"https:\/\/tiendamarcial.com\/arnobysinam\/producto\/nunchaku-foami-dragon-ng-cadena\/","name":"Nunchaku foami Drag\u00f3n NG - Cadena - Tienda Marcial Colombia","isPartOf":{"@id":"https:\/\/tiendamarcial.com\/arnobysinam\/#website"},"primaryImageOfPage":{"@id":"https:\/\/tiendamarcial.com\/arnobysinam\/producto\/nunchaku-foami-dragon-ng-cadena\/#primaryimage"},"image":{"@id":"https:\/\/tiendamarcial.com\/arnobysinam\/producto\/nunchaku-foami-dragon-ng-cadena\/#primaryimage"},"thumbnailUrl":"https:\/\/tiendamarcial.com\/arnobysinam\/wp-content\/uploads\/2023\/07\/ARNC151-nunchaku-chacos-kobudo-chakos-dragon-foami-espuma-pvc-entrenamiento-ninos-colombia-tienda-marcial.jpg","datePublished":"2023-07-07T14:53:56+00:00","dateModified":"2026-04-28T18:05:35+00:00","description":"Domina una de las armas del Kobud\u00f4 con Nuestros Nunchaku foami Drag\u00f3n NG de Entrenamiento en Foami, com\u00fanmente y mal llamados \"chacos\" para Artes Marciales.","breadcrumb":{"@id":"https:\/\/tiendamarcial.com\/arnobysinam\/producto\/nunchaku-foami-dragon-ng-cadena\/#breadcrumb"},"inLanguage":"es","potentialAction":[{"@type":"ReadAction","target":["https:\/\/tiendamarcial.com\/arnobysinam\/producto\/nunchaku-foami-dragon-ng-cadena\/"]}]},{"@type":"ImageObject","inLanguage":"es","@id":"https:\/\/tiendamarcial.com\/arnobysinam\/producto\/nunchaku-foami-dragon-ng-cadena\/#primaryimage","url":"https:\/\/tiendamarcial.com\/arnobysinam\/wp-content\/uploads\/2023\/07\/ARNC151-nunchaku-chacos-kobudo-chakos-dragon-foami-espuma-pvc-entrenamiento-ninos-colombia-tienda-marcial.jpg","contentUrl":"https:\/\/tiendamarcial.com\/arnobysinam\/wp-content\/uploads\/2023\/07\/ARNC151-nunchaku-chacos-kobudo-chakos-dragon-foami-espuma-pvc-entrenamiento-ninos-colombia-tienda-marcial.jpg","width":600,"height":600,"caption":"Nunchaku en foami Drag\u00f3n Negro con Cadena para entrenamiento de Artes Marciales"},{"@type":"BreadcrumbList","@id":"https:\/\/tiendamarcial.com\/arnobysinam\/producto\/nunchaku-foami-dragon-ng-cadena\/#breadcrumb","itemListElement":[{"@type":"ListItem","position":1,"name":"Portada","item":"https:\/\/tiendamarcial.com\/arnobysinam\/"},{"@type":"ListItem","position":2,"name":"Tienda","item":"https:\/\/tiendamarcial.com\/arnobysinam\/tienda\/"},{"@type":"ListItem","position":3,"name":"Nunchaku foami Drag\u00f3n NG &#8211; Cadena"}]},{"@type":"WebSite","@id":"https:\/\/tiendamarcial.com\/arnobysinam\/#website","url":"https:\/\/tiendamarcial.com\/arnobysinam\/","name":"Tienda Marcial Colombia","description":"Todo en implementos para Artes Marciales","potentialAction":[{"@type":"SearchAction","target":{"@type":"EntryPoint","urlTemplate":"https:\/\/tiendamarcial.com\/arnobysinam\/?s={search_term_string}"},"query-input":{"@type":"PropertyValueSpecification","valueRequired":true,"valueName":"search_term_string"}}],"inLanguage":"es"}]}},"_links":{"self":[{"href":"https:\/\/tiendamarcial.com\/arnobysinam\/wp-json\/wp\/v2\/product\/898","targetHints":{"allow":["GET"]}}],"collection":[{"href":"https:\/\/tiendamarcial.com\/arnobysinam\/wp-json\/wp\/v2\/product"}],"about":[{"href":"https:\/\/tiendamarcial.com\/arnobysinam\/wp-json\/wp\/v2\/types\/product"}],"version-history":[{"count":8,"href":"https:\/\/tiendamarcial.com\/arnobysinam\/wp-json\/wp\/v2\/product\/898\/revisions"}],"predecessor-version":[{"id":6409,"href":"https:\/\/tiendamarcial.com\/arnobysinam\/wp-json\/wp\/v2\/product\/898\/revisions\/6409"}],"wp:featuredmedia":[{"embeddable":true,"href":"https:\/\/tiendamarcial.com\/arnobysinam\/wp-json\/wp\/v2\/media\/3804"}],"wp:attachment":[{"href":"https:\/\/tiendamarcial.com\/arnobysinam\/wp-json\/wp\/v2\/media?parent=898"}],"wp:term":[{"taxonomy":"product_brand","embeddable":true,"href":"https:\/\/tiendamarcial.com\/arnobysinam\/wp-json\/wp\/v2\/product_brand?post=898"},{"taxonomy":"product_cat","embeddable":true,"href":"https:\/\/tiendamarcial.com\/arnobysinam\/wp-json\/wp\/v2\/product_cat?post=898"},{"taxonomy":"product_tag","embeddable":true,"href":"https:\/\/tiendamarcial.com\/arnobysinam\/wp-json\/wp\/v2\/product_tag?post=898"}],"curies":[{"name":"wp","href":"https:\/\/api.w.org\/{rel}","templated":true}]}}