{"id":824,"date":"2023-07-06T17:33:40","date_gmt":"2023-07-06T17:33:40","guid":{"rendered":"https:\/\/tiendamarcial.com\/arnobysinam\/?post_type=product&#038;p=824"},"modified":"2023-07-31T13:26:23","modified_gmt":"2023-07-31T18:26:23","slug":"shogi-20x17-cms-magnetico","status":"publish","type":"product","link":"https:\/\/tiendamarcial.com\/arnobysinam\/producto\/shogi-20x17-cms-magnetico\/","title":{"rendered":"Shogi 20X17 cms &#8211; Magn\u00e9tico"},"content":{"rendered":"<div>El Shogi es un tipo de ajedrez japon\u00e9s de la misma familia del xiangqi (Ajedr\u00e9z Chino) y el ajedr\u00e9z occidental. El Shogi, como el Ajedr\u00e9z tradicional, es jugado en un tablero cuadrado con piezas de poderes diversos y el objetivo es dar Jaque Mate al Rey oponente. Se juega en un tablero cuadrado de 9 x 9 o 81 celdas. Dos caracteristicas distintas, sin embargo, diferenci\u00adan al Shogi del Ajedrez Europeo:<\/div>\n<div><\/div>\n<div>1. Las piezas capturadas no mueren sino que pueden ser dirigidas en la direcci\u00f3n opuesta y reactivarse como parte de las fuerzas propias o del oponente.<\/div>\n<div>2. Las piezas menores (Peones Japoneses) capturan una casilla hacia adelante.<\/div>\n<div><\/div>\n<div>Ambos jugadores cuentan con veinte piezas cada uno al principio del juego.<\/div>\n<p><strong>Las fichas son las siguientes:<\/strong><\/p>\n<p>Rey Negro:\uff08gyokush\u00f4), Blanco:\uff08\u00f4sh\u00f4\uff09<br \/>\nTorre\uff08hisha\uff09<br \/>\nTorre coronada\uff08ry\u00fb\u00f4\uff09<br \/>\nAlfil\uff08kakugy\u014d\uff09<br \/>\nAlfil coronado\uff08ry\u00fbme o ry\u00fbma\uff09<br \/>\nGeneral de oro\uff08kinsh\u00f4\uff09<br \/>\nGeneral de plata\uff08ginsh\u00f4\uff09<br \/>\nGeneral de plata coronado\uff08narigin\uff09<br \/>\nCaballero\uff08keima\uff09<br \/>\nCaballo coronado\uff08narikei\uff09<br \/>\nLancero\uff08ky\u00f4sha\uff09<br \/>\nLancero coronado\uff08nariky\u00f4\uff09<br \/>\nPe\u00f3n\uff08fuhy\u00f4\uff09<br \/>\nPe\u00f3n coronado\uff08tokin\uff09<\/p>\n<p><strong>Caracter\u00ed\u00adsticas:<\/strong><\/p>\n<p>1 tablero de 20&#215;17 cms en estuche de pasta<br \/>\n40 piezas de juego magn\u00e9ticas<\/p>\n","protected":false},"excerpt":{"rendered":"<p>El Shogi es un tipo de ajedrez japon\u00e9s de la misma familia del xiangqi (Ajedr\u00e9z Chino) y el ajedr\u00e9z occidental.<\/p>\n","protected":false},"featured_media":826,"template":"","meta":[],"product_brand":[],"product_cat":[86],"product_tag":[39,90,89,87,91,88],"class_list":{"0":"post-824","1":"product","2":"type-product","3":"status-publish","4":"has-post-thumbnail","6":"product_cat-juegos","7":"product_tag-artes-marciales","8":"product_tag-go","9":"product_tag-igo","10":"product_tag-juego","11":"product_tag-shogi","12":"product_tag-tradicional","14":"first","15":"instock","16":"shipping-taxable","17":"purchasable","18":"product-type-simple"},"yoast_head":"<!-- This site is optimized with the Yoast SEO plugin v26.8 - https:\/\/yoast.com\/product\/yoast-seo-wordpress\/ -->\n<title>Shogi 20X17 cms - Magn\u00e9tico - Tienda Marcial Colombia<\/title>\n<meta name=\"robots\" content=\"index, follow, max-snippet:-1, max-image-preview:large, max-video-preview:-1\" \/>\n<link rel=\"canonical\" href=\"https:\/\/tiendamarcial.com\/arnobysinam\/producto\/shogi-20x17-cms-magnetico\/\" \/>\n<meta property=\"og:locale\" content=\"es_ES\" \/>\n<meta property=\"og:type\" content=\"article\" \/>\n<meta property=\"og:title\" content=\"Shogi 20X17 cms - Magn\u00e9tico - Tienda Marcial Colombia\" \/>\n<meta property=\"og:description\" content=\"El Shogi es un tipo de ajedrez japon\u00e9s de la misma familia del xiangqi (Ajedr\u00e9z Chino) y el ajedr\u00e9z occidental.\" \/>\n<meta property=\"og:url\" content=\"https:\/\/tiendamarcial.com\/arnobysinam\/producto\/shogi-20x17-cms-magnetico\/\" \/>\n<meta property=\"og:site_name\" content=\"Tienda Marcial Colombia\" \/>\n<meta property=\"article:publisher\" content=\"https:\/\/www.facebook.com\/TiendaMarcial\" \/>\n<meta property=\"article:modified_time\" content=\"2023-07-31T18:26:23+00:00\" \/>\n<meta property=\"og:image\" content=\"https:\/\/tiendamarcial.com\/arnobysinam\/wp-content\/uploads\/2023\/07\/GMSH001.jpg\" \/>\n\t<meta property=\"og:image:width\" content=\"600\" \/>\n\t<meta property=\"og:image:height\" content=\"600\" \/>\n\t<meta property=\"og:image:type\" content=\"image\/jpeg\" \/>\n<meta name=\"twitter:card\" content=\"summary_large_image\" \/>\n<meta name=\"twitter:site\" content=\"@TiendaMarcial\" \/>\n<meta name=\"twitter:label1\" content=\"Tiempo de lectura\" \/>\n\t<meta name=\"twitter:data1\" content=\"1 minuto\" \/>\n<script type=\"application\/ld+json\" class=\"yoast-schema-graph\">{\"@context\":\"https:\/\/schema.org\",\"@graph\":[{\"@type\":\"WebPage\",\"@id\":\"https:\/\/tiendamarcial.com\/arnobysinam\/producto\/shogi-20x17-cms-magnetico\/\",\"url\":\"https:\/\/tiendamarcial.com\/arnobysinam\/producto\/shogi-20x17-cms-magnetico\/\",\"name\":\"Shogi 20X17 cms - Magn\u00e9tico - Tienda Marcial Colombia\",\"isPartOf\":{\"@id\":\"https:\/\/tiendamarcial.com\/arnobysinam\/#website\"},\"primaryImageOfPage\":{\"@id\":\"https:\/\/tiendamarcial.com\/arnobysinam\/producto\/shogi-20x17-cms-magnetico\/#primaryimage\"},\"image\":{\"@id\":\"https:\/\/tiendamarcial.com\/arnobysinam\/producto\/shogi-20x17-cms-magnetico\/#primaryimage\"},\"thumbnailUrl\":\"https:\/\/tiendamarcial.com\/arnobysinam\/wp-content\/uploads\/2023\/07\/GMSH001.jpg\",\"datePublished\":\"2023-07-06T17:33:40+00:00\",\"dateModified\":\"2023-07-31T18:26:23+00:00\",\"breadcrumb\":{\"@id\":\"https:\/\/tiendamarcial.com\/arnobysinam\/producto\/shogi-20x17-cms-magnetico\/#breadcrumb\"},\"inLanguage\":\"es\",\"potentialAction\":[{\"@type\":\"ReadAction\",\"target\":[\"https:\/\/tiendamarcial.com\/arnobysinam\/producto\/shogi-20x17-cms-magnetico\/\"]}]},{\"@type\":\"ImageObject\",\"inLanguage\":\"es\",\"@id\":\"https:\/\/tiendamarcial.com\/arnobysinam\/producto\/shogi-20x17-cms-magnetico\/#primaryimage\",\"url\":\"https:\/\/tiendamarcial.com\/arnobysinam\/wp-content\/uploads\/2023\/07\/GMSH001.jpg\",\"contentUrl\":\"https:\/\/tiendamarcial.com\/arnobysinam\/wp-content\/uploads\/2023\/07\/GMSH001.jpg\",\"width\":600,\"height\":600},{\"@type\":\"BreadcrumbList\",\"@id\":\"https:\/\/tiendamarcial.com\/arnobysinam\/producto\/shogi-20x17-cms-magnetico\/#breadcrumb\",\"itemListElement\":[{\"@type\":\"ListItem\",\"position\":1,\"name\":\"Portada\",\"item\":\"https:\/\/tiendamarcial.com\/arnobysinam\/\"},{\"@type\":\"ListItem\",\"position\":2,\"name\":\"Tienda\",\"item\":\"https:\/\/tiendamarcial.com\/arnobysinam\/tienda\/\"},{\"@type\":\"ListItem\",\"position\":3,\"name\":\"Shogi 20X17 cms &#8211; Magn\u00e9tico\"}]},{\"@type\":\"WebSite\",\"@id\":\"https:\/\/tiendamarcial.com\/arnobysinam\/#website\",\"url\":\"https:\/\/tiendamarcial.com\/arnobysinam\/\",\"name\":\"Tienda Marcial Colombia\",\"description\":\"Todo en implementos para Artes Marciales\",\"potentialAction\":[{\"@type\":\"SearchAction\",\"target\":{\"@type\":\"EntryPoint\",\"urlTemplate\":\"https:\/\/tiendamarcial.com\/arnobysinam\/?s={search_term_string}\"},\"query-input\":{\"@type\":\"PropertyValueSpecification\",\"valueRequired\":true,\"valueName\":\"search_term_string\"}}],\"inLanguage\":\"es\"}]}<\/script>\n<!-- \/ Yoast SEO plugin. -->","yoast_head_json":{"title":"Shogi 20X17 cms - Magn\u00e9tico - Tienda Marcial Colombia","robots":{"index":"index","follow":"follow","max-snippet":"max-snippet:-1","max-image-preview":"max-image-preview:large","max-video-preview":"max-video-preview:-1"},"canonical":"https:\/\/tiendamarcial.com\/arnobysinam\/producto\/shogi-20x17-cms-magnetico\/","og_locale":"es_ES","og_type":"article","og_title":"Shogi 20X17 cms - Magn\u00e9tico - Tienda Marcial Colombia","og_description":"El Shogi es un tipo de ajedrez japon\u00e9s de la misma familia del xiangqi (Ajedr\u00e9z Chino) y el ajedr\u00e9z occidental.","og_url":"https:\/\/tiendamarcial.com\/arnobysinam\/producto\/shogi-20x17-cms-magnetico\/","og_site_name":"Tienda Marcial Colombia","article_publisher":"https:\/\/www.facebook.com\/TiendaMarcial","article_modified_time":"2023-07-31T18:26:23+00:00","og_image":[{"width":600,"height":600,"url":"https:\/\/tiendamarcial.com\/arnobysinam\/wp-content\/uploads\/2023\/07\/GMSH001.jpg","type":"image\/jpeg"}],"twitter_card":"summary_large_image","twitter_site":"@TiendaMarcial","twitter_misc":{"Tiempo de lectura":"1 minuto"},"schema":{"@context":"https:\/\/schema.org","@graph":[{"@type":"WebPage","@id":"https:\/\/tiendamarcial.com\/arnobysinam\/producto\/shogi-20x17-cms-magnetico\/","url":"https:\/\/tiendamarcial.com\/arnobysinam\/producto\/shogi-20x17-cms-magnetico\/","name":"Shogi 20X17 cms - Magn\u00e9tico - Tienda Marcial Colombia","isPartOf":{"@id":"https:\/\/tiendamarcial.com\/arnobysinam\/#website"},"primaryImageOfPage":{"@id":"https:\/\/tiendamarcial.com\/arnobysinam\/producto\/shogi-20x17-cms-magnetico\/#primaryimage"},"image":{"@id":"https:\/\/tiendamarcial.com\/arnobysinam\/producto\/shogi-20x17-cms-magnetico\/#primaryimage"},"thumbnailUrl":"https:\/\/tiendamarcial.com\/arnobysinam\/wp-content\/uploads\/2023\/07\/GMSH001.jpg","datePublished":"2023-07-06T17:33:40+00:00","dateModified":"2023-07-31T18:26:23+00:00","breadcrumb":{"@id":"https:\/\/tiendamarcial.com\/arnobysinam\/producto\/shogi-20x17-cms-magnetico\/#breadcrumb"},"inLanguage":"es","potentialAction":[{"@type":"ReadAction","target":["https:\/\/tiendamarcial.com\/arnobysinam\/producto\/shogi-20x17-cms-magnetico\/"]}]},{"@type":"ImageObject","inLanguage":"es","@id":"https:\/\/tiendamarcial.com\/arnobysinam\/producto\/shogi-20x17-cms-magnetico\/#primaryimage","url":"https:\/\/tiendamarcial.com\/arnobysinam\/wp-content\/uploads\/2023\/07\/GMSH001.jpg","contentUrl":"https:\/\/tiendamarcial.com\/arnobysinam\/wp-content\/uploads\/2023\/07\/GMSH001.jpg","width":600,"height":600},{"@type":"BreadcrumbList","@id":"https:\/\/tiendamarcial.com\/arnobysinam\/producto\/shogi-20x17-cms-magnetico\/#breadcrumb","itemListElement":[{"@type":"ListItem","position":1,"name":"Portada","item":"https:\/\/tiendamarcial.com\/arnobysinam\/"},{"@type":"ListItem","position":2,"name":"Tienda","item":"https:\/\/tiendamarcial.com\/arnobysinam\/tienda\/"},{"@type":"ListItem","position":3,"name":"Shogi 20X17 cms &#8211; Magn\u00e9tico"}]},{"@type":"WebSite","@id":"https:\/\/tiendamarcial.com\/arnobysinam\/#website","url":"https:\/\/tiendamarcial.com\/arnobysinam\/","name":"Tienda Marcial Colombia","description":"Todo en implementos para Artes Marciales","potentialAction":[{"@type":"SearchAction","target":{"@type":"EntryPoint","urlTemplate":"https:\/\/tiendamarcial.com\/arnobysinam\/?s={search_term_string}"},"query-input":{"@type":"PropertyValueSpecification","valueRequired":true,"valueName":"search_term_string"}}],"inLanguage":"es"}]}},"_links":{"self":[{"href":"https:\/\/tiendamarcial.com\/arnobysinam\/wp-json\/wp\/v2\/product\/824","targetHints":{"allow":["GET"]}}],"collection":[{"href":"https:\/\/tiendamarcial.com\/arnobysinam\/wp-json\/wp\/v2\/product"}],"about":[{"href":"https:\/\/tiendamarcial.com\/arnobysinam\/wp-json\/wp\/v2\/types\/product"}],"version-history":[{"count":4,"href":"https:\/\/tiendamarcial.com\/arnobysinam\/wp-json\/wp\/v2\/product\/824\/revisions"}],"predecessor-version":[{"id":2090,"href":"https:\/\/tiendamarcial.com\/arnobysinam\/wp-json\/wp\/v2\/product\/824\/revisions\/2090"}],"wp:featuredmedia":[{"embeddable":true,"href":"https:\/\/tiendamarcial.com\/arnobysinam\/wp-json\/wp\/v2\/media\/826"}],"wp:attachment":[{"href":"https:\/\/tiendamarcial.com\/arnobysinam\/wp-json\/wp\/v2\/media?parent=824"}],"wp:term":[{"taxonomy":"product_brand","embeddable":true,"href":"https:\/\/tiendamarcial.com\/arnobysinam\/wp-json\/wp\/v2\/product_brand?post=824"},{"taxonomy":"product_cat","embeddable":true,"href":"https:\/\/tiendamarcial.com\/arnobysinam\/wp-json\/wp\/v2\/product_cat?post=824"},{"taxonomy":"product_tag","embeddable":true,"href":"https:\/\/tiendamarcial.com\/arnobysinam\/wp-json\/wp\/v2\/product_tag?post=824"}],"curies":[{"name":"wp","href":"https:\/\/api.w.org\/{rel}","templated":true}]}}