{"id":758,"date":"2026-03-09T10:47:59","date_gmt":"2026-03-09T15:47:59","guid":{"rendered":"https:\/\/tiendamarcial.com\/arnobysinam\/?post_type=product&#038;p=758"},"modified":"2026-03-16T15:04:24","modified_gmt":"2026-03-16T20:04:24","slug":"base-ninja-para-lapiceros-oficina","status":"publish","type":"product","link":"https:\/\/tiendamarcial.com\/arnobysinam\/producto\/base-ninja-para-lapiceros-oficina\/","title":{"rendered":"Base Ninja para Lapiceros &#8211; Oficina"},"content":{"rendered":"<h3 data-section-id=\"1ybece8\" data-start=\"0\" data-end=\"78\">Base Ninja para Lapiceros \u2013 Portal\u00e1pices Decorativo de Guerrero Shinobi<\/h3>\n<p data-start=\"80\" data-end=\"555\">Convierte tu escritorio en un verdadero <strong data-start=\"120\" data-end=\"149\">espacio de guerrero ninja<\/strong> con esta espectacular <strong data-start=\"172\" data-end=\"201\">Base Ninja para lapiceros<\/strong>, un portal\u00e1pices decorativo dise\u00f1ado para quienes aman la est\u00e9tica del mundo shinobi. Inspirado en los guerreros del Jap\u00f3n feudal y su caracter\u00edstico <strong data-start=\"352\" data-end=\"380\">uniforme de infiltraci\u00f3n<\/strong>, este soporte presenta una figura ninja arrodillada con los brazos extendidos, lista para sostener tus instrumentos de escritura como si fueran armas de un aut\u00e9ntico maestro.<\/p>\n<p data-start=\"557\" data-end=\"796\">Fabricado en <strong data-start=\"570\" data-end=\"615\">PVC mediante impresi\u00f3n 3D de alta calidad<\/strong>, este portal\u00e1pices combina <strong data-start=\"643\" data-end=\"685\">dise\u00f1o, funcionalidad y estilo marcial<\/strong>, convirti\u00e9ndose en un accesorio perfecto para escritorios, oficinas, estudios o espacios de trabajo creativos.<\/p>\n<p data-start=\"798\" data-end=\"1192\">La figura muestra todos los detalles cl\u00e1sicos del <strong data-start=\"848\" data-end=\"867\">shinobi sh\u014dzoku<\/strong> (vestimenta ninja), incluyendo su <strong data-start=\"902\" data-end=\"919\">m\u00e1scara ninja<\/strong>, atuendo t\u00e1ctico y <strong data-start=\"939\" data-end=\"977\">una espada cruzada en la espalda<\/strong>, lo que le da una apariencia aut\u00e9ntica y poderosa. Entre sus manos puede sostener <strong data-start=\"1060\" data-end=\"1147\">bol\u00edgrafos, l\u00e1pices, plumas estilogr\u00e1ficas, mini espadas decorativas o cortapapeles<\/strong>, creando un efecto visual \u00fanico y llamativo.<\/p>\n<p data-start=\"1194\" data-end=\"1455\">Adem\u00e1s de ser pr\u00e1ctico, es una <strong data-start=\"1225\" data-end=\"1337\">pieza decorativa ideal para coleccionistas, amantes de la cultura japonesa, artes marciales o tem\u00e1tica ninja<\/strong>. Tambi\u00e9n es un excelente <strong data-start=\"1363\" data-end=\"1454\">regalo original para estudiantes, escritores, artistas o fans del mundo samurai y ninja<\/strong>.<\/p>\n<h3 data-section-id=\"2516s\" data-start=\"1462\" data-end=\"1498\">\ud83d\udccf Especificaciones del producto<\/h3>\n<ul data-start=\"1500\" data-end=\"1810\">\n<li data-section-id=\"1ecbkov\" data-start=\"1500\" data-end=\"1543\">\n<p data-start=\"1502\" data-end=\"1543\"><strong data-start=\"1502\" data-end=\"1515\">Producto:<\/strong> Base Ninja para Lapiceros<\/p>\n<\/li>\n<li data-section-id=\"1hkk1pa\" data-start=\"1544\" data-end=\"1591\">\n<p data-start=\"1546\" data-end=\"1591\"><strong data-start=\"1546\" data-end=\"1559\">Material:<\/strong> PVC resistente (impresi\u00f3n 3D)<\/p>\n<\/li>\n<li data-section-id=\"t0a9xa\" data-start=\"1592\" data-end=\"1612\">\n<p data-start=\"1594\" data-end=\"1612\"><strong data-start=\"1594\" data-end=\"1604\">Color:<\/strong> Negro<\/p>\n<\/li>\n<li data-section-id=\"fptkjm\" data-start=\"1613\" data-end=\"1634\">\n<p data-start=\"1615\" data-end=\"1634\"><strong data-start=\"1615\" data-end=\"1626\">Altura:<\/strong> 10 cm<\/p>\n<\/li>\n<li data-section-id=\"1c4o4sv\" data-start=\"1635\" data-end=\"1654\">\n<p data-start=\"1637\" data-end=\"1654\"><strong data-start=\"1637\" data-end=\"1647\">Ancho:<\/strong> 8 cm<\/p>\n<\/li>\n<li data-section-id=\"s3ymbt\" data-start=\"1655\" data-end=\"1674\">\n<p data-start=\"1657\" data-end=\"1674\"><strong data-start=\"1657\" data-end=\"1667\">Fondo:<\/strong> 9 cm<\/p>\n<\/li>\n<li data-section-id=\"mdbvld\" data-start=\"1675\" data-end=\"1710\">\n<p data-start=\"1677\" data-end=\"1710\"><strong data-start=\"1677\" data-end=\"1703\">Distancia entre manos:<\/strong> 5 cm<\/p>\n<\/li>\n<li data-section-id=\"1s1vpsw\" data-start=\"1711\" data-end=\"1810\">\n<p data-start=\"1713\" data-end=\"1810\"><strong data-start=\"1713\" data-end=\"1727\">Capacidad:<\/strong> Ideal para l\u00e1pices, bol\u00edgrafos, plumas estilogr\u00e1ficas o mini espadas decorativas<\/p>\n<\/li>\n<\/ul>\n<h3 data-section-id=\"nyiaak\" data-start=\"1817\" data-end=\"1834\">\ud83c\udf81 Ideal para<\/h3>\n<ul data-start=\"1836\" data-end=\"2014\">\n<li data-section-id=\"68ja01\" data-start=\"1836\" data-end=\"1864\">\n<p data-start=\"1838\" data-end=\"1864\">Decoraci\u00f3n de escritorio<\/p>\n<\/li>\n<li data-section-id=\"2jga03\" data-start=\"1865\" data-end=\"1898\">\n<p data-start=\"1867\" data-end=\"1898\">Oficinas y estudios creativos<\/p>\n<\/li>\n<li data-section-id=\"bpjj2b\" data-start=\"1899\" data-end=\"1943\">\n<p data-start=\"1901\" data-end=\"1943\">Fans de los ninjas y la cultura japonesa<\/p>\n<\/li>\n<li data-section-id=\"hcuybo\" data-start=\"1944\" data-end=\"1979\">\n<p data-start=\"1946\" data-end=\"1979\">Practicantes de artes marciales<\/p>\n<\/li>\n<li data-section-id=\"26zh7k\" data-start=\"1980\" data-end=\"2014\">\n<p data-start=\"1982\" data-end=\"2014\">Regalos originales y tem\u00e1ticos<\/p>\n<\/li>\n<\/ul>\n<h3 data-section-id=\"1avno2t\" data-start=\"2021\" data-end=\"2071\">\u2694\ufe0f Un toque de esp\u00edritu ninja en tu escritorio<\/h3>\n<p data-start=\"2073\" data-end=\"2353\">Esta <strong data-start=\"2078\" data-end=\"2107\">Base Ninja para lapiceros<\/strong> no solo organiza tus instrumentos de escritura, sino que tambi\u00e9n a\u00f1ade <strong data-start=\"2179\" data-end=\"2238\">car\u00e1cter, estilo y personalidad a tu espacio de trabajo<\/strong>. Cada vez que tomes un l\u00e1piz o bol\u00edgrafo, sentir\u00e1s que lo tomas de las manos de un aut\u00e9ntico <strong data-start=\"2332\" data-end=\"2352\">guerrero shinobi<\/strong>.<\/p>\n","protected":false},"excerpt":{"rendered":"<p>Convierte tu escritorio en un verdadero <strong data-start=\"120\" data-end=\"149\">espacio de guerrero ninja<\/strong> con esta espectacular <strong data-start=\"172\" data-end=\"201\">Base Ninja para lapiceros<\/strong>, un portal\u00e1pices decorativo dise\u00f1ado para quienes aman la est\u00e9tica del mundo shinobi. Inspirado en los guerreros del Jap\u00f3n feudal y su caracter\u00edstico <strong data-start=\"352\" data-end=\"380\">uniforme de infiltraci\u00f3n<\/strong>, este soporte presenta una figura ninja arrodillada con los brazos extendidos, lista para sostener tus instrumentos de escritura como si fueran armas de un aut\u00e9ntico maestro.<\/p>\n","protected":false},"featured_media":8450,"template":"","meta":[],"product_brand":[],"product_cat":[140],"product_tag":[94,478,47],"class_list":{"0":"post-758","1":"product","2":"type-product","3":"status-publish","4":"has-post-thumbnail","6":"product_cat-decoracion","7":"product_tag-base","8":"product_tag-decoracion","9":"product_tag-ninja","11":"first","12":"instock","13":"shipping-taxable","14":"purchasable","15":"product-type-simple"},"yoast_head":"<!-- This site is optimized with the Yoast SEO plugin v26.8 - https:\/\/yoast.com\/product\/yoast-seo-wordpress\/ -->\n<title>Base Ninja para Lapiceros - Oficina - Tienda Marcial Colombia<\/title>\n<meta name=\"description\" content=\"Base ninja para lapiceros fabricada en PVC con impresi\u00f3n 3D. Portal\u00e1pices decorativo con figura ninja y espadas en la espalda, ideal para oficina o regalo.\" \/>\n<meta name=\"robots\" content=\"index, follow, max-snippet:-1, max-image-preview:large, max-video-preview:-1\" \/>\n<link rel=\"canonical\" href=\"https:\/\/tiendamarcial.com\/arnobysinam\/producto\/base-ninja-para-lapiceros-oficina\/\" \/>\n<meta property=\"og:locale\" content=\"es_ES\" \/>\n<meta property=\"og:type\" content=\"article\" \/>\n<meta property=\"og:title\" content=\"Base Ninja para Lapiceros - Oficina - Tienda Marcial Colombia\" \/>\n<meta property=\"og:description\" content=\"Base ninja para lapiceros fabricada en PVC con impresi\u00f3n 3D. Portal\u00e1pices decorativo con figura ninja y espadas en la espalda, ideal para oficina o regalo.\" \/>\n<meta property=\"og:url\" content=\"https:\/\/tiendamarcial.com\/arnobysinam\/producto\/base-ninja-para-lapiceros-oficina\/\" \/>\n<meta property=\"og:site_name\" content=\"Tienda Marcial Colombia\" \/>\n<meta property=\"article:publisher\" content=\"https:\/\/www.facebook.com\/TiendaMarcial\" \/>\n<meta property=\"article:modified_time\" content=\"2026-03-16T20:04:24+00:00\" \/>\n<meta property=\"og:image\" content=\"https:\/\/tiendamarcial.com\/arnobysinam\/wp-content\/uploads\/2026\/03\/DCNJ007-base-espada-lapicero-ninja-samurai-kake-stand-exhibidor-wakizashi-doble-miniatura-cortapapel-tienda-marcial-colombia.jpg\" \/>\n\t<meta property=\"og:image:width\" content=\"600\" \/>\n\t<meta property=\"og:image:height\" content=\"600\" \/>\n\t<meta property=\"og:image:type\" content=\"image\/jpeg\" \/>\n<meta name=\"twitter:card\" content=\"summary_large_image\" \/>\n<meta name=\"twitter:site\" content=\"@TiendaMarcial\" \/>\n<meta name=\"twitter:label1\" content=\"Tiempo de lectura\" \/>\n\t<meta name=\"twitter:data1\" content=\"2 minutos\" \/>\n<script type=\"application\/ld+json\" class=\"yoast-schema-graph\">{\"@context\":\"https:\/\/schema.org\",\"@graph\":[{\"@type\":\"WebPage\",\"@id\":\"https:\/\/tiendamarcial.com\/arnobysinam\/producto\/base-ninja-para-lapiceros-oficina\/\",\"url\":\"https:\/\/tiendamarcial.com\/arnobysinam\/producto\/base-ninja-para-lapiceros-oficina\/\",\"name\":\"Base Ninja para Lapiceros - Oficina - Tienda Marcial Colombia\",\"isPartOf\":{\"@id\":\"https:\/\/tiendamarcial.com\/arnobysinam\/#website\"},\"primaryImageOfPage\":{\"@id\":\"https:\/\/tiendamarcial.com\/arnobysinam\/producto\/base-ninja-para-lapiceros-oficina\/#primaryimage\"},\"image\":{\"@id\":\"https:\/\/tiendamarcial.com\/arnobysinam\/producto\/base-ninja-para-lapiceros-oficina\/#primaryimage\"},\"thumbnailUrl\":\"https:\/\/tiendamarcial.com\/arnobysinam\/wp-content\/uploads\/2026\/03\/DCNJ007-base-espada-lapicero-ninja-samurai-kake-stand-exhibidor-wakizashi-doble-miniatura-cortapapel-tienda-marcial-colombia.jpg\",\"datePublished\":\"2026-03-09T15:47:59+00:00\",\"dateModified\":\"2026-03-16T20:04:24+00:00\",\"description\":\"Base ninja para lapiceros fabricada en PVC con impresi\u00f3n 3D. Portal\u00e1pices decorativo con figura ninja y espadas en la espalda, ideal para oficina o regalo.\",\"breadcrumb\":{\"@id\":\"https:\/\/tiendamarcial.com\/arnobysinam\/producto\/base-ninja-para-lapiceros-oficina\/#breadcrumb\"},\"inLanguage\":\"es\",\"potentialAction\":[{\"@type\":\"ReadAction\",\"target\":[\"https:\/\/tiendamarcial.com\/arnobysinam\/producto\/base-ninja-para-lapiceros-oficina\/\"]}]},{\"@type\":\"ImageObject\",\"inLanguage\":\"es\",\"@id\":\"https:\/\/tiendamarcial.com\/arnobysinam\/producto\/base-ninja-para-lapiceros-oficina\/#primaryimage\",\"url\":\"https:\/\/tiendamarcial.com\/arnobysinam\/wp-content\/uploads\/2026\/03\/DCNJ007-base-espada-lapicero-ninja-samurai-kake-stand-exhibidor-wakizashi-doble-miniatura-cortapapel-tienda-marcial-colombia.jpg\",\"contentUrl\":\"https:\/\/tiendamarcial.com\/arnobysinam\/wp-content\/uploads\/2026\/03\/DCNJ007-base-espada-lapicero-ninja-samurai-kake-stand-exhibidor-wakizashi-doble-miniatura-cortapapel-tienda-marcial-colombia.jpg\",\"width\":600,\"height\":600,\"caption\":\"Base ninja para lapiceros fabricada en PVC con impresi\u00f3n 3D. Portal\u00e1pices decorativo con figura ninja y espadas en la espalda, ideal para escritorio, oficina o regalo para amantes de la cultura ninja.\"},{\"@type\":\"BreadcrumbList\",\"@id\":\"https:\/\/tiendamarcial.com\/arnobysinam\/producto\/base-ninja-para-lapiceros-oficina\/#breadcrumb\",\"itemListElement\":[{\"@type\":\"ListItem\",\"position\":1,\"name\":\"Portada\",\"item\":\"https:\/\/tiendamarcial.com\/arnobysinam\/\"},{\"@type\":\"ListItem\",\"position\":2,\"name\":\"Tienda\",\"item\":\"https:\/\/tiendamarcial.com\/arnobysinam\/tienda\/\"},{\"@type\":\"ListItem\",\"position\":3,\"name\":\"Base Ninja para Lapiceros &#8211; Oficina\"}]},{\"@type\":\"WebSite\",\"@id\":\"https:\/\/tiendamarcial.com\/arnobysinam\/#website\",\"url\":\"https:\/\/tiendamarcial.com\/arnobysinam\/\",\"name\":\"Tienda Marcial Colombia\",\"description\":\"Todo en implementos para Artes Marciales\",\"potentialAction\":[{\"@type\":\"SearchAction\",\"target\":{\"@type\":\"EntryPoint\",\"urlTemplate\":\"https:\/\/tiendamarcial.com\/arnobysinam\/?s={search_term_string}\"},\"query-input\":{\"@type\":\"PropertyValueSpecification\",\"valueRequired\":true,\"valueName\":\"search_term_string\"}}],\"inLanguage\":\"es\"}]}<\/script>\n<!-- \/ Yoast SEO plugin. -->","yoast_head_json":{"title":"Base Ninja para Lapiceros - Oficina - Tienda Marcial Colombia","description":"Base ninja para lapiceros fabricada en PVC con impresi\u00f3n 3D. Portal\u00e1pices decorativo con figura ninja y espadas en la espalda, ideal para oficina o regalo.","robots":{"index":"index","follow":"follow","max-snippet":"max-snippet:-1","max-image-preview":"max-image-preview:large","max-video-preview":"max-video-preview:-1"},"canonical":"https:\/\/tiendamarcial.com\/arnobysinam\/producto\/base-ninja-para-lapiceros-oficina\/","og_locale":"es_ES","og_type":"article","og_title":"Base Ninja para Lapiceros - Oficina - Tienda Marcial Colombia","og_description":"Base ninja para lapiceros fabricada en PVC con impresi\u00f3n 3D. Portal\u00e1pices decorativo con figura ninja y espadas en la espalda, ideal para oficina o regalo.","og_url":"https:\/\/tiendamarcial.com\/arnobysinam\/producto\/base-ninja-para-lapiceros-oficina\/","og_site_name":"Tienda Marcial Colombia","article_publisher":"https:\/\/www.facebook.com\/TiendaMarcial","article_modified_time":"2026-03-16T20:04:24+00:00","og_image":[{"width":600,"height":600,"url":"https:\/\/tiendamarcial.com\/arnobysinam\/wp-content\/uploads\/2026\/03\/DCNJ007-base-espada-lapicero-ninja-samurai-kake-stand-exhibidor-wakizashi-doble-miniatura-cortapapel-tienda-marcial-colombia.jpg","type":"image\/jpeg"}],"twitter_card":"summary_large_image","twitter_site":"@TiendaMarcial","twitter_misc":{"Tiempo de lectura":"2 minutos"},"schema":{"@context":"https:\/\/schema.org","@graph":[{"@type":"WebPage","@id":"https:\/\/tiendamarcial.com\/arnobysinam\/producto\/base-ninja-para-lapiceros-oficina\/","url":"https:\/\/tiendamarcial.com\/arnobysinam\/producto\/base-ninja-para-lapiceros-oficina\/","name":"Base Ninja para Lapiceros - Oficina - Tienda Marcial Colombia","isPartOf":{"@id":"https:\/\/tiendamarcial.com\/arnobysinam\/#website"},"primaryImageOfPage":{"@id":"https:\/\/tiendamarcial.com\/arnobysinam\/producto\/base-ninja-para-lapiceros-oficina\/#primaryimage"},"image":{"@id":"https:\/\/tiendamarcial.com\/arnobysinam\/producto\/base-ninja-para-lapiceros-oficina\/#primaryimage"},"thumbnailUrl":"https:\/\/tiendamarcial.com\/arnobysinam\/wp-content\/uploads\/2026\/03\/DCNJ007-base-espada-lapicero-ninja-samurai-kake-stand-exhibidor-wakizashi-doble-miniatura-cortapapel-tienda-marcial-colombia.jpg","datePublished":"2026-03-09T15:47:59+00:00","dateModified":"2026-03-16T20:04:24+00:00","description":"Base ninja para lapiceros fabricada en PVC con impresi\u00f3n 3D. Portal\u00e1pices decorativo con figura ninja y espadas en la espalda, ideal para oficina o regalo.","breadcrumb":{"@id":"https:\/\/tiendamarcial.com\/arnobysinam\/producto\/base-ninja-para-lapiceros-oficina\/#breadcrumb"},"inLanguage":"es","potentialAction":[{"@type":"ReadAction","target":["https:\/\/tiendamarcial.com\/arnobysinam\/producto\/base-ninja-para-lapiceros-oficina\/"]}]},{"@type":"ImageObject","inLanguage":"es","@id":"https:\/\/tiendamarcial.com\/arnobysinam\/producto\/base-ninja-para-lapiceros-oficina\/#primaryimage","url":"https:\/\/tiendamarcial.com\/arnobysinam\/wp-content\/uploads\/2026\/03\/DCNJ007-base-espada-lapicero-ninja-samurai-kake-stand-exhibidor-wakizashi-doble-miniatura-cortapapel-tienda-marcial-colombia.jpg","contentUrl":"https:\/\/tiendamarcial.com\/arnobysinam\/wp-content\/uploads\/2026\/03\/DCNJ007-base-espada-lapicero-ninja-samurai-kake-stand-exhibidor-wakizashi-doble-miniatura-cortapapel-tienda-marcial-colombia.jpg","width":600,"height":600,"caption":"Base ninja para lapiceros fabricada en PVC con impresi\u00f3n 3D. Portal\u00e1pices decorativo con figura ninja y espadas en la espalda, ideal para escritorio, oficina o regalo para amantes de la cultura ninja."},{"@type":"BreadcrumbList","@id":"https:\/\/tiendamarcial.com\/arnobysinam\/producto\/base-ninja-para-lapiceros-oficina\/#breadcrumb","itemListElement":[{"@type":"ListItem","position":1,"name":"Portada","item":"https:\/\/tiendamarcial.com\/arnobysinam\/"},{"@type":"ListItem","position":2,"name":"Tienda","item":"https:\/\/tiendamarcial.com\/arnobysinam\/tienda\/"},{"@type":"ListItem","position":3,"name":"Base Ninja para Lapiceros &#8211; Oficina"}]},{"@type":"WebSite","@id":"https:\/\/tiendamarcial.com\/arnobysinam\/#website","url":"https:\/\/tiendamarcial.com\/arnobysinam\/","name":"Tienda Marcial Colombia","description":"Todo en implementos para Artes Marciales","potentialAction":[{"@type":"SearchAction","target":{"@type":"EntryPoint","urlTemplate":"https:\/\/tiendamarcial.com\/arnobysinam\/?s={search_term_string}"},"query-input":{"@type":"PropertyValueSpecification","valueRequired":true,"valueName":"search_term_string"}}],"inLanguage":"es"}]}},"_links":{"self":[{"href":"https:\/\/tiendamarcial.com\/arnobysinam\/wp-json\/wp\/v2\/product\/758","targetHints":{"allow":["GET"]}}],"collection":[{"href":"https:\/\/tiendamarcial.com\/arnobysinam\/wp-json\/wp\/v2\/product"}],"about":[{"href":"https:\/\/tiendamarcial.com\/arnobysinam\/wp-json\/wp\/v2\/types\/product"}],"version-history":[{"count":9,"href":"https:\/\/tiendamarcial.com\/arnobysinam\/wp-json\/wp\/v2\/product\/758\/revisions"}],"predecessor-version":[{"id":8447,"href":"https:\/\/tiendamarcial.com\/arnobysinam\/wp-json\/wp\/v2\/product\/758\/revisions\/8447"}],"wp:featuredmedia":[{"embeddable":true,"href":"https:\/\/tiendamarcial.com\/arnobysinam\/wp-json\/wp\/v2\/media\/8450"}],"wp:attachment":[{"href":"https:\/\/tiendamarcial.com\/arnobysinam\/wp-json\/wp\/v2\/media?parent=758"}],"wp:term":[{"taxonomy":"product_brand","embeddable":true,"href":"https:\/\/tiendamarcial.com\/arnobysinam\/wp-json\/wp\/v2\/product_brand?post=758"},{"taxonomy":"product_cat","embeddable":true,"href":"https:\/\/tiendamarcial.com\/arnobysinam\/wp-json\/wp\/v2\/product_cat?post=758"},{"taxonomy":"product_tag","embeddable":true,"href":"https:\/\/tiendamarcial.com\/arnobysinam\/wp-json\/wp\/v2\/product_tag?post=758"}],"curies":[{"name":"wp","href":"https:\/\/api.w.org\/{rel}","templated":true}]}}