{"id":7198,"date":"2025-09-07T18:15:41","date_gmt":"2025-09-07T23:15:41","guid":{"rendered":"https:\/\/tiendamarcial.com\/arnobysinam\/?post_type=product&#038;p=7198"},"modified":"2026-02-14T14:18:22","modified_gmt":"2026-02-14T19:18:22","slug":"protector-bucal-sencillo-bicolor","status":"publish","type":"product","link":"https:\/\/tiendamarcial.com\/arnobysinam\/producto\/protector-bucal-sencillo-bicolor\/","title":{"rendered":"Protector bucal sencillo &#8211; Bicolor"},"content":{"rendered":"<div id=\"productDescription\" class=\"productGeneral biggerText\">\n<h2 data-start=\"240\" data-end=\"306\">Protector Bucal Sencillo \u2013 Bicolor | Termoformable y C\u00f3modo<\/h2>\n<h3 data-start=\"308\" data-end=\"367\">Protecci\u00f3n dental confiable para deportes de contacto<\/h3>\n<p data-start=\"368\" data-end=\"666\">El <strong data-start=\"371\" data-end=\"409\">Protector Bucal Sencillo \u2013 Bicolor<\/strong> es la elecci\u00f3n perfecta para quienes practican artes marciales, boxeo, MMA y otros deportes de contacto. Su dise\u00f1o ergon\u00f3mico y termoformable garantiza un ajuste personalizado, ofreciendo m\u00e1xima seguridad y comodidad durante cada entrenamiento o combate.<\/p>\n<h3 data-start=\"668\" data-end=\"708\">Dise\u00f1o Bicolor moderno y llamativo<\/h3>\n<p data-start=\"709\" data-end=\"945\">Disponible en atractivas combinaciones como <strong data-start=\"753\" data-end=\"861\">Negro\/Blanco, Blanco\/Negro, Blanco\/Rojo, Negro\/Rojo, Negro\/Azul, Blanco\/Azul, Blanco\/Verde y Rosa\/Blanco<\/strong>, este protector no solo cuida tu sonrisa, tambi\u00e9n te permite destacar con estilo.<\/p>\n<h3 data-start=\"947\" data-end=\"990\">Innovaciones que marcan la diferencia<\/h3>\n<ul data-start=\"991\" data-end=\"1322\">\n<li data-start=\"991\" data-end=\"1081\">\n<p data-start=\"993\" data-end=\"1081\"><strong data-start=\"993\" data-end=\"1023\">Zona inferior con resaltos<\/strong>: Ayudan a reducir el impacto en los dientes inferiores.<\/p>\n<\/li>\n<li data-start=\"1082\" data-end=\"1209\">\n<p data-start=\"1084\" data-end=\"1209\"><strong data-start=\"1084\" data-end=\"1104\">Abertura central<\/strong>: Facilita la respiraci\u00f3n y mejora la comodidad, reduciendo el roce con el frenillo del labio superior.<\/p>\n<\/li>\n<li data-start=\"1210\" data-end=\"1322\">\n<p data-start=\"1212\" data-end=\"1322\"><strong data-start=\"1212\" data-end=\"1229\">Termoformable<\/strong>: Se adapta a la forma de tus dientes con un sencillo proceso de moldeado en agua caliente.<\/p>\n<\/li>\n<\/ul>\n<h3 data-start=\"1324\" data-end=\"1361\">C\u00f3mo moldear tu protector bucal<\/h3>\n<ol data-start=\"1362\" data-end=\"1635\">\n<li data-start=\"1362\" data-end=\"1413\">\n<p data-start=\"1365\" data-end=\"1413\">Calienta agua (muy caliente, pero sin hervir).<\/p>\n<\/li>\n<li data-start=\"1414\" data-end=\"1476\">\n<p data-start=\"1417\" data-end=\"1476\">Introduce el protector hasta que el material est\u00e9 blando.<\/p>\n<\/li>\n<li data-start=\"1477\" data-end=\"1526\">\n<p data-start=\"1480\" data-end=\"1526\">Ret\u00edralo con cuidado e ins\u00e9rtalo en tu boca.<\/p>\n<\/li>\n<li data-start=\"1527\" data-end=\"1583\">\n<p data-start=\"1530\" data-end=\"1583\">Muerde suavemente para que se adapte a tus dientes.<\/p>\n<\/li>\n<li data-start=\"1584\" data-end=\"1635\">\n<p data-start=\"1587\" data-end=\"1635\">Deja enfriar y disfruta de un ajuste a medida.<\/p>\n<\/li>\n<\/ol>\n<h3 data-start=\"1637\" data-end=\"1670\">Caracter\u00edsticas principales<\/h3>\n<p data-start=\"1671\" data-end=\"1902\">\u2714 Termoformable para ajuste personalizado.<br data-start=\"1713\" data-end=\"1716\" \/>\u2714 Material seguro, no t\u00f3xico y resistente.<br data-start=\"1758\" data-end=\"1761\" \/>\u2714 Talla \u00fanica para j\u00f3venes y adultos.<br data-start=\"1798\" data-end=\"1801\" \/>\u2714 Ideal para artes marciales, boxeo, MMA y deportes de contacto.<br data-start=\"1865\" data-end=\"1868\" \/>\u2714 F\u00e1cil de limpiar y reutilizar.<\/p>\n<p data-start=\"1904\" data-end=\"2124\">El <strong data-start=\"1907\" data-end=\"1945\">Protector Bucal Sencillo \u2013 Bicolor<\/strong> es una herramienta indispensable para quienes buscan seguridad, comodidad y estilo al entrenar. Protege tu sonrisa en cada golpe, sin sacrificar la respiraci\u00f3n ni la confianza.<\/p>\n<\/div>\n","protected":false},"excerpt":{"rendered":"<div id=\"productDescription\" class=\"productGeneral biggerText\">\n<h3 data-start=\"308\" data-end=\"367\">Protecci\u00f3n dental confiable para deportes de contacto<\/h3>\n<p data-start=\"368\" data-end=\"666\">El <strong data-start=\"371\" data-end=\"409\">Protector Bucal Sencillo \u2013 Bicolor<\/strong> es la elecci\u00f3n perfecta para quienes practican artes marciales, boxeo, MMA y otros deportes de contacto. Su dise\u00f1o ergon\u00f3mico y termoformable garantiza un ajuste personalizado, ofreciendo m\u00e1xima seguridad y comodidad durante cada entrenamiento o combate.<\/p>\n<\/div>\n<div class=\"productGeneral biggerText\"><\/div>\n<p>&nbsp;<\/p>\n","protected":false},"featured_media":7211,"template":"","meta":[],"product_brand":[],"product_cat":[33],"product_tag":[279,277,40,72,74,278,45],"class_list":{"0":"post-7198","1":"product","2":"type-product","3":"status-publish","4":"has-post-thumbnail","6":"product_cat-protectores","7":"product_tag-boxeo","8":"product_tag-bucal","9":"product_tag-karate","10":"product_tag-mma","11":"product_tag-protector","12":"product_tag-sencillo","13":"product_tag-taekwondo","15":"first","16":"instock","17":"shipping-taxable","18":"purchasable","19":"product-type-variable"},"yoast_head":"<!-- This site is optimized with the Yoast SEO plugin v26.8 - https:\/\/yoast.com\/product\/yoast-seo-wordpress\/ -->\n<title>Protector bucal sencillo - Bicolor - Tienda Marcial Colombia<\/title>\n<meta name=\"description\" content=\"Protegete con el Protector Bucal Sencillo, termoformable y c\u00f3modo. Disponible en 8 combinaciones de colores. Ideal para artes marciales, boxeo y MMA.\" \/>\n<meta name=\"robots\" content=\"index, follow, max-snippet:-1, max-image-preview:large, max-video-preview:-1\" \/>\n<link rel=\"canonical\" href=\"https:\/\/tiendamarcial.com\/arnobysinam\/producto\/protector-bucal-sencillo-bicolor\/\" \/>\n<meta property=\"og:locale\" content=\"es_ES\" \/>\n<meta property=\"og:type\" content=\"article\" \/>\n<meta property=\"og:title\" content=\"Protector bucal sencillo - Bicolor - Tienda Marcial Colombia\" \/>\n<meta property=\"og:description\" content=\"Protegete con el Protector Bucal Sencillo, termoformable y c\u00f3modo. Disponible en 8 combinaciones de colores. Ideal para artes marciales, boxeo y MMA.\" \/>\n<meta property=\"og:url\" content=\"https:\/\/tiendamarcial.com\/arnobysinam\/producto\/protector-bucal-sencillo-bicolor\/\" \/>\n<meta property=\"og:site_name\" content=\"Tienda Marcial Colombia\" \/>\n<meta property=\"article:publisher\" content=\"https:\/\/www.facebook.com\/TiendaMarcial\" \/>\n<meta property=\"article:modified_time\" content=\"2026-02-14T19:18:22+00:00\" \/>\n<meta property=\"og:image\" content=\"https:\/\/tiendamarcial.com\/arnobysinam\/wp-content\/uploads\/2025\/09\/PRBC020-protector-bucal-boxeo-box-karate-taekwondo-mm-salud-dental-odontologo-dientes-baloncesto-deportes-bucaramanga.jpg\" \/>\n\t<meta property=\"og:image:width\" content=\"600\" \/>\n\t<meta property=\"og:image:height\" content=\"600\" \/>\n\t<meta property=\"og:image:type\" content=\"image\/jpeg\" \/>\n<meta name=\"twitter:card\" content=\"summary_large_image\" \/>\n<meta name=\"twitter:site\" content=\"@TiendaMarcial\" \/>\n<meta name=\"twitter:label1\" content=\"Tiempo de lectura\" \/>\n\t<meta name=\"twitter:data1\" content=\"2 minutos\" \/>\n<script type=\"application\/ld+json\" class=\"yoast-schema-graph\">{\"@context\":\"https:\/\/schema.org\",\"@graph\":[{\"@type\":\"WebPage\",\"@id\":\"https:\/\/tiendamarcial.com\/arnobysinam\/producto\/protector-bucal-sencillo-bicolor\/\",\"url\":\"https:\/\/tiendamarcial.com\/arnobysinam\/producto\/protector-bucal-sencillo-bicolor\/\",\"name\":\"Protector bucal sencillo - Bicolor - Tienda Marcial Colombia\",\"isPartOf\":{\"@id\":\"https:\/\/tiendamarcial.com\/arnobysinam\/#website\"},\"primaryImageOfPage\":{\"@id\":\"https:\/\/tiendamarcial.com\/arnobysinam\/producto\/protector-bucal-sencillo-bicolor\/#primaryimage\"},\"image\":{\"@id\":\"https:\/\/tiendamarcial.com\/arnobysinam\/producto\/protector-bucal-sencillo-bicolor\/#primaryimage\"},\"thumbnailUrl\":\"https:\/\/tiendamarcial.com\/arnobysinam\/wp-content\/uploads\/2025\/09\/PRBC020-protector-bucal-boxeo-box-karate-taekwondo-mm-salud-dental-odontologo-dientes-baloncesto-deportes-bucaramanga.jpg\",\"datePublished\":\"2025-09-07T23:15:41+00:00\",\"dateModified\":\"2026-02-14T19:18:22+00:00\",\"description\":\"Protegete con el Protector Bucal Sencillo, termoformable y c\u00f3modo. Disponible en 8 combinaciones de colores. Ideal para artes marciales, boxeo y MMA.\",\"breadcrumb\":{\"@id\":\"https:\/\/tiendamarcial.com\/arnobysinam\/producto\/protector-bucal-sencillo-bicolor\/#breadcrumb\"},\"inLanguage\":\"es\",\"potentialAction\":[{\"@type\":\"ReadAction\",\"target\":[\"https:\/\/tiendamarcial.com\/arnobysinam\/producto\/protector-bucal-sencillo-bicolor\/\"]}]},{\"@type\":\"ImageObject\",\"inLanguage\":\"es\",\"@id\":\"https:\/\/tiendamarcial.com\/arnobysinam\/producto\/protector-bucal-sencillo-bicolor\/#primaryimage\",\"url\":\"https:\/\/tiendamarcial.com\/arnobysinam\/wp-content\/uploads\/2025\/09\/PRBC020-protector-bucal-boxeo-box-karate-taekwondo-mm-salud-dental-odontologo-dientes-baloncesto-deportes-bucaramanga.jpg\",\"contentUrl\":\"https:\/\/tiendamarcial.com\/arnobysinam\/wp-content\/uploads\/2025\/09\/PRBC020-protector-bucal-boxeo-box-karate-taekwondo-mm-salud-dental-odontologo-dientes-baloncesto-deportes-bucaramanga.jpg\",\"width\":600,\"height\":600,\"caption\":\"Protector bucal sencillo Bicolor para boxeo, artes marciales, mma\"},{\"@type\":\"BreadcrumbList\",\"@id\":\"https:\/\/tiendamarcial.com\/arnobysinam\/producto\/protector-bucal-sencillo-bicolor\/#breadcrumb\",\"itemListElement\":[{\"@type\":\"ListItem\",\"position\":1,\"name\":\"Portada\",\"item\":\"https:\/\/tiendamarcial.com\/arnobysinam\/\"},{\"@type\":\"ListItem\",\"position\":2,\"name\":\"Tienda\",\"item\":\"https:\/\/tiendamarcial.com\/arnobysinam\/tienda\/\"},{\"@type\":\"ListItem\",\"position\":3,\"name\":\"Protector bucal sencillo &#8211; Bicolor\"}]},{\"@type\":\"WebSite\",\"@id\":\"https:\/\/tiendamarcial.com\/arnobysinam\/#website\",\"url\":\"https:\/\/tiendamarcial.com\/arnobysinam\/\",\"name\":\"Tienda Marcial Colombia\",\"description\":\"Todo en implementos para Artes Marciales\",\"potentialAction\":[{\"@type\":\"SearchAction\",\"target\":{\"@type\":\"EntryPoint\",\"urlTemplate\":\"https:\/\/tiendamarcial.com\/arnobysinam\/?s={search_term_string}\"},\"query-input\":{\"@type\":\"PropertyValueSpecification\",\"valueRequired\":true,\"valueName\":\"search_term_string\"}}],\"inLanguage\":\"es\"}]}<\/script>\n<!-- \/ Yoast SEO plugin. -->","yoast_head_json":{"title":"Protector bucal sencillo - Bicolor - Tienda Marcial Colombia","description":"Protegete con el Protector Bucal Sencillo, termoformable y c\u00f3modo. Disponible en 8 combinaciones de colores. Ideal para artes marciales, boxeo y MMA.","robots":{"index":"index","follow":"follow","max-snippet":"max-snippet:-1","max-image-preview":"max-image-preview:large","max-video-preview":"max-video-preview:-1"},"canonical":"https:\/\/tiendamarcial.com\/arnobysinam\/producto\/protector-bucal-sencillo-bicolor\/","og_locale":"es_ES","og_type":"article","og_title":"Protector bucal sencillo - Bicolor - Tienda Marcial Colombia","og_description":"Protegete con el Protector Bucal Sencillo, termoformable y c\u00f3modo. Disponible en 8 combinaciones de colores. Ideal para artes marciales, boxeo y MMA.","og_url":"https:\/\/tiendamarcial.com\/arnobysinam\/producto\/protector-bucal-sencillo-bicolor\/","og_site_name":"Tienda Marcial Colombia","article_publisher":"https:\/\/www.facebook.com\/TiendaMarcial","article_modified_time":"2026-02-14T19:18:22+00:00","og_image":[{"width":600,"height":600,"url":"https:\/\/tiendamarcial.com\/arnobysinam\/wp-content\/uploads\/2025\/09\/PRBC020-protector-bucal-boxeo-box-karate-taekwondo-mm-salud-dental-odontologo-dientes-baloncesto-deportes-bucaramanga.jpg","type":"image\/jpeg"}],"twitter_card":"summary_large_image","twitter_site":"@TiendaMarcial","twitter_misc":{"Tiempo de lectura":"2 minutos"},"schema":{"@context":"https:\/\/schema.org","@graph":[{"@type":"WebPage","@id":"https:\/\/tiendamarcial.com\/arnobysinam\/producto\/protector-bucal-sencillo-bicolor\/","url":"https:\/\/tiendamarcial.com\/arnobysinam\/producto\/protector-bucal-sencillo-bicolor\/","name":"Protector bucal sencillo - Bicolor - Tienda Marcial Colombia","isPartOf":{"@id":"https:\/\/tiendamarcial.com\/arnobysinam\/#website"},"primaryImageOfPage":{"@id":"https:\/\/tiendamarcial.com\/arnobysinam\/producto\/protector-bucal-sencillo-bicolor\/#primaryimage"},"image":{"@id":"https:\/\/tiendamarcial.com\/arnobysinam\/producto\/protector-bucal-sencillo-bicolor\/#primaryimage"},"thumbnailUrl":"https:\/\/tiendamarcial.com\/arnobysinam\/wp-content\/uploads\/2025\/09\/PRBC020-protector-bucal-boxeo-box-karate-taekwondo-mm-salud-dental-odontologo-dientes-baloncesto-deportes-bucaramanga.jpg","datePublished":"2025-09-07T23:15:41+00:00","dateModified":"2026-02-14T19:18:22+00:00","description":"Protegete con el Protector Bucal Sencillo, termoformable y c\u00f3modo. Disponible en 8 combinaciones de colores. Ideal para artes marciales, boxeo y MMA.","breadcrumb":{"@id":"https:\/\/tiendamarcial.com\/arnobysinam\/producto\/protector-bucal-sencillo-bicolor\/#breadcrumb"},"inLanguage":"es","potentialAction":[{"@type":"ReadAction","target":["https:\/\/tiendamarcial.com\/arnobysinam\/producto\/protector-bucal-sencillo-bicolor\/"]}]},{"@type":"ImageObject","inLanguage":"es","@id":"https:\/\/tiendamarcial.com\/arnobysinam\/producto\/protector-bucal-sencillo-bicolor\/#primaryimage","url":"https:\/\/tiendamarcial.com\/arnobysinam\/wp-content\/uploads\/2025\/09\/PRBC020-protector-bucal-boxeo-box-karate-taekwondo-mm-salud-dental-odontologo-dientes-baloncesto-deportes-bucaramanga.jpg","contentUrl":"https:\/\/tiendamarcial.com\/arnobysinam\/wp-content\/uploads\/2025\/09\/PRBC020-protector-bucal-boxeo-box-karate-taekwondo-mm-salud-dental-odontologo-dientes-baloncesto-deportes-bucaramanga.jpg","width":600,"height":600,"caption":"Protector bucal sencillo Bicolor para boxeo, artes marciales, mma"},{"@type":"BreadcrumbList","@id":"https:\/\/tiendamarcial.com\/arnobysinam\/producto\/protector-bucal-sencillo-bicolor\/#breadcrumb","itemListElement":[{"@type":"ListItem","position":1,"name":"Portada","item":"https:\/\/tiendamarcial.com\/arnobysinam\/"},{"@type":"ListItem","position":2,"name":"Tienda","item":"https:\/\/tiendamarcial.com\/arnobysinam\/tienda\/"},{"@type":"ListItem","position":3,"name":"Protector bucal sencillo &#8211; Bicolor"}]},{"@type":"WebSite","@id":"https:\/\/tiendamarcial.com\/arnobysinam\/#website","url":"https:\/\/tiendamarcial.com\/arnobysinam\/","name":"Tienda Marcial Colombia","description":"Todo en implementos para Artes Marciales","potentialAction":[{"@type":"SearchAction","target":{"@type":"EntryPoint","urlTemplate":"https:\/\/tiendamarcial.com\/arnobysinam\/?s={search_term_string}"},"query-input":{"@type":"PropertyValueSpecification","valueRequired":true,"valueName":"search_term_string"}}],"inLanguage":"es"}]}},"_links":{"self":[{"href":"https:\/\/tiendamarcial.com\/arnobysinam\/wp-json\/wp\/v2\/product\/7198","targetHints":{"allow":["GET"]}}],"collection":[{"href":"https:\/\/tiendamarcial.com\/arnobysinam\/wp-json\/wp\/v2\/product"}],"about":[{"href":"https:\/\/tiendamarcial.com\/arnobysinam\/wp-json\/wp\/v2\/types\/product"}],"version-history":[{"count":4,"href":"https:\/\/tiendamarcial.com\/arnobysinam\/wp-json\/wp\/v2\/product\/7198\/revisions"}],"predecessor-version":[{"id":7264,"href":"https:\/\/tiendamarcial.com\/arnobysinam\/wp-json\/wp\/v2\/product\/7198\/revisions\/7264"}],"wp:featuredmedia":[{"embeddable":true,"href":"https:\/\/tiendamarcial.com\/arnobysinam\/wp-json\/wp\/v2\/media\/7211"}],"wp:attachment":[{"href":"https:\/\/tiendamarcial.com\/arnobysinam\/wp-json\/wp\/v2\/media?parent=7198"}],"wp:term":[{"taxonomy":"product_brand","embeddable":true,"href":"https:\/\/tiendamarcial.com\/arnobysinam\/wp-json\/wp\/v2\/product_brand?post=7198"},{"taxonomy":"product_cat","embeddable":true,"href":"https:\/\/tiendamarcial.com\/arnobysinam\/wp-json\/wp\/v2\/product_cat?post=7198"},{"taxonomy":"product_tag","embeddable":true,"href":"https:\/\/tiendamarcial.com\/arnobysinam\/wp-json\/wp\/v2\/product_tag?post=7198"}],"curies":[{"name":"wp","href":"https:\/\/api.w.org\/{rel}","templated":true}]}}