{"id":634,"date":"2023-07-04T21:53:22","date_gmt":"2023-07-05T02:53:22","guid":{"rendered":"https:\/\/tiendamarcial.com\/arnobysinam\/?post_type=product&#038;p=634"},"modified":"2026-01-18T23:16:18","modified_gmt":"2026-01-19T04:16:18","slug":"katana-aka-zetsurin-funcional","status":"publish","type":"product","link":"https:\/\/tiendamarcial.com\/arnobysinam\/producto\/katana-aka-zetsurin-funcional\/","title":{"rendered":"Katana Aka Zetsurin &#8211; Funcional"},"content":{"rendered":"<p>Katana Shirasaya Zetsurin: Elegancia y Tradici\u00f3n Samurai<\/p>\n<p>Desde sus humildes inicios como soporte para mantener la hoja de la espada, hasta su uso para ocultarla durante la prohibici\u00f3n de las espadas, la Shirasaya ha sido una pieza fundamental en la cultura samurai.<br \/>\nZatoichi y O-Ren, ic\u00f3nicos personajes de cine, han convertido la Shirasaya en una elegante forma de portar una espada.<\/p>\n<p><strong>Caracter\u00edsticas Destacadas:<\/strong><\/p>\n<ul>\n<li>Hoja de acero al carbono 1045 de alta calidad con una laminaci\u00f3n, logrando una dureza uniforme en toda la hoja.<\/li>\n<li>Kissaki bien definido y un est\u00e9tico hamon a lo largo de la hoja.<\/li>\n<li>Bo-Hi en la parte superior para reducir el peso y obtener respuesta audible al balancear la espada.<\/li>\n<li>Saya de madera con un brillo vinotinto de medio tono y Kurigata de madera con un accesorio de cobre brillante.<\/li>\n<li>Mini tant\u00f4 (kozuka) en acero inoxidable con mango estampado con flores doradas en la parte lateral de la saya, cerca de la empu\u00f1adura.<\/li>\n<li>Empu\u00f1adura en madera con imitaci\u00f3n de piel de raya negra y trenzado en hilo blanco hueso, decorada con 2 dragones dorados.<\/li>\n<li>Fuchi de acero con s\u00edmbolos sinto\u00edstas que significan el universo.<\/li>\n<li>Incluye forro de tela para su transporte.<\/li>\n<\/ul>\n<p><strong>Medidas:<\/strong><\/p>\n<ul>\n<li>Longitud total con hoja enfundada: 102 cm.<\/li>\n<li>Funda (saya): 74,5 cm.<\/li>\n<li>Empu\u00f1adura (tsuka): 27,5 cm.<\/li>\n<li>Hoja con habaki: 71,5 cm.<\/li>\n<li>Ancho de la hoja: 2,1 cm.<\/li>\n<li>Ancho de la empu\u00f1adura: 4 cm.<\/li>\n<li>Ancho de la funda (saya): 3,9 cm.<\/li>\n<li>Largo del cuchillo (kozuka): 21 cm.<\/li>\n<\/ul>\n<p>Descubre la tradici\u00f3n y la belleza de la cultura samurai con esta katana Shirasaya Zetsurin, una pieza \u00fanica que realza tu colecci\u00f3n.<\/p>\n<p>&nbsp;<\/p>\n","protected":false},"excerpt":{"rendered":"<p>Espada (katana) Samurai en acero al carbono 1045 de gran resistencia. La hoja est\u00e1 afilada; 100% FUNCIONAL. Katana CERTIFICADA.<\/p>\n","protected":false},"featured_media":636,"template":"","meta":[],"product_brand":[],"product_cat":[35],"product_tag":[63,39,60,62,59,65,47,46,64,61],"class_list":{"0":"post-634","1":"product","2":"type-product","3":"status-publish","4":"has-post-thumbnail","6":"product_cat-espadas-funcionales","7":"product_tag-63","8":"product_tag-artes-marciales","9":"product_tag-espada","10":"product_tag-funcional","11":"product_tag-katana","12":"product_tag-kenjutsu","13":"product_tag-ninja","14":"product_tag-ninjutsu","15":"product_tag-samurai","16":"product_tag-sword","18":"first","19":"outofstock","20":"shipping-taxable","21":"purchasable","22":"product-type-simple"},"yoast_head":"<!-- This site is optimized with the Yoast SEO plugin v26.8 - https:\/\/yoast.com\/product\/yoast-seo-wordpress\/ -->\n<title>Katana Aka Zetsurin - Funcional - Tienda Marcial Colombia<\/title>\n<meta name=\"robots\" content=\"index, follow, max-snippet:-1, max-image-preview:large, max-video-preview:-1\" \/>\n<link rel=\"canonical\" href=\"https:\/\/tiendamarcial.com\/arnobysinam\/producto\/katana-aka-zetsurin-funcional\/\" \/>\n<meta property=\"og:locale\" content=\"es_ES\" \/>\n<meta property=\"og:type\" content=\"article\" \/>\n<meta property=\"og:title\" content=\"Katana Aka Zetsurin - Funcional - Tienda Marcial Colombia\" \/>\n<meta property=\"og:description\" content=\"Espada (katana) Samurai en acero al carbono 1045 de gran resistencia. La hoja est\u00e1 afilada; 100% FUNCIONAL. Katana CERTIFICADA.\" \/>\n<meta property=\"og:url\" content=\"https:\/\/tiendamarcial.com\/arnobysinam\/producto\/katana-aka-zetsurin-funcional\/\" \/>\n<meta property=\"og:site_name\" content=\"Tienda Marcial Colombia\" \/>\n<meta property=\"article:publisher\" content=\"https:\/\/www.facebook.com\/TiendaMarcial\" \/>\n<meta property=\"article:modified_time\" content=\"2026-01-19T04:16:18+00:00\" \/>\n<meta property=\"og:image\" content=\"https:\/\/tiendamarcial.com\/arnobysinam\/wp-content\/uploads\/2023\/07\/ARSW510A2.jpg\" \/>\n\t<meta property=\"og:image:width\" content=\"600\" \/>\n\t<meta property=\"og:image:height\" content=\"600\" \/>\n\t<meta property=\"og:image:type\" content=\"image\/jpeg\" \/>\n<meta name=\"twitter:card\" content=\"summary_large_image\" \/>\n<meta name=\"twitter:site\" content=\"@TiendaMarcial\" \/>\n<meta name=\"twitter:label1\" content=\"Tiempo de lectura\" \/>\n\t<meta name=\"twitter:data1\" content=\"1 minuto\" \/>\n<script type=\"application\/ld+json\" class=\"yoast-schema-graph\">{\"@context\":\"https:\/\/schema.org\",\"@graph\":[{\"@type\":\"WebPage\",\"@id\":\"https:\/\/tiendamarcial.com\/arnobysinam\/producto\/katana-aka-zetsurin-funcional\/\",\"url\":\"https:\/\/tiendamarcial.com\/arnobysinam\/producto\/katana-aka-zetsurin-funcional\/\",\"name\":\"Katana Aka Zetsurin - Funcional - Tienda Marcial Colombia\",\"isPartOf\":{\"@id\":\"https:\/\/tiendamarcial.com\/arnobysinam\/#website\"},\"primaryImageOfPage\":{\"@id\":\"https:\/\/tiendamarcial.com\/arnobysinam\/producto\/katana-aka-zetsurin-funcional\/#primaryimage\"},\"image\":{\"@id\":\"https:\/\/tiendamarcial.com\/arnobysinam\/producto\/katana-aka-zetsurin-funcional\/#primaryimage\"},\"thumbnailUrl\":\"https:\/\/tiendamarcial.com\/arnobysinam\/wp-content\/uploads\/2023\/07\/ARSW510A2.jpg\",\"datePublished\":\"2023-07-05T02:53:22+00:00\",\"dateModified\":\"2026-01-19T04:16:18+00:00\",\"breadcrumb\":{\"@id\":\"https:\/\/tiendamarcial.com\/arnobysinam\/producto\/katana-aka-zetsurin-funcional\/#breadcrumb\"},\"inLanguage\":\"es\",\"potentialAction\":[{\"@type\":\"ReadAction\",\"target\":[\"https:\/\/tiendamarcial.com\/arnobysinam\/producto\/katana-aka-zetsurin-funcional\/\"]}]},{\"@type\":\"ImageObject\",\"inLanguage\":\"es\",\"@id\":\"https:\/\/tiendamarcial.com\/arnobysinam\/producto\/katana-aka-zetsurin-funcional\/#primaryimage\",\"url\":\"https:\/\/tiendamarcial.com\/arnobysinam\/wp-content\/uploads\/2023\/07\/ARSW510A2.jpg\",\"contentUrl\":\"https:\/\/tiendamarcial.com\/arnobysinam\/wp-content\/uploads\/2023\/07\/ARSW510A2.jpg\",\"width\":600,\"height\":600},{\"@type\":\"BreadcrumbList\",\"@id\":\"https:\/\/tiendamarcial.com\/arnobysinam\/producto\/katana-aka-zetsurin-funcional\/#breadcrumb\",\"itemListElement\":[{\"@type\":\"ListItem\",\"position\":1,\"name\":\"Portada\",\"item\":\"https:\/\/tiendamarcial.com\/arnobysinam\/\"},{\"@type\":\"ListItem\",\"position\":2,\"name\":\"Tienda\",\"item\":\"https:\/\/tiendamarcial.com\/arnobysinam\/tienda\/\"},{\"@type\":\"ListItem\",\"position\":3,\"name\":\"Katana Aka Zetsurin &#8211; Funcional\"}]},{\"@type\":\"WebSite\",\"@id\":\"https:\/\/tiendamarcial.com\/arnobysinam\/#website\",\"url\":\"https:\/\/tiendamarcial.com\/arnobysinam\/\",\"name\":\"Tienda Marcial Colombia\",\"description\":\"Todo en implementos para Artes Marciales\",\"potentialAction\":[{\"@type\":\"SearchAction\",\"target\":{\"@type\":\"EntryPoint\",\"urlTemplate\":\"https:\/\/tiendamarcial.com\/arnobysinam\/?s={search_term_string}\"},\"query-input\":{\"@type\":\"PropertyValueSpecification\",\"valueRequired\":true,\"valueName\":\"search_term_string\"}}],\"inLanguage\":\"es\"}]}<\/script>\n<!-- \/ Yoast SEO plugin. -->","yoast_head_json":{"title":"Katana Aka Zetsurin - Funcional - Tienda Marcial Colombia","robots":{"index":"index","follow":"follow","max-snippet":"max-snippet:-1","max-image-preview":"max-image-preview:large","max-video-preview":"max-video-preview:-1"},"canonical":"https:\/\/tiendamarcial.com\/arnobysinam\/producto\/katana-aka-zetsurin-funcional\/","og_locale":"es_ES","og_type":"article","og_title":"Katana Aka Zetsurin - Funcional - Tienda Marcial Colombia","og_description":"Espada (katana) Samurai en acero al carbono 1045 de gran resistencia. La hoja est\u00e1 afilada; 100% FUNCIONAL. Katana CERTIFICADA.","og_url":"https:\/\/tiendamarcial.com\/arnobysinam\/producto\/katana-aka-zetsurin-funcional\/","og_site_name":"Tienda Marcial Colombia","article_publisher":"https:\/\/www.facebook.com\/TiendaMarcial","article_modified_time":"2026-01-19T04:16:18+00:00","og_image":[{"width":600,"height":600,"url":"https:\/\/tiendamarcial.com\/arnobysinam\/wp-content\/uploads\/2023\/07\/ARSW510A2.jpg","type":"image\/jpeg"}],"twitter_card":"summary_large_image","twitter_site":"@TiendaMarcial","twitter_misc":{"Tiempo de lectura":"1 minuto"},"schema":{"@context":"https:\/\/schema.org","@graph":[{"@type":"WebPage","@id":"https:\/\/tiendamarcial.com\/arnobysinam\/producto\/katana-aka-zetsurin-funcional\/","url":"https:\/\/tiendamarcial.com\/arnobysinam\/producto\/katana-aka-zetsurin-funcional\/","name":"Katana Aka Zetsurin - Funcional - Tienda Marcial Colombia","isPartOf":{"@id":"https:\/\/tiendamarcial.com\/arnobysinam\/#website"},"primaryImageOfPage":{"@id":"https:\/\/tiendamarcial.com\/arnobysinam\/producto\/katana-aka-zetsurin-funcional\/#primaryimage"},"image":{"@id":"https:\/\/tiendamarcial.com\/arnobysinam\/producto\/katana-aka-zetsurin-funcional\/#primaryimage"},"thumbnailUrl":"https:\/\/tiendamarcial.com\/arnobysinam\/wp-content\/uploads\/2023\/07\/ARSW510A2.jpg","datePublished":"2023-07-05T02:53:22+00:00","dateModified":"2026-01-19T04:16:18+00:00","breadcrumb":{"@id":"https:\/\/tiendamarcial.com\/arnobysinam\/producto\/katana-aka-zetsurin-funcional\/#breadcrumb"},"inLanguage":"es","potentialAction":[{"@type":"ReadAction","target":["https:\/\/tiendamarcial.com\/arnobysinam\/producto\/katana-aka-zetsurin-funcional\/"]}]},{"@type":"ImageObject","inLanguage":"es","@id":"https:\/\/tiendamarcial.com\/arnobysinam\/producto\/katana-aka-zetsurin-funcional\/#primaryimage","url":"https:\/\/tiendamarcial.com\/arnobysinam\/wp-content\/uploads\/2023\/07\/ARSW510A2.jpg","contentUrl":"https:\/\/tiendamarcial.com\/arnobysinam\/wp-content\/uploads\/2023\/07\/ARSW510A2.jpg","width":600,"height":600},{"@type":"BreadcrumbList","@id":"https:\/\/tiendamarcial.com\/arnobysinam\/producto\/katana-aka-zetsurin-funcional\/#breadcrumb","itemListElement":[{"@type":"ListItem","position":1,"name":"Portada","item":"https:\/\/tiendamarcial.com\/arnobysinam\/"},{"@type":"ListItem","position":2,"name":"Tienda","item":"https:\/\/tiendamarcial.com\/arnobysinam\/tienda\/"},{"@type":"ListItem","position":3,"name":"Katana Aka Zetsurin &#8211; Funcional"}]},{"@type":"WebSite","@id":"https:\/\/tiendamarcial.com\/arnobysinam\/#website","url":"https:\/\/tiendamarcial.com\/arnobysinam\/","name":"Tienda Marcial Colombia","description":"Todo en implementos para Artes Marciales","potentialAction":[{"@type":"SearchAction","target":{"@type":"EntryPoint","urlTemplate":"https:\/\/tiendamarcial.com\/arnobysinam\/?s={search_term_string}"},"query-input":{"@type":"PropertyValueSpecification","valueRequired":true,"valueName":"search_term_string"}}],"inLanguage":"es"}]}},"_links":{"self":[{"href":"https:\/\/tiendamarcial.com\/arnobysinam\/wp-json\/wp\/v2\/product\/634","targetHints":{"allow":["GET"]}}],"collection":[{"href":"https:\/\/tiendamarcial.com\/arnobysinam\/wp-json\/wp\/v2\/product"}],"about":[{"href":"https:\/\/tiendamarcial.com\/arnobysinam\/wp-json\/wp\/v2\/types\/product"}],"version-history":[{"count":8,"href":"https:\/\/tiendamarcial.com\/arnobysinam\/wp-json\/wp\/v2\/product\/634\/revisions"}],"predecessor-version":[{"id":2078,"href":"https:\/\/tiendamarcial.com\/arnobysinam\/wp-json\/wp\/v2\/product\/634\/revisions\/2078"}],"wp:featuredmedia":[{"embeddable":true,"href":"https:\/\/tiendamarcial.com\/arnobysinam\/wp-json\/wp\/v2\/media\/636"}],"wp:attachment":[{"href":"https:\/\/tiendamarcial.com\/arnobysinam\/wp-json\/wp\/v2\/media?parent=634"}],"wp:term":[{"taxonomy":"product_brand","embeddable":true,"href":"https:\/\/tiendamarcial.com\/arnobysinam\/wp-json\/wp\/v2\/product_brand?post=634"},{"taxonomy":"product_cat","embeddable":true,"href":"https:\/\/tiendamarcial.com\/arnobysinam\/wp-json\/wp\/v2\/product_cat?post=634"},{"taxonomy":"product_tag","embeddable":true,"href":"https:\/\/tiendamarcial.com\/arnobysinam\/wp-json\/wp\/v2\/product_tag?post=634"}],"curies":[{"name":"wp","href":"https:\/\/api.w.org\/{rel}","templated":true}]}}