{"id":602,"date":"2023-07-04T21:09:20","date_gmt":"2023-07-05T02:09:20","guid":{"rendered":"https:\/\/tiendamarcial.com\/arnobysinam\/?post_type=product&#038;p=602"},"modified":"2026-01-21T20:14:20","modified_gmt":"2026-01-22T01:14:20","slug":"katana-kuro-tsuru-funcional","status":"publish","type":"product","link":"https:\/\/tiendamarcial.com\/arnobysinam\/producto\/katana-kuro-tsuru-funcional\/","title":{"rendered":"Katana Kuro Tsuru &#8211; Funcional"},"content":{"rendered":"<p>Katana (espada) Inspirada en la Grulla: Una Espada de Significado Cultural.<\/p>\n<p>Esta es una espada \u00fanica y significativa que refleja el mito y la leyenda de este majestuoso animal presente en diversas culturas. La grulla simboliza sabidur\u00eda, presagio, larga vida y protecci\u00f3n en distintos contextos culturales como el antiguo Egipto, Siberia, Jap\u00f3n, China, Corea y Arabia.<\/p>\n<p><strong>Caracter\u00edsticas Destacadas:<\/strong><\/p>\n<ul>\n<li>Hoja hecha a mano con acero de alto carbono 1045, logrando una dureza uniforme en toda la hoja.<\/li>\n<li>Bohi a\u00f1adido para reducir el peso y proporcionar una respuesta audible en los cortes descendentes.<\/li>\n<li>Cuenta con kissaki, hamon y viene afilada, siendo una espada funcional.<\/li>\n<li>Saya de madera dura con pintura negro brillante y Kurigata elaborada en cobre.<\/li>\n<li>Tsuba de acero con un hermoso dise\u00f1o de grulla desplegando sus alas.<\/li>\n<li>Tsuka cubierta con imitaci\u00f3n de piel de raya y cuerda (Ito) negro.<\/li>\n<li><strong>Incluye certificado de autenticidad.<\/strong><\/li>\n<\/ul>\n<p><strong>Medidas:<\/strong><\/p>\n<ul>\n<li>Longitud total con hoja enfundada: 103,5 cm.<\/li>\n<li>Funda (saya): 75 cm.<\/li>\n<li>Empu\u00f1adura (tsuka): 27 cm.<\/li>\n<li>Hoja con habaki: 71,5 cm.<\/li>\n<li>Ancho de la hoja: 2,6 cm.<\/li>\n<li>Ancho de la empu\u00f1adura: 3,9 cm.<\/li>\n<li>Ancho de la funda (saya): 4 cm.<\/li>\n<li>Peso: 1.320 gramos.<\/li>\n<\/ul>\n<p>Esta katana no solo es una obra de arte, sino tambi\u00e9n un s\u00edmbolo cultural con gran significado. Perfecta para coleccionistas y amantes de la cultura japonesa.<\/p>\n","protected":false},"excerpt":{"rendered":"<p>Espada (katana) Samurai fabricada en acero al carbono 1045 de gran resistencia. La hoja est\u00e1 afilada, 100% FUNCIONAL. CERTIFICADA.<\/p>\n","protected":false},"featured_media":604,"template":"","meta":[],"product_brand":[],"product_cat":[35],"product_tag":[63,39,60,62,59,65,47,46,64,61],"class_list":{"0":"post-602","1":"product","2":"type-product","3":"status-publish","4":"has-post-thumbnail","6":"product_cat-espadas-funcionales","7":"product_tag-63","8":"product_tag-artes-marciales","9":"product_tag-espada","10":"product_tag-funcional","11":"product_tag-katana","12":"product_tag-kenjutsu","13":"product_tag-ninja","14":"product_tag-ninjutsu","15":"product_tag-samurai","16":"product_tag-sword","18":"first","19":"instock","20":"shipping-taxable","21":"purchasable","22":"product-type-simple"},"yoast_head":"<!-- This site is optimized with the Yoast SEO plugin v26.8 - https:\/\/yoast.com\/product\/yoast-seo-wordpress\/ -->\n<title>Katana Kuro Tsuru - Funcional - Tienda Marcial Colombia<\/title>\n<meta name=\"robots\" content=\"index, follow, max-snippet:-1, max-image-preview:large, max-video-preview:-1\" \/>\n<link rel=\"canonical\" href=\"https:\/\/tiendamarcial.com\/arnobysinam\/producto\/katana-kuro-tsuru-funcional\/\" \/>\n<meta property=\"og:locale\" content=\"es_ES\" \/>\n<meta property=\"og:type\" content=\"article\" \/>\n<meta property=\"og:title\" content=\"Katana Kuro Tsuru - Funcional - Tienda Marcial Colombia\" \/>\n<meta property=\"og:description\" content=\"Espada (katana) Samurai fabricada en acero al carbono 1045 de gran resistencia. La hoja est\u00e1 afilada, 100% FUNCIONAL. CERTIFICADA.\" \/>\n<meta property=\"og:url\" content=\"https:\/\/tiendamarcial.com\/arnobysinam\/producto\/katana-kuro-tsuru-funcional\/\" \/>\n<meta property=\"og:site_name\" content=\"Tienda Marcial Colombia\" \/>\n<meta property=\"article:publisher\" content=\"https:\/\/www.facebook.com\/TiendaMarcial\" \/>\n<meta property=\"article:modified_time\" content=\"2026-01-22T01:14:20+00:00\" \/>\n<meta property=\"og:image\" content=\"https:\/\/tiendamarcial.com\/arnobysinam\/wp-content\/uploads\/2023\/07\/ARSW507.jpg\" \/>\n\t<meta property=\"og:image:width\" content=\"600\" \/>\n\t<meta property=\"og:image:height\" content=\"600\" \/>\n\t<meta property=\"og:image:type\" content=\"image\/jpeg\" \/>\n<meta name=\"twitter:card\" content=\"summary_large_image\" \/>\n<meta name=\"twitter:site\" content=\"@TiendaMarcial\" \/>\n<meta name=\"twitter:label1\" content=\"Tiempo de lectura\" \/>\n\t<meta name=\"twitter:data1\" content=\"1 minuto\" \/>\n<script type=\"application\/ld+json\" class=\"yoast-schema-graph\">{\"@context\":\"https:\/\/schema.org\",\"@graph\":[{\"@type\":\"WebPage\",\"@id\":\"https:\/\/tiendamarcial.com\/arnobysinam\/producto\/katana-kuro-tsuru-funcional\/\",\"url\":\"https:\/\/tiendamarcial.com\/arnobysinam\/producto\/katana-kuro-tsuru-funcional\/\",\"name\":\"Katana Kuro Tsuru - Funcional - Tienda Marcial Colombia\",\"isPartOf\":{\"@id\":\"https:\/\/tiendamarcial.com\/arnobysinam\/#website\"},\"primaryImageOfPage\":{\"@id\":\"https:\/\/tiendamarcial.com\/arnobysinam\/producto\/katana-kuro-tsuru-funcional\/#primaryimage\"},\"image\":{\"@id\":\"https:\/\/tiendamarcial.com\/arnobysinam\/producto\/katana-kuro-tsuru-funcional\/#primaryimage\"},\"thumbnailUrl\":\"https:\/\/tiendamarcial.com\/arnobysinam\/wp-content\/uploads\/2023\/07\/ARSW507.jpg\",\"datePublished\":\"2023-07-05T02:09:20+00:00\",\"dateModified\":\"2026-01-22T01:14:20+00:00\",\"breadcrumb\":{\"@id\":\"https:\/\/tiendamarcial.com\/arnobysinam\/producto\/katana-kuro-tsuru-funcional\/#breadcrumb\"},\"inLanguage\":\"es\",\"potentialAction\":[{\"@type\":\"ReadAction\",\"target\":[\"https:\/\/tiendamarcial.com\/arnobysinam\/producto\/katana-kuro-tsuru-funcional\/\"]}]},{\"@type\":\"ImageObject\",\"inLanguage\":\"es\",\"@id\":\"https:\/\/tiendamarcial.com\/arnobysinam\/producto\/katana-kuro-tsuru-funcional\/#primaryimage\",\"url\":\"https:\/\/tiendamarcial.com\/arnobysinam\/wp-content\/uploads\/2023\/07\/ARSW507.jpg\",\"contentUrl\":\"https:\/\/tiendamarcial.com\/arnobysinam\/wp-content\/uploads\/2023\/07\/ARSW507.jpg\",\"width\":600,\"height\":600},{\"@type\":\"BreadcrumbList\",\"@id\":\"https:\/\/tiendamarcial.com\/arnobysinam\/producto\/katana-kuro-tsuru-funcional\/#breadcrumb\",\"itemListElement\":[{\"@type\":\"ListItem\",\"position\":1,\"name\":\"Portada\",\"item\":\"https:\/\/tiendamarcial.com\/arnobysinam\/\"},{\"@type\":\"ListItem\",\"position\":2,\"name\":\"Tienda\",\"item\":\"https:\/\/tiendamarcial.com\/arnobysinam\/tienda\/\"},{\"@type\":\"ListItem\",\"position\":3,\"name\":\"Katana Kuro Tsuru &#8211; Funcional\"}]},{\"@type\":\"WebSite\",\"@id\":\"https:\/\/tiendamarcial.com\/arnobysinam\/#website\",\"url\":\"https:\/\/tiendamarcial.com\/arnobysinam\/\",\"name\":\"Tienda Marcial Colombia\",\"description\":\"Todo en implementos para Artes Marciales\",\"potentialAction\":[{\"@type\":\"SearchAction\",\"target\":{\"@type\":\"EntryPoint\",\"urlTemplate\":\"https:\/\/tiendamarcial.com\/arnobysinam\/?s={search_term_string}\"},\"query-input\":{\"@type\":\"PropertyValueSpecification\",\"valueRequired\":true,\"valueName\":\"search_term_string\"}}],\"inLanguage\":\"es\"}]}<\/script>\n<!-- \/ Yoast SEO plugin. -->","yoast_head_json":{"title":"Katana Kuro Tsuru - Funcional - Tienda Marcial Colombia","robots":{"index":"index","follow":"follow","max-snippet":"max-snippet:-1","max-image-preview":"max-image-preview:large","max-video-preview":"max-video-preview:-1"},"canonical":"https:\/\/tiendamarcial.com\/arnobysinam\/producto\/katana-kuro-tsuru-funcional\/","og_locale":"es_ES","og_type":"article","og_title":"Katana Kuro Tsuru - Funcional - Tienda Marcial Colombia","og_description":"Espada (katana) Samurai fabricada en acero al carbono 1045 de gran resistencia. La hoja est\u00e1 afilada, 100% FUNCIONAL. CERTIFICADA.","og_url":"https:\/\/tiendamarcial.com\/arnobysinam\/producto\/katana-kuro-tsuru-funcional\/","og_site_name":"Tienda Marcial Colombia","article_publisher":"https:\/\/www.facebook.com\/TiendaMarcial","article_modified_time":"2026-01-22T01:14:20+00:00","og_image":[{"width":600,"height":600,"url":"https:\/\/tiendamarcial.com\/arnobysinam\/wp-content\/uploads\/2023\/07\/ARSW507.jpg","type":"image\/jpeg"}],"twitter_card":"summary_large_image","twitter_site":"@TiendaMarcial","twitter_misc":{"Tiempo de lectura":"1 minuto"},"schema":{"@context":"https:\/\/schema.org","@graph":[{"@type":"WebPage","@id":"https:\/\/tiendamarcial.com\/arnobysinam\/producto\/katana-kuro-tsuru-funcional\/","url":"https:\/\/tiendamarcial.com\/arnobysinam\/producto\/katana-kuro-tsuru-funcional\/","name":"Katana Kuro Tsuru - Funcional - Tienda Marcial Colombia","isPartOf":{"@id":"https:\/\/tiendamarcial.com\/arnobysinam\/#website"},"primaryImageOfPage":{"@id":"https:\/\/tiendamarcial.com\/arnobysinam\/producto\/katana-kuro-tsuru-funcional\/#primaryimage"},"image":{"@id":"https:\/\/tiendamarcial.com\/arnobysinam\/producto\/katana-kuro-tsuru-funcional\/#primaryimage"},"thumbnailUrl":"https:\/\/tiendamarcial.com\/arnobysinam\/wp-content\/uploads\/2023\/07\/ARSW507.jpg","datePublished":"2023-07-05T02:09:20+00:00","dateModified":"2026-01-22T01:14:20+00:00","breadcrumb":{"@id":"https:\/\/tiendamarcial.com\/arnobysinam\/producto\/katana-kuro-tsuru-funcional\/#breadcrumb"},"inLanguage":"es","potentialAction":[{"@type":"ReadAction","target":["https:\/\/tiendamarcial.com\/arnobysinam\/producto\/katana-kuro-tsuru-funcional\/"]}]},{"@type":"ImageObject","inLanguage":"es","@id":"https:\/\/tiendamarcial.com\/arnobysinam\/producto\/katana-kuro-tsuru-funcional\/#primaryimage","url":"https:\/\/tiendamarcial.com\/arnobysinam\/wp-content\/uploads\/2023\/07\/ARSW507.jpg","contentUrl":"https:\/\/tiendamarcial.com\/arnobysinam\/wp-content\/uploads\/2023\/07\/ARSW507.jpg","width":600,"height":600},{"@type":"BreadcrumbList","@id":"https:\/\/tiendamarcial.com\/arnobysinam\/producto\/katana-kuro-tsuru-funcional\/#breadcrumb","itemListElement":[{"@type":"ListItem","position":1,"name":"Portada","item":"https:\/\/tiendamarcial.com\/arnobysinam\/"},{"@type":"ListItem","position":2,"name":"Tienda","item":"https:\/\/tiendamarcial.com\/arnobysinam\/tienda\/"},{"@type":"ListItem","position":3,"name":"Katana Kuro Tsuru &#8211; Funcional"}]},{"@type":"WebSite","@id":"https:\/\/tiendamarcial.com\/arnobysinam\/#website","url":"https:\/\/tiendamarcial.com\/arnobysinam\/","name":"Tienda Marcial Colombia","description":"Todo en implementos para Artes Marciales","potentialAction":[{"@type":"SearchAction","target":{"@type":"EntryPoint","urlTemplate":"https:\/\/tiendamarcial.com\/arnobysinam\/?s={search_term_string}"},"query-input":{"@type":"PropertyValueSpecification","valueRequired":true,"valueName":"search_term_string"}}],"inLanguage":"es"}]}},"_links":{"self":[{"href":"https:\/\/tiendamarcial.com\/arnobysinam\/wp-json\/wp\/v2\/product\/602","targetHints":{"allow":["GET"]}}],"collection":[{"href":"https:\/\/tiendamarcial.com\/arnobysinam\/wp-json\/wp\/v2\/product"}],"about":[{"href":"https:\/\/tiendamarcial.com\/arnobysinam\/wp-json\/wp\/v2\/types\/product"}],"version-history":[{"count":8,"href":"https:\/\/tiendamarcial.com\/arnobysinam\/wp-json\/wp\/v2\/product\/602\/revisions"}],"predecessor-version":[{"id":3290,"href":"https:\/\/tiendamarcial.com\/arnobysinam\/wp-json\/wp\/v2\/product\/602\/revisions\/3290"}],"wp:featuredmedia":[{"embeddable":true,"href":"https:\/\/tiendamarcial.com\/arnobysinam\/wp-json\/wp\/v2\/media\/604"}],"wp:attachment":[{"href":"https:\/\/tiendamarcial.com\/arnobysinam\/wp-json\/wp\/v2\/media?parent=602"}],"wp:term":[{"taxonomy":"product_brand","embeddable":true,"href":"https:\/\/tiendamarcial.com\/arnobysinam\/wp-json\/wp\/v2\/product_brand?post=602"},{"taxonomy":"product_cat","embeddable":true,"href":"https:\/\/tiendamarcial.com\/arnobysinam\/wp-json\/wp\/v2\/product_cat?post=602"},{"taxonomy":"product_tag","embeddable":true,"href":"https:\/\/tiendamarcial.com\/arnobysinam\/wp-json\/wp\/v2\/product_tag?post=602"}],"curies":[{"name":"wp","href":"https:\/\/api.w.org\/{rel}","templated":true}]}}