{"id":4848,"date":"2024-05-06T17:33:14","date_gmt":"2024-05-06T22:33:14","guid":{"rendered":"https:\/\/tiendamarcial.com\/arnobysinam\/?post_type=product&#038;p=4848"},"modified":"2026-03-22T17:31:07","modified_gmt":"2026-03-22T22:31:07","slug":"uniforme-ninjutsu-karate-kenpo-negro","status":"publish","type":"product","link":"https:\/\/tiendamarcial.com\/arnobysinam\/producto\/uniforme-ninjutsu-karate-kenpo-negro\/","title":{"rendered":"Uniforme Ninjutsu, Karate, Kenpo &#8211; Negro"},"content":{"rendered":"<p>Descubre la excelencia del <strong>Ninjutsu, Karate D\u00f4, Kenpo<\/strong> o de cualquier otro estilo, con nuestro uniforme negro en tela acanalada, destacado por su elegante dise\u00f1o tradicional. Este uniforme es ideal para quienes est\u00e1n dando grandes pasos en las Artes Marciales o deportes de combate.<\/p>\n<p>Nuestro uniforme est\u00e1 cuidadosamente elaborado con una mezcla de materiales de alta calidad: 60% algod\u00f3n y 40% poli\u00e9ster. Esto garantiza no solo una gran comodidad durante el entrenamiento, sino tambi\u00e9n durabilidad y facilidad de cuidado. El pantal\u00f3n viene equipado con una cinturilla el\u00e1stica y cord\u00f3n para un ajuste perfecto, asegurando que te muevas con confianza en cada golpe y movimiento.<\/p>\n<p>A la hora de seleccionar la talla, es esencial considerar la estatura y contextura. Por ejemplo, si tienes 175 cm de estatura con una contextura normal, la talla 4 (180) es la elecci\u00f3n perfecta. El n\u00famero entre par\u00e9ntesis indica que es adecuada para personas de esa estatura, siempre y cuando tengan una contextura normal. Si la estatura es la misma pero est\u00e1 en sobrepeso, te recomendamos optar por la talla inmediatamente superior.<\/p>\n<p>Pero eso no es todo, para hacerte a\u00fan m\u00e1s f\u00e1cil comenzar tu viaje en el <strong>Arte que entrenas<\/strong>,\u00a0<strong>\u00a1incluimos un cintur\u00f3n blanco de regalo!<\/strong><\/p>\n<h4>Elige entre nuestras variadas tallas para asegurarte de encontrar el ajuste perfecto:<\/h4>\n<ul>\n<li><strong>2 (160):<\/strong>\u00a0Chaqueta de 70 cm de largo, 52 cm de espalda y 45 cm de manga. Pantal\u00f3n de 93 cm de largo y 82 cm de cintura.<\/li>\n<li><strong>3 (170):<\/strong>\u00a0Chaqueta de 75 cm de largo, 58 cm de espalda y 48 cm de manga. Pantal\u00f3n de 97 cm de largo y 88 cm de cintura.<\/li>\n<li><strong>4 (180)<\/strong>: Chaqueta de 79 cm de largo, 60 cm de espalda y 50 cm de manga. Pantal\u00f3n de 102 cm de largo y 92 cm de cintura.<\/li>\n<li><strong>5 (190):<\/strong> Chaqueta de 82 cm de largo, 65 cm de espalda y 51 cm de manga. Pantal\u00f3n de 104 cm de largo y 96 cm de cintura.<\/li>\n<li><strong>6 (200):<\/strong> Chaqueta de 89 cm de largo, 67 cm de espalda y 56 cm de manga. Pantal\u00f3n de 112 cm de largo y 100 cm de cintura.<\/li>\n<\/ul>\n<p>Prep\u00e1rate para brillar en las <strong>Artes Marciales<\/strong> con estilo y comodidad. Aprovecha esta oportunidad para iniciar tu viaje en este apasionante mundo.<\/p>\n<p><strong>\u00a1Ord\u00e9nalo hoy mismo y sigue tu camino hacia la grandeza!<\/strong><\/p>\n","protected":false},"excerpt":{"rendered":"<p>Descubre la excelencia del <strong>Ninjutsu, Karate D\u00f4, Kenpo<\/strong> o de cualquier otro estilo, con nuestro uniforme negro en tela acanalada, destacado por su elegante dise\u00f1o tradicional. Este uniforme es ideal para quienes est\u00e1n dando grandes pasos en las Artes Marciales o deportes de combate.<\/p>\n","protected":false},"featured_media":4850,"template":"","meta":[],"product_brand":[],"product_cat":[247],"product_tag":[39,249,40,250,46,45,248],"class_list":{"0":"post-4848","1":"product","2":"type-product","3":"status-publish","4":"has-post-thumbnail","6":"product_cat-uniformes","7":"product_tag-artes-marciales","8":"product_tag-hapkido","9":"product_tag-karate","10":"product_tag-kenpo","11":"product_tag-ninjutsu","12":"product_tag-taekwondo","13":"product_tag-uniforme","14":"pa_talla-00-130","15":"pa_talla-0-140","16":"pa_talla-1-150","17":"pa_talla-2-160","18":"pa_talla-3-170","19":"pa_talla-4-180","20":"pa_talla-5-190","21":"pa_talla-6-200","23":"first","24":"instock","25":"shipping-taxable","26":"purchasable","27":"product-type-variable"},"yoast_head":"<!-- This site is optimized with the Yoast SEO plugin v26.8 - https:\/\/yoast.com\/product\/yoast-seo-wordpress\/ -->\n<title>Uniforme Ninjutsu, Karate, Kenpo - Negro - Tienda Marcial Colombia<\/title>\n<meta name=\"description\" content=\"Descubre la excelencia del Ninjutsu, Karate D\u00f4, Kenpo o de cualquier otro estilo, con nuestro uniforme negro en tela acanalada, destacado por su elegante dise\u00f1o tradicional. Este uniforme es ideal para quienes est\u00e1n dando grandes pasos en las Artes Marciales o deportes de combate.\" \/>\n<meta name=\"robots\" content=\"index, follow, max-snippet:-1, max-image-preview:large, max-video-preview:-1\" \/>\n<link rel=\"canonical\" href=\"https:\/\/tiendamarcial.com\/arnobysinam\/producto\/uniforme-ninjutsu-karate-kenpo-negro\/\" \/>\n<meta property=\"og:locale\" content=\"es_ES\" \/>\n<meta property=\"og:type\" content=\"article\" \/>\n<meta property=\"og:title\" content=\"Uniforme Ninjutsu, Karate, Kenpo - Negro - Tienda Marcial Colombia\" \/>\n<meta property=\"og:description\" content=\"Descubre la excelencia del Ninjutsu, Karate D\u00f4, Kenpo o de cualquier otro estilo, con nuestro uniforme negro en tela acanalada, destacado por su elegante dise\u00f1o tradicional. Este uniforme es ideal para quienes est\u00e1n dando grandes pasos en las Artes Marciales o deportes de combate.\" \/>\n<meta property=\"og:url\" content=\"https:\/\/tiendamarcial.com\/arnobysinam\/producto\/uniforme-ninjutsu-karate-kenpo-negro\/\" \/>\n<meta property=\"og:site_name\" content=\"Tienda Marcial Colombia\" \/>\n<meta property=\"article:publisher\" content=\"https:\/\/www.facebook.com\/TiendaMarcial\" \/>\n<meta property=\"article:modified_time\" content=\"2026-03-22T22:31:07+00:00\" \/>\n<meta property=\"og:image\" content=\"https:\/\/tiendamarcial.com\/arnobysinam\/wp-content\/uploads\/2024\/05\/UNKT050-uniforme-karate-ninjutsu-kenpo-negro-kata-oficial-wka-wkf-shotokan-uniform-colombia-reconocido-competencia-tienda-marcial-arnoby-sinam.jpg\" \/>\n\t<meta property=\"og:image:width\" content=\"600\" \/>\n\t<meta property=\"og:image:height\" content=\"600\" \/>\n\t<meta property=\"og:image:type\" content=\"image\/jpeg\" \/>\n<meta name=\"twitter:card\" content=\"summary_large_image\" \/>\n<meta name=\"twitter:site\" content=\"@TiendaMarcial\" \/>\n<meta name=\"twitter:label1\" content=\"Tiempo de lectura\" \/>\n\t<meta name=\"twitter:data1\" content=\"2 minutos\" \/>\n<script type=\"application\/ld+json\" class=\"yoast-schema-graph\">{\"@context\":\"https:\/\/schema.org\",\"@graph\":[{\"@type\":\"WebPage\",\"@id\":\"https:\/\/tiendamarcial.com\/arnobysinam\/producto\/uniforme-ninjutsu-karate-kenpo-negro\/\",\"url\":\"https:\/\/tiendamarcial.com\/arnobysinam\/producto\/uniforme-ninjutsu-karate-kenpo-negro\/\",\"name\":\"Uniforme Ninjutsu, Karate, Kenpo - Negro - Tienda Marcial Colombia\",\"isPartOf\":{\"@id\":\"https:\/\/tiendamarcial.com\/arnobysinam\/#website\"},\"primaryImageOfPage\":{\"@id\":\"https:\/\/tiendamarcial.com\/arnobysinam\/producto\/uniforme-ninjutsu-karate-kenpo-negro\/#primaryimage\"},\"image\":{\"@id\":\"https:\/\/tiendamarcial.com\/arnobysinam\/producto\/uniforme-ninjutsu-karate-kenpo-negro\/#primaryimage\"},\"thumbnailUrl\":\"https:\/\/tiendamarcial.com\/arnobysinam\/wp-content\/uploads\/2024\/05\/UNKT050-uniforme-karate-ninjutsu-kenpo-negro-kata-oficial-wka-wkf-shotokan-uniform-colombia-reconocido-competencia-tienda-marcial-arnoby-sinam.jpg\",\"datePublished\":\"2024-05-06T22:33:14+00:00\",\"dateModified\":\"2026-03-22T22:31:07+00:00\",\"description\":\"Descubre la excelencia del Ninjutsu, Karate D\u00f4, Kenpo o de cualquier otro estilo, con nuestro uniforme negro en tela acanalada, destacado por su elegante dise\u00f1o tradicional. Este uniforme es ideal para quienes est\u00e1n dando grandes pasos en las Artes Marciales o deportes de combate.\",\"breadcrumb\":{\"@id\":\"https:\/\/tiendamarcial.com\/arnobysinam\/producto\/uniforme-ninjutsu-karate-kenpo-negro\/#breadcrumb\"},\"inLanguage\":\"es\",\"potentialAction\":[{\"@type\":\"ReadAction\",\"target\":[\"https:\/\/tiendamarcial.com\/arnobysinam\/producto\/uniforme-ninjutsu-karate-kenpo-negro\/\"]}]},{\"@type\":\"ImageObject\",\"inLanguage\":\"es\",\"@id\":\"https:\/\/tiendamarcial.com\/arnobysinam\/producto\/uniforme-ninjutsu-karate-kenpo-negro\/#primaryimage\",\"url\":\"https:\/\/tiendamarcial.com\/arnobysinam\/wp-content\/uploads\/2024\/05\/UNKT050-uniforme-karate-ninjutsu-kenpo-negro-kata-oficial-wka-wkf-shotokan-uniform-colombia-reconocido-competencia-tienda-marcial-arnoby-sinam.jpg\",\"contentUrl\":\"https:\/\/tiendamarcial.com\/arnobysinam\/wp-content\/uploads\/2024\/05\/UNKT050-uniforme-karate-ninjutsu-kenpo-negro-kata-oficial-wka-wkf-shotokan-uniform-colombia-reconocido-competencia-tienda-marcial-arnoby-sinam.jpg\",\"width\":600,\"height\":600,\"caption\":\"Uniforme para Ninjutsu, Karate, Aikido, Kobudo, artes marciales japonesas, karategi\"},{\"@type\":\"BreadcrumbList\",\"@id\":\"https:\/\/tiendamarcial.com\/arnobysinam\/producto\/uniforme-ninjutsu-karate-kenpo-negro\/#breadcrumb\",\"itemListElement\":[{\"@type\":\"ListItem\",\"position\":1,\"name\":\"Portada\",\"item\":\"https:\/\/tiendamarcial.com\/arnobysinam\/\"},{\"@type\":\"ListItem\",\"position\":2,\"name\":\"Tienda\",\"item\":\"https:\/\/tiendamarcial.com\/arnobysinam\/tienda\/\"},{\"@type\":\"ListItem\",\"position\":3,\"name\":\"Uniforme Ninjutsu, Karate, Kenpo &#8211; Negro\"}]},{\"@type\":\"WebSite\",\"@id\":\"https:\/\/tiendamarcial.com\/arnobysinam\/#website\",\"url\":\"https:\/\/tiendamarcial.com\/arnobysinam\/\",\"name\":\"Tienda Marcial Colombia\",\"description\":\"Todo en implementos para Artes Marciales\",\"potentialAction\":[{\"@type\":\"SearchAction\",\"target\":{\"@type\":\"EntryPoint\",\"urlTemplate\":\"https:\/\/tiendamarcial.com\/arnobysinam\/?s={search_term_string}\"},\"query-input\":{\"@type\":\"PropertyValueSpecification\",\"valueRequired\":true,\"valueName\":\"search_term_string\"}}],\"inLanguage\":\"es\"}]}<\/script>\n<!-- \/ Yoast SEO plugin. -->","yoast_head_json":{"title":"Uniforme Ninjutsu, Karate, Kenpo - Negro - Tienda Marcial Colombia","description":"Descubre la excelencia del Ninjutsu, Karate D\u00f4, Kenpo o de cualquier otro estilo, con nuestro uniforme negro en tela acanalada, destacado por su elegante dise\u00f1o tradicional. Este uniforme es ideal para quienes est\u00e1n dando grandes pasos en las Artes Marciales o deportes de combate.","robots":{"index":"index","follow":"follow","max-snippet":"max-snippet:-1","max-image-preview":"max-image-preview:large","max-video-preview":"max-video-preview:-1"},"canonical":"https:\/\/tiendamarcial.com\/arnobysinam\/producto\/uniforme-ninjutsu-karate-kenpo-negro\/","og_locale":"es_ES","og_type":"article","og_title":"Uniforme Ninjutsu, Karate, Kenpo - Negro - Tienda Marcial Colombia","og_description":"Descubre la excelencia del Ninjutsu, Karate D\u00f4, Kenpo o de cualquier otro estilo, con nuestro uniforme negro en tela acanalada, destacado por su elegante dise\u00f1o tradicional. Este uniforme es ideal para quienes est\u00e1n dando grandes pasos en las Artes Marciales o deportes de combate.","og_url":"https:\/\/tiendamarcial.com\/arnobysinam\/producto\/uniforme-ninjutsu-karate-kenpo-negro\/","og_site_name":"Tienda Marcial Colombia","article_publisher":"https:\/\/www.facebook.com\/TiendaMarcial","article_modified_time":"2026-03-22T22:31:07+00:00","og_image":[{"width":600,"height":600,"url":"https:\/\/tiendamarcial.com\/arnobysinam\/wp-content\/uploads\/2024\/05\/UNKT050-uniforme-karate-ninjutsu-kenpo-negro-kata-oficial-wka-wkf-shotokan-uniform-colombia-reconocido-competencia-tienda-marcial-arnoby-sinam.jpg","type":"image\/jpeg"}],"twitter_card":"summary_large_image","twitter_site":"@TiendaMarcial","twitter_misc":{"Tiempo de lectura":"2 minutos"},"schema":{"@context":"https:\/\/schema.org","@graph":[{"@type":"WebPage","@id":"https:\/\/tiendamarcial.com\/arnobysinam\/producto\/uniforme-ninjutsu-karate-kenpo-negro\/","url":"https:\/\/tiendamarcial.com\/arnobysinam\/producto\/uniforme-ninjutsu-karate-kenpo-negro\/","name":"Uniforme Ninjutsu, Karate, Kenpo - Negro - Tienda Marcial Colombia","isPartOf":{"@id":"https:\/\/tiendamarcial.com\/arnobysinam\/#website"},"primaryImageOfPage":{"@id":"https:\/\/tiendamarcial.com\/arnobysinam\/producto\/uniforme-ninjutsu-karate-kenpo-negro\/#primaryimage"},"image":{"@id":"https:\/\/tiendamarcial.com\/arnobysinam\/producto\/uniforme-ninjutsu-karate-kenpo-negro\/#primaryimage"},"thumbnailUrl":"https:\/\/tiendamarcial.com\/arnobysinam\/wp-content\/uploads\/2024\/05\/UNKT050-uniforme-karate-ninjutsu-kenpo-negro-kata-oficial-wka-wkf-shotokan-uniform-colombia-reconocido-competencia-tienda-marcial-arnoby-sinam.jpg","datePublished":"2024-05-06T22:33:14+00:00","dateModified":"2026-03-22T22:31:07+00:00","description":"Descubre la excelencia del Ninjutsu, Karate D\u00f4, Kenpo o de cualquier otro estilo, con nuestro uniforme negro en tela acanalada, destacado por su elegante dise\u00f1o tradicional. Este uniforme es ideal para quienes est\u00e1n dando grandes pasos en las Artes Marciales o deportes de combate.","breadcrumb":{"@id":"https:\/\/tiendamarcial.com\/arnobysinam\/producto\/uniforme-ninjutsu-karate-kenpo-negro\/#breadcrumb"},"inLanguage":"es","potentialAction":[{"@type":"ReadAction","target":["https:\/\/tiendamarcial.com\/arnobysinam\/producto\/uniforme-ninjutsu-karate-kenpo-negro\/"]}]},{"@type":"ImageObject","inLanguage":"es","@id":"https:\/\/tiendamarcial.com\/arnobysinam\/producto\/uniforme-ninjutsu-karate-kenpo-negro\/#primaryimage","url":"https:\/\/tiendamarcial.com\/arnobysinam\/wp-content\/uploads\/2024\/05\/UNKT050-uniforme-karate-ninjutsu-kenpo-negro-kata-oficial-wka-wkf-shotokan-uniform-colombia-reconocido-competencia-tienda-marcial-arnoby-sinam.jpg","contentUrl":"https:\/\/tiendamarcial.com\/arnobysinam\/wp-content\/uploads\/2024\/05\/UNKT050-uniforme-karate-ninjutsu-kenpo-negro-kata-oficial-wka-wkf-shotokan-uniform-colombia-reconocido-competencia-tienda-marcial-arnoby-sinam.jpg","width":600,"height":600,"caption":"Uniforme para Ninjutsu, Karate, Aikido, Kobudo, artes marciales japonesas, karategi"},{"@type":"BreadcrumbList","@id":"https:\/\/tiendamarcial.com\/arnobysinam\/producto\/uniforme-ninjutsu-karate-kenpo-negro\/#breadcrumb","itemListElement":[{"@type":"ListItem","position":1,"name":"Portada","item":"https:\/\/tiendamarcial.com\/arnobysinam\/"},{"@type":"ListItem","position":2,"name":"Tienda","item":"https:\/\/tiendamarcial.com\/arnobysinam\/tienda\/"},{"@type":"ListItem","position":3,"name":"Uniforme Ninjutsu, Karate, Kenpo &#8211; Negro"}]},{"@type":"WebSite","@id":"https:\/\/tiendamarcial.com\/arnobysinam\/#website","url":"https:\/\/tiendamarcial.com\/arnobysinam\/","name":"Tienda Marcial Colombia","description":"Todo en implementos para Artes Marciales","potentialAction":[{"@type":"SearchAction","target":{"@type":"EntryPoint","urlTemplate":"https:\/\/tiendamarcial.com\/arnobysinam\/?s={search_term_string}"},"query-input":{"@type":"PropertyValueSpecification","valueRequired":true,"valueName":"search_term_string"}}],"inLanguage":"es"}]}},"_links":{"self":[{"href":"https:\/\/tiendamarcial.com\/arnobysinam\/wp-json\/wp\/v2\/product\/4848","targetHints":{"allow":["GET"]}}],"collection":[{"href":"https:\/\/tiendamarcial.com\/arnobysinam\/wp-json\/wp\/v2\/product"}],"about":[{"href":"https:\/\/tiendamarcial.com\/arnobysinam\/wp-json\/wp\/v2\/types\/product"}],"version-history":[{"count":5,"href":"https:\/\/tiendamarcial.com\/arnobysinam\/wp-json\/wp\/v2\/product\/4848\/revisions"}],"predecessor-version":[{"id":4860,"href":"https:\/\/tiendamarcial.com\/arnobysinam\/wp-json\/wp\/v2\/product\/4848\/revisions\/4860"}],"wp:featuredmedia":[{"embeddable":true,"href":"https:\/\/tiendamarcial.com\/arnobysinam\/wp-json\/wp\/v2\/media\/4850"}],"wp:attachment":[{"href":"https:\/\/tiendamarcial.com\/arnobysinam\/wp-json\/wp\/v2\/media?parent=4848"}],"wp:term":[{"taxonomy":"product_brand","embeddable":true,"href":"https:\/\/tiendamarcial.com\/arnobysinam\/wp-json\/wp\/v2\/product_brand?post=4848"},{"taxonomy":"product_cat","embeddable":true,"href":"https:\/\/tiendamarcial.com\/arnobysinam\/wp-json\/wp\/v2\/product_cat?post=4848"},{"taxonomy":"product_tag","embeddable":true,"href":"https:\/\/tiendamarcial.com\/arnobysinam\/wp-json\/wp\/v2\/product_tag?post=4848"}],"curies":[{"name":"wp","href":"https:\/\/api.w.org\/{rel}","templated":true}]}}