{"id":4197,"date":"2024-02-24T12:04:50","date_gmt":"2024-02-24T17:04:50","guid":{"rendered":"https:\/\/tiendamarcial.com\/arnobysinam\/?post_type=product&#038;p=4197"},"modified":"2024-02-24T12:26:30","modified_gmt":"2024-02-24T17:26:30","slug":"wakizashi-polipropileno","status":"publish","type":"product","link":"https:\/\/tiendamarcial.com\/arnobysinam\/producto\/wakizashi-polipropileno\/","title":{"rendered":"Wakizashi polipropileno"},"content":{"rendered":"<p>\u00a1Prep\u00e1rate para experimentar la combinaci\u00f3n perfecta de belleza, resistencia y autenticidad con nuestro impresionante Wakizashi de Polipropileno! Este no es solo un Wakizashi com\u00fan, es una obra maestra de dise\u00f1o y artesan\u00eda, ideal para los amantes de las Artes Marciales como el Kenjutsu, el Ninjutsu y el Batt\u00f4 Jutsu.<\/p>\n<h4><strong>Caracter\u00edsticas destacadas:<\/strong><\/h4>\n<ul>\n<li><strong>Resistencia Inigualable:<\/strong> Fabricado en polipropileno de alta calidad, este Wakizashi es uno de los materiales m\u00e1s resistentes disponibles en el mercado. No tendr\u00e1s que preocuparte por el desgaste o da\u00f1o, <strong>\u00a1est\u00e1 dise\u00f1ado para durar!<\/strong><\/li>\n<li><strong>Detalles Realistas:<\/strong> Cada cent\u00edmetro de este Wakizashi est\u00e1 dise\u00f1ado para replicar la apariencia y la sensaci\u00f3n de una espada de madera aut\u00e9ntica. La textura de madera en su cuerpo y el trenzado de la empu\u00f1adura te transportar\u00e1n a un entrenamiento tradicional.<\/li>\n<li><strong>Tsuba Removible:<\/strong> La tsuba, la guarda de la espada, es removible, lo que te permite personalizar tu experiencia de entrenamiento y adaptarla a tus preferencias.<\/li>\n<\/ul>\n<h4><strong>Especificaciones:<\/strong><\/h4>\n<ul>\n<li>Longitud total: 61 cm.<\/li>\n<li>Ancho: 3,5 cms.<\/li>\n<li>Di\u00e1metro de la tsuba: 7,5 cms.<\/li>\n<li>Peso del bokken: 330 gramos.<\/li>\n<\/ul>\n<p>Este Wakizashi en Polipropileno no solo es una herramienta de entrenamiento, sino una obra de arte funcional que destila lujo y resistencia. Eleva tus habilidades en las Artes Marciales con la confianza de estar utilizando un Wakizashi de alta calidad.<\/p>\n<p>\u00bfEst\u00e1s listo para dar un paso adelante en tu pr\u00e1ctica?<\/p>\n<p><strong>\u00a1Adquiere el tuyo hoy y experimenta la perfecci\u00f3n en cada golpe!<\/strong><\/p>\n","protected":false},"excerpt":{"rendered":"<p>\u00a1Prep\u00e1rate para experimentar la combinaci\u00f3n perfecta de belleza, resistencia y autenticidad con nuestro impresionante Wakizashi de Polipropileno! Este no es solo un Wakizashi com\u00fan, es una obra maestra de dise\u00f1o y artesan\u00eda, ideal para los amantes de las Artes Marciales como el Kenjutsu, el Ninjutsu y el Batt\u00f4 Jutsu.<\/p>\n","protected":false},"featured_media":4199,"template":"","meta":[],"product_brand":[],"product_cat":[105],"product_tag":[39,110,106,107,109,59,108,65,47,46,112,500,61],"class_list":{"0":"post-4197","1":"product","2":"type-product","3":"status-publish","4":"has-post-thumbnail","6":"product_cat-bokken-y-shinai","7":"product_tag-artes-marciales","8":"product_tag-battojutsu","9":"product_tag-bokken","10":"product_tag-bokuto","11":"product_tag-iaido","12":"product_tag-katana","13":"product_tag-kendo","14":"product_tag-kenjutsu","15":"product_tag-ninja","16":"product_tag-ninjutsu","17":"product_tag-polipropileno","18":"product_tag-shoto","19":"product_tag-sword","21":"first","22":"instock","23":"shipping-taxable","24":"purchasable","25":"product-type-simple"},"yoast_head":"<!-- This site is optimized with the Yoast SEO plugin v26.8 - https:\/\/yoast.com\/product\/yoast-seo-wordpress\/ -->\n<title>Wakizashi polipropileno - Tienda Marcial Colombia<\/title>\n<meta name=\"description\" content=\"\u00a1Prep\u00e1rate para experimentar la combinaci\u00f3n perfecta de belleza, resistencia y autenticidad con nuestro impresionante Wakizashi de Polipropileno! Este no es solo un Wakizashi com\u00fan, es una obra maestra de dise\u00f1o y artesan\u00eda, ideal para los amantes de las Artes Marciales como el Kenjutsu, el Ninjutsu y el Batt\u00f4 Jutsu.\" \/>\n<meta name=\"robots\" content=\"index, follow, max-snippet:-1, max-image-preview:large, max-video-preview:-1\" \/>\n<link rel=\"canonical\" href=\"https:\/\/tiendamarcial.com\/arnobysinam\/producto\/wakizashi-polipropileno\/\" \/>\n<meta property=\"og:locale\" content=\"es_ES\" \/>\n<meta property=\"og:type\" content=\"article\" \/>\n<meta property=\"og:title\" content=\"Wakizashi polipropileno - Tienda Marcial Colombia\" \/>\n<meta property=\"og:description\" content=\"\u00a1Prep\u00e1rate para experimentar la combinaci\u00f3n perfecta de belleza, resistencia y autenticidad con nuestro impresionante Wakizashi de Polipropileno! Este no es solo un Wakizashi com\u00fan, es una obra maestra de dise\u00f1o y artesan\u00eda, ideal para los amantes de las Artes Marciales como el Kenjutsu, el Ninjutsu y el Batt\u00f4 Jutsu.\" \/>\n<meta property=\"og:url\" content=\"https:\/\/tiendamarcial.com\/arnobysinam\/producto\/wakizashi-polipropileno\/\" \/>\n<meta property=\"og:site_name\" content=\"Tienda Marcial Colombia\" \/>\n<meta property=\"article:publisher\" content=\"https:\/\/www.facebook.com\/TiendaMarcial\" \/>\n<meta property=\"article:modified_time\" content=\"2024-02-24T17:26:30+00:00\" \/>\n<meta property=\"og:image\" content=\"https:\/\/tiendamarcial.com\/arnobysinam\/wp-content\/uploads\/2024\/02\/ARBK052-wakizashi-sintetico-polipropileno-samurai-shoto-kenjutsu-ninjutsu-colombia-batto-niken-espada-mediana-tienda-marcial.jpg\" \/>\n\t<meta property=\"og:image:width\" content=\"600\" \/>\n\t<meta property=\"og:image:height\" content=\"600\" \/>\n\t<meta property=\"og:image:type\" content=\"image\/jpeg\" \/>\n<meta name=\"twitter:card\" content=\"summary_large_image\" \/>\n<meta name=\"twitter:site\" content=\"@TiendaMarcial\" \/>\n<meta name=\"twitter:label1\" content=\"Tiempo de lectura\" \/>\n\t<meta name=\"twitter:data1\" content=\"2 minutos\" \/>\n<script type=\"application\/ld+json\" class=\"yoast-schema-graph\">{\"@context\":\"https:\/\/schema.org\",\"@graph\":[{\"@type\":\"WebPage\",\"@id\":\"https:\/\/tiendamarcial.com\/arnobysinam\/producto\/wakizashi-polipropileno\/\",\"url\":\"https:\/\/tiendamarcial.com\/arnobysinam\/producto\/wakizashi-polipropileno\/\",\"name\":\"Wakizashi polipropileno - Tienda Marcial Colombia\",\"isPartOf\":{\"@id\":\"https:\/\/tiendamarcial.com\/arnobysinam\/#website\"},\"primaryImageOfPage\":{\"@id\":\"https:\/\/tiendamarcial.com\/arnobysinam\/producto\/wakizashi-polipropileno\/#primaryimage\"},\"image\":{\"@id\":\"https:\/\/tiendamarcial.com\/arnobysinam\/producto\/wakizashi-polipropileno\/#primaryimage\"},\"thumbnailUrl\":\"https:\/\/tiendamarcial.com\/arnobysinam\/wp-content\/uploads\/2024\/02\/ARBK052-wakizashi-sintetico-polipropileno-samurai-shoto-kenjutsu-ninjutsu-colombia-batto-niken-espada-mediana-tienda-marcial.jpg\",\"datePublished\":\"2024-02-24T17:04:50+00:00\",\"dateModified\":\"2024-02-24T17:26:30+00:00\",\"description\":\"\u00a1Prep\u00e1rate para experimentar la combinaci\u00f3n perfecta de belleza, resistencia y autenticidad con nuestro impresionante Wakizashi de Polipropileno! Este no es solo un Wakizashi com\u00fan, es una obra maestra de dise\u00f1o y artesan\u00eda, ideal para los amantes de las Artes Marciales como el Kenjutsu, el Ninjutsu y el Batt\u00f4 Jutsu.\",\"breadcrumb\":{\"@id\":\"https:\/\/tiendamarcial.com\/arnobysinam\/producto\/wakizashi-polipropileno\/#breadcrumb\"},\"inLanguage\":\"es\",\"potentialAction\":[{\"@type\":\"ReadAction\",\"target\":[\"https:\/\/tiendamarcial.com\/arnobysinam\/producto\/wakizashi-polipropileno\/\"]}]},{\"@type\":\"ImageObject\",\"inLanguage\":\"es\",\"@id\":\"https:\/\/tiendamarcial.com\/arnobysinam\/producto\/wakizashi-polipropileno\/#primaryimage\",\"url\":\"https:\/\/tiendamarcial.com\/arnobysinam\/wp-content\/uploads\/2024\/02\/ARBK052-wakizashi-sintetico-polipropileno-samurai-shoto-kenjutsu-ninjutsu-colombia-batto-niken-espada-mediana-tienda-marcial.jpg\",\"contentUrl\":\"https:\/\/tiendamarcial.com\/arnobysinam\/wp-content\/uploads\/2024\/02\/ARBK052-wakizashi-sintetico-polipropileno-samurai-shoto-kenjutsu-ninjutsu-colombia-batto-niken-espada-mediana-tienda-marcial.jpg\",\"width\":600,\"height\":600,\"caption\":\"Wakizashi polipropileno - Espada, katana Samurai entrenamiento Kenjutsu, Ninjutsu\"},{\"@type\":\"BreadcrumbList\",\"@id\":\"https:\/\/tiendamarcial.com\/arnobysinam\/producto\/wakizashi-polipropileno\/#breadcrumb\",\"itemListElement\":[{\"@type\":\"ListItem\",\"position\":1,\"name\":\"Portada\",\"item\":\"https:\/\/tiendamarcial.com\/arnobysinam\/\"},{\"@type\":\"ListItem\",\"position\":2,\"name\":\"Tienda\",\"item\":\"https:\/\/tiendamarcial.com\/arnobysinam\/tienda\/\"},{\"@type\":\"ListItem\",\"position\":3,\"name\":\"Wakizashi polipropileno\"}]},{\"@type\":\"WebSite\",\"@id\":\"https:\/\/tiendamarcial.com\/arnobysinam\/#website\",\"url\":\"https:\/\/tiendamarcial.com\/arnobysinam\/\",\"name\":\"Tienda Marcial Colombia\",\"description\":\"Todo en implementos para Artes Marciales\",\"potentialAction\":[{\"@type\":\"SearchAction\",\"target\":{\"@type\":\"EntryPoint\",\"urlTemplate\":\"https:\/\/tiendamarcial.com\/arnobysinam\/?s={search_term_string}\"},\"query-input\":{\"@type\":\"PropertyValueSpecification\",\"valueRequired\":true,\"valueName\":\"search_term_string\"}}],\"inLanguage\":\"es\"}]}<\/script>\n<!-- \/ Yoast SEO plugin. -->","yoast_head_json":{"title":"Wakizashi polipropileno - Tienda Marcial Colombia","description":"\u00a1Prep\u00e1rate para experimentar la combinaci\u00f3n perfecta de belleza, resistencia y autenticidad con nuestro impresionante Wakizashi de Polipropileno! Este no es solo un Wakizashi com\u00fan, es una obra maestra de dise\u00f1o y artesan\u00eda, ideal para los amantes de las Artes Marciales como el Kenjutsu, el Ninjutsu y el Batt\u00f4 Jutsu.","robots":{"index":"index","follow":"follow","max-snippet":"max-snippet:-1","max-image-preview":"max-image-preview:large","max-video-preview":"max-video-preview:-1"},"canonical":"https:\/\/tiendamarcial.com\/arnobysinam\/producto\/wakizashi-polipropileno\/","og_locale":"es_ES","og_type":"article","og_title":"Wakizashi polipropileno - Tienda Marcial Colombia","og_description":"\u00a1Prep\u00e1rate para experimentar la combinaci\u00f3n perfecta de belleza, resistencia y autenticidad con nuestro impresionante Wakizashi de Polipropileno! Este no es solo un Wakizashi com\u00fan, es una obra maestra de dise\u00f1o y artesan\u00eda, ideal para los amantes de las Artes Marciales como el Kenjutsu, el Ninjutsu y el Batt\u00f4 Jutsu.","og_url":"https:\/\/tiendamarcial.com\/arnobysinam\/producto\/wakizashi-polipropileno\/","og_site_name":"Tienda Marcial Colombia","article_publisher":"https:\/\/www.facebook.com\/TiendaMarcial","article_modified_time":"2024-02-24T17:26:30+00:00","og_image":[{"width":600,"height":600,"url":"https:\/\/tiendamarcial.com\/arnobysinam\/wp-content\/uploads\/2024\/02\/ARBK052-wakizashi-sintetico-polipropileno-samurai-shoto-kenjutsu-ninjutsu-colombia-batto-niken-espada-mediana-tienda-marcial.jpg","type":"image\/jpeg"}],"twitter_card":"summary_large_image","twitter_site":"@TiendaMarcial","twitter_misc":{"Tiempo de lectura":"2 minutos"},"schema":{"@context":"https:\/\/schema.org","@graph":[{"@type":"WebPage","@id":"https:\/\/tiendamarcial.com\/arnobysinam\/producto\/wakizashi-polipropileno\/","url":"https:\/\/tiendamarcial.com\/arnobysinam\/producto\/wakizashi-polipropileno\/","name":"Wakizashi polipropileno - Tienda Marcial Colombia","isPartOf":{"@id":"https:\/\/tiendamarcial.com\/arnobysinam\/#website"},"primaryImageOfPage":{"@id":"https:\/\/tiendamarcial.com\/arnobysinam\/producto\/wakizashi-polipropileno\/#primaryimage"},"image":{"@id":"https:\/\/tiendamarcial.com\/arnobysinam\/producto\/wakizashi-polipropileno\/#primaryimage"},"thumbnailUrl":"https:\/\/tiendamarcial.com\/arnobysinam\/wp-content\/uploads\/2024\/02\/ARBK052-wakizashi-sintetico-polipropileno-samurai-shoto-kenjutsu-ninjutsu-colombia-batto-niken-espada-mediana-tienda-marcial.jpg","datePublished":"2024-02-24T17:04:50+00:00","dateModified":"2024-02-24T17:26:30+00:00","description":"\u00a1Prep\u00e1rate para experimentar la combinaci\u00f3n perfecta de belleza, resistencia y autenticidad con nuestro impresionante Wakizashi de Polipropileno! Este no es solo un Wakizashi com\u00fan, es una obra maestra de dise\u00f1o y artesan\u00eda, ideal para los amantes de las Artes Marciales como el Kenjutsu, el Ninjutsu y el Batt\u00f4 Jutsu.","breadcrumb":{"@id":"https:\/\/tiendamarcial.com\/arnobysinam\/producto\/wakizashi-polipropileno\/#breadcrumb"},"inLanguage":"es","potentialAction":[{"@type":"ReadAction","target":["https:\/\/tiendamarcial.com\/arnobysinam\/producto\/wakizashi-polipropileno\/"]}]},{"@type":"ImageObject","inLanguage":"es","@id":"https:\/\/tiendamarcial.com\/arnobysinam\/producto\/wakizashi-polipropileno\/#primaryimage","url":"https:\/\/tiendamarcial.com\/arnobysinam\/wp-content\/uploads\/2024\/02\/ARBK052-wakizashi-sintetico-polipropileno-samurai-shoto-kenjutsu-ninjutsu-colombia-batto-niken-espada-mediana-tienda-marcial.jpg","contentUrl":"https:\/\/tiendamarcial.com\/arnobysinam\/wp-content\/uploads\/2024\/02\/ARBK052-wakizashi-sintetico-polipropileno-samurai-shoto-kenjutsu-ninjutsu-colombia-batto-niken-espada-mediana-tienda-marcial.jpg","width":600,"height":600,"caption":"Wakizashi polipropileno - Espada, katana Samurai entrenamiento Kenjutsu, Ninjutsu"},{"@type":"BreadcrumbList","@id":"https:\/\/tiendamarcial.com\/arnobysinam\/producto\/wakizashi-polipropileno\/#breadcrumb","itemListElement":[{"@type":"ListItem","position":1,"name":"Portada","item":"https:\/\/tiendamarcial.com\/arnobysinam\/"},{"@type":"ListItem","position":2,"name":"Tienda","item":"https:\/\/tiendamarcial.com\/arnobysinam\/tienda\/"},{"@type":"ListItem","position":3,"name":"Wakizashi polipropileno"}]},{"@type":"WebSite","@id":"https:\/\/tiendamarcial.com\/arnobysinam\/#website","url":"https:\/\/tiendamarcial.com\/arnobysinam\/","name":"Tienda Marcial Colombia","description":"Todo en implementos para Artes Marciales","potentialAction":[{"@type":"SearchAction","target":{"@type":"EntryPoint","urlTemplate":"https:\/\/tiendamarcial.com\/arnobysinam\/?s={search_term_string}"},"query-input":{"@type":"PropertyValueSpecification","valueRequired":true,"valueName":"search_term_string"}}],"inLanguage":"es"}]}},"_links":{"self":[{"href":"https:\/\/tiendamarcial.com\/arnobysinam\/wp-json\/wp\/v2\/product\/4197","targetHints":{"allow":["GET"]}}],"collection":[{"href":"https:\/\/tiendamarcial.com\/arnobysinam\/wp-json\/wp\/v2\/product"}],"about":[{"href":"https:\/\/tiendamarcial.com\/arnobysinam\/wp-json\/wp\/v2\/types\/product"}],"version-history":[{"count":6,"href":"https:\/\/tiendamarcial.com\/arnobysinam\/wp-json\/wp\/v2\/product\/4197\/revisions"}],"predecessor-version":[{"id":4205,"href":"https:\/\/tiendamarcial.com\/arnobysinam\/wp-json\/wp\/v2\/product\/4197\/revisions\/4205"}],"wp:featuredmedia":[{"embeddable":true,"href":"https:\/\/tiendamarcial.com\/arnobysinam\/wp-json\/wp\/v2\/media\/4199"}],"wp:attachment":[{"href":"https:\/\/tiendamarcial.com\/arnobysinam\/wp-json\/wp\/v2\/media?parent=4197"}],"wp:term":[{"taxonomy":"product_brand","embeddable":true,"href":"https:\/\/tiendamarcial.com\/arnobysinam\/wp-json\/wp\/v2\/product_brand?post=4197"},{"taxonomy":"product_cat","embeddable":true,"href":"https:\/\/tiendamarcial.com\/arnobysinam\/wp-json\/wp\/v2\/product_cat?post=4197"},{"taxonomy":"product_tag","embeddable":true,"href":"https:\/\/tiendamarcial.com\/arnobysinam\/wp-json\/wp\/v2\/product_tag?post=4197"}],"curies":[{"name":"wp","href":"https:\/\/api.w.org\/{rel}","templated":true}]}}