{"id":3765,"date":"2023-11-01T14:18:52","date_gmt":"2023-11-01T19:18:52","guid":{"rendered":"https:\/\/tiendamarcial.com\/arnobysinam\/?post_type=product&#038;p=3765"},"modified":"2024-11-14T09:34:55","modified_gmt":"2024-11-14T14:34:55","slug":"espada-el-ultimo-samurai-decorativa","status":"publish","type":"product","link":"https:\/\/tiendamarcial.com\/arnobysinam\/producto\/espada-el-ultimo-samurai-decorativa\/","title":{"rendered":"Espada El \u00daltimo Samurai &#8211; Decorativa"},"content":{"rendered":"<p>Cuando piensas en guerreros de \u00e9lite y en espadas igualmente excepcionales, tu mente se dirige instintivamente hacia los Samurai. Y si hablamos de pel\u00edculas de Samurai, seguramente te vendr\u00e1 a la mente la exitosa pel\u00edcula <strong>El \u00daltimo Samurai<\/strong>. Si la has visto, seguramente recuerdas las impresionantes espadas que aparecen en la pel\u00edcula.<\/p>\n<p>\u00a1Pues bien, ahora puedes poseer tu propia espada, la \u00abEspada del Deber, Lealtad y Coraje de El \u00daltimo Samurai\u00bb!<\/p>\n<h4>\u2b50 ESPECIFICACIONES<\/h4>\n<p>\u2022 La funda (saya) tiene la inscripci\u00f3n a mano del C\u00f3digo Bushid\u00f4 Samurai japon\u00e9s \u5fe0\u52c7\u7fa9 que se traduce como el Deber, Lealtad y Coraje.<br \/>\n\u2022 Longitud total: 104 cms.<br \/>\n\u2022 Longitud de la hoja: 69 cms.<br \/>\n\u2022 Longitud de la empu\u00f1adura: 28,5 cms.<br \/>\n\u2022 La hoja de la espada est\u00e1 fabricada en acero inoxidable 440 con un hermoso hamon a lo largo del filo de la hoja. La hoja viene ligeramente afilada.<br \/>\n\u2022 La empu\u00f1adura de la espada presenta una envoltura de imitaci\u00f3n de piel de raya. Se ha atado una cuerda negra sobre el mango de la espada.<br \/>\n\u2022 Inscripci\u00f3n esculpida de un samur\u00e1i en la hoja con etiqueta de colecci\u00f3n.<br \/>\n\u2022 Vaina de color negro mate con una inscripci\u00f3n a mano del C\u00f3digo Bushid\u00f4 Samurai.<br \/>\n\u2022 Peso total: 950 gramos.<\/p>\n<p>Esta espada no solo es una r\u00e9plica impresionante de la que se muestra en la pel\u00edcula \u00abEl \u00daltimo Samurai\u00bb, sino que tambi\u00e9n rinde homenaje a los valores del deber, la lealtad y el coraje que los Samurai han representado a lo largo de la historia. No pierdas la oportunidad de tener esta pieza \u00fanica en tu colecci\u00f3n. \u00a1Adquiere la \u00abEspada del Deber, Lealtad y Coraje de El \u00daltimo Samurai\u00bb y lleva contigo la esencia de estos guerreros legendarios!<\/p>\n<h4><strong>\u00a1Asegura la tuya hoy mismo y prep\u00e1rate para la acci\u00f3n!<\/strong><\/h4>\n","protected":false},"excerpt":{"rendered":"<div style=\"text-align: justify;\">\n<p>Cuando piensas en guerreros de \u00e9lite y en espadas igualmente excepcionales, tu mente se dirige instintivamente hacia los samurai. Y si hablamos de pel\u00edculas de samurai, seguramente te vendr\u00e1 a la mente la exitosa pel\u00edcula \u00abEl \u00daltimo Samurai\u00bb. Si la has visto, seguramente recuerdas las impresionantes espadas que aparecen en la pel\u00edcula. \u00a1Pues bien, ahora puedes poseer tu propia espada, la \u00abEspada del Deber, Lealtad y Coraje de El \u00daltimo Samurai\u00bb!<\/p>\n<\/div>\n","protected":false},"featured_media":3774,"template":"","meta":[],"product_brand":[],"product_cat":[440],"product_tag":[335,160,481,60,59,483,482],"class_list":{"0":"post-3765","1":"product","2":"type-product","3":"status-publish","4":"has-post-thumbnail","6":"product_cat-espadas-decorativas","7":"product_tag-acero","8":"product_tag-colombia","9":"product_tag-decorativa","10":"product_tag-espada","11":"product_tag-katana","12":"product_tag-samurai-pelicula","13":"product_tag-ultimo","15":"first","16":"instock","17":"shipping-taxable","18":"purchasable","19":"product-type-simple"},"yoast_head":"<!-- This site is optimized with the Yoast SEO plugin v26.8 - https:\/\/yoast.com\/product\/yoast-seo-wordpress\/ -->\n<title>Espada El \u00daltimo Samurai - Decorativa - Tienda Marcial Colombia<\/title>\n<meta name=\"description\" content=\"Cuando piensas en guerreros de \u00e9lite y en espadas igualmente excepcionales, tu mente se dirige instintivamente hacia los samur\u00e1is. Y si hablamos de pel\u00edculas de samur\u00e1is, seguramente te vendr\u00e1 a la mente la exitosa pel\u00edcula &quot;El \u00daltimo Samurai&quot;. Si la has visto, seguramente recuerdas las impresionantes espadas que aparecen en la pel\u00edcula. \u00a1Pues bien, ahora puedes poseer tu propia espada, la &quot;Espada Katana del Deber, Lealtad y Coraje del \u00daltimo Samurai&quot;!\" \/>\n<meta name=\"robots\" content=\"index, follow, max-snippet:-1, max-image-preview:large, max-video-preview:-1\" \/>\n<link rel=\"canonical\" href=\"https:\/\/tiendamarcial.com\/arnobysinam\/producto\/espada-el-ultimo-samurai-decorativa\/\" \/>\n<meta property=\"og:locale\" content=\"es_ES\" \/>\n<meta property=\"og:type\" content=\"article\" \/>\n<meta property=\"og:title\" content=\"Espada El \u00daltimo Samurai - Decorativa - Tienda Marcial Colombia\" \/>\n<meta property=\"og:description\" content=\"Cuando piensas en guerreros de \u00e9lite y en espadas igualmente excepcionales, tu mente se dirige instintivamente hacia los samur\u00e1is. Y si hablamos de pel\u00edculas de samur\u00e1is, seguramente te vendr\u00e1 a la mente la exitosa pel\u00edcula &quot;El \u00daltimo Samurai&quot;. Si la has visto, seguramente recuerdas las impresionantes espadas que aparecen en la pel\u00edcula. \u00a1Pues bien, ahora puedes poseer tu propia espada, la &quot;Espada Katana del Deber, Lealtad y Coraje del \u00daltimo Samurai&quot;!\" \/>\n<meta property=\"og:url\" content=\"https:\/\/tiendamarcial.com\/arnobysinam\/producto\/espada-el-ultimo-samurai-decorativa\/\" \/>\n<meta property=\"og:site_name\" content=\"Tienda Marcial Colombia\" \/>\n<meta property=\"article:publisher\" content=\"https:\/\/www.facebook.com\/TiendaMarcial\" \/>\n<meta property=\"article:modified_time\" content=\"2024-11-14T14:34:55+00:00\" \/>\n<meta property=\"og:image\" content=\"https:\/\/tiendamarcial.com\/arnobysinam\/wp-content\/uploads\/2023\/11\/ARSW101-espada-katana-ultimo-samurai-last-decorativa-tienda-marcial-colombia.jpg\" \/>\n\t<meta property=\"og:image:width\" content=\"600\" \/>\n\t<meta property=\"og:image:height\" content=\"600\" \/>\n\t<meta property=\"og:image:type\" content=\"image\/jpeg\" \/>\n<meta name=\"twitter:card\" content=\"summary_large_image\" \/>\n<meta name=\"twitter:site\" content=\"@TiendaMarcial\" \/>\n<meta name=\"twitter:label1\" content=\"Tiempo de lectura\" \/>\n\t<meta name=\"twitter:data1\" content=\"2 minutos\" \/>\n<script type=\"application\/ld+json\" class=\"yoast-schema-graph\">{\"@context\":\"https:\/\/schema.org\",\"@graph\":[{\"@type\":\"WebPage\",\"@id\":\"https:\/\/tiendamarcial.com\/arnobysinam\/producto\/espada-el-ultimo-samurai-decorativa\/\",\"url\":\"https:\/\/tiendamarcial.com\/arnobysinam\/producto\/espada-el-ultimo-samurai-decorativa\/\",\"name\":\"Espada El \u00daltimo Samurai - Decorativa - Tienda Marcial Colombia\",\"isPartOf\":{\"@id\":\"https:\/\/tiendamarcial.com\/arnobysinam\/#website\"},\"primaryImageOfPage\":{\"@id\":\"https:\/\/tiendamarcial.com\/arnobysinam\/producto\/espada-el-ultimo-samurai-decorativa\/#primaryimage\"},\"image\":{\"@id\":\"https:\/\/tiendamarcial.com\/arnobysinam\/producto\/espada-el-ultimo-samurai-decorativa\/#primaryimage\"},\"thumbnailUrl\":\"https:\/\/tiendamarcial.com\/arnobysinam\/wp-content\/uploads\/2023\/11\/ARSW101-espada-katana-ultimo-samurai-last-decorativa-tienda-marcial-colombia.jpg\",\"datePublished\":\"2023-11-01T19:18:52+00:00\",\"dateModified\":\"2024-11-14T14:34:55+00:00\",\"description\":\"Cuando piensas en guerreros de \u00e9lite y en espadas igualmente excepcionales, tu mente se dirige instintivamente hacia los samur\u00e1is. Y si hablamos de pel\u00edculas de samur\u00e1is, seguramente te vendr\u00e1 a la mente la exitosa pel\u00edcula \\\"El \u00daltimo Samurai\\\". Si la has visto, seguramente recuerdas las impresionantes espadas que aparecen en la pel\u00edcula. \u00a1Pues bien, ahora puedes poseer tu propia espada, la \\\"Espada Katana del Deber, Lealtad y Coraje del \u00daltimo Samurai\\\"!\",\"breadcrumb\":{\"@id\":\"https:\/\/tiendamarcial.com\/arnobysinam\/producto\/espada-el-ultimo-samurai-decorativa\/#breadcrumb\"},\"inLanguage\":\"es\",\"potentialAction\":[{\"@type\":\"ReadAction\",\"target\":[\"https:\/\/tiendamarcial.com\/arnobysinam\/producto\/espada-el-ultimo-samurai-decorativa\/\"]}]},{\"@type\":\"ImageObject\",\"inLanguage\":\"es\",\"@id\":\"https:\/\/tiendamarcial.com\/arnobysinam\/producto\/espada-el-ultimo-samurai-decorativa\/#primaryimage\",\"url\":\"https:\/\/tiendamarcial.com\/arnobysinam\/wp-content\/uploads\/2023\/11\/ARSW101-espada-katana-ultimo-samurai-last-decorativa-tienda-marcial-colombia.jpg\",\"contentUrl\":\"https:\/\/tiendamarcial.com\/arnobysinam\/wp-content\/uploads\/2023\/11\/ARSW101-espada-katana-ultimo-samurai-last-decorativa-tienda-marcial-colombia.jpg\",\"width\":600,\"height\":600,\"caption\":\"Espada El \u00daltimo Samurai - Katana Decorativa en Colombia\"},{\"@type\":\"BreadcrumbList\",\"@id\":\"https:\/\/tiendamarcial.com\/arnobysinam\/producto\/espada-el-ultimo-samurai-decorativa\/#breadcrumb\",\"itemListElement\":[{\"@type\":\"ListItem\",\"position\":1,\"name\":\"Portada\",\"item\":\"https:\/\/tiendamarcial.com\/arnobysinam\/\"},{\"@type\":\"ListItem\",\"position\":2,\"name\":\"Tienda\",\"item\":\"https:\/\/tiendamarcial.com\/arnobysinam\/tienda\/\"},{\"@type\":\"ListItem\",\"position\":3,\"name\":\"Espada El \u00daltimo Samurai &#8211; Decorativa\"}]},{\"@type\":\"WebSite\",\"@id\":\"https:\/\/tiendamarcial.com\/arnobysinam\/#website\",\"url\":\"https:\/\/tiendamarcial.com\/arnobysinam\/\",\"name\":\"Tienda Marcial Colombia\",\"description\":\"Todo en implementos para Artes Marciales\",\"potentialAction\":[{\"@type\":\"SearchAction\",\"target\":{\"@type\":\"EntryPoint\",\"urlTemplate\":\"https:\/\/tiendamarcial.com\/arnobysinam\/?s={search_term_string}\"},\"query-input\":{\"@type\":\"PropertyValueSpecification\",\"valueRequired\":true,\"valueName\":\"search_term_string\"}}],\"inLanguage\":\"es\"}]}<\/script>\n<!-- \/ Yoast SEO plugin. -->","yoast_head_json":{"title":"Espada El \u00daltimo Samurai - Decorativa - Tienda Marcial Colombia","description":"Cuando piensas en guerreros de \u00e9lite y en espadas igualmente excepcionales, tu mente se dirige instintivamente hacia los samur\u00e1is. Y si hablamos de pel\u00edculas de samur\u00e1is, seguramente te vendr\u00e1 a la mente la exitosa pel\u00edcula \"El \u00daltimo Samurai\". Si la has visto, seguramente recuerdas las impresionantes espadas que aparecen en la pel\u00edcula. \u00a1Pues bien, ahora puedes poseer tu propia espada, la \"Espada Katana del Deber, Lealtad y Coraje del \u00daltimo Samurai\"!","robots":{"index":"index","follow":"follow","max-snippet":"max-snippet:-1","max-image-preview":"max-image-preview:large","max-video-preview":"max-video-preview:-1"},"canonical":"https:\/\/tiendamarcial.com\/arnobysinam\/producto\/espada-el-ultimo-samurai-decorativa\/","og_locale":"es_ES","og_type":"article","og_title":"Espada El \u00daltimo Samurai - Decorativa - Tienda Marcial Colombia","og_description":"Cuando piensas en guerreros de \u00e9lite y en espadas igualmente excepcionales, tu mente se dirige instintivamente hacia los samur\u00e1is. Y si hablamos de pel\u00edculas de samur\u00e1is, seguramente te vendr\u00e1 a la mente la exitosa pel\u00edcula \"El \u00daltimo Samurai\". Si la has visto, seguramente recuerdas las impresionantes espadas que aparecen en la pel\u00edcula. \u00a1Pues bien, ahora puedes poseer tu propia espada, la \"Espada Katana del Deber, Lealtad y Coraje del \u00daltimo Samurai\"!","og_url":"https:\/\/tiendamarcial.com\/arnobysinam\/producto\/espada-el-ultimo-samurai-decorativa\/","og_site_name":"Tienda Marcial Colombia","article_publisher":"https:\/\/www.facebook.com\/TiendaMarcial","article_modified_time":"2024-11-14T14:34:55+00:00","og_image":[{"width":600,"height":600,"url":"https:\/\/tiendamarcial.com\/arnobysinam\/wp-content\/uploads\/2023\/11\/ARSW101-espada-katana-ultimo-samurai-last-decorativa-tienda-marcial-colombia.jpg","type":"image\/jpeg"}],"twitter_card":"summary_large_image","twitter_site":"@TiendaMarcial","twitter_misc":{"Tiempo de lectura":"2 minutos"},"schema":{"@context":"https:\/\/schema.org","@graph":[{"@type":"WebPage","@id":"https:\/\/tiendamarcial.com\/arnobysinam\/producto\/espada-el-ultimo-samurai-decorativa\/","url":"https:\/\/tiendamarcial.com\/arnobysinam\/producto\/espada-el-ultimo-samurai-decorativa\/","name":"Espada El \u00daltimo Samurai - Decorativa - Tienda Marcial Colombia","isPartOf":{"@id":"https:\/\/tiendamarcial.com\/arnobysinam\/#website"},"primaryImageOfPage":{"@id":"https:\/\/tiendamarcial.com\/arnobysinam\/producto\/espada-el-ultimo-samurai-decorativa\/#primaryimage"},"image":{"@id":"https:\/\/tiendamarcial.com\/arnobysinam\/producto\/espada-el-ultimo-samurai-decorativa\/#primaryimage"},"thumbnailUrl":"https:\/\/tiendamarcial.com\/arnobysinam\/wp-content\/uploads\/2023\/11\/ARSW101-espada-katana-ultimo-samurai-last-decorativa-tienda-marcial-colombia.jpg","datePublished":"2023-11-01T19:18:52+00:00","dateModified":"2024-11-14T14:34:55+00:00","description":"Cuando piensas en guerreros de \u00e9lite y en espadas igualmente excepcionales, tu mente se dirige instintivamente hacia los samur\u00e1is. Y si hablamos de pel\u00edculas de samur\u00e1is, seguramente te vendr\u00e1 a la mente la exitosa pel\u00edcula \"El \u00daltimo Samurai\". Si la has visto, seguramente recuerdas las impresionantes espadas que aparecen en la pel\u00edcula. \u00a1Pues bien, ahora puedes poseer tu propia espada, la \"Espada Katana del Deber, Lealtad y Coraje del \u00daltimo Samurai\"!","breadcrumb":{"@id":"https:\/\/tiendamarcial.com\/arnobysinam\/producto\/espada-el-ultimo-samurai-decorativa\/#breadcrumb"},"inLanguage":"es","potentialAction":[{"@type":"ReadAction","target":["https:\/\/tiendamarcial.com\/arnobysinam\/producto\/espada-el-ultimo-samurai-decorativa\/"]}]},{"@type":"ImageObject","inLanguage":"es","@id":"https:\/\/tiendamarcial.com\/arnobysinam\/producto\/espada-el-ultimo-samurai-decorativa\/#primaryimage","url":"https:\/\/tiendamarcial.com\/arnobysinam\/wp-content\/uploads\/2023\/11\/ARSW101-espada-katana-ultimo-samurai-last-decorativa-tienda-marcial-colombia.jpg","contentUrl":"https:\/\/tiendamarcial.com\/arnobysinam\/wp-content\/uploads\/2023\/11\/ARSW101-espada-katana-ultimo-samurai-last-decorativa-tienda-marcial-colombia.jpg","width":600,"height":600,"caption":"Espada El \u00daltimo Samurai - Katana Decorativa en Colombia"},{"@type":"BreadcrumbList","@id":"https:\/\/tiendamarcial.com\/arnobysinam\/producto\/espada-el-ultimo-samurai-decorativa\/#breadcrumb","itemListElement":[{"@type":"ListItem","position":1,"name":"Portada","item":"https:\/\/tiendamarcial.com\/arnobysinam\/"},{"@type":"ListItem","position":2,"name":"Tienda","item":"https:\/\/tiendamarcial.com\/arnobysinam\/tienda\/"},{"@type":"ListItem","position":3,"name":"Espada El \u00daltimo Samurai &#8211; Decorativa"}]},{"@type":"WebSite","@id":"https:\/\/tiendamarcial.com\/arnobysinam\/#website","url":"https:\/\/tiendamarcial.com\/arnobysinam\/","name":"Tienda Marcial Colombia","description":"Todo en implementos para Artes Marciales","potentialAction":[{"@type":"SearchAction","target":{"@type":"EntryPoint","urlTemplate":"https:\/\/tiendamarcial.com\/arnobysinam\/?s={search_term_string}"},"query-input":{"@type":"PropertyValueSpecification","valueRequired":true,"valueName":"search_term_string"}}],"inLanguage":"es"}]}},"_links":{"self":[{"href":"https:\/\/tiendamarcial.com\/arnobysinam\/wp-json\/wp\/v2\/product\/3765","targetHints":{"allow":["GET"]}}],"collection":[{"href":"https:\/\/tiendamarcial.com\/arnobysinam\/wp-json\/wp\/v2\/product"}],"about":[{"href":"https:\/\/tiendamarcial.com\/arnobysinam\/wp-json\/wp\/v2\/types\/product"}],"version-history":[{"count":6,"href":"https:\/\/tiendamarcial.com\/arnobysinam\/wp-json\/wp\/v2\/product\/3765\/revisions"}],"predecessor-version":[{"id":3781,"href":"https:\/\/tiendamarcial.com\/arnobysinam\/wp-json\/wp\/v2\/product\/3765\/revisions\/3781"}],"wp:featuredmedia":[{"embeddable":true,"href":"https:\/\/tiendamarcial.com\/arnobysinam\/wp-json\/wp\/v2\/media\/3774"}],"wp:attachment":[{"href":"https:\/\/tiendamarcial.com\/arnobysinam\/wp-json\/wp\/v2\/media?parent=3765"}],"wp:term":[{"taxonomy":"product_brand","embeddable":true,"href":"https:\/\/tiendamarcial.com\/arnobysinam\/wp-json\/wp\/v2\/product_brand?post=3765"},{"taxonomy":"product_cat","embeddable":true,"href":"https:\/\/tiendamarcial.com\/arnobysinam\/wp-json\/wp\/v2\/product_cat?post=3765"},{"taxonomy":"product_tag","embeddable":true,"href":"https:\/\/tiendamarcial.com\/arnobysinam\/wp-json\/wp\/v2\/product_tag?post=3765"}],"curies":[{"name":"wp","href":"https:\/\/api.w.org\/{rel}","templated":true}]}}