{"id":3720,"date":"2023-10-28T14:09:39","date_gmt":"2023-10-28T19:09:39","guid":{"rendered":"https:\/\/tiendamarcial.com\/arnobysinam\/?post_type=product&#038;p=3720"},"modified":"2024-02-28T11:36:29","modified_gmt":"2024-02-28T16:36:29","slug":"ninjato-espada-ninja-con-cerbatana-funcional","status":"publish","type":"product","link":"https:\/\/tiendamarcial.com\/arnobysinam\/producto\/ninjato-espada-ninja-con-cerbatana-funcional\/","title":{"rendered":"Ninjat\u00f4 &#8211; Espada Ninja con cerbatana &#8211; Funcional"},"content":{"rendered":"<p>\u00a1Prep\u00e1rate para que tus sue\u00f1os se hagan realidad con esta Espada Ninja con Cerbatana, la combinaci\u00f3n definitiva de espada y soplador de dardos!<\/p>\n<p>Comienza con el Ninjat\u00f4 de 105 cent\u00edmetros. Esta espada ninja tiene una hoja de acero pavonado de 73 cms; es acero al carbono 1045 con una dureza de 45HRC y un temple completo; un mango envuelto en cord\u00f3n negro y una vaina (saya) de 76 cms que tambi\u00e9n funciona como un soplador de dardos (fukiya). \u00bfQu\u00e9?! S\u00ed, incluso hay un lugar donde puedes almacenar los 12 dardos que vienen con la espada. El eje del soplador de 71 cent\u00edmetros est\u00e1 conectado a la vaina. Incluso hay un orificio en el tsuba para el soplador, para que no tengas que sacar la espada para usar la cerbatana.<\/p>\n<p>Al combinar el combate cuerpo a cuerpo y el alcance a larga distancia, la combinaci\u00f3n de katana y soplador de dardos te permite elegir c\u00f3mo atacar a tu objetivo en tu pr\u00f3xima misi\u00f3n ninja. Tal vez lances un dardo envenenado para incapacitar a tus enemigos. Tal vez no tengas veneno y uses los dardos para distraer a tu objetivo el tiempo suficiente para acercarte y asestar el golpe final de ninja definitivo. De cualquier manera que elijas, \u00a1aseg\u00farate de ser efectivo!<\/p>\n<p><strong>Aspectos destacados de la Espada Ninja:<\/strong><\/p>\n<ul>\n<li>Longitud total: 105 cms.<\/li>\n<li>Longitud de la hoja: 73 cms.<\/li>\n<li>Hoja de acero al carbono de 7,5 mm.<\/li>\n<li>Longitud de la empu\u00f1adura: 28 cms.<\/li>\n<li>Vaina de aluminio negro\/soplador de dardos de 71 cms (cerbatana).<\/li>\n<li>Longitud del dardo: 7 cms.<\/li>\n<li>Peso total: 1480 gramos.<\/li>\n<li>Peso de la espada: 1200 gramos.<\/li>\n<li>Peso de la vaina\/soplador de dardos: 340 gramos.<\/li>\n<li>12 dardos para la cerbatana.<\/li>\n<li>Mango envuelto en cord\u00f3n negro.<\/li>\n<li>Tiene dos pasadores (mekugi), lo que la hacen muy segura durante los cortes.<\/li>\n<li>Incluye forro en tela negra para su transporte.<\/li>\n<\/ul>\n<p>&nbsp;<\/p>\n<p>Con esta Espada Ninja con Cerbatana, est\u00e1s listo para enfrentar cualquier desaf\u00edo en tu camino Ninja.<\/p>\n<p><strong>\u00a1Asegura la tuya hoy mismo y prep\u00e1rate para la acci\u00f3n!<\/strong><\/p>\n","protected":false},"excerpt":{"rendered":"<div style=\"text-align: justify;\">\n<p>\u00a1Prep\u00e1rate para que tus sue\u00f1os se hagan realidad con esta Espada Ninja con Cerbatana, la combinaci\u00f3n definitiva de espada y soplador de dardos!<\/p>\n<p>Comienza con el Ninjat\u00f4 de 105 cent\u00edmetros. Esta espada ninja tiene una hoja de acero pavonado de 73 cms; es acero al carbono 1045 con una dureza de 45HRC y un temple completo; un mango envuelto en cord\u00f3n negro y una vaina (saya) de 76 cms que tambi\u00e9n funciona como un soplador de dardos (fukiya). \u00bfQu\u00e9?! S\u00ed, incluso hay un lugar donde puedes almacenar los 12 dardos que vienen con la espada. El eje del soplador de 71 cent\u00edmetros est\u00e1 conectado a la vaina. Incluso hay un orificio en el tsuba para el soplador, para que no tengas que sacar la espada para usar la cerbatana.<\/p>\n<\/div>\n","protected":false},"featured_media":3738,"template":"","meta":[],"product_brand":[],"product_cat":[35],"product_tag":[335,160,60,62,59,47,480,64],"class_list":{"0":"post-3720","1":"product","2":"type-product","3":"status-publish","4":"has-post-thumbnail","6":"product_cat-espadas-funcionales","7":"product_tag-acero","8":"product_tag-colombia","9":"product_tag-espada","10":"product_tag-funcional","11":"product_tag-katana","12":"product_tag-ninja","13":"product_tag-ninjato","14":"product_tag-samurai","16":"first","17":"outofstock","18":"shipping-taxable","19":"purchasable","20":"product-type-simple"},"yoast_head":"<!-- This site is optimized with the Yoast SEO plugin v26.8 - https:\/\/yoast.com\/product\/yoast-seo-wordpress\/ -->\n<title>Ninjat\u00f4 - Espada Ninja con cerbatana - Funcional - Tienda Marcial Colombia<\/title>\n<meta name=\"description\" content=\"\u00a1Prep\u00e1rate para que tus sue\u00f1os se hagan realidad con esta Espada Ninja con Cerbatana, la combinaci\u00f3n definitiva de espada y soplador de dardos!Comienza con el Ninjat\u00f4 de 105 cent\u00edmetros. Esta espada ninja tiene una hoja de acero pavonado de 73 cms; es acero al carbono 1045 con una dureza de 45HRC y un temple completo; un mango envuelto en cord\u00f3n negro y una vaina (saya) de 76 cms que tambi\u00e9n funciona como un soplador de dardos (fukiya). \u00bfQu\u00e9?! S\u00ed, incluso hay un lugar donde puedes almacenar los 12 dardos que vienen con la espada. El eje del soplador de 71 cent\u00edmetros est\u00e1 conectado a la vaina. Incluso hay un orificio en el tsuba para el soplador, para que no tengas que sacar la espada para usar la cerbatana.\" \/>\n<meta name=\"robots\" content=\"index, follow, max-snippet:-1, max-image-preview:large, max-video-preview:-1\" \/>\n<link rel=\"canonical\" href=\"https:\/\/tiendamarcial.com\/arnobysinam\/producto\/ninjato-espada-ninja-con-cerbatana-funcional\/\" \/>\n<meta property=\"og:locale\" content=\"es_ES\" \/>\n<meta property=\"og:type\" content=\"article\" \/>\n<meta property=\"og:title\" content=\"Ninjat\u00f4 - Espada Ninja con cerbatana - Funcional - Tienda Marcial Colombia\" \/>\n<meta property=\"og:description\" content=\"\u00a1Prep\u00e1rate para que tus sue\u00f1os se hagan realidad con esta Espada Ninja con Cerbatana, la combinaci\u00f3n definitiva de espada y soplador de dardos!Comienza con el Ninjat\u00f4 de 105 cent\u00edmetros. Esta espada ninja tiene una hoja de acero pavonado de 73 cms; es acero al carbono 1045 con una dureza de 45HRC y un temple completo; un mango envuelto en cord\u00f3n negro y una vaina (saya) de 76 cms que tambi\u00e9n funciona como un soplador de dardos (fukiya). \u00bfQu\u00e9?! S\u00ed, incluso hay un lugar donde puedes almacenar los 12 dardos que vienen con la espada. El eje del soplador de 71 cent\u00edmetros est\u00e1 conectado a la vaina. Incluso hay un orificio en el tsuba para el soplador, para que no tengas que sacar la espada para usar la cerbatana.\" \/>\n<meta property=\"og:url\" content=\"https:\/\/tiendamarcial.com\/arnobysinam\/producto\/ninjato-espada-ninja-con-cerbatana-funcional\/\" \/>\n<meta property=\"og:site_name\" content=\"Tienda Marcial Colombia\" \/>\n<meta property=\"article:publisher\" content=\"https:\/\/www.facebook.com\/TiendaMarcial\" \/>\n<meta property=\"article:modified_time\" content=\"2024-02-28T16:36:29+00:00\" \/>\n<meta property=\"og:image\" content=\"https:\/\/tiendamarcial.com\/arnobysinam\/wp-content\/uploads\/2023\/10\/ARSW610-espada-ninja-sword-katana-samurai-ninjutsu-colombia-ninjato.jpg\" \/>\n\t<meta property=\"og:image:width\" content=\"600\" \/>\n\t<meta property=\"og:image:height\" content=\"600\" \/>\n\t<meta property=\"og:image:type\" content=\"image\/jpeg\" \/>\n<meta name=\"twitter:card\" content=\"summary_large_image\" \/>\n<meta name=\"twitter:site\" content=\"@TiendaMarcial\" \/>\n<meta name=\"twitter:label1\" content=\"Tiempo de lectura\" \/>\n\t<meta name=\"twitter:data1\" content=\"2 minutos\" \/>\n<script type=\"application\/ld+json\" class=\"yoast-schema-graph\">{\"@context\":\"https:\/\/schema.org\",\"@graph\":[{\"@type\":\"WebPage\",\"@id\":\"https:\/\/tiendamarcial.com\/arnobysinam\/producto\/ninjato-espada-ninja-con-cerbatana-funcional\/\",\"url\":\"https:\/\/tiendamarcial.com\/arnobysinam\/producto\/ninjato-espada-ninja-con-cerbatana-funcional\/\",\"name\":\"Ninjat\u00f4 - Espada Ninja con cerbatana - Funcional - Tienda Marcial Colombia\",\"isPartOf\":{\"@id\":\"https:\/\/tiendamarcial.com\/arnobysinam\/#website\"},\"primaryImageOfPage\":{\"@id\":\"https:\/\/tiendamarcial.com\/arnobysinam\/producto\/ninjato-espada-ninja-con-cerbatana-funcional\/#primaryimage\"},\"image\":{\"@id\":\"https:\/\/tiendamarcial.com\/arnobysinam\/producto\/ninjato-espada-ninja-con-cerbatana-funcional\/#primaryimage\"},\"thumbnailUrl\":\"https:\/\/tiendamarcial.com\/arnobysinam\/wp-content\/uploads\/2023\/10\/ARSW610-espada-ninja-sword-katana-samurai-ninjutsu-colombia-ninjato.jpg\",\"datePublished\":\"2023-10-28T19:09:39+00:00\",\"dateModified\":\"2024-02-28T16:36:29+00:00\",\"description\":\"\u00a1Prep\u00e1rate para que tus sue\u00f1os se hagan realidad con esta Espada Ninja con Cerbatana, la combinaci\u00f3n definitiva de espada y soplador de dardos!Comienza con el Ninjat\u00f4 de 105 cent\u00edmetros. Esta espada ninja tiene una hoja de acero pavonado de 73 cms; es acero al carbono 1045 con una dureza de 45HRC y un temple completo; un mango envuelto en cord\u00f3n negro y una vaina (saya) de 76 cms que tambi\u00e9n funciona como un soplador de dardos (fukiya). \u00bfQu\u00e9?! S\u00ed, incluso hay un lugar donde puedes almacenar los 12 dardos que vienen con la espada. El eje del soplador de 71 cent\u00edmetros est\u00e1 conectado a la vaina. Incluso hay un orificio en el tsuba para el soplador, para que no tengas que sacar la espada para usar la cerbatana.\",\"breadcrumb\":{\"@id\":\"https:\/\/tiendamarcial.com\/arnobysinam\/producto\/ninjato-espada-ninja-con-cerbatana-funcional\/#breadcrumb\"},\"inLanguage\":\"es\",\"potentialAction\":[{\"@type\":\"ReadAction\",\"target\":[\"https:\/\/tiendamarcial.com\/arnobysinam\/producto\/ninjato-espada-ninja-con-cerbatana-funcional\/\"]}]},{\"@type\":\"ImageObject\",\"inLanguage\":\"es\",\"@id\":\"https:\/\/tiendamarcial.com\/arnobysinam\/producto\/ninjato-espada-ninja-con-cerbatana-funcional\/#primaryimage\",\"url\":\"https:\/\/tiendamarcial.com\/arnobysinam\/wp-content\/uploads\/2023\/10\/ARSW610-espada-ninja-sword-katana-samurai-ninjutsu-colombia-ninjato.jpg\",\"contentUrl\":\"https:\/\/tiendamarcial.com\/arnobysinam\/wp-content\/uploads\/2023\/10\/ARSW610-espada-ninja-sword-katana-samurai-ninjutsu-colombia-ninjato.jpg\",\"width\":600,\"height\":600,\"caption\":\"Ninjat\u00f4 - Espada Ninja con cerbatana - Funcional\"},{\"@type\":\"BreadcrumbList\",\"@id\":\"https:\/\/tiendamarcial.com\/arnobysinam\/producto\/ninjato-espada-ninja-con-cerbatana-funcional\/#breadcrumb\",\"itemListElement\":[{\"@type\":\"ListItem\",\"position\":1,\"name\":\"Portada\",\"item\":\"https:\/\/tiendamarcial.com\/arnobysinam\/\"},{\"@type\":\"ListItem\",\"position\":2,\"name\":\"Tienda\",\"item\":\"https:\/\/tiendamarcial.com\/arnobysinam\/tienda\/\"},{\"@type\":\"ListItem\",\"position\":3,\"name\":\"Ninjat\u00f4 &#8211; Espada Ninja con cerbatana &#8211; Funcional\"}]},{\"@type\":\"WebSite\",\"@id\":\"https:\/\/tiendamarcial.com\/arnobysinam\/#website\",\"url\":\"https:\/\/tiendamarcial.com\/arnobysinam\/\",\"name\":\"Tienda Marcial Colombia\",\"description\":\"Todo en implementos para Artes Marciales\",\"potentialAction\":[{\"@type\":\"SearchAction\",\"target\":{\"@type\":\"EntryPoint\",\"urlTemplate\":\"https:\/\/tiendamarcial.com\/arnobysinam\/?s={search_term_string}\"},\"query-input\":{\"@type\":\"PropertyValueSpecification\",\"valueRequired\":true,\"valueName\":\"search_term_string\"}}],\"inLanguage\":\"es\"}]}<\/script>\n<!-- \/ Yoast SEO plugin. -->","yoast_head_json":{"title":"Ninjat\u00f4 - Espada Ninja con cerbatana - Funcional - Tienda Marcial Colombia","description":"\u00a1Prep\u00e1rate para que tus sue\u00f1os se hagan realidad con esta Espada Ninja con Cerbatana, la combinaci\u00f3n definitiva de espada y soplador de dardos!Comienza con el Ninjat\u00f4 de 105 cent\u00edmetros. Esta espada ninja tiene una hoja de acero pavonado de 73 cms; es acero al carbono 1045 con una dureza de 45HRC y un temple completo; un mango envuelto en cord\u00f3n negro y una vaina (saya) de 76 cms que tambi\u00e9n funciona como un soplador de dardos (fukiya). \u00bfQu\u00e9?! S\u00ed, incluso hay un lugar donde puedes almacenar los 12 dardos que vienen con la espada. El eje del soplador de 71 cent\u00edmetros est\u00e1 conectado a la vaina. Incluso hay un orificio en el tsuba para el soplador, para que no tengas que sacar la espada para usar la cerbatana.","robots":{"index":"index","follow":"follow","max-snippet":"max-snippet:-1","max-image-preview":"max-image-preview:large","max-video-preview":"max-video-preview:-1"},"canonical":"https:\/\/tiendamarcial.com\/arnobysinam\/producto\/ninjato-espada-ninja-con-cerbatana-funcional\/","og_locale":"es_ES","og_type":"article","og_title":"Ninjat\u00f4 - Espada Ninja con cerbatana - Funcional - Tienda Marcial Colombia","og_description":"\u00a1Prep\u00e1rate para que tus sue\u00f1os se hagan realidad con esta Espada Ninja con Cerbatana, la combinaci\u00f3n definitiva de espada y soplador de dardos!Comienza con el Ninjat\u00f4 de 105 cent\u00edmetros. Esta espada ninja tiene una hoja de acero pavonado de 73 cms; es acero al carbono 1045 con una dureza de 45HRC y un temple completo; un mango envuelto en cord\u00f3n negro y una vaina (saya) de 76 cms que tambi\u00e9n funciona como un soplador de dardos (fukiya). \u00bfQu\u00e9?! S\u00ed, incluso hay un lugar donde puedes almacenar los 12 dardos que vienen con la espada. El eje del soplador de 71 cent\u00edmetros est\u00e1 conectado a la vaina. Incluso hay un orificio en el tsuba para el soplador, para que no tengas que sacar la espada para usar la cerbatana.","og_url":"https:\/\/tiendamarcial.com\/arnobysinam\/producto\/ninjato-espada-ninja-con-cerbatana-funcional\/","og_site_name":"Tienda Marcial Colombia","article_publisher":"https:\/\/www.facebook.com\/TiendaMarcial","article_modified_time":"2024-02-28T16:36:29+00:00","og_image":[{"width":600,"height":600,"url":"https:\/\/tiendamarcial.com\/arnobysinam\/wp-content\/uploads\/2023\/10\/ARSW610-espada-ninja-sword-katana-samurai-ninjutsu-colombia-ninjato.jpg","type":"image\/jpeg"}],"twitter_card":"summary_large_image","twitter_site":"@TiendaMarcial","twitter_misc":{"Tiempo de lectura":"2 minutos"},"schema":{"@context":"https:\/\/schema.org","@graph":[{"@type":"WebPage","@id":"https:\/\/tiendamarcial.com\/arnobysinam\/producto\/ninjato-espada-ninja-con-cerbatana-funcional\/","url":"https:\/\/tiendamarcial.com\/arnobysinam\/producto\/ninjato-espada-ninja-con-cerbatana-funcional\/","name":"Ninjat\u00f4 - Espada Ninja con cerbatana - Funcional - Tienda Marcial Colombia","isPartOf":{"@id":"https:\/\/tiendamarcial.com\/arnobysinam\/#website"},"primaryImageOfPage":{"@id":"https:\/\/tiendamarcial.com\/arnobysinam\/producto\/ninjato-espada-ninja-con-cerbatana-funcional\/#primaryimage"},"image":{"@id":"https:\/\/tiendamarcial.com\/arnobysinam\/producto\/ninjato-espada-ninja-con-cerbatana-funcional\/#primaryimage"},"thumbnailUrl":"https:\/\/tiendamarcial.com\/arnobysinam\/wp-content\/uploads\/2023\/10\/ARSW610-espada-ninja-sword-katana-samurai-ninjutsu-colombia-ninjato.jpg","datePublished":"2023-10-28T19:09:39+00:00","dateModified":"2024-02-28T16:36:29+00:00","description":"\u00a1Prep\u00e1rate para que tus sue\u00f1os se hagan realidad con esta Espada Ninja con Cerbatana, la combinaci\u00f3n definitiva de espada y soplador de dardos!Comienza con el Ninjat\u00f4 de 105 cent\u00edmetros. Esta espada ninja tiene una hoja de acero pavonado de 73 cms; es acero al carbono 1045 con una dureza de 45HRC y un temple completo; un mango envuelto en cord\u00f3n negro y una vaina (saya) de 76 cms que tambi\u00e9n funciona como un soplador de dardos (fukiya). \u00bfQu\u00e9?! S\u00ed, incluso hay un lugar donde puedes almacenar los 12 dardos que vienen con la espada. El eje del soplador de 71 cent\u00edmetros est\u00e1 conectado a la vaina. Incluso hay un orificio en el tsuba para el soplador, para que no tengas que sacar la espada para usar la cerbatana.","breadcrumb":{"@id":"https:\/\/tiendamarcial.com\/arnobysinam\/producto\/ninjato-espada-ninja-con-cerbatana-funcional\/#breadcrumb"},"inLanguage":"es","potentialAction":[{"@type":"ReadAction","target":["https:\/\/tiendamarcial.com\/arnobysinam\/producto\/ninjato-espada-ninja-con-cerbatana-funcional\/"]}]},{"@type":"ImageObject","inLanguage":"es","@id":"https:\/\/tiendamarcial.com\/arnobysinam\/producto\/ninjato-espada-ninja-con-cerbatana-funcional\/#primaryimage","url":"https:\/\/tiendamarcial.com\/arnobysinam\/wp-content\/uploads\/2023\/10\/ARSW610-espada-ninja-sword-katana-samurai-ninjutsu-colombia-ninjato.jpg","contentUrl":"https:\/\/tiendamarcial.com\/arnobysinam\/wp-content\/uploads\/2023\/10\/ARSW610-espada-ninja-sword-katana-samurai-ninjutsu-colombia-ninjato.jpg","width":600,"height":600,"caption":"Ninjat\u00f4 - Espada Ninja con cerbatana - Funcional"},{"@type":"BreadcrumbList","@id":"https:\/\/tiendamarcial.com\/arnobysinam\/producto\/ninjato-espada-ninja-con-cerbatana-funcional\/#breadcrumb","itemListElement":[{"@type":"ListItem","position":1,"name":"Portada","item":"https:\/\/tiendamarcial.com\/arnobysinam\/"},{"@type":"ListItem","position":2,"name":"Tienda","item":"https:\/\/tiendamarcial.com\/arnobysinam\/tienda\/"},{"@type":"ListItem","position":3,"name":"Ninjat\u00f4 &#8211; Espada Ninja con cerbatana &#8211; Funcional"}]},{"@type":"WebSite","@id":"https:\/\/tiendamarcial.com\/arnobysinam\/#website","url":"https:\/\/tiendamarcial.com\/arnobysinam\/","name":"Tienda Marcial Colombia","description":"Todo en implementos para Artes Marciales","potentialAction":[{"@type":"SearchAction","target":{"@type":"EntryPoint","urlTemplate":"https:\/\/tiendamarcial.com\/arnobysinam\/?s={search_term_string}"},"query-input":{"@type":"PropertyValueSpecification","valueRequired":true,"valueName":"search_term_string"}}],"inLanguage":"es"}]}},"_links":{"self":[{"href":"https:\/\/tiendamarcial.com\/arnobysinam\/wp-json\/wp\/v2\/product\/3720","targetHints":{"allow":["GET"]}}],"collection":[{"href":"https:\/\/tiendamarcial.com\/arnobysinam\/wp-json\/wp\/v2\/product"}],"about":[{"href":"https:\/\/tiendamarcial.com\/arnobysinam\/wp-json\/wp\/v2\/types\/product"}],"version-history":[{"count":8,"href":"https:\/\/tiendamarcial.com\/arnobysinam\/wp-json\/wp\/v2\/product\/3720\/revisions"}],"predecessor-version":[{"id":3733,"href":"https:\/\/tiendamarcial.com\/arnobysinam\/wp-json\/wp\/v2\/product\/3720\/revisions\/3733"}],"wp:featuredmedia":[{"embeddable":true,"href":"https:\/\/tiendamarcial.com\/arnobysinam\/wp-json\/wp\/v2\/media\/3738"}],"wp:attachment":[{"href":"https:\/\/tiendamarcial.com\/arnobysinam\/wp-json\/wp\/v2\/media?parent=3720"}],"wp:term":[{"taxonomy":"product_brand","embeddable":true,"href":"https:\/\/tiendamarcial.com\/arnobysinam\/wp-json\/wp\/v2\/product_brand?post=3720"},{"taxonomy":"product_cat","embeddable":true,"href":"https:\/\/tiendamarcial.com\/arnobysinam\/wp-json\/wp\/v2\/product_cat?post=3720"},{"taxonomy":"product_tag","embeddable":true,"href":"https:\/\/tiendamarcial.com\/arnobysinam\/wp-json\/wp\/v2\/product_tag?post=3720"}],"curies":[{"name":"wp","href":"https:\/\/api.w.org\/{rel}","templated":true}]}}