{"id":3679,"date":"2023-10-24T14:16:50","date_gmt":"2023-10-24T19:16:50","guid":{"rendered":"https:\/\/tiendamarcial.com\/arnobysinam\/?post_type=product&#038;p=3679"},"modified":"2023-10-24T14:16:52","modified_gmt":"2023-10-24T19:16:52","slug":"octagono-ufc-playset-mma","status":"publish","type":"product","link":"https:\/\/tiendamarcial.com\/arnobysinam\/producto\/octagono-ufc-playset-mma\/","title":{"rendered":"Oct\u00e1gono UFC &#8211; Playset MMA"},"content":{"rendered":"<div style=\"text-align: justify;\">\n<p style=\"text-align: justify;\"><span style=\"font-size: 12pt; font-family: verdana, geneva;\">Para todos los amantes del Ultimate Fighting Championship\u00a0UFC\u00a0llega este hermoso oct\u00e1gono elaborado a escala real de los verdaderos utilizados en los campeonatos oficiales donde podr\u00e1 recordar sus peleas favoritas.<\/p>\n<p>Est\u00e1 elaborado en pasta con detalles reales del verdadero oct\u00e1gono. Es desarmable y tiene 2 puertas que se abren para dar un toque de realidad.<\/p>\n<p>No incluye figuras de luchadores.<br \/>\n<\/span><\/p>\n<p style=\"text-align: justify;\"><span style=\"font-size: 12pt; font-family: verdana, geneva;\"><br \/>\n<strong>Medidas:<\/strong><\/p>\n<p>&#8211; Tiene una altura de 18 cms; cada lado tiene 13 cms y su di\u00e1metro de 35 cms.<\/span><\/p>\n<p>&nbsp;<\/p>\n<\/div>\n","protected":false},"excerpt":{"rendered":"<p style=\"text-align: justify;\"><span style=\"font-size: 12pt; font-family: verdana, geneva;\">Para todos los amantes del Ultimate Fighting Championship <strong>UFC<\/strong> llega este hermoso oct\u00e1gono elaborado a escala real de los verdaderos utilizados en los campeonatos oficiales donde podr\u00e1 recordar sus peleas favoritas. Est\u00e1 elaborado en pasta con detalles reales del verdadero oct\u00e1gono. Es desarmable y tiene 2 puertas que se abren para dar un toque de realidad.<\/p>\n<p><\/span><\/p>\n<p>&nbsp;<\/p>\n","protected":false},"featured_media":3705,"template":"","meta":[],"product_brand":[],"product_cat":[140],"product_tag":[478,476,72,475,477,134],"class_list":{"0":"post-3679","1":"product","2":"type-product","3":"status-publish","4":"has-post-thumbnail","6":"product_cat-decoracion","7":"product_tag-decoracion","8":"product_tag-mixtas","9":"product_tag-mma","10":"product_tag-octagono","11":"product_tag-playset","12":"product_tag-ufc","14":"first","15":"instock","16":"shipping-taxable","17":"purchasable","18":"product-type-simple"},"yoast_head":"<!-- This site is optimized with the Yoast SEO plugin v26.8 - https:\/\/yoast.com\/product\/yoast-seo-wordpress\/ -->\n<title>Oct\u00e1gono UFC - Playset MMA - Tienda Marcial Colombia<\/title>\n<meta name=\"description\" content=\"Para todos los amantes del Ultimate Fighting Championship\u00a0UFC\u00a0llega este hermoso oct\u00e1gono elaborado a escala real de los verdaderos utilizados en los campeonatos oficiales donde podr\u00e1 recordar sus peleas favoritas.Est\u00e1 elaborado en pasta con detalles reales del verdadero oct\u00e1gono. Es desarmable y tiene 2 puertas que se abren para dar un toque de realidad.\u00a0No incluye figuras de luchadores.\" \/>\n<meta name=\"robots\" content=\"index, follow, max-snippet:-1, max-image-preview:large, max-video-preview:-1\" \/>\n<link rel=\"canonical\" href=\"https:\/\/tiendamarcial.com\/arnobysinam\/producto\/octagono-ufc-playset-mma\/\" \/>\n<meta property=\"og:locale\" content=\"es_ES\" \/>\n<meta property=\"og:type\" content=\"article\" \/>\n<meta property=\"og:title\" content=\"Oct\u00e1gono UFC - Playset MMA - Tienda Marcial Colombia\" \/>\n<meta property=\"og:description\" content=\"Para todos los amantes del Ultimate Fighting Championship\u00a0UFC\u00a0llega este hermoso oct\u00e1gono elaborado a escala real de los verdaderos utilizados en los campeonatos oficiales donde podr\u00e1 recordar sus peleas favoritas.Est\u00e1 elaborado en pasta con detalles reales del verdadero oct\u00e1gono. Es desarmable y tiene 2 puertas que se abren para dar un toque de realidad.\u00a0No incluye figuras de luchadores.\" \/>\n<meta property=\"og:url\" content=\"https:\/\/tiendamarcial.com\/arnobysinam\/producto\/octagono-ufc-playset-mma\/\" \/>\n<meta property=\"og:site_name\" content=\"Tienda Marcial Colombia\" \/>\n<meta property=\"article:publisher\" content=\"https:\/\/www.facebook.com\/TiendaMarcial\" \/>\n<meta property=\"article:modified_time\" content=\"2023-10-24T19:16:52+00:00\" \/>\n<meta property=\"og:image\" content=\"https:\/\/tiendamarcial.com\/arnobysinam\/wp-content\/uploads\/2023\/10\/CUVR001-mma-ufc-octagono-mixtas-artes-marciales-decoracion-jiujitsu.jpg\" \/>\n\t<meta property=\"og:image:width\" content=\"600\" \/>\n\t<meta property=\"og:image:height\" content=\"600\" \/>\n\t<meta property=\"og:image:type\" content=\"image\/jpeg\" \/>\n<meta name=\"twitter:card\" content=\"summary_large_image\" \/>\n<meta name=\"twitter:site\" content=\"@TiendaMarcial\" \/>\n<meta name=\"twitter:label1\" content=\"Tiempo de lectura\" \/>\n\t<meta name=\"twitter:data1\" content=\"1 minuto\" \/>\n<script type=\"application\/ld+json\" class=\"yoast-schema-graph\">{\"@context\":\"https:\/\/schema.org\",\"@graph\":[{\"@type\":\"WebPage\",\"@id\":\"https:\/\/tiendamarcial.com\/arnobysinam\/producto\/octagono-ufc-playset-mma\/\",\"url\":\"https:\/\/tiendamarcial.com\/arnobysinam\/producto\/octagono-ufc-playset-mma\/\",\"name\":\"Oct\u00e1gono UFC - Playset MMA - Tienda Marcial Colombia\",\"isPartOf\":{\"@id\":\"https:\/\/tiendamarcial.com\/arnobysinam\/#website\"},\"primaryImageOfPage\":{\"@id\":\"https:\/\/tiendamarcial.com\/arnobysinam\/producto\/octagono-ufc-playset-mma\/#primaryimage\"},\"image\":{\"@id\":\"https:\/\/tiendamarcial.com\/arnobysinam\/producto\/octagono-ufc-playset-mma\/#primaryimage\"},\"thumbnailUrl\":\"https:\/\/tiendamarcial.com\/arnobysinam\/wp-content\/uploads\/2023\/10\/CUVR001-mma-ufc-octagono-mixtas-artes-marciales-decoracion-jiujitsu.jpg\",\"datePublished\":\"2023-10-24T19:16:50+00:00\",\"dateModified\":\"2023-10-24T19:16:52+00:00\",\"description\":\"Para todos los amantes del Ultimate Fighting Championship\u00a0UFC\u00a0llega este hermoso oct\u00e1gono elaborado a escala real de los verdaderos utilizados en los campeonatos oficiales donde podr\u00e1 recordar sus peleas favoritas.Est\u00e1 elaborado en pasta con detalles reales del verdadero oct\u00e1gono. Es desarmable y tiene 2 puertas que se abren para dar un toque de realidad.\u00a0No incluye figuras de luchadores.\",\"breadcrumb\":{\"@id\":\"https:\/\/tiendamarcial.com\/arnobysinam\/producto\/octagono-ufc-playset-mma\/#breadcrumb\"},\"inLanguage\":\"es\",\"potentialAction\":[{\"@type\":\"ReadAction\",\"target\":[\"https:\/\/tiendamarcial.com\/arnobysinam\/producto\/octagono-ufc-playset-mma\/\"]}]},{\"@type\":\"ImageObject\",\"inLanguage\":\"es\",\"@id\":\"https:\/\/tiendamarcial.com\/arnobysinam\/producto\/octagono-ufc-playset-mma\/#primaryimage\",\"url\":\"https:\/\/tiendamarcial.com\/arnobysinam\/wp-content\/uploads\/2023\/10\/CUVR001-mma-ufc-octagono-mixtas-artes-marciales-decoracion-jiujitsu.jpg\",\"contentUrl\":\"https:\/\/tiendamarcial.com\/arnobysinam\/wp-content\/uploads\/2023\/10\/CUVR001-mma-ufc-octagono-mixtas-artes-marciales-decoracion-jiujitsu.jpg\",\"width\":600,\"height\":600},{\"@type\":\"BreadcrumbList\",\"@id\":\"https:\/\/tiendamarcial.com\/arnobysinam\/producto\/octagono-ufc-playset-mma\/#breadcrumb\",\"itemListElement\":[{\"@type\":\"ListItem\",\"position\":1,\"name\":\"Portada\",\"item\":\"https:\/\/tiendamarcial.com\/arnobysinam\/\"},{\"@type\":\"ListItem\",\"position\":2,\"name\":\"Tienda\",\"item\":\"https:\/\/tiendamarcial.com\/arnobysinam\/tienda\/\"},{\"@type\":\"ListItem\",\"position\":3,\"name\":\"Oct\u00e1gono UFC &#8211; Playset MMA\"}]},{\"@type\":\"WebSite\",\"@id\":\"https:\/\/tiendamarcial.com\/arnobysinam\/#website\",\"url\":\"https:\/\/tiendamarcial.com\/arnobysinam\/\",\"name\":\"Tienda Marcial Colombia\",\"description\":\"Todo en implementos para Artes Marciales\",\"potentialAction\":[{\"@type\":\"SearchAction\",\"target\":{\"@type\":\"EntryPoint\",\"urlTemplate\":\"https:\/\/tiendamarcial.com\/arnobysinam\/?s={search_term_string}\"},\"query-input\":{\"@type\":\"PropertyValueSpecification\",\"valueRequired\":true,\"valueName\":\"search_term_string\"}}],\"inLanguage\":\"es\"}]}<\/script>\n<!-- \/ Yoast SEO plugin. -->","yoast_head_json":{"title":"Oct\u00e1gono UFC - Playset MMA - Tienda Marcial Colombia","description":"Para todos los amantes del Ultimate Fighting Championship\u00a0UFC\u00a0llega este hermoso oct\u00e1gono elaborado a escala real de los verdaderos utilizados en los campeonatos oficiales donde podr\u00e1 recordar sus peleas favoritas.Est\u00e1 elaborado en pasta con detalles reales del verdadero oct\u00e1gono. Es desarmable y tiene 2 puertas que se abren para dar un toque de realidad.\u00a0No incluye figuras de luchadores.","robots":{"index":"index","follow":"follow","max-snippet":"max-snippet:-1","max-image-preview":"max-image-preview:large","max-video-preview":"max-video-preview:-1"},"canonical":"https:\/\/tiendamarcial.com\/arnobysinam\/producto\/octagono-ufc-playset-mma\/","og_locale":"es_ES","og_type":"article","og_title":"Oct\u00e1gono UFC - Playset MMA - Tienda Marcial Colombia","og_description":"Para todos los amantes del Ultimate Fighting Championship\u00a0UFC\u00a0llega este hermoso oct\u00e1gono elaborado a escala real de los verdaderos utilizados en los campeonatos oficiales donde podr\u00e1 recordar sus peleas favoritas.Est\u00e1 elaborado en pasta con detalles reales del verdadero oct\u00e1gono. Es desarmable y tiene 2 puertas que se abren para dar un toque de realidad.\u00a0No incluye figuras de luchadores.","og_url":"https:\/\/tiendamarcial.com\/arnobysinam\/producto\/octagono-ufc-playset-mma\/","og_site_name":"Tienda Marcial Colombia","article_publisher":"https:\/\/www.facebook.com\/TiendaMarcial","article_modified_time":"2023-10-24T19:16:52+00:00","og_image":[{"width":600,"height":600,"url":"https:\/\/tiendamarcial.com\/arnobysinam\/wp-content\/uploads\/2023\/10\/CUVR001-mma-ufc-octagono-mixtas-artes-marciales-decoracion-jiujitsu.jpg","type":"image\/jpeg"}],"twitter_card":"summary_large_image","twitter_site":"@TiendaMarcial","twitter_misc":{"Tiempo de lectura":"1 minuto"},"schema":{"@context":"https:\/\/schema.org","@graph":[{"@type":"WebPage","@id":"https:\/\/tiendamarcial.com\/arnobysinam\/producto\/octagono-ufc-playset-mma\/","url":"https:\/\/tiendamarcial.com\/arnobysinam\/producto\/octagono-ufc-playset-mma\/","name":"Oct\u00e1gono UFC - Playset MMA - Tienda Marcial Colombia","isPartOf":{"@id":"https:\/\/tiendamarcial.com\/arnobysinam\/#website"},"primaryImageOfPage":{"@id":"https:\/\/tiendamarcial.com\/arnobysinam\/producto\/octagono-ufc-playset-mma\/#primaryimage"},"image":{"@id":"https:\/\/tiendamarcial.com\/arnobysinam\/producto\/octagono-ufc-playset-mma\/#primaryimage"},"thumbnailUrl":"https:\/\/tiendamarcial.com\/arnobysinam\/wp-content\/uploads\/2023\/10\/CUVR001-mma-ufc-octagono-mixtas-artes-marciales-decoracion-jiujitsu.jpg","datePublished":"2023-10-24T19:16:50+00:00","dateModified":"2023-10-24T19:16:52+00:00","description":"Para todos los amantes del Ultimate Fighting Championship\u00a0UFC\u00a0llega este hermoso oct\u00e1gono elaborado a escala real de los verdaderos utilizados en los campeonatos oficiales donde podr\u00e1 recordar sus peleas favoritas.Est\u00e1 elaborado en pasta con detalles reales del verdadero oct\u00e1gono. Es desarmable y tiene 2 puertas que se abren para dar un toque de realidad.\u00a0No incluye figuras de luchadores.","breadcrumb":{"@id":"https:\/\/tiendamarcial.com\/arnobysinam\/producto\/octagono-ufc-playset-mma\/#breadcrumb"},"inLanguage":"es","potentialAction":[{"@type":"ReadAction","target":["https:\/\/tiendamarcial.com\/arnobysinam\/producto\/octagono-ufc-playset-mma\/"]}]},{"@type":"ImageObject","inLanguage":"es","@id":"https:\/\/tiendamarcial.com\/arnobysinam\/producto\/octagono-ufc-playset-mma\/#primaryimage","url":"https:\/\/tiendamarcial.com\/arnobysinam\/wp-content\/uploads\/2023\/10\/CUVR001-mma-ufc-octagono-mixtas-artes-marciales-decoracion-jiujitsu.jpg","contentUrl":"https:\/\/tiendamarcial.com\/arnobysinam\/wp-content\/uploads\/2023\/10\/CUVR001-mma-ufc-octagono-mixtas-artes-marciales-decoracion-jiujitsu.jpg","width":600,"height":600},{"@type":"BreadcrumbList","@id":"https:\/\/tiendamarcial.com\/arnobysinam\/producto\/octagono-ufc-playset-mma\/#breadcrumb","itemListElement":[{"@type":"ListItem","position":1,"name":"Portada","item":"https:\/\/tiendamarcial.com\/arnobysinam\/"},{"@type":"ListItem","position":2,"name":"Tienda","item":"https:\/\/tiendamarcial.com\/arnobysinam\/tienda\/"},{"@type":"ListItem","position":3,"name":"Oct\u00e1gono UFC &#8211; Playset MMA"}]},{"@type":"WebSite","@id":"https:\/\/tiendamarcial.com\/arnobysinam\/#website","url":"https:\/\/tiendamarcial.com\/arnobysinam\/","name":"Tienda Marcial Colombia","description":"Todo en implementos para Artes Marciales","potentialAction":[{"@type":"SearchAction","target":{"@type":"EntryPoint","urlTemplate":"https:\/\/tiendamarcial.com\/arnobysinam\/?s={search_term_string}"},"query-input":{"@type":"PropertyValueSpecification","valueRequired":true,"valueName":"search_term_string"}}],"inLanguage":"es"}]}},"_links":{"self":[{"href":"https:\/\/tiendamarcial.com\/arnobysinam\/wp-json\/wp\/v2\/product\/3679","targetHints":{"allow":["GET"]}}],"collection":[{"href":"https:\/\/tiendamarcial.com\/arnobysinam\/wp-json\/wp\/v2\/product"}],"about":[{"href":"https:\/\/tiendamarcial.com\/arnobysinam\/wp-json\/wp\/v2\/types\/product"}],"version-history":[{"count":2,"href":"https:\/\/tiendamarcial.com\/arnobysinam\/wp-json\/wp\/v2\/product\/3679\/revisions"}],"predecessor-version":[{"id":3706,"href":"https:\/\/tiendamarcial.com\/arnobysinam\/wp-json\/wp\/v2\/product\/3679\/revisions\/3706"}],"wp:featuredmedia":[{"embeddable":true,"href":"https:\/\/tiendamarcial.com\/arnobysinam\/wp-json\/wp\/v2\/media\/3705"}],"wp:attachment":[{"href":"https:\/\/tiendamarcial.com\/arnobysinam\/wp-json\/wp\/v2\/media?parent=3679"}],"wp:term":[{"taxonomy":"product_brand","embeddable":true,"href":"https:\/\/tiendamarcial.com\/arnobysinam\/wp-json\/wp\/v2\/product_brand?post=3679"},{"taxonomy":"product_cat","embeddable":true,"href":"https:\/\/tiendamarcial.com\/arnobysinam\/wp-json\/wp\/v2\/product_cat?post=3679"},{"taxonomy":"product_tag","embeddable":true,"href":"https:\/\/tiendamarcial.com\/arnobysinam\/wp-json\/wp\/v2\/product_tag?post=3679"}],"curies":[{"name":"wp","href":"https:\/\/api.w.org\/{rel}","templated":true}]}}