{"id":3663,"date":"2023-10-19T11:41:41","date_gmt":"2023-10-19T16:41:41","guid":{"rendered":"https:\/\/tiendamarcial.com\/arnobysinam\/?post_type=product&#038;p=3663"},"modified":"2025-12-10T19:20:23","modified_gmt":"2025-12-11T00:20:23","slug":"katana-midori-bushi-funcional","status":"publish","type":"product","link":"https:\/\/tiendamarcial.com\/arnobysinam\/producto\/katana-midori-bushi-funcional\/","title":{"rendered":"Katana Midori Bushi &#8211; Funcional"},"content":{"rendered":"<p>La katana Midori Bushi (Guerrero verde) est\u00e1 elaborada con los m\u00e1s altos est\u00e1ndares de calidad por un precio inmejorable. Es una espada completamente funcional con una hermosa empu\u00f1adura (tsuka) en color verde.<\/p>\n<p><strong>Caracter\u00edsticas:<\/strong><\/p>\n<p>* La hoja ha sido terminada a mano con acero de alto carbono 1045, logrando que el carbono se distribuya uniformemente a lo largo de la hoja dando una dureza consistente.<br \/>\n* Un Bohi ha sido a\u00f1adido a la parte superior de la hoja para reducir el peso de la misma y obtener respuesta audible al bajarla en corte descendente. La hoja tambi\u00e9n cuenta con un kissaki, hamon, y viene con un borde fino ya afilados. Esta espada viene con hoja completa (Funcional).<br \/>\n* La Saya se ha construido de madera dura con pintura negra brillante. El Sageo es la cuerda verde, envuelta en una brillante Kurigata elaborada en cobre.<br \/>\n* El Habaki es una construcci\u00f3n de una pieza de lat\u00f3n. La tsuba es un corte de hermoso dise\u00f1o de acero. Dos Seppas aseguran la Tsuba a la hoja de la espada.<br \/>\n* El Fuchi es un montaje sencillo de acero negro. El n\u00facleo de la tsuka est\u00e1 cubierto con una imitaci\u00f3n de piel de raya cubierto por una cuerda (Ito) negra.<br \/>\n* Dos pasadores de bamb\u00fa (mekugi) aseguran la hoja en el Tsuka. Dos ennegrecidos Menuki decoran cada lado de la Tsuka.<br \/>\n* El Kashira es otro accesorio de acero negro con un dibujo en alto relieve.<br \/>\n* Incluye forro en tela negra con forro interno para su transporte.<\/p>\n<p><strong>Medidas:<\/strong><\/p>\n<p>&#8211; Espada con la hoja enfundada: 103 cms.<br \/>\n&#8211; Funda (saya): 75 cms.<br \/>\n&#8211; Empu\u00f1adura (tsuka): 28 cms.<br \/>\n&#8211; Hoja con el seguro (habaki): 71,5 cms.<br \/>\n&#8211; Ancho de la hoja: 2,8 cms.<br \/>\n&#8211; Ancho de la empu\u00f1adura: 3,8 cms.<br \/>\n&#8211; Ancho de la funda (saya): 4,5 cms.<\/p>\n","protected":false},"excerpt":{"rendered":"<div style=\"text-align: justify;\">\n<p>La katana Midori Bushi (Guerrero verde) est\u00e1 elaborada con los m\u00e1s altos est\u00e1ndares de calidad por un precio inmejorable. Es una espada completamente funcional con una hermosa empu\u00f1adura (tsuka) en color verde. Fabricada en acero al carb\u00f3n 1045 de alta calidad.<\/p>\n<\/div>\n","protected":false},"featured_media":3665,"template":"","meta":[],"product_brand":[],"product_cat":[35],"product_tag":[63,335,472,160,60,62,59,64],"class_list":{"0":"post-3663","1":"product","2":"type-product","3":"status-publish","4":"has-post-thumbnail","6":"product_cat-espadas-funcionales","7":"product_tag-63","8":"product_tag-acero","9":"product_tag-carbon","10":"product_tag-colombia","11":"product_tag-espada","12":"product_tag-funcional","13":"product_tag-katana","14":"product_tag-samurai","16":"first","17":"outofstock","18":"shipping-taxable","19":"purchasable","20":"product-type-simple"},"yoast_head":"<!-- This site is optimized with the Yoast SEO plugin v26.8 - https:\/\/yoast.com\/product\/yoast-seo-wordpress\/ -->\n<title>Katana Midori Bushi - Funcional - Tienda Marcial Colombia<\/title>\n<meta name=\"description\" content=\"La katana Midori Bushi (Guerrero verde) est\u00e1 elaborada con los m\u00e1s altos est\u00e1ndares de calidad por un precio inmejorable. Es una espada completamente funcional con una hermosa empu\u00f1adura (tsuka) en color verde.\" \/>\n<meta name=\"robots\" content=\"index, follow, max-snippet:-1, max-image-preview:large, max-video-preview:-1\" \/>\n<link rel=\"canonical\" href=\"https:\/\/tiendamarcial.com\/arnobysinam\/producto\/katana-midori-bushi-funcional\/\" \/>\n<meta property=\"og:locale\" content=\"es_ES\" \/>\n<meta property=\"og:type\" content=\"article\" \/>\n<meta property=\"og:title\" content=\"Katana Midori Bushi - Funcional - Tienda Marcial Colombia\" \/>\n<meta property=\"og:description\" content=\"La katana Midori Bushi (Guerrero verde) est\u00e1 elaborada con los m\u00e1s altos est\u00e1ndares de calidad por un precio inmejorable. Es una espada completamente funcional con una hermosa empu\u00f1adura (tsuka) en color verde.\" \/>\n<meta property=\"og:url\" content=\"https:\/\/tiendamarcial.com\/arnobysinam\/producto\/katana-midori-bushi-funcional\/\" \/>\n<meta property=\"og:site_name\" content=\"Tienda Marcial Colombia\" \/>\n<meta property=\"article:publisher\" content=\"https:\/\/www.facebook.com\/TiendaMarcial\" \/>\n<meta property=\"article:modified_time\" content=\"2025-12-11T00:20:23+00:00\" \/>\n<meta property=\"og:image\" content=\"https:\/\/tiendamarcial.com\/arnobysinam\/wp-content\/uploads\/2023\/10\/ARSW519-katana-samurai-espada-funcional-acero-carbon-1045-Colombia-tienda-marcial-Arnoby-Sinam.jpg\" \/>\n\t<meta property=\"og:image:width\" content=\"600\" \/>\n\t<meta property=\"og:image:height\" content=\"600\" \/>\n\t<meta property=\"og:image:type\" content=\"image\/jpeg\" \/>\n<meta name=\"twitter:card\" content=\"summary_large_image\" \/>\n<meta name=\"twitter:site\" content=\"@TiendaMarcial\" \/>\n<meta name=\"twitter:label1\" content=\"Tiempo de lectura\" \/>\n\t<meta name=\"twitter:data1\" content=\"2 minutos\" \/>\n<script type=\"application\/ld+json\" class=\"yoast-schema-graph\">{\"@context\":\"https:\/\/schema.org\",\"@graph\":[{\"@type\":\"WebPage\",\"@id\":\"https:\/\/tiendamarcial.com\/arnobysinam\/producto\/katana-midori-bushi-funcional\/\",\"url\":\"https:\/\/tiendamarcial.com\/arnobysinam\/producto\/katana-midori-bushi-funcional\/\",\"name\":\"Katana Midori Bushi - Funcional - Tienda Marcial Colombia\",\"isPartOf\":{\"@id\":\"https:\/\/tiendamarcial.com\/arnobysinam\/#website\"},\"primaryImageOfPage\":{\"@id\":\"https:\/\/tiendamarcial.com\/arnobysinam\/producto\/katana-midori-bushi-funcional\/#primaryimage\"},\"image\":{\"@id\":\"https:\/\/tiendamarcial.com\/arnobysinam\/producto\/katana-midori-bushi-funcional\/#primaryimage\"},\"thumbnailUrl\":\"https:\/\/tiendamarcial.com\/arnobysinam\/wp-content\/uploads\/2023\/10\/ARSW519-katana-samurai-espada-funcional-acero-carbon-1045-Colombia-tienda-marcial-Arnoby-Sinam.jpg\",\"datePublished\":\"2023-10-19T16:41:41+00:00\",\"dateModified\":\"2025-12-11T00:20:23+00:00\",\"description\":\"La katana Midori Bushi (Guerrero verde) est\u00e1 elaborada con los m\u00e1s altos est\u00e1ndares de calidad por un precio inmejorable. Es una espada completamente funcional con una hermosa empu\u00f1adura (tsuka) en color verde.\",\"breadcrumb\":{\"@id\":\"https:\/\/tiendamarcial.com\/arnobysinam\/producto\/katana-midori-bushi-funcional\/#breadcrumb\"},\"inLanguage\":\"es\",\"potentialAction\":[{\"@type\":\"ReadAction\",\"target\":[\"https:\/\/tiendamarcial.com\/arnobysinam\/producto\/katana-midori-bushi-funcional\/\"]}]},{\"@type\":\"ImageObject\",\"inLanguage\":\"es\",\"@id\":\"https:\/\/tiendamarcial.com\/arnobysinam\/producto\/katana-midori-bushi-funcional\/#primaryimage\",\"url\":\"https:\/\/tiendamarcial.com\/arnobysinam\/wp-content\/uploads\/2023\/10\/ARSW519-katana-samurai-espada-funcional-acero-carbon-1045-Colombia-tienda-marcial-Arnoby-Sinam.jpg\",\"contentUrl\":\"https:\/\/tiendamarcial.com\/arnobysinam\/wp-content\/uploads\/2023\/10\/ARSW519-katana-samurai-espada-funcional-acero-carbon-1045-Colombia-tienda-marcial-Arnoby-Sinam.jpg\",\"width\":600,\"height\":600},{\"@type\":\"BreadcrumbList\",\"@id\":\"https:\/\/tiendamarcial.com\/arnobysinam\/producto\/katana-midori-bushi-funcional\/#breadcrumb\",\"itemListElement\":[{\"@type\":\"ListItem\",\"position\":1,\"name\":\"Portada\",\"item\":\"https:\/\/tiendamarcial.com\/arnobysinam\/\"},{\"@type\":\"ListItem\",\"position\":2,\"name\":\"Tienda\",\"item\":\"https:\/\/tiendamarcial.com\/arnobysinam\/tienda\/\"},{\"@type\":\"ListItem\",\"position\":3,\"name\":\"Katana Midori Bushi &#8211; Funcional\"}]},{\"@type\":\"WebSite\",\"@id\":\"https:\/\/tiendamarcial.com\/arnobysinam\/#website\",\"url\":\"https:\/\/tiendamarcial.com\/arnobysinam\/\",\"name\":\"Tienda Marcial Colombia\",\"description\":\"Todo en implementos para Artes Marciales\",\"potentialAction\":[{\"@type\":\"SearchAction\",\"target\":{\"@type\":\"EntryPoint\",\"urlTemplate\":\"https:\/\/tiendamarcial.com\/arnobysinam\/?s={search_term_string}\"},\"query-input\":{\"@type\":\"PropertyValueSpecification\",\"valueRequired\":true,\"valueName\":\"search_term_string\"}}],\"inLanguage\":\"es\"}]}<\/script>\n<!-- \/ Yoast SEO plugin. -->","yoast_head_json":{"title":"Katana Midori Bushi - Funcional - Tienda Marcial Colombia","description":"La katana Midori Bushi (Guerrero verde) est\u00e1 elaborada con los m\u00e1s altos est\u00e1ndares de calidad por un precio inmejorable. Es una espada completamente funcional con una hermosa empu\u00f1adura (tsuka) en color verde.","robots":{"index":"index","follow":"follow","max-snippet":"max-snippet:-1","max-image-preview":"max-image-preview:large","max-video-preview":"max-video-preview:-1"},"canonical":"https:\/\/tiendamarcial.com\/arnobysinam\/producto\/katana-midori-bushi-funcional\/","og_locale":"es_ES","og_type":"article","og_title":"Katana Midori Bushi - Funcional - Tienda Marcial Colombia","og_description":"La katana Midori Bushi (Guerrero verde) est\u00e1 elaborada con los m\u00e1s altos est\u00e1ndares de calidad por un precio inmejorable. Es una espada completamente funcional con una hermosa empu\u00f1adura (tsuka) en color verde.","og_url":"https:\/\/tiendamarcial.com\/arnobysinam\/producto\/katana-midori-bushi-funcional\/","og_site_name":"Tienda Marcial Colombia","article_publisher":"https:\/\/www.facebook.com\/TiendaMarcial","article_modified_time":"2025-12-11T00:20:23+00:00","og_image":[{"width":600,"height":600,"url":"https:\/\/tiendamarcial.com\/arnobysinam\/wp-content\/uploads\/2023\/10\/ARSW519-katana-samurai-espada-funcional-acero-carbon-1045-Colombia-tienda-marcial-Arnoby-Sinam.jpg","type":"image\/jpeg"}],"twitter_card":"summary_large_image","twitter_site":"@TiendaMarcial","twitter_misc":{"Tiempo de lectura":"2 minutos"},"schema":{"@context":"https:\/\/schema.org","@graph":[{"@type":"WebPage","@id":"https:\/\/tiendamarcial.com\/arnobysinam\/producto\/katana-midori-bushi-funcional\/","url":"https:\/\/tiendamarcial.com\/arnobysinam\/producto\/katana-midori-bushi-funcional\/","name":"Katana Midori Bushi - Funcional - Tienda Marcial Colombia","isPartOf":{"@id":"https:\/\/tiendamarcial.com\/arnobysinam\/#website"},"primaryImageOfPage":{"@id":"https:\/\/tiendamarcial.com\/arnobysinam\/producto\/katana-midori-bushi-funcional\/#primaryimage"},"image":{"@id":"https:\/\/tiendamarcial.com\/arnobysinam\/producto\/katana-midori-bushi-funcional\/#primaryimage"},"thumbnailUrl":"https:\/\/tiendamarcial.com\/arnobysinam\/wp-content\/uploads\/2023\/10\/ARSW519-katana-samurai-espada-funcional-acero-carbon-1045-Colombia-tienda-marcial-Arnoby-Sinam.jpg","datePublished":"2023-10-19T16:41:41+00:00","dateModified":"2025-12-11T00:20:23+00:00","description":"La katana Midori Bushi (Guerrero verde) est\u00e1 elaborada con los m\u00e1s altos est\u00e1ndares de calidad por un precio inmejorable. Es una espada completamente funcional con una hermosa empu\u00f1adura (tsuka) en color verde.","breadcrumb":{"@id":"https:\/\/tiendamarcial.com\/arnobysinam\/producto\/katana-midori-bushi-funcional\/#breadcrumb"},"inLanguage":"es","potentialAction":[{"@type":"ReadAction","target":["https:\/\/tiendamarcial.com\/arnobysinam\/producto\/katana-midori-bushi-funcional\/"]}]},{"@type":"ImageObject","inLanguage":"es","@id":"https:\/\/tiendamarcial.com\/arnobysinam\/producto\/katana-midori-bushi-funcional\/#primaryimage","url":"https:\/\/tiendamarcial.com\/arnobysinam\/wp-content\/uploads\/2023\/10\/ARSW519-katana-samurai-espada-funcional-acero-carbon-1045-Colombia-tienda-marcial-Arnoby-Sinam.jpg","contentUrl":"https:\/\/tiendamarcial.com\/arnobysinam\/wp-content\/uploads\/2023\/10\/ARSW519-katana-samurai-espada-funcional-acero-carbon-1045-Colombia-tienda-marcial-Arnoby-Sinam.jpg","width":600,"height":600},{"@type":"BreadcrumbList","@id":"https:\/\/tiendamarcial.com\/arnobysinam\/producto\/katana-midori-bushi-funcional\/#breadcrumb","itemListElement":[{"@type":"ListItem","position":1,"name":"Portada","item":"https:\/\/tiendamarcial.com\/arnobysinam\/"},{"@type":"ListItem","position":2,"name":"Tienda","item":"https:\/\/tiendamarcial.com\/arnobysinam\/tienda\/"},{"@type":"ListItem","position":3,"name":"Katana Midori Bushi &#8211; Funcional"}]},{"@type":"WebSite","@id":"https:\/\/tiendamarcial.com\/arnobysinam\/#website","url":"https:\/\/tiendamarcial.com\/arnobysinam\/","name":"Tienda Marcial Colombia","description":"Todo en implementos para Artes Marciales","potentialAction":[{"@type":"SearchAction","target":{"@type":"EntryPoint","urlTemplate":"https:\/\/tiendamarcial.com\/arnobysinam\/?s={search_term_string}"},"query-input":{"@type":"PropertyValueSpecification","valueRequired":true,"valueName":"search_term_string"}}],"inLanguage":"es"}]}},"_links":{"self":[{"href":"https:\/\/tiendamarcial.com\/arnobysinam\/wp-json\/wp\/v2\/product\/3663","targetHints":{"allow":["GET"]}}],"collection":[{"href":"https:\/\/tiendamarcial.com\/arnobysinam\/wp-json\/wp\/v2\/product"}],"about":[{"href":"https:\/\/tiendamarcial.com\/arnobysinam\/wp-json\/wp\/v2\/types\/product"}],"version-history":[{"count":4,"href":"https:\/\/tiendamarcial.com\/arnobysinam\/wp-json\/wp\/v2\/product\/3663\/revisions"}],"predecessor-version":[{"id":3671,"href":"https:\/\/tiendamarcial.com\/arnobysinam\/wp-json\/wp\/v2\/product\/3663\/revisions\/3671"}],"wp:featuredmedia":[{"embeddable":true,"href":"https:\/\/tiendamarcial.com\/arnobysinam\/wp-json\/wp\/v2\/media\/3665"}],"wp:attachment":[{"href":"https:\/\/tiendamarcial.com\/arnobysinam\/wp-json\/wp\/v2\/media?parent=3663"}],"wp:term":[{"taxonomy":"product_brand","embeddable":true,"href":"https:\/\/tiendamarcial.com\/arnobysinam\/wp-json\/wp\/v2\/product_brand?post=3663"},{"taxonomy":"product_cat","embeddable":true,"href":"https:\/\/tiendamarcial.com\/arnobysinam\/wp-json\/wp\/v2\/product_cat?post=3663"},{"taxonomy":"product_tag","embeddable":true,"href":"https:\/\/tiendamarcial.com\/arnobysinam\/wp-json\/wp\/v2\/product_tag?post=3663"}],"curies":[{"name":"wp","href":"https:\/\/api.w.org\/{rel}","templated":true}]}}