{"id":3634,"date":"2023-10-18T16:47:57","date_gmt":"2023-10-18T21:47:57","guid":{"rendered":"https:\/\/tiendamarcial.com\/arnobysinam\/?post_type=product&#038;p=3634"},"modified":"2024-09-24T17:03:14","modified_gmt":"2024-09-24T22:03:14","slug":"dije-de-guante-boxeo-con-cadena-plateado","status":"publish","type":"product","link":"https:\/\/tiendamarcial.com\/arnobysinam\/producto\/dije-de-guante-boxeo-con-cadena-plateado\/","title":{"rendered":"Dije de guante Boxeo con cadena &#8211; Plateado"},"content":{"rendered":"<p><strong>Dije de Guante de Boxeo en Acero Inoxidable 316L<\/strong><\/p>\n<p>Prep\u00e1rate para destacar con este dije de guante de boxeo, una pieza \u00fanica y elegante que se convertir\u00e1 en el centro de atenci\u00f3n en cualquier ocasi\u00f3n. Fabricado con acero inoxidable 316L, un material respetuoso con el medio ambiente y altamente resistente a la oxidaci\u00f3n, corrosi\u00f3n y deslustre, este dije es la elecci\u00f3n perfecta para los amantes del boxeo y el estilo g\u00f3tico.<\/p>\n<p><strong>Dimensiones Precisas<\/strong><\/p>\n<p>El dije mide 25.4 mil\u00edmetros (1.00 pulgadas) de altura y 16 mil\u00edmetros (0.63 pulgadas) de ancho. Con un peso de 2.27 gramos (0.08 onzas), se cuelga de una cadena de 60 cent\u00edmetros de largo\u00a0 (22 pulgadas) que se asegura con un cierre de mosquet\u00f3n duradero. Esta longitud proporciona un ajuste c\u00f3modo alrededor de tu cuello.<\/p>\n<p><strong>Regalo Ideal para Aficionados al Boxeo<\/strong><\/p>\n<p>El boxeo no solo es un deporte, es una pasi\u00f3n. Este dije es el regalo ideal para los amantes del boxeo y aquellos que cuidan su cuerpo. El boxeo es una forma saludable de mantenerse en forma, y este dije refleja la fuerza y la belleza de este deporte, sin importar la edad.<\/p>\n<p><strong>Destacar con Estilo<\/strong><\/p>\n<p>Este dije en forma de guante de boxeo tiene un estilo punk \u00fanico y atractivo que te permitir\u00e1 destacar en cualquier ocasi\u00f3n. Combina perfectamente con diferentes prendas, desde atuendos cotidianos hasta conjuntos para fiestas y trabajo. Sea cual sea la ocasi\u00f3n, este dije a\u00f1ade un toque de moda.<\/p>\n<p><strong>Atracci\u00f3n y Versatilidad<\/strong><\/p>\n<p>Con su dise\u00f1o llamativo, este dije g\u00f3tico no pasa desapercibido. Agrega un elemento de estilo a tu atuendo, ya sea en el trabajo, durante tus viajes o en tu rutina diaria. Combinable con cualquier prenda, este dije de guante de boxeo es el accesorio perfecto para expresar tu pasi\u00f3n y estilo.<\/p>\n<p>Dale a tu estilo un toque audaz y muestra tu pasi\u00f3n por el boxeo con este dije de guante de boxeo en acero inoxidable 316L.<\/p>\n<p><strong>\u00a1Haz una declaraci\u00f3n de moda y ordena el tuyo hoy!<\/strong><\/p>\n","protected":false},"excerpt":{"rendered":"<div style=\"text-align: justify;\">Prep\u00e1rate para destacar con este dije de guante de boxeo, una pieza \u00fanica y elegante que se convertir\u00e1 en el centro de atenci\u00f3n en cualquier ocasi\u00f3n. Fabricado con acero inoxidable 316L, un material respetuoso con el medio ambiente y altamente resistente a la oxidaci\u00f3n, corrosi\u00f3n y deslustre, este dije es la elecci\u00f3n perfecta para los amantes del boxeo y el estilo g\u00f3tico.<\/div>\n","protected":false},"featured_media":3637,"template":"","meta":[],"product_brand":[],"product_cat":[461],"product_tag":[396,279,463,462,329,464],"class_list":{"0":"post-3634","1":"product","2":"type-product","3":"status-publish","4":"has-post-thumbnail","6":"product_cat-joyas","7":"product_tag-box","8":"product_tag-boxeo","9":"product_tag-cadena","10":"product_tag-dije","11":"product_tag-guante","12":"product_tag-joya","14":"first","15":"outofstock","16":"shipping-taxable","17":"purchasable","18":"product-type-simple"},"yoast_head":"<!-- This site is optimized with the Yoast SEO plugin v26.8 - https:\/\/yoast.com\/product\/yoast-seo-wordpress\/ -->\n<title>Dije de guante Boxeo con cadena - Plateado - Tienda Marcial Colombia<\/title>\n<meta name=\"description\" content=\"Prep\u00e1rate para destacar con este dije de guante de boxeo, una pieza \u00fanica y elegante que se convertir\u00e1 en el centro de atenci\u00f3n en cualquier ocasi\u00f3n. Fabricado con acero inoxidable 316L, un material respetuoso con el medio ambiente y altamente resistente a la oxidaci\u00f3n, corrosi\u00f3n y deslustre, este dije es la elecci\u00f3n perfecta para los amantes del boxeo y el estilo g\u00f3tico.\" \/>\n<meta name=\"robots\" content=\"index, follow, max-snippet:-1, max-image-preview:large, max-video-preview:-1\" \/>\n<link rel=\"canonical\" href=\"https:\/\/tiendamarcial.com\/arnobysinam\/producto\/dije-de-guante-boxeo-con-cadena-plateado\/\" \/>\n<meta property=\"og:locale\" content=\"es_ES\" \/>\n<meta property=\"og:type\" content=\"article\" \/>\n<meta property=\"og:title\" content=\"Dije de guante Boxeo con cadena - Plateado - Tienda Marcial Colombia\" \/>\n<meta property=\"og:description\" content=\"Prep\u00e1rate para destacar con este dije de guante de boxeo, una pieza \u00fanica y elegante que se convertir\u00e1 en el centro de atenci\u00f3n en cualquier ocasi\u00f3n. Fabricado con acero inoxidable 316L, un material respetuoso con el medio ambiente y altamente resistente a la oxidaci\u00f3n, corrosi\u00f3n y deslustre, este dije es la elecci\u00f3n perfecta para los amantes del boxeo y el estilo g\u00f3tico.\" \/>\n<meta property=\"og:url\" content=\"https:\/\/tiendamarcial.com\/arnobysinam\/producto\/dije-de-guante-boxeo-con-cadena-plateado\/\" \/>\n<meta property=\"og:site_name\" content=\"Tienda Marcial Colombia\" \/>\n<meta property=\"article:publisher\" content=\"https:\/\/www.facebook.com\/TiendaMarcial\" \/>\n<meta property=\"article:modified_time\" content=\"2024-09-24T22:03:14+00:00\" \/>\n<meta property=\"og:image\" content=\"https:\/\/tiendamarcial.com\/arnobysinam\/wp-content\/uploads\/2023\/10\/JYDJ001-collar-cadena-dije-guante-boxeo-box.jpg\" \/>\n\t<meta property=\"og:image:width\" content=\"600\" \/>\n\t<meta property=\"og:image:height\" content=\"600\" \/>\n\t<meta property=\"og:image:type\" content=\"image\/jpeg\" \/>\n<meta name=\"twitter:card\" content=\"summary_large_image\" \/>\n<meta name=\"twitter:site\" content=\"@TiendaMarcial\" \/>\n<meta name=\"twitter:label1\" content=\"Tiempo de lectura\" \/>\n\t<meta name=\"twitter:data1\" content=\"2 minutos\" \/>\n<script type=\"application\/ld+json\" class=\"yoast-schema-graph\">{\"@context\":\"https:\/\/schema.org\",\"@graph\":[{\"@type\":\"WebPage\",\"@id\":\"https:\/\/tiendamarcial.com\/arnobysinam\/producto\/dije-de-guante-boxeo-con-cadena-plateado\/\",\"url\":\"https:\/\/tiendamarcial.com\/arnobysinam\/producto\/dije-de-guante-boxeo-con-cadena-plateado\/\",\"name\":\"Dije de guante Boxeo con cadena - Plateado - Tienda Marcial Colombia\",\"isPartOf\":{\"@id\":\"https:\/\/tiendamarcial.com\/arnobysinam\/#website\"},\"primaryImageOfPage\":{\"@id\":\"https:\/\/tiendamarcial.com\/arnobysinam\/producto\/dije-de-guante-boxeo-con-cadena-plateado\/#primaryimage\"},\"image\":{\"@id\":\"https:\/\/tiendamarcial.com\/arnobysinam\/producto\/dije-de-guante-boxeo-con-cadena-plateado\/#primaryimage\"},\"thumbnailUrl\":\"https:\/\/tiendamarcial.com\/arnobysinam\/wp-content\/uploads\/2023\/10\/JYDJ001-collar-cadena-dije-guante-boxeo-box.jpg\",\"datePublished\":\"2023-10-18T21:47:57+00:00\",\"dateModified\":\"2024-09-24T22:03:14+00:00\",\"description\":\"Prep\u00e1rate para destacar con este dije de guante de boxeo, una pieza \u00fanica y elegante que se convertir\u00e1 en el centro de atenci\u00f3n en cualquier ocasi\u00f3n. Fabricado con acero inoxidable 316L, un material respetuoso con el medio ambiente y altamente resistente a la oxidaci\u00f3n, corrosi\u00f3n y deslustre, este dije es la elecci\u00f3n perfecta para los amantes del boxeo y el estilo g\u00f3tico.\",\"breadcrumb\":{\"@id\":\"https:\/\/tiendamarcial.com\/arnobysinam\/producto\/dije-de-guante-boxeo-con-cadena-plateado\/#breadcrumb\"},\"inLanguage\":\"es\",\"potentialAction\":[{\"@type\":\"ReadAction\",\"target\":[\"https:\/\/tiendamarcial.com\/arnobysinam\/producto\/dije-de-guante-boxeo-con-cadena-plateado\/\"]}]},{\"@type\":\"ImageObject\",\"inLanguage\":\"es\",\"@id\":\"https:\/\/tiendamarcial.com\/arnobysinam\/producto\/dije-de-guante-boxeo-con-cadena-plateado\/#primaryimage\",\"url\":\"https:\/\/tiendamarcial.com\/arnobysinam\/wp-content\/uploads\/2023\/10\/JYDJ001-collar-cadena-dije-guante-boxeo-box.jpg\",\"contentUrl\":\"https:\/\/tiendamarcial.com\/arnobysinam\/wp-content\/uploads\/2023\/10\/JYDJ001-collar-cadena-dije-guante-boxeo-box.jpg\",\"width\":600,\"height\":600},{\"@type\":\"BreadcrumbList\",\"@id\":\"https:\/\/tiendamarcial.com\/arnobysinam\/producto\/dije-de-guante-boxeo-con-cadena-plateado\/#breadcrumb\",\"itemListElement\":[{\"@type\":\"ListItem\",\"position\":1,\"name\":\"Portada\",\"item\":\"https:\/\/tiendamarcial.com\/arnobysinam\/\"},{\"@type\":\"ListItem\",\"position\":2,\"name\":\"Tienda\",\"item\":\"https:\/\/tiendamarcial.com\/arnobysinam\/tienda\/\"},{\"@type\":\"ListItem\",\"position\":3,\"name\":\"Dije de guante Boxeo con cadena &#8211; Plateado\"}]},{\"@type\":\"WebSite\",\"@id\":\"https:\/\/tiendamarcial.com\/arnobysinam\/#website\",\"url\":\"https:\/\/tiendamarcial.com\/arnobysinam\/\",\"name\":\"Tienda Marcial Colombia\",\"description\":\"Todo en implementos para Artes Marciales\",\"potentialAction\":[{\"@type\":\"SearchAction\",\"target\":{\"@type\":\"EntryPoint\",\"urlTemplate\":\"https:\/\/tiendamarcial.com\/arnobysinam\/?s={search_term_string}\"},\"query-input\":{\"@type\":\"PropertyValueSpecification\",\"valueRequired\":true,\"valueName\":\"search_term_string\"}}],\"inLanguage\":\"es\"}]}<\/script>\n<!-- \/ Yoast SEO plugin. -->","yoast_head_json":{"title":"Dije de guante Boxeo con cadena - Plateado - Tienda Marcial Colombia","description":"Prep\u00e1rate para destacar con este dije de guante de boxeo, una pieza \u00fanica y elegante que se convertir\u00e1 en el centro de atenci\u00f3n en cualquier ocasi\u00f3n. Fabricado con acero inoxidable 316L, un material respetuoso con el medio ambiente y altamente resistente a la oxidaci\u00f3n, corrosi\u00f3n y deslustre, este dije es la elecci\u00f3n perfecta para los amantes del boxeo y el estilo g\u00f3tico.","robots":{"index":"index","follow":"follow","max-snippet":"max-snippet:-1","max-image-preview":"max-image-preview:large","max-video-preview":"max-video-preview:-1"},"canonical":"https:\/\/tiendamarcial.com\/arnobysinam\/producto\/dije-de-guante-boxeo-con-cadena-plateado\/","og_locale":"es_ES","og_type":"article","og_title":"Dije de guante Boxeo con cadena - Plateado - Tienda Marcial Colombia","og_description":"Prep\u00e1rate para destacar con este dije de guante de boxeo, una pieza \u00fanica y elegante que se convertir\u00e1 en el centro de atenci\u00f3n en cualquier ocasi\u00f3n. Fabricado con acero inoxidable 316L, un material respetuoso con el medio ambiente y altamente resistente a la oxidaci\u00f3n, corrosi\u00f3n y deslustre, este dije es la elecci\u00f3n perfecta para los amantes del boxeo y el estilo g\u00f3tico.","og_url":"https:\/\/tiendamarcial.com\/arnobysinam\/producto\/dije-de-guante-boxeo-con-cadena-plateado\/","og_site_name":"Tienda Marcial Colombia","article_publisher":"https:\/\/www.facebook.com\/TiendaMarcial","article_modified_time":"2024-09-24T22:03:14+00:00","og_image":[{"width":600,"height":600,"url":"https:\/\/tiendamarcial.com\/arnobysinam\/wp-content\/uploads\/2023\/10\/JYDJ001-collar-cadena-dije-guante-boxeo-box.jpg","type":"image\/jpeg"}],"twitter_card":"summary_large_image","twitter_site":"@TiendaMarcial","twitter_misc":{"Tiempo de lectura":"2 minutos"},"schema":{"@context":"https:\/\/schema.org","@graph":[{"@type":"WebPage","@id":"https:\/\/tiendamarcial.com\/arnobysinam\/producto\/dije-de-guante-boxeo-con-cadena-plateado\/","url":"https:\/\/tiendamarcial.com\/arnobysinam\/producto\/dije-de-guante-boxeo-con-cadena-plateado\/","name":"Dije de guante Boxeo con cadena - Plateado - Tienda Marcial Colombia","isPartOf":{"@id":"https:\/\/tiendamarcial.com\/arnobysinam\/#website"},"primaryImageOfPage":{"@id":"https:\/\/tiendamarcial.com\/arnobysinam\/producto\/dije-de-guante-boxeo-con-cadena-plateado\/#primaryimage"},"image":{"@id":"https:\/\/tiendamarcial.com\/arnobysinam\/producto\/dije-de-guante-boxeo-con-cadena-plateado\/#primaryimage"},"thumbnailUrl":"https:\/\/tiendamarcial.com\/arnobysinam\/wp-content\/uploads\/2023\/10\/JYDJ001-collar-cadena-dije-guante-boxeo-box.jpg","datePublished":"2023-10-18T21:47:57+00:00","dateModified":"2024-09-24T22:03:14+00:00","description":"Prep\u00e1rate para destacar con este dije de guante de boxeo, una pieza \u00fanica y elegante que se convertir\u00e1 en el centro de atenci\u00f3n en cualquier ocasi\u00f3n. Fabricado con acero inoxidable 316L, un material respetuoso con el medio ambiente y altamente resistente a la oxidaci\u00f3n, corrosi\u00f3n y deslustre, este dije es la elecci\u00f3n perfecta para los amantes del boxeo y el estilo g\u00f3tico.","breadcrumb":{"@id":"https:\/\/tiendamarcial.com\/arnobysinam\/producto\/dije-de-guante-boxeo-con-cadena-plateado\/#breadcrumb"},"inLanguage":"es","potentialAction":[{"@type":"ReadAction","target":["https:\/\/tiendamarcial.com\/arnobysinam\/producto\/dije-de-guante-boxeo-con-cadena-plateado\/"]}]},{"@type":"ImageObject","inLanguage":"es","@id":"https:\/\/tiendamarcial.com\/arnobysinam\/producto\/dije-de-guante-boxeo-con-cadena-plateado\/#primaryimage","url":"https:\/\/tiendamarcial.com\/arnobysinam\/wp-content\/uploads\/2023\/10\/JYDJ001-collar-cadena-dije-guante-boxeo-box.jpg","contentUrl":"https:\/\/tiendamarcial.com\/arnobysinam\/wp-content\/uploads\/2023\/10\/JYDJ001-collar-cadena-dije-guante-boxeo-box.jpg","width":600,"height":600},{"@type":"BreadcrumbList","@id":"https:\/\/tiendamarcial.com\/arnobysinam\/producto\/dije-de-guante-boxeo-con-cadena-plateado\/#breadcrumb","itemListElement":[{"@type":"ListItem","position":1,"name":"Portada","item":"https:\/\/tiendamarcial.com\/arnobysinam\/"},{"@type":"ListItem","position":2,"name":"Tienda","item":"https:\/\/tiendamarcial.com\/arnobysinam\/tienda\/"},{"@type":"ListItem","position":3,"name":"Dije de guante Boxeo con cadena &#8211; Plateado"}]},{"@type":"WebSite","@id":"https:\/\/tiendamarcial.com\/arnobysinam\/#website","url":"https:\/\/tiendamarcial.com\/arnobysinam\/","name":"Tienda Marcial Colombia","description":"Todo en implementos para Artes Marciales","potentialAction":[{"@type":"SearchAction","target":{"@type":"EntryPoint","urlTemplate":"https:\/\/tiendamarcial.com\/arnobysinam\/?s={search_term_string}"},"query-input":{"@type":"PropertyValueSpecification","valueRequired":true,"valueName":"search_term_string"}}],"inLanguage":"es"}]}},"_links":{"self":[{"href":"https:\/\/tiendamarcial.com\/arnobysinam\/wp-json\/wp\/v2\/product\/3634","targetHints":{"allow":["GET"]}}],"collection":[{"href":"https:\/\/tiendamarcial.com\/arnobysinam\/wp-json\/wp\/v2\/product"}],"about":[{"href":"https:\/\/tiendamarcial.com\/arnobysinam\/wp-json\/wp\/v2\/types\/product"}],"version-history":[{"count":2,"href":"https:\/\/tiendamarcial.com\/arnobysinam\/wp-json\/wp\/v2\/product\/3634\/revisions"}],"predecessor-version":[{"id":3640,"href":"https:\/\/tiendamarcial.com\/arnobysinam\/wp-json\/wp\/v2\/product\/3634\/revisions\/3640"}],"wp:featuredmedia":[{"embeddable":true,"href":"https:\/\/tiendamarcial.com\/arnobysinam\/wp-json\/wp\/v2\/media\/3637"}],"wp:attachment":[{"href":"https:\/\/tiendamarcial.com\/arnobysinam\/wp-json\/wp\/v2\/media?parent=3634"}],"wp:term":[{"taxonomy":"product_brand","embeddable":true,"href":"https:\/\/tiendamarcial.com\/arnobysinam\/wp-json\/wp\/v2\/product_brand?post=3634"},{"taxonomy":"product_cat","embeddable":true,"href":"https:\/\/tiendamarcial.com\/arnobysinam\/wp-json\/wp\/v2\/product_cat?post=3634"},{"taxonomy":"product_tag","embeddable":true,"href":"https:\/\/tiendamarcial.com\/arnobysinam\/wp-json\/wp\/v2\/product_tag?post=3634"}],"curies":[{"name":"wp","href":"https:\/\/api.w.org\/{rel}","templated":true}]}}