{"id":3561,"date":"2023-10-07T09:34:50","date_gmt":"2023-10-07T14:34:50","guid":{"rendered":"https:\/\/tiendamarcial.com\/arnobysinam\/?post_type=product&#038;p=3561"},"modified":"2026-04-09T14:12:37","modified_gmt":"2026-04-09T19:12:37","slug":"protector-bucal-sencillo-transparente","status":"publish","type":"product","link":"https:\/\/tiendamarcial.com\/arnobysinam\/producto\/protector-bucal-sencillo-transparente\/","title":{"rendered":"Protector bucal sencillo transparente"},"content":{"rendered":"<div id=\"productDescription\" class=\"productGeneral biggerText\">\n<p>\u00a1Protege tu sonrisa con nuestro Protector Bucal Sencillo Termoformable!<\/p>\n<p>Este no es solo un protector bucal com\u00fan, es tu aliado en el ring, en tus entrenamientos de artes marciales y boxeo, y para mantener tus dientes seguros en cualquier situaci\u00f3n. Dise\u00f1ado para adaptarse perfectamente a la forma \u00fanica de tu boca, este protector bucal termoformable te brinda una protecci\u00f3n incomparable.<\/p>\n<p>Imagina cada golpe asestado con confianza, sabiendo que tus dientes est\u00e1n protegidos por un escudo personalizado. Ya sea que seas un atleta apasionado por el boxeo, las artes marciales o que necesites un cuidado especial para tus dientes, nuestro protector bucal sencillo es la elecci\u00f3n perfecta.<\/p>\n<p>No esperes m\u00e1s para invertir en tu seguridad y bienestar dental. Elige nuestro Protector Bucal Sencillo Termoformable y prep\u00e1rate para enfrentar cada desaf\u00edo con una sonrisa protegida.<\/p>\n<p>\u00a1Ordena ahora y dale a tus dientes la protecci\u00f3n que se merecen!<\/p>\n<p>Talla para j\u00f3venes y adultos. Dise\u00f1ado por expertos para la protecci\u00f3n de la dentadura. Hecho de pol\u00edmero no t\u00f3xico, termo-moldeable a la forma de tus dientes.<\/p>\n<p>Protege dientes superiores \u00f3 inferiores.<\/p>\n<p>Para proteger inferior y superior es necesario 2 protectores.<\/p>\n<p>Estos a diferencia del doble, es que se usa independiente, permitiendo abrir la boca para respirar mejor en momentos de fatiga.<\/p>\n<\/div>\n","protected":false},"excerpt":{"rendered":"<div id=\"productDescription\" class=\"productGeneral biggerText\">Este no es solo un protector bucal com\u00fan, es tu aliado en el ring, en tus entrenamientos de artes marciales y boxeo, y para mantener tus dientes seguros en cualquier situaci\u00f3n. Dise\u00f1ado para adaptarse perfectamente a la forma \u00fanica de tu boca, este protector bucal termoformable te brinda una protecci\u00f3n incomparable.<\/div>\n<div class=\"productGeneral biggerText\"><\/div>\n<p>&nbsp;<\/p>\n","protected":false},"featured_media":3564,"template":"","meta":[],"product_brand":[],"product_cat":[33],"product_tag":[279,277,40,72,74,278,45],"class_list":{"0":"post-3561","1":"product","2":"type-product","3":"status-publish","4":"has-post-thumbnail","6":"product_cat-protectores","7":"product_tag-boxeo","8":"product_tag-bucal","9":"product_tag-karate","10":"product_tag-mma","11":"product_tag-protector","12":"product_tag-sencillo","13":"product_tag-taekwondo","15":"first","16":"instock","17":"shipping-taxable","18":"purchasable","19":"product-type-simple"},"yoast_head":"<!-- This site is optimized with the Yoast SEO plugin v26.8 - https:\/\/yoast.com\/product\/yoast-seo-wordpress\/ -->\n<title>Protector bucal sencillo transparente - Tienda Marcial Colombia<\/title>\n<meta name=\"description\" content=\"Este no es solo un protector bucal com\u00fan, es tu aliado en el ring, en tus entrenamientos de artes marciales y boxeo, y para mantener tus dientes seguros en cualquier situaci\u00f3n. Dise\u00f1ado para adaptarse perfectamente a la forma \u00fanica de tu boca, este protector bucal termoformable te brinda una protecci\u00f3n incomparable.\" \/>\n<meta name=\"robots\" content=\"index, follow, max-snippet:-1, max-image-preview:large, max-video-preview:-1\" \/>\n<link rel=\"canonical\" href=\"https:\/\/tiendamarcial.com\/arnobysinam\/producto\/protector-bucal-sencillo-transparente\/\" \/>\n<meta property=\"og:locale\" content=\"es_ES\" \/>\n<meta property=\"og:type\" content=\"article\" \/>\n<meta property=\"og:title\" content=\"Protector bucal sencillo transparente - Tienda Marcial Colombia\" \/>\n<meta property=\"og:description\" content=\"Este no es solo un protector bucal com\u00fan, es tu aliado en el ring, en tus entrenamientos de artes marciales y boxeo, y para mantener tus dientes seguros en cualquier situaci\u00f3n. Dise\u00f1ado para adaptarse perfectamente a la forma \u00fanica de tu boca, este protector bucal termoformable te brinda una protecci\u00f3n incomparable.\" \/>\n<meta property=\"og:url\" content=\"https:\/\/tiendamarcial.com\/arnobysinam\/producto\/protector-bucal-sencillo-transparente\/\" \/>\n<meta property=\"og:site_name\" content=\"Tienda Marcial Colombia\" \/>\n<meta property=\"article:publisher\" content=\"https:\/\/www.facebook.com\/TiendaMarcial\" \/>\n<meta property=\"article:modified_time\" content=\"2026-04-09T19:12:37+00:00\" \/>\n<meta property=\"og:image\" content=\"https:\/\/tiendamarcial.com\/arnobysinam\/wp-content\/uploads\/2023\/10\/PRBC001-protector-bucal-sencillo-boxeo-artes-marciales.jpg\" \/>\n\t<meta property=\"og:image:width\" content=\"600\" \/>\n\t<meta property=\"og:image:height\" content=\"600\" \/>\n\t<meta property=\"og:image:type\" content=\"image\/jpeg\" \/>\n<meta name=\"twitter:card\" content=\"summary_large_image\" \/>\n<meta name=\"twitter:site\" content=\"@TiendaMarcial\" \/>\n<meta name=\"twitter:label1\" content=\"Tiempo de lectura\" \/>\n\t<meta name=\"twitter:data1\" content=\"1 minuto\" \/>\n<script type=\"application\/ld+json\" class=\"yoast-schema-graph\">{\"@context\":\"https:\/\/schema.org\",\"@graph\":[{\"@type\":\"WebPage\",\"@id\":\"https:\/\/tiendamarcial.com\/arnobysinam\/producto\/protector-bucal-sencillo-transparente\/\",\"url\":\"https:\/\/tiendamarcial.com\/arnobysinam\/producto\/protector-bucal-sencillo-transparente\/\",\"name\":\"Protector bucal sencillo transparente - Tienda Marcial Colombia\",\"isPartOf\":{\"@id\":\"https:\/\/tiendamarcial.com\/arnobysinam\/#website\"},\"primaryImageOfPage\":{\"@id\":\"https:\/\/tiendamarcial.com\/arnobysinam\/producto\/protector-bucal-sencillo-transparente\/#primaryimage\"},\"image\":{\"@id\":\"https:\/\/tiendamarcial.com\/arnobysinam\/producto\/protector-bucal-sencillo-transparente\/#primaryimage\"},\"thumbnailUrl\":\"https:\/\/tiendamarcial.com\/arnobysinam\/wp-content\/uploads\/2023\/10\/PRBC001-protector-bucal-sencillo-boxeo-artes-marciales.jpg\",\"datePublished\":\"2023-10-07T14:34:50+00:00\",\"dateModified\":\"2026-04-09T19:12:37+00:00\",\"description\":\"Este no es solo un protector bucal com\u00fan, es tu aliado en el ring, en tus entrenamientos de artes marciales y boxeo, y para mantener tus dientes seguros en cualquier situaci\u00f3n. Dise\u00f1ado para adaptarse perfectamente a la forma \u00fanica de tu boca, este protector bucal termoformable te brinda una protecci\u00f3n incomparable.\",\"breadcrumb\":{\"@id\":\"https:\/\/tiendamarcial.com\/arnobysinam\/producto\/protector-bucal-sencillo-transparente\/#breadcrumb\"},\"inLanguage\":\"es\",\"potentialAction\":[{\"@type\":\"ReadAction\",\"target\":[\"https:\/\/tiendamarcial.com\/arnobysinam\/producto\/protector-bucal-sencillo-transparente\/\"]}]},{\"@type\":\"ImageObject\",\"inLanguage\":\"es\",\"@id\":\"https:\/\/tiendamarcial.com\/arnobysinam\/producto\/protector-bucal-sencillo-transparente\/#primaryimage\",\"url\":\"https:\/\/tiendamarcial.com\/arnobysinam\/wp-content\/uploads\/2023\/10\/PRBC001-protector-bucal-sencillo-boxeo-artes-marciales.jpg\",\"contentUrl\":\"https:\/\/tiendamarcial.com\/arnobysinam\/wp-content\/uploads\/2023\/10\/PRBC001-protector-bucal-sencillo-boxeo-artes-marciales.jpg\",\"width\":600,\"height\":600},{\"@type\":\"BreadcrumbList\",\"@id\":\"https:\/\/tiendamarcial.com\/arnobysinam\/producto\/protector-bucal-sencillo-transparente\/#breadcrumb\",\"itemListElement\":[{\"@type\":\"ListItem\",\"position\":1,\"name\":\"Portada\",\"item\":\"https:\/\/tiendamarcial.com\/arnobysinam\/\"},{\"@type\":\"ListItem\",\"position\":2,\"name\":\"Tienda\",\"item\":\"https:\/\/tiendamarcial.com\/arnobysinam\/tienda\/\"},{\"@type\":\"ListItem\",\"position\":3,\"name\":\"Protector bucal sencillo transparente\"}]},{\"@type\":\"WebSite\",\"@id\":\"https:\/\/tiendamarcial.com\/arnobysinam\/#website\",\"url\":\"https:\/\/tiendamarcial.com\/arnobysinam\/\",\"name\":\"Tienda Marcial Colombia\",\"description\":\"Todo en implementos para Artes Marciales\",\"potentialAction\":[{\"@type\":\"SearchAction\",\"target\":{\"@type\":\"EntryPoint\",\"urlTemplate\":\"https:\/\/tiendamarcial.com\/arnobysinam\/?s={search_term_string}\"},\"query-input\":{\"@type\":\"PropertyValueSpecification\",\"valueRequired\":true,\"valueName\":\"search_term_string\"}}],\"inLanguage\":\"es\"}]}<\/script>\n<!-- \/ Yoast SEO plugin. -->","yoast_head_json":{"title":"Protector bucal sencillo transparente - Tienda Marcial Colombia","description":"Este no es solo un protector bucal com\u00fan, es tu aliado en el ring, en tus entrenamientos de artes marciales y boxeo, y para mantener tus dientes seguros en cualquier situaci\u00f3n. Dise\u00f1ado para adaptarse perfectamente a la forma \u00fanica de tu boca, este protector bucal termoformable te brinda una protecci\u00f3n incomparable.","robots":{"index":"index","follow":"follow","max-snippet":"max-snippet:-1","max-image-preview":"max-image-preview:large","max-video-preview":"max-video-preview:-1"},"canonical":"https:\/\/tiendamarcial.com\/arnobysinam\/producto\/protector-bucal-sencillo-transparente\/","og_locale":"es_ES","og_type":"article","og_title":"Protector bucal sencillo transparente - Tienda Marcial Colombia","og_description":"Este no es solo un protector bucal com\u00fan, es tu aliado en el ring, en tus entrenamientos de artes marciales y boxeo, y para mantener tus dientes seguros en cualquier situaci\u00f3n. Dise\u00f1ado para adaptarse perfectamente a la forma \u00fanica de tu boca, este protector bucal termoformable te brinda una protecci\u00f3n incomparable.","og_url":"https:\/\/tiendamarcial.com\/arnobysinam\/producto\/protector-bucal-sencillo-transparente\/","og_site_name":"Tienda Marcial Colombia","article_publisher":"https:\/\/www.facebook.com\/TiendaMarcial","article_modified_time":"2026-04-09T19:12:37+00:00","og_image":[{"width":600,"height":600,"url":"https:\/\/tiendamarcial.com\/arnobysinam\/wp-content\/uploads\/2023\/10\/PRBC001-protector-bucal-sencillo-boxeo-artes-marciales.jpg","type":"image\/jpeg"}],"twitter_card":"summary_large_image","twitter_site":"@TiendaMarcial","twitter_misc":{"Tiempo de lectura":"1 minuto"},"schema":{"@context":"https:\/\/schema.org","@graph":[{"@type":"WebPage","@id":"https:\/\/tiendamarcial.com\/arnobysinam\/producto\/protector-bucal-sencillo-transparente\/","url":"https:\/\/tiendamarcial.com\/arnobysinam\/producto\/protector-bucal-sencillo-transparente\/","name":"Protector bucal sencillo transparente - Tienda Marcial Colombia","isPartOf":{"@id":"https:\/\/tiendamarcial.com\/arnobysinam\/#website"},"primaryImageOfPage":{"@id":"https:\/\/tiendamarcial.com\/arnobysinam\/producto\/protector-bucal-sencillo-transparente\/#primaryimage"},"image":{"@id":"https:\/\/tiendamarcial.com\/arnobysinam\/producto\/protector-bucal-sencillo-transparente\/#primaryimage"},"thumbnailUrl":"https:\/\/tiendamarcial.com\/arnobysinam\/wp-content\/uploads\/2023\/10\/PRBC001-protector-bucal-sencillo-boxeo-artes-marciales.jpg","datePublished":"2023-10-07T14:34:50+00:00","dateModified":"2026-04-09T19:12:37+00:00","description":"Este no es solo un protector bucal com\u00fan, es tu aliado en el ring, en tus entrenamientos de artes marciales y boxeo, y para mantener tus dientes seguros en cualquier situaci\u00f3n. Dise\u00f1ado para adaptarse perfectamente a la forma \u00fanica de tu boca, este protector bucal termoformable te brinda una protecci\u00f3n incomparable.","breadcrumb":{"@id":"https:\/\/tiendamarcial.com\/arnobysinam\/producto\/protector-bucal-sencillo-transparente\/#breadcrumb"},"inLanguage":"es","potentialAction":[{"@type":"ReadAction","target":["https:\/\/tiendamarcial.com\/arnobysinam\/producto\/protector-bucal-sencillo-transparente\/"]}]},{"@type":"ImageObject","inLanguage":"es","@id":"https:\/\/tiendamarcial.com\/arnobysinam\/producto\/protector-bucal-sencillo-transparente\/#primaryimage","url":"https:\/\/tiendamarcial.com\/arnobysinam\/wp-content\/uploads\/2023\/10\/PRBC001-protector-bucal-sencillo-boxeo-artes-marciales.jpg","contentUrl":"https:\/\/tiendamarcial.com\/arnobysinam\/wp-content\/uploads\/2023\/10\/PRBC001-protector-bucal-sencillo-boxeo-artes-marciales.jpg","width":600,"height":600},{"@type":"BreadcrumbList","@id":"https:\/\/tiendamarcial.com\/arnobysinam\/producto\/protector-bucal-sencillo-transparente\/#breadcrumb","itemListElement":[{"@type":"ListItem","position":1,"name":"Portada","item":"https:\/\/tiendamarcial.com\/arnobysinam\/"},{"@type":"ListItem","position":2,"name":"Tienda","item":"https:\/\/tiendamarcial.com\/arnobysinam\/tienda\/"},{"@type":"ListItem","position":3,"name":"Protector bucal sencillo transparente"}]},{"@type":"WebSite","@id":"https:\/\/tiendamarcial.com\/arnobysinam\/#website","url":"https:\/\/tiendamarcial.com\/arnobysinam\/","name":"Tienda Marcial Colombia","description":"Todo en implementos para Artes Marciales","potentialAction":[{"@type":"SearchAction","target":{"@type":"EntryPoint","urlTemplate":"https:\/\/tiendamarcial.com\/arnobysinam\/?s={search_term_string}"},"query-input":{"@type":"PropertyValueSpecification","valueRequired":true,"valueName":"search_term_string"}}],"inLanguage":"es"}]}},"_links":{"self":[{"href":"https:\/\/tiendamarcial.com\/arnobysinam\/wp-json\/wp\/v2\/product\/3561","targetHints":{"allow":["GET"]}}],"collection":[{"href":"https:\/\/tiendamarcial.com\/arnobysinam\/wp-json\/wp\/v2\/product"}],"about":[{"href":"https:\/\/tiendamarcial.com\/arnobysinam\/wp-json\/wp\/v2\/types\/product"}],"version-history":[{"count":2,"href":"https:\/\/tiendamarcial.com\/arnobysinam\/wp-json\/wp\/v2\/product\/3561\/revisions"}],"predecessor-version":[{"id":3565,"href":"https:\/\/tiendamarcial.com\/arnobysinam\/wp-json\/wp\/v2\/product\/3561\/revisions\/3565"}],"wp:featuredmedia":[{"embeddable":true,"href":"https:\/\/tiendamarcial.com\/arnobysinam\/wp-json\/wp\/v2\/media\/3564"}],"wp:attachment":[{"href":"https:\/\/tiendamarcial.com\/arnobysinam\/wp-json\/wp\/v2\/media?parent=3561"}],"wp:term":[{"taxonomy":"product_brand","embeddable":true,"href":"https:\/\/tiendamarcial.com\/arnobysinam\/wp-json\/wp\/v2\/product_brand?post=3561"},{"taxonomy":"product_cat","embeddable":true,"href":"https:\/\/tiendamarcial.com\/arnobysinam\/wp-json\/wp\/v2\/product_cat?post=3561"},{"taxonomy":"product_tag","embeddable":true,"href":"https:\/\/tiendamarcial.com\/arnobysinam\/wp-json\/wp\/v2\/product_tag?post=3561"}],"curies":[{"name":"wp","href":"https:\/\/api.w.org\/{rel}","templated":true}]}}