{"id":3526,"date":"2023-10-04T23:20:47","date_gmt":"2023-10-05T04:20:47","guid":{"rendered":"https:\/\/tiendamarcial.com\/arnobysinam\/?post_type=product&#038;p=3526"},"modified":"2024-02-28T13:40:14","modified_gmt":"2024-02-28T18:40:14","slug":"llavero-espada-samurai-plateado","status":"publish","type":"product","link":"https:\/\/tiendamarcial.com\/arnobysinam\/producto\/llavero-espada-samurai-plateado\/","title":{"rendered":"Llavero espada samurai &#8211; Plateado"},"content":{"rendered":"<p style=\"text-align: justify;\"><span style=\"font-family: verdana, geneva;\">Este es un hermoso llavero de Espada Samurai con un dise\u00f1o fant\u00e1stico y el cual sirve incluso como defensa personal. La Katana es una de las armas m\u00e1s representativas del antiguo Jap\u00f3n.<\/span><\/p>\n<p style=\"text-align: justify;\"><span style=\"font-family: verdana, geneva;\">El llavero tiene una longitud total de 16 cms; la espada tiene una longitud de 10,5 cms y viene completamente en color plateado.<\/span><\/p>\n","protected":false},"excerpt":{"rendered":"<div style=\"text-align: justify;\">\n<p style=\"text-align: justify;\"><span style=\"font-family: verdana, geneva;\">Este es un hermoso llavero de Espada Samurai con un dise\u00f1o fant\u00e1stico y el cual sirve incluso como defensa personal. La Katana es una de las armas m\u00e1s representativas del antiguo Jap\u00f3n.<\/span><\/p>\n<p style=\"text-align: justify;\"><span style=\"font-family: verdana, geneva;\">El llavero tiene una longitud total de 16 cms; la espada tiene una longitud de 10,5 cms y viene completamente en color plateado.<\/span><\/p>\n<\/div>\n","protected":false},"featured_media":3529,"template":"","meta":[],"product_brand":[],"product_cat":[124],"product_tag":[303,60,59,126,64],"class_list":{"0":"post-3526","1":"product","2":"type-product","3":"status-publish","4":"has-post-thumbnail","6":"product_cat-llaveros","7":"product_tag-defensa-personal","8":"product_tag-espada","9":"product_tag-katana","10":"product_tag-llavero","11":"product_tag-samurai","13":"first","14":"instock","15":"shipping-taxable","16":"purchasable","17":"product-type-simple"},"yoast_head":"<!-- This site is optimized with the Yoast SEO plugin v26.8 - https:\/\/yoast.com\/product\/yoast-seo-wordpress\/ -->\n<title>Llavero espada samurai - Plateado - Tienda Marcial Colombia<\/title>\n<meta name=\"description\" content=\"Este es un hermoso llavero de Espada Samurai con un dise\u00f1o fant\u00e1stico y el cual sirve incluso como defensa personal. La Katana es una de las armas m\u00e1s representativas del antiguo Jap\u00f3n.El llavero tiene una longitud total de 16 cms; la espada tiene una longitud de 10,5 cms y viene completamente en color plateado.\" \/>\n<meta name=\"robots\" content=\"index, follow, max-snippet:-1, max-image-preview:large, max-video-preview:-1\" \/>\n<link rel=\"canonical\" href=\"https:\/\/tiendamarcial.com\/arnobysinam\/producto\/llavero-espada-samurai-plateado\/\" \/>\n<meta property=\"og:locale\" content=\"es_ES\" \/>\n<meta property=\"og:type\" content=\"article\" \/>\n<meta property=\"og:title\" content=\"Llavero espada samurai - Plateado - Tienda Marcial Colombia\" \/>\n<meta property=\"og:description\" content=\"Este es un hermoso llavero de Espada Samurai con un dise\u00f1o fant\u00e1stico y el cual sirve incluso como defensa personal. La Katana es una de las armas m\u00e1s representativas del antiguo Jap\u00f3n.El llavero tiene una longitud total de 16 cms; la espada tiene una longitud de 10,5 cms y viene completamente en color plateado.\" \/>\n<meta property=\"og:url\" content=\"https:\/\/tiendamarcial.com\/arnobysinam\/producto\/llavero-espada-samurai-plateado\/\" \/>\n<meta property=\"og:site_name\" content=\"Tienda Marcial Colombia\" \/>\n<meta property=\"article:publisher\" content=\"https:\/\/www.facebook.com\/TiendaMarcial\" \/>\n<meta property=\"article:modified_time\" content=\"2024-02-28T18:40:14+00:00\" \/>\n<meta property=\"og:image\" content=\"https:\/\/tiendamarcial.com\/arnobysinam\/wp-content\/uploads\/2023\/10\/LLVR200-llavero-katana-espada-samurai-defensa-personal.jpg\" \/>\n\t<meta property=\"og:image:width\" content=\"600\" \/>\n\t<meta property=\"og:image:height\" content=\"600\" \/>\n\t<meta property=\"og:image:type\" content=\"image\/jpeg\" \/>\n<meta name=\"twitter:card\" content=\"summary_large_image\" \/>\n<meta name=\"twitter:site\" content=\"@TiendaMarcial\" \/>\n<meta name=\"twitter:label1\" content=\"Tiempo de lectura\" \/>\n\t<meta name=\"twitter:data1\" content=\"1 minuto\" \/>\n<script type=\"application\/ld+json\" class=\"yoast-schema-graph\">{\"@context\":\"https:\/\/schema.org\",\"@graph\":[{\"@type\":\"WebPage\",\"@id\":\"https:\/\/tiendamarcial.com\/arnobysinam\/producto\/llavero-espada-samurai-plateado\/\",\"url\":\"https:\/\/tiendamarcial.com\/arnobysinam\/producto\/llavero-espada-samurai-plateado\/\",\"name\":\"Llavero espada samurai - Plateado - Tienda Marcial Colombia\",\"isPartOf\":{\"@id\":\"https:\/\/tiendamarcial.com\/arnobysinam\/#website\"},\"primaryImageOfPage\":{\"@id\":\"https:\/\/tiendamarcial.com\/arnobysinam\/producto\/llavero-espada-samurai-plateado\/#primaryimage\"},\"image\":{\"@id\":\"https:\/\/tiendamarcial.com\/arnobysinam\/producto\/llavero-espada-samurai-plateado\/#primaryimage\"},\"thumbnailUrl\":\"https:\/\/tiendamarcial.com\/arnobysinam\/wp-content\/uploads\/2023\/10\/LLVR200-llavero-katana-espada-samurai-defensa-personal.jpg\",\"datePublished\":\"2023-10-05T04:20:47+00:00\",\"dateModified\":\"2024-02-28T18:40:14+00:00\",\"description\":\"Este es un hermoso llavero de Espada Samurai con un dise\u00f1o fant\u00e1stico y el cual sirve incluso como defensa personal. La Katana es una de las armas m\u00e1s representativas del antiguo Jap\u00f3n.El llavero tiene una longitud total de 16 cms; la espada tiene una longitud de 10,5 cms y viene completamente en color plateado.\",\"breadcrumb\":{\"@id\":\"https:\/\/tiendamarcial.com\/arnobysinam\/producto\/llavero-espada-samurai-plateado\/#breadcrumb\"},\"inLanguage\":\"es\",\"potentialAction\":[{\"@type\":\"ReadAction\",\"target\":[\"https:\/\/tiendamarcial.com\/arnobysinam\/producto\/llavero-espada-samurai-plateado\/\"]}]},{\"@type\":\"ImageObject\",\"inLanguage\":\"es\",\"@id\":\"https:\/\/tiendamarcial.com\/arnobysinam\/producto\/llavero-espada-samurai-plateado\/#primaryimage\",\"url\":\"https:\/\/tiendamarcial.com\/arnobysinam\/wp-content\/uploads\/2023\/10\/LLVR200-llavero-katana-espada-samurai-defensa-personal.jpg\",\"contentUrl\":\"https:\/\/tiendamarcial.com\/arnobysinam\/wp-content\/uploads\/2023\/10\/LLVR200-llavero-katana-espada-samurai-defensa-personal.jpg\",\"width\":600,\"height\":600},{\"@type\":\"BreadcrumbList\",\"@id\":\"https:\/\/tiendamarcial.com\/arnobysinam\/producto\/llavero-espada-samurai-plateado\/#breadcrumb\",\"itemListElement\":[{\"@type\":\"ListItem\",\"position\":1,\"name\":\"Portada\",\"item\":\"https:\/\/tiendamarcial.com\/arnobysinam\/\"},{\"@type\":\"ListItem\",\"position\":2,\"name\":\"Tienda\",\"item\":\"https:\/\/tiendamarcial.com\/arnobysinam\/tienda\/\"},{\"@type\":\"ListItem\",\"position\":3,\"name\":\"Llavero espada samurai &#8211; Plateado\"}]},{\"@type\":\"WebSite\",\"@id\":\"https:\/\/tiendamarcial.com\/arnobysinam\/#website\",\"url\":\"https:\/\/tiendamarcial.com\/arnobysinam\/\",\"name\":\"Tienda Marcial Colombia\",\"description\":\"Todo en implementos para Artes Marciales\",\"potentialAction\":[{\"@type\":\"SearchAction\",\"target\":{\"@type\":\"EntryPoint\",\"urlTemplate\":\"https:\/\/tiendamarcial.com\/arnobysinam\/?s={search_term_string}\"},\"query-input\":{\"@type\":\"PropertyValueSpecification\",\"valueRequired\":true,\"valueName\":\"search_term_string\"}}],\"inLanguage\":\"es\"}]}<\/script>\n<!-- \/ Yoast SEO plugin. -->","yoast_head_json":{"title":"Llavero espada samurai - Plateado - Tienda Marcial Colombia","description":"Este es un hermoso llavero de Espada Samurai con un dise\u00f1o fant\u00e1stico y el cual sirve incluso como defensa personal. La Katana es una de las armas m\u00e1s representativas del antiguo Jap\u00f3n.El llavero tiene una longitud total de 16 cms; la espada tiene una longitud de 10,5 cms y viene completamente en color plateado.","robots":{"index":"index","follow":"follow","max-snippet":"max-snippet:-1","max-image-preview":"max-image-preview:large","max-video-preview":"max-video-preview:-1"},"canonical":"https:\/\/tiendamarcial.com\/arnobysinam\/producto\/llavero-espada-samurai-plateado\/","og_locale":"es_ES","og_type":"article","og_title":"Llavero espada samurai - Plateado - Tienda Marcial Colombia","og_description":"Este es un hermoso llavero de Espada Samurai con un dise\u00f1o fant\u00e1stico y el cual sirve incluso como defensa personal. La Katana es una de las armas m\u00e1s representativas del antiguo Jap\u00f3n.El llavero tiene una longitud total de 16 cms; la espada tiene una longitud de 10,5 cms y viene completamente en color plateado.","og_url":"https:\/\/tiendamarcial.com\/arnobysinam\/producto\/llavero-espada-samurai-plateado\/","og_site_name":"Tienda Marcial Colombia","article_publisher":"https:\/\/www.facebook.com\/TiendaMarcial","article_modified_time":"2024-02-28T18:40:14+00:00","og_image":[{"width":600,"height":600,"url":"https:\/\/tiendamarcial.com\/arnobysinam\/wp-content\/uploads\/2023\/10\/LLVR200-llavero-katana-espada-samurai-defensa-personal.jpg","type":"image\/jpeg"}],"twitter_card":"summary_large_image","twitter_site":"@TiendaMarcial","twitter_misc":{"Tiempo de lectura":"1 minuto"},"schema":{"@context":"https:\/\/schema.org","@graph":[{"@type":"WebPage","@id":"https:\/\/tiendamarcial.com\/arnobysinam\/producto\/llavero-espada-samurai-plateado\/","url":"https:\/\/tiendamarcial.com\/arnobysinam\/producto\/llavero-espada-samurai-plateado\/","name":"Llavero espada samurai - Plateado - Tienda Marcial Colombia","isPartOf":{"@id":"https:\/\/tiendamarcial.com\/arnobysinam\/#website"},"primaryImageOfPage":{"@id":"https:\/\/tiendamarcial.com\/arnobysinam\/producto\/llavero-espada-samurai-plateado\/#primaryimage"},"image":{"@id":"https:\/\/tiendamarcial.com\/arnobysinam\/producto\/llavero-espada-samurai-plateado\/#primaryimage"},"thumbnailUrl":"https:\/\/tiendamarcial.com\/arnobysinam\/wp-content\/uploads\/2023\/10\/LLVR200-llavero-katana-espada-samurai-defensa-personal.jpg","datePublished":"2023-10-05T04:20:47+00:00","dateModified":"2024-02-28T18:40:14+00:00","description":"Este es un hermoso llavero de Espada Samurai con un dise\u00f1o fant\u00e1stico y el cual sirve incluso como defensa personal. La Katana es una de las armas m\u00e1s representativas del antiguo Jap\u00f3n.El llavero tiene una longitud total de 16 cms; la espada tiene una longitud de 10,5 cms y viene completamente en color plateado.","breadcrumb":{"@id":"https:\/\/tiendamarcial.com\/arnobysinam\/producto\/llavero-espada-samurai-plateado\/#breadcrumb"},"inLanguage":"es","potentialAction":[{"@type":"ReadAction","target":["https:\/\/tiendamarcial.com\/arnobysinam\/producto\/llavero-espada-samurai-plateado\/"]}]},{"@type":"ImageObject","inLanguage":"es","@id":"https:\/\/tiendamarcial.com\/arnobysinam\/producto\/llavero-espada-samurai-plateado\/#primaryimage","url":"https:\/\/tiendamarcial.com\/arnobysinam\/wp-content\/uploads\/2023\/10\/LLVR200-llavero-katana-espada-samurai-defensa-personal.jpg","contentUrl":"https:\/\/tiendamarcial.com\/arnobysinam\/wp-content\/uploads\/2023\/10\/LLVR200-llavero-katana-espada-samurai-defensa-personal.jpg","width":600,"height":600},{"@type":"BreadcrumbList","@id":"https:\/\/tiendamarcial.com\/arnobysinam\/producto\/llavero-espada-samurai-plateado\/#breadcrumb","itemListElement":[{"@type":"ListItem","position":1,"name":"Portada","item":"https:\/\/tiendamarcial.com\/arnobysinam\/"},{"@type":"ListItem","position":2,"name":"Tienda","item":"https:\/\/tiendamarcial.com\/arnobysinam\/tienda\/"},{"@type":"ListItem","position":3,"name":"Llavero espada samurai &#8211; Plateado"}]},{"@type":"WebSite","@id":"https:\/\/tiendamarcial.com\/arnobysinam\/#website","url":"https:\/\/tiendamarcial.com\/arnobysinam\/","name":"Tienda Marcial Colombia","description":"Todo en implementos para Artes Marciales","potentialAction":[{"@type":"SearchAction","target":{"@type":"EntryPoint","urlTemplate":"https:\/\/tiendamarcial.com\/arnobysinam\/?s={search_term_string}"},"query-input":{"@type":"PropertyValueSpecification","valueRequired":true,"valueName":"search_term_string"}}],"inLanguage":"es"}]}},"_links":{"self":[{"href":"https:\/\/tiendamarcial.com\/arnobysinam\/wp-json\/wp\/v2\/product\/3526","targetHints":{"allow":["GET"]}}],"collection":[{"href":"https:\/\/tiendamarcial.com\/arnobysinam\/wp-json\/wp\/v2\/product"}],"about":[{"href":"https:\/\/tiendamarcial.com\/arnobysinam\/wp-json\/wp\/v2\/types\/product"}],"version-history":[{"count":2,"href":"https:\/\/tiendamarcial.com\/arnobysinam\/wp-json\/wp\/v2\/product\/3526\/revisions"}],"predecessor-version":[{"id":3530,"href":"https:\/\/tiendamarcial.com\/arnobysinam\/wp-json\/wp\/v2\/product\/3526\/revisions\/3530"}],"wp:featuredmedia":[{"embeddable":true,"href":"https:\/\/tiendamarcial.com\/arnobysinam\/wp-json\/wp\/v2\/media\/3529"}],"wp:attachment":[{"href":"https:\/\/tiendamarcial.com\/arnobysinam\/wp-json\/wp\/v2\/media?parent=3526"}],"wp:term":[{"taxonomy":"product_brand","embeddable":true,"href":"https:\/\/tiendamarcial.com\/arnobysinam\/wp-json\/wp\/v2\/product_brand?post=3526"},{"taxonomy":"product_cat","embeddable":true,"href":"https:\/\/tiendamarcial.com\/arnobysinam\/wp-json\/wp\/v2\/product_cat?post=3526"},{"taxonomy":"product_tag","embeddable":true,"href":"https:\/\/tiendamarcial.com\/arnobysinam\/wp-json\/wp\/v2\/product_tag?post=3526"}],"curies":[{"name":"wp","href":"https:\/\/api.w.org\/{rel}","templated":true}]}}