{"id":3490,"date":"2023-10-04T17:33:47","date_gmt":"2023-10-04T22:33:47","guid":{"rendered":"https:\/\/tiendamarcial.com\/arnobysinam\/?post_type=product&#038;p=3490"},"modified":"2024-06-27T15:12:50","modified_gmt":"2024-06-27T20:12:50","slug":"espada-sakabato-samurai-x-anime","status":"publish","type":"product","link":"https:\/\/tiendamarcial.com\/arnobysinam\/producto\/espada-sakabato-samurai-x-anime\/","title":{"rendered":"Espada Sakabat\u00f4 Samurai X &#8211; Anime"},"content":{"rendered":"<p style=\"text-align: justify;\"><span style=\"font-family: verdana, geneva; font-size: 12pt;\"><strong>Kenshin Himura<\/strong>\u00a0(\u7dcb\u6751 \u5263\u5fc3\u00a0<em>Himura Kenshin<\/em>) es el protagonista del manga y anime de Rurouni Kenshin. Es un ex asesino samurai, que se vuelve vagabundo y viaja por todo Jap\u00f3n ofreciendo protecci\u00f3n y ayuda a quienes lo necesiten para lograr redimirse por los asesinatos que cometi\u00f3 en su pasado. Posee una inusual katana con \u00abfilo invertido\u00bb (la hoja de corte est\u00e1 del lado contrario), para as\u00ed no volver a matar nunca m\u00e1s. Durante el transcurso de la historia Kenshin va formando relaciones y teniendo encuentros, los cuales le permiten encontrar una verdadera expiaci\u00f3n de su pasado y una vida en plenitud.<\/span><\/p>\n<p style=\"text-align: justify;\"><span style=\"font-family: verdana, geneva; font-size: 12pt;\">Esta caracter\u00edstica es \u00fanica y permite al usuario una variaci\u00f3n de t\u00e9cnicas que incluyen golpes con la curva externa y cortes en los movimientos de retroceso de la hoja. La curva de la hoja es tambi\u00e9n perfecta para la pr\u00e1ctica de los ataques a las extremidades, debido a que se acomoda la curva perfectamente a la forma de brazos y piernas.<\/p>\n<p><span style=\"font-weight: bold; text-decoration: underline;\">Caracter\u00edsticas:<\/span><\/p>\n<p>&#8211; La hoja de la espada est\u00e1 elaborada en acero 440 inoxidable con el hamon a lo largo del borde de la hoja.<br \/>\n&#8211; La vaina de la espada es de madera con un acabado negro brillante y una cuerda en nylon negro (sageo) atada alrededor de la mitad superior de la vaina. Pintado en la vaina tiene el kanji de inverso (\u9006) en color dorado. La vaina tiene un koiguchi en acero.<br \/>\n&#8211; La tsuba es de acero macizo en forma de una orqu\u00eddea.<br \/>\n&#8211; El mango (tsuka) de la espada est\u00e1 forrado con imitaci\u00f3n de piel de raya negra. A lo largo de la piel de raya se envuelve una cuerda de nylon negro, teniendo debajo de ella 2 dragones como adorno y comodidad en el agarre. El mango termina con una pieza en acero.<\/p>\n<p><span style=\"font-weight: bold; text-decoration: underline;\">Medidas:<\/span><\/p>\n<p>&#8211; Espada con la hoja enfundada: 103 cms.<br \/>\n&#8211; Funda (saya): 75 cms.<br \/>\n&#8211; Empu\u00f1adura (tsuka): 27 cms.<br \/>\n&#8211; Hoja con el seguro (habaki):67 cms.<br \/>\n&#8211; Ancho de la hoja: 2,5 cms.<br \/>\n&#8211; Ancho de la empu\u00f1adura: 3,8 cms.<br \/>\n&#8211; Ancho de la funda (saya): 4 cms.<\/span><\/p>\n","protected":false},"excerpt":{"rendered":"<p><span style=\"font-family: verdana, geneva; font-size: 12pt;\"><strong>Kenshin Himura<\/strong>\u00a0(\u7dcb\u6751 \u5263\u5fc3\u00a0<em>Himura Kenshin<\/em>) es el protagonista del manga y anime de Rurouni Kenshin. Es un ex asesino samurai, que se vuelve vagabundo y viaja por todo Jap\u00f3n ofreciendo protecci\u00f3n y ayuda a quienes lo necesiten para lograr redimirse por los asesinatos que cometi\u00f3 en su pasado. Posee una inusual katana con \u00abfilo invertido\u00bb (la hoja de corte est\u00e1 del lado contrario), para as\u00ed no volver a matar nunca m\u00e1s. Durante el transcurso de la historia Kenshin va formando relaciones y teniendo encuentros, los cuales le permiten encontrar una verdadera expiaci\u00f3n de su pasado y una vida en plenitud.<\/span><\/p>\n","protected":false},"featured_media":3497,"template":"","meta":[],"product_brand":[],"product_cat":[440],"product_tag":[443,60,445,59,441,387,444,146],"class_list":{"0":"post-3490","1":"product","2":"type-product","3":"status-publish","4":"has-post-thumbnail","6":"product_cat-espadas-decorativas","7":"product_tag-anime","8":"product_tag-espada","9":"product_tag-himura","10":"product_tag-katana","11":"product_tag-kenshin","12":"product_tag-kombat","13":"product_tag-movie","14":"product_tag-samurai-x","16":"first","17":"instock","18":"shipping-taxable","19":"purchasable","20":"product-type-simple"},"yoast_head":"<!-- This site is optimized with the Yoast SEO plugin v26.8 - https:\/\/yoast.com\/product\/yoast-seo-wordpress\/ -->\n<title>Espada Sakabat\u00f4 Samurai X - Anime - Tienda Marcial Colombia<\/title>\n<meta name=\"description\" content=\"Kenshin Himura\u00a0(\u7dcb\u6751 \u5263\u5fc3\u00a0Himura Kenshin) es el protagonista del manga y anime de Rurouni Kenshin. Es un ex asesino samurai, que se vuelve vagabundo y viaja por todo Jap\u00f3n ofreciendo protecci\u00f3n y ayuda a quienes lo necesiten para lograr redimirse por los asesinatos que cometi\u00f3 en su pasado. Posee una inusual katana con &quot;filo invertido&quot; (la hoja de corte est\u00e1 del lado contrario), para as\u00ed no volver a matar nunca m\u00e1s. Durante el transcurso de la historia Kenshin va formando relaciones y teniendo encuentros, los cuales le permiten encontrar una verdadera expiaci\u00f3n de su pasado y una vida en plenitud.Esta caracter\u00edstica es \u00fanica y permite al usuario una variaci\u00f3n de t\u00e9cnicas que incluyen golpes con la curva externa y cortes en los movimientos de retroceso de la hoja. La curva de la hoja es tambi\u00e9n perfecta para la pr\u00e1ctica de los ataques a las extremidades, debido a que se acomoda la curva perfectamente a la forma de brazos y piernas.\" \/>\n<meta name=\"robots\" content=\"index, follow, max-snippet:-1, max-image-preview:large, max-video-preview:-1\" \/>\n<link rel=\"canonical\" href=\"https:\/\/tiendamarcial.com\/arnobysinam\/producto\/espada-sakabato-samurai-x-anime\/\" \/>\n<meta property=\"og:locale\" content=\"es_ES\" \/>\n<meta property=\"og:type\" content=\"article\" \/>\n<meta property=\"og:title\" content=\"Espada Sakabat\u00f4 Samurai X - Anime - Tienda Marcial Colombia\" \/>\n<meta property=\"og:description\" content=\"Kenshin Himura\u00a0(\u7dcb\u6751 \u5263\u5fc3\u00a0Himura Kenshin) es el protagonista del manga y anime de Rurouni Kenshin. Es un ex asesino samurai, que se vuelve vagabundo y viaja por todo Jap\u00f3n ofreciendo protecci\u00f3n y ayuda a quienes lo necesiten para lograr redimirse por los asesinatos que cometi\u00f3 en su pasado. Posee una inusual katana con &quot;filo invertido&quot; (la hoja de corte est\u00e1 del lado contrario), para as\u00ed no volver a matar nunca m\u00e1s. Durante el transcurso de la historia Kenshin va formando relaciones y teniendo encuentros, los cuales le permiten encontrar una verdadera expiaci\u00f3n de su pasado y una vida en plenitud.Esta caracter\u00edstica es \u00fanica y permite al usuario una variaci\u00f3n de t\u00e9cnicas que incluyen golpes con la curva externa y cortes en los movimientos de retroceso de la hoja. La curva de la hoja es tambi\u00e9n perfecta para la pr\u00e1ctica de los ataques a las extremidades, debido a que se acomoda la curva perfectamente a la forma de brazos y piernas.\" \/>\n<meta property=\"og:url\" content=\"https:\/\/tiendamarcial.com\/arnobysinam\/producto\/espada-sakabato-samurai-x-anime\/\" \/>\n<meta property=\"og:site_name\" content=\"Tienda Marcial Colombia\" \/>\n<meta property=\"article:publisher\" content=\"https:\/\/www.facebook.com\/TiendaMarcial\" \/>\n<meta property=\"article:modified_time\" content=\"2024-06-27T20:12:50+00:00\" \/>\n<meta property=\"og:image\" content=\"https:\/\/tiendamarcial.com\/arnobysinam\/wp-content\/uploads\/2023\/10\/ARSW105-espada-decorativa-anime-samurai-x-kenshin-himura-sakabato.jpg\" \/>\n\t<meta property=\"og:image:width\" content=\"600\" \/>\n\t<meta property=\"og:image:height\" content=\"600\" \/>\n\t<meta property=\"og:image:type\" content=\"image\/jpeg\" \/>\n<meta name=\"twitter:card\" content=\"summary_large_image\" \/>\n<meta name=\"twitter:site\" content=\"@TiendaMarcial\" \/>\n<meta name=\"twitter:label1\" content=\"Tiempo de lectura\" \/>\n\t<meta name=\"twitter:data1\" content=\"2 minutos\" \/>\n<script type=\"application\/ld+json\" class=\"yoast-schema-graph\">{\"@context\":\"https:\/\/schema.org\",\"@graph\":[{\"@type\":\"WebPage\",\"@id\":\"https:\/\/tiendamarcial.com\/arnobysinam\/producto\/espada-sakabato-samurai-x-anime\/\",\"url\":\"https:\/\/tiendamarcial.com\/arnobysinam\/producto\/espada-sakabato-samurai-x-anime\/\",\"name\":\"Espada Sakabat\u00f4 Samurai X - Anime - Tienda Marcial Colombia\",\"isPartOf\":{\"@id\":\"https:\/\/tiendamarcial.com\/arnobysinam\/#website\"},\"primaryImageOfPage\":{\"@id\":\"https:\/\/tiendamarcial.com\/arnobysinam\/producto\/espada-sakabato-samurai-x-anime\/#primaryimage\"},\"image\":{\"@id\":\"https:\/\/tiendamarcial.com\/arnobysinam\/producto\/espada-sakabato-samurai-x-anime\/#primaryimage\"},\"thumbnailUrl\":\"https:\/\/tiendamarcial.com\/arnobysinam\/wp-content\/uploads\/2023\/10\/ARSW105-espada-decorativa-anime-samurai-x-kenshin-himura-sakabato.jpg\",\"datePublished\":\"2023-10-04T22:33:47+00:00\",\"dateModified\":\"2024-06-27T20:12:50+00:00\",\"description\":\"Kenshin Himura\u00a0(\u7dcb\u6751 \u5263\u5fc3\u00a0Himura Kenshin) es el protagonista del manga y anime de Rurouni Kenshin. Es un ex asesino samurai, que se vuelve vagabundo y viaja por todo Jap\u00f3n ofreciendo protecci\u00f3n y ayuda a quienes lo necesiten para lograr redimirse por los asesinatos que cometi\u00f3 en su pasado. Posee una inusual katana con \\\"filo invertido\\\" (la hoja de corte est\u00e1 del lado contrario), para as\u00ed no volver a matar nunca m\u00e1s. Durante el transcurso de la historia Kenshin va formando relaciones y teniendo encuentros, los cuales le permiten encontrar una verdadera expiaci\u00f3n de su pasado y una vida en plenitud.Esta caracter\u00edstica es \u00fanica y permite al usuario una variaci\u00f3n de t\u00e9cnicas que incluyen golpes con la curva externa y cortes en los movimientos de retroceso de la hoja. La curva de la hoja es tambi\u00e9n perfecta para la pr\u00e1ctica de los ataques a las extremidades, debido a que se acomoda la curva perfectamente a la forma de brazos y piernas.\",\"breadcrumb\":{\"@id\":\"https:\/\/tiendamarcial.com\/arnobysinam\/producto\/espada-sakabato-samurai-x-anime\/#breadcrumb\"},\"inLanguage\":\"es\",\"potentialAction\":[{\"@type\":\"ReadAction\",\"target\":[\"https:\/\/tiendamarcial.com\/arnobysinam\/producto\/espada-sakabato-samurai-x-anime\/\"]}]},{\"@type\":\"ImageObject\",\"inLanguage\":\"es\",\"@id\":\"https:\/\/tiendamarcial.com\/arnobysinam\/producto\/espada-sakabato-samurai-x-anime\/#primaryimage\",\"url\":\"https:\/\/tiendamarcial.com\/arnobysinam\/wp-content\/uploads\/2023\/10\/ARSW105-espada-decorativa-anime-samurai-x-kenshin-himura-sakabato.jpg\",\"contentUrl\":\"https:\/\/tiendamarcial.com\/arnobysinam\/wp-content\/uploads\/2023\/10\/ARSW105-espada-decorativa-anime-samurai-x-kenshin-himura-sakabato.jpg\",\"width\":600,\"height\":600},{\"@type\":\"BreadcrumbList\",\"@id\":\"https:\/\/tiendamarcial.com\/arnobysinam\/producto\/espada-sakabato-samurai-x-anime\/#breadcrumb\",\"itemListElement\":[{\"@type\":\"ListItem\",\"position\":1,\"name\":\"Portada\",\"item\":\"https:\/\/tiendamarcial.com\/arnobysinam\/\"},{\"@type\":\"ListItem\",\"position\":2,\"name\":\"Tienda\",\"item\":\"https:\/\/tiendamarcial.com\/arnobysinam\/tienda\/\"},{\"@type\":\"ListItem\",\"position\":3,\"name\":\"Espada Sakabat\u00f4 Samurai X &#8211; Anime\"}]},{\"@type\":\"WebSite\",\"@id\":\"https:\/\/tiendamarcial.com\/arnobysinam\/#website\",\"url\":\"https:\/\/tiendamarcial.com\/arnobysinam\/\",\"name\":\"Tienda Marcial Colombia\",\"description\":\"Todo en implementos para Artes Marciales\",\"potentialAction\":[{\"@type\":\"SearchAction\",\"target\":{\"@type\":\"EntryPoint\",\"urlTemplate\":\"https:\/\/tiendamarcial.com\/arnobysinam\/?s={search_term_string}\"},\"query-input\":{\"@type\":\"PropertyValueSpecification\",\"valueRequired\":true,\"valueName\":\"search_term_string\"}}],\"inLanguage\":\"es\"}]}<\/script>\n<!-- \/ Yoast SEO plugin. -->","yoast_head_json":{"title":"Espada Sakabat\u00f4 Samurai X - Anime - Tienda Marcial Colombia","description":"Kenshin Himura\u00a0(\u7dcb\u6751 \u5263\u5fc3\u00a0Himura Kenshin) es el protagonista del manga y anime de Rurouni Kenshin. Es un ex asesino samurai, que se vuelve vagabundo y viaja por todo Jap\u00f3n ofreciendo protecci\u00f3n y ayuda a quienes lo necesiten para lograr redimirse por los asesinatos que cometi\u00f3 en su pasado. Posee una inusual katana con \"filo invertido\" (la hoja de corte est\u00e1 del lado contrario), para as\u00ed no volver a matar nunca m\u00e1s. Durante el transcurso de la historia Kenshin va formando relaciones y teniendo encuentros, los cuales le permiten encontrar una verdadera expiaci\u00f3n de su pasado y una vida en plenitud.Esta caracter\u00edstica es \u00fanica y permite al usuario una variaci\u00f3n de t\u00e9cnicas que incluyen golpes con la curva externa y cortes en los movimientos de retroceso de la hoja. La curva de la hoja es tambi\u00e9n perfecta para la pr\u00e1ctica de los ataques a las extremidades, debido a que se acomoda la curva perfectamente a la forma de brazos y piernas.","robots":{"index":"index","follow":"follow","max-snippet":"max-snippet:-1","max-image-preview":"max-image-preview:large","max-video-preview":"max-video-preview:-1"},"canonical":"https:\/\/tiendamarcial.com\/arnobysinam\/producto\/espada-sakabato-samurai-x-anime\/","og_locale":"es_ES","og_type":"article","og_title":"Espada Sakabat\u00f4 Samurai X - Anime - Tienda Marcial Colombia","og_description":"Kenshin Himura\u00a0(\u7dcb\u6751 \u5263\u5fc3\u00a0Himura Kenshin) es el protagonista del manga y anime de Rurouni Kenshin. Es un ex asesino samurai, que se vuelve vagabundo y viaja por todo Jap\u00f3n ofreciendo protecci\u00f3n y ayuda a quienes lo necesiten para lograr redimirse por los asesinatos que cometi\u00f3 en su pasado. Posee una inusual katana con \"filo invertido\" (la hoja de corte est\u00e1 del lado contrario), para as\u00ed no volver a matar nunca m\u00e1s. Durante el transcurso de la historia Kenshin va formando relaciones y teniendo encuentros, los cuales le permiten encontrar una verdadera expiaci\u00f3n de su pasado y una vida en plenitud.Esta caracter\u00edstica es \u00fanica y permite al usuario una variaci\u00f3n de t\u00e9cnicas que incluyen golpes con la curva externa y cortes en los movimientos de retroceso de la hoja. La curva de la hoja es tambi\u00e9n perfecta para la pr\u00e1ctica de los ataques a las extremidades, debido a que se acomoda la curva perfectamente a la forma de brazos y piernas.","og_url":"https:\/\/tiendamarcial.com\/arnobysinam\/producto\/espada-sakabato-samurai-x-anime\/","og_site_name":"Tienda Marcial Colombia","article_publisher":"https:\/\/www.facebook.com\/TiendaMarcial","article_modified_time":"2024-06-27T20:12:50+00:00","og_image":[{"width":600,"height":600,"url":"https:\/\/tiendamarcial.com\/arnobysinam\/wp-content\/uploads\/2023\/10\/ARSW105-espada-decorativa-anime-samurai-x-kenshin-himura-sakabato.jpg","type":"image\/jpeg"}],"twitter_card":"summary_large_image","twitter_site":"@TiendaMarcial","twitter_misc":{"Tiempo de lectura":"2 minutos"},"schema":{"@context":"https:\/\/schema.org","@graph":[{"@type":"WebPage","@id":"https:\/\/tiendamarcial.com\/arnobysinam\/producto\/espada-sakabato-samurai-x-anime\/","url":"https:\/\/tiendamarcial.com\/arnobysinam\/producto\/espada-sakabato-samurai-x-anime\/","name":"Espada Sakabat\u00f4 Samurai X - Anime - Tienda Marcial Colombia","isPartOf":{"@id":"https:\/\/tiendamarcial.com\/arnobysinam\/#website"},"primaryImageOfPage":{"@id":"https:\/\/tiendamarcial.com\/arnobysinam\/producto\/espada-sakabato-samurai-x-anime\/#primaryimage"},"image":{"@id":"https:\/\/tiendamarcial.com\/arnobysinam\/producto\/espada-sakabato-samurai-x-anime\/#primaryimage"},"thumbnailUrl":"https:\/\/tiendamarcial.com\/arnobysinam\/wp-content\/uploads\/2023\/10\/ARSW105-espada-decorativa-anime-samurai-x-kenshin-himura-sakabato.jpg","datePublished":"2023-10-04T22:33:47+00:00","dateModified":"2024-06-27T20:12:50+00:00","description":"Kenshin Himura\u00a0(\u7dcb\u6751 \u5263\u5fc3\u00a0Himura Kenshin) es el protagonista del manga y anime de Rurouni Kenshin. Es un ex asesino samurai, que se vuelve vagabundo y viaja por todo Jap\u00f3n ofreciendo protecci\u00f3n y ayuda a quienes lo necesiten para lograr redimirse por los asesinatos que cometi\u00f3 en su pasado. Posee una inusual katana con \"filo invertido\" (la hoja de corte est\u00e1 del lado contrario), para as\u00ed no volver a matar nunca m\u00e1s. Durante el transcurso de la historia Kenshin va formando relaciones y teniendo encuentros, los cuales le permiten encontrar una verdadera expiaci\u00f3n de su pasado y una vida en plenitud.Esta caracter\u00edstica es \u00fanica y permite al usuario una variaci\u00f3n de t\u00e9cnicas que incluyen golpes con la curva externa y cortes en los movimientos de retroceso de la hoja. La curva de la hoja es tambi\u00e9n perfecta para la pr\u00e1ctica de los ataques a las extremidades, debido a que se acomoda la curva perfectamente a la forma de brazos y piernas.","breadcrumb":{"@id":"https:\/\/tiendamarcial.com\/arnobysinam\/producto\/espada-sakabato-samurai-x-anime\/#breadcrumb"},"inLanguage":"es","potentialAction":[{"@type":"ReadAction","target":["https:\/\/tiendamarcial.com\/arnobysinam\/producto\/espada-sakabato-samurai-x-anime\/"]}]},{"@type":"ImageObject","inLanguage":"es","@id":"https:\/\/tiendamarcial.com\/arnobysinam\/producto\/espada-sakabato-samurai-x-anime\/#primaryimage","url":"https:\/\/tiendamarcial.com\/arnobysinam\/wp-content\/uploads\/2023\/10\/ARSW105-espada-decorativa-anime-samurai-x-kenshin-himura-sakabato.jpg","contentUrl":"https:\/\/tiendamarcial.com\/arnobysinam\/wp-content\/uploads\/2023\/10\/ARSW105-espada-decorativa-anime-samurai-x-kenshin-himura-sakabato.jpg","width":600,"height":600},{"@type":"BreadcrumbList","@id":"https:\/\/tiendamarcial.com\/arnobysinam\/producto\/espada-sakabato-samurai-x-anime\/#breadcrumb","itemListElement":[{"@type":"ListItem","position":1,"name":"Portada","item":"https:\/\/tiendamarcial.com\/arnobysinam\/"},{"@type":"ListItem","position":2,"name":"Tienda","item":"https:\/\/tiendamarcial.com\/arnobysinam\/tienda\/"},{"@type":"ListItem","position":3,"name":"Espada Sakabat\u00f4 Samurai X &#8211; Anime"}]},{"@type":"WebSite","@id":"https:\/\/tiendamarcial.com\/arnobysinam\/#website","url":"https:\/\/tiendamarcial.com\/arnobysinam\/","name":"Tienda Marcial Colombia","description":"Todo en implementos para Artes Marciales","potentialAction":[{"@type":"SearchAction","target":{"@type":"EntryPoint","urlTemplate":"https:\/\/tiendamarcial.com\/arnobysinam\/?s={search_term_string}"},"query-input":{"@type":"PropertyValueSpecification","valueRequired":true,"valueName":"search_term_string"}}],"inLanguage":"es"}]}},"_links":{"self":[{"href":"https:\/\/tiendamarcial.com\/arnobysinam\/wp-json\/wp\/v2\/product\/3490","targetHints":{"allow":["GET"]}}],"collection":[{"href":"https:\/\/tiendamarcial.com\/arnobysinam\/wp-json\/wp\/v2\/product"}],"about":[{"href":"https:\/\/tiendamarcial.com\/arnobysinam\/wp-json\/wp\/v2\/types\/product"}],"version-history":[{"count":2,"href":"https:\/\/tiendamarcial.com\/arnobysinam\/wp-json\/wp\/v2\/product\/3490\/revisions"}],"predecessor-version":[{"id":3498,"href":"https:\/\/tiendamarcial.com\/arnobysinam\/wp-json\/wp\/v2\/product\/3490\/revisions\/3498"}],"wp:featuredmedia":[{"embeddable":true,"href":"https:\/\/tiendamarcial.com\/arnobysinam\/wp-json\/wp\/v2\/media\/3497"}],"wp:attachment":[{"href":"https:\/\/tiendamarcial.com\/arnobysinam\/wp-json\/wp\/v2\/media?parent=3490"}],"wp:term":[{"taxonomy":"product_brand","embeddable":true,"href":"https:\/\/tiendamarcial.com\/arnobysinam\/wp-json\/wp\/v2\/product_brand?post=3490"},{"taxonomy":"product_cat","embeddable":true,"href":"https:\/\/tiendamarcial.com\/arnobysinam\/wp-json\/wp\/v2\/product_cat?post=3490"},{"taxonomy":"product_tag","embeddable":true,"href":"https:\/\/tiendamarcial.com\/arnobysinam\/wp-json\/wp\/v2\/product_tag?post=3490"}],"curies":[{"name":"wp","href":"https:\/\/api.w.org\/{rel}","templated":true}]}}