{"id":3234,"date":"2023-09-04T14:59:32","date_gmt":"2023-09-04T19:59:32","guid":{"rendered":"https:\/\/tiendamarcial.com\/arnobysinam\/?post_type=product&#038;p=3234"},"modified":"2023-09-04T14:59:58","modified_gmt":"2023-09-04T19:59:58","slug":"bola-inflable-pilates-65-cms","status":"publish","type":"product","link":"https:\/\/tiendamarcial.com\/arnobysinam\/producto\/bola-inflable-pilates-65-cms\/","title":{"rendered":"Bola inflable Pilates 65 cms"},"content":{"rendered":"<div style=\"text-align: justify;\">\n<div style=\"text-align: justify;\"><span style=\"font-family: verdana,geneva; font-size: 12pt;\">Esta bola inflable es adecuada para la pr\u00e1ctica de Pilates, Yoga y para ejercicios de fisioterapia.<\/p>\n<p>Ayuda a mejorar la circulaci\u00f3n y es espectacular para fortalecer el cuerpo con m\u00ednimo riesgo de lesiones.<br \/>\n<\/span><\/div>\n<div style=\"text-align: justify;\"><span style=\"font-family: verdana,geneva; font-size: 12pt;\">Fabricada en material de PVC durable. Color p\u00farpura.<\/p>\n<p><\/span><\/div>\n<div style=\"text-align: justify;\"><span style=\"font-weight: bold; text-decoration: underline; font-family: verdana,geneva; font-size: 12pt;\">Medidas:<\/span><\/p>\n<p><span style=\"font-family: verdana,geneva; font-size: 12pt;\">&#8211; 65 cms de di\u00e1metro.<\/span><\/div>\n<\/div>\n","protected":false},"excerpt":{"rendered":"<div style=\"text-align: justify;\"><span style=\"font-family: verdana,geneva; font-size: 12pt;\">Esta bola inflable es adecuada para la pr\u00e1ctica de Pilates, Yoga y para ejercicios de fisioterapia. Ayuda a mejorar la circulaci\u00f3n y es espectacular para fortalecer el cuerpo con m\u00ednimo riesgo de lesiones.<\/span><\/div>\n<p>&nbsp;<\/p>\n","protected":false},"featured_media":3237,"template":"","meta":[],"product_brand":[],"product_cat":[320],"product_tag":[420,415,418,416,419,417],"class_list":{"0":"post-3234","1":"product","2":"type-product","3":"status-publish","4":"has-post-thumbnail","6":"product_cat-varios-entrenamiento","7":"product_tag-balon","8":"product_tag-bola","9":"product_tag-estabilidad","10":"product_tag-inflable","11":"product_tag-pelota","12":"product_tag-pilates","14":"first","15":"instock","16":"shipping-taxable","17":"purchasable","18":"product-type-simple"},"yoast_head":"<!-- This site is optimized with the Yoast SEO plugin v26.8 - https:\/\/yoast.com\/product\/yoast-seo-wordpress\/ -->\n<title>Bola inflable Pilates 65 cms - Tienda Marcial Colombia<\/title>\n<meta name=\"robots\" content=\"index, follow, max-snippet:-1, max-image-preview:large, max-video-preview:-1\" \/>\n<link rel=\"canonical\" href=\"https:\/\/tiendamarcial.com\/arnobysinam\/producto\/bola-inflable-pilates-65-cms\/\" \/>\n<meta property=\"og:locale\" content=\"es_ES\" \/>\n<meta property=\"og:type\" content=\"article\" \/>\n<meta property=\"og:title\" content=\"Bola inflable Pilates 65 cms - Tienda Marcial Colombia\" \/>\n<meta property=\"og:description\" content=\"Esta bola inflable es adecuada para la pr\u00e1ctica de Pilates, Yoga y para ejercicios de fisioterapia. Ayuda a mejorar la circulaci\u00f3n y es espectacular para fortalecer el cuerpo con m\u00ednimo riesgo de lesiones. &nbsp;\" \/>\n<meta property=\"og:url\" content=\"https:\/\/tiendamarcial.com\/arnobysinam\/producto\/bola-inflable-pilates-65-cms\/\" \/>\n<meta property=\"og:site_name\" content=\"Tienda Marcial Colombia\" \/>\n<meta property=\"article:publisher\" content=\"https:\/\/www.facebook.com\/TiendaMarcial\" \/>\n<meta property=\"article:modified_time\" content=\"2023-09-04T19:59:58+00:00\" \/>\n<meta property=\"og:image\" content=\"https:\/\/tiendamarcial.com\/arnobysinam\/wp-content\/uploads\/2023\/09\/ENBL001.jpg\" \/>\n\t<meta property=\"og:image:width\" content=\"600\" \/>\n\t<meta property=\"og:image:height\" content=\"600\" \/>\n\t<meta property=\"og:image:type\" content=\"image\/jpeg\" \/>\n<meta name=\"twitter:card\" content=\"summary_large_image\" \/>\n<meta name=\"twitter:site\" content=\"@TiendaMarcial\" \/>\n<script type=\"application\/ld+json\" class=\"yoast-schema-graph\">{\"@context\":\"https:\/\/schema.org\",\"@graph\":[{\"@type\":\"WebPage\",\"@id\":\"https:\/\/tiendamarcial.com\/arnobysinam\/producto\/bola-inflable-pilates-65-cms\/\",\"url\":\"https:\/\/tiendamarcial.com\/arnobysinam\/producto\/bola-inflable-pilates-65-cms\/\",\"name\":\"Bola inflable Pilates 65 cms - Tienda Marcial Colombia\",\"isPartOf\":{\"@id\":\"https:\/\/tiendamarcial.com\/arnobysinam\/#website\"},\"primaryImageOfPage\":{\"@id\":\"https:\/\/tiendamarcial.com\/arnobysinam\/producto\/bola-inflable-pilates-65-cms\/#primaryimage\"},\"image\":{\"@id\":\"https:\/\/tiendamarcial.com\/arnobysinam\/producto\/bola-inflable-pilates-65-cms\/#primaryimage\"},\"thumbnailUrl\":\"https:\/\/tiendamarcial.com\/arnobysinam\/wp-content\/uploads\/2023\/09\/ENBL001.jpg\",\"datePublished\":\"2023-09-04T19:59:32+00:00\",\"dateModified\":\"2023-09-04T19:59:58+00:00\",\"breadcrumb\":{\"@id\":\"https:\/\/tiendamarcial.com\/arnobysinam\/producto\/bola-inflable-pilates-65-cms\/#breadcrumb\"},\"inLanguage\":\"es\",\"potentialAction\":[{\"@type\":\"ReadAction\",\"target\":[\"https:\/\/tiendamarcial.com\/arnobysinam\/producto\/bola-inflable-pilates-65-cms\/\"]}]},{\"@type\":\"ImageObject\",\"inLanguage\":\"es\",\"@id\":\"https:\/\/tiendamarcial.com\/arnobysinam\/producto\/bola-inflable-pilates-65-cms\/#primaryimage\",\"url\":\"https:\/\/tiendamarcial.com\/arnobysinam\/wp-content\/uploads\/2023\/09\/ENBL001.jpg\",\"contentUrl\":\"https:\/\/tiendamarcial.com\/arnobysinam\/wp-content\/uploads\/2023\/09\/ENBL001.jpg\",\"width\":600,\"height\":600},{\"@type\":\"BreadcrumbList\",\"@id\":\"https:\/\/tiendamarcial.com\/arnobysinam\/producto\/bola-inflable-pilates-65-cms\/#breadcrumb\",\"itemListElement\":[{\"@type\":\"ListItem\",\"position\":1,\"name\":\"Portada\",\"item\":\"https:\/\/tiendamarcial.com\/arnobysinam\/\"},{\"@type\":\"ListItem\",\"position\":2,\"name\":\"Tienda\",\"item\":\"https:\/\/tiendamarcial.com\/arnobysinam\/tienda\/\"},{\"@type\":\"ListItem\",\"position\":3,\"name\":\"Bola inflable Pilates 65 cms\"}]},{\"@type\":\"WebSite\",\"@id\":\"https:\/\/tiendamarcial.com\/arnobysinam\/#website\",\"url\":\"https:\/\/tiendamarcial.com\/arnobysinam\/\",\"name\":\"Tienda Marcial Colombia\",\"description\":\"Todo en implementos para Artes Marciales\",\"potentialAction\":[{\"@type\":\"SearchAction\",\"target\":{\"@type\":\"EntryPoint\",\"urlTemplate\":\"https:\/\/tiendamarcial.com\/arnobysinam\/?s={search_term_string}\"},\"query-input\":{\"@type\":\"PropertyValueSpecification\",\"valueRequired\":true,\"valueName\":\"search_term_string\"}}],\"inLanguage\":\"es\"}]}<\/script>\n<!-- \/ Yoast SEO plugin. -->","yoast_head_json":{"title":"Bola inflable Pilates 65 cms - Tienda Marcial Colombia","robots":{"index":"index","follow":"follow","max-snippet":"max-snippet:-1","max-image-preview":"max-image-preview:large","max-video-preview":"max-video-preview:-1"},"canonical":"https:\/\/tiendamarcial.com\/arnobysinam\/producto\/bola-inflable-pilates-65-cms\/","og_locale":"es_ES","og_type":"article","og_title":"Bola inflable Pilates 65 cms - Tienda Marcial Colombia","og_description":"Esta bola inflable es adecuada para la pr\u00e1ctica de Pilates, Yoga y para ejercicios de fisioterapia. Ayuda a mejorar la circulaci\u00f3n y es espectacular para fortalecer el cuerpo con m\u00ednimo riesgo de lesiones. &nbsp;","og_url":"https:\/\/tiendamarcial.com\/arnobysinam\/producto\/bola-inflable-pilates-65-cms\/","og_site_name":"Tienda Marcial Colombia","article_publisher":"https:\/\/www.facebook.com\/TiendaMarcial","article_modified_time":"2023-09-04T19:59:58+00:00","og_image":[{"width":600,"height":600,"url":"https:\/\/tiendamarcial.com\/arnobysinam\/wp-content\/uploads\/2023\/09\/ENBL001.jpg","type":"image\/jpeg"}],"twitter_card":"summary_large_image","twitter_site":"@TiendaMarcial","schema":{"@context":"https:\/\/schema.org","@graph":[{"@type":"WebPage","@id":"https:\/\/tiendamarcial.com\/arnobysinam\/producto\/bola-inflable-pilates-65-cms\/","url":"https:\/\/tiendamarcial.com\/arnobysinam\/producto\/bola-inflable-pilates-65-cms\/","name":"Bola inflable Pilates 65 cms - Tienda Marcial Colombia","isPartOf":{"@id":"https:\/\/tiendamarcial.com\/arnobysinam\/#website"},"primaryImageOfPage":{"@id":"https:\/\/tiendamarcial.com\/arnobysinam\/producto\/bola-inflable-pilates-65-cms\/#primaryimage"},"image":{"@id":"https:\/\/tiendamarcial.com\/arnobysinam\/producto\/bola-inflable-pilates-65-cms\/#primaryimage"},"thumbnailUrl":"https:\/\/tiendamarcial.com\/arnobysinam\/wp-content\/uploads\/2023\/09\/ENBL001.jpg","datePublished":"2023-09-04T19:59:32+00:00","dateModified":"2023-09-04T19:59:58+00:00","breadcrumb":{"@id":"https:\/\/tiendamarcial.com\/arnobysinam\/producto\/bola-inflable-pilates-65-cms\/#breadcrumb"},"inLanguage":"es","potentialAction":[{"@type":"ReadAction","target":["https:\/\/tiendamarcial.com\/arnobysinam\/producto\/bola-inflable-pilates-65-cms\/"]}]},{"@type":"ImageObject","inLanguage":"es","@id":"https:\/\/tiendamarcial.com\/arnobysinam\/producto\/bola-inflable-pilates-65-cms\/#primaryimage","url":"https:\/\/tiendamarcial.com\/arnobysinam\/wp-content\/uploads\/2023\/09\/ENBL001.jpg","contentUrl":"https:\/\/tiendamarcial.com\/arnobysinam\/wp-content\/uploads\/2023\/09\/ENBL001.jpg","width":600,"height":600},{"@type":"BreadcrumbList","@id":"https:\/\/tiendamarcial.com\/arnobysinam\/producto\/bola-inflable-pilates-65-cms\/#breadcrumb","itemListElement":[{"@type":"ListItem","position":1,"name":"Portada","item":"https:\/\/tiendamarcial.com\/arnobysinam\/"},{"@type":"ListItem","position":2,"name":"Tienda","item":"https:\/\/tiendamarcial.com\/arnobysinam\/tienda\/"},{"@type":"ListItem","position":3,"name":"Bola inflable Pilates 65 cms"}]},{"@type":"WebSite","@id":"https:\/\/tiendamarcial.com\/arnobysinam\/#website","url":"https:\/\/tiendamarcial.com\/arnobysinam\/","name":"Tienda Marcial Colombia","description":"Todo en implementos para Artes Marciales","potentialAction":[{"@type":"SearchAction","target":{"@type":"EntryPoint","urlTemplate":"https:\/\/tiendamarcial.com\/arnobysinam\/?s={search_term_string}"},"query-input":{"@type":"PropertyValueSpecification","valueRequired":true,"valueName":"search_term_string"}}],"inLanguage":"es"}]}},"_links":{"self":[{"href":"https:\/\/tiendamarcial.com\/arnobysinam\/wp-json\/wp\/v2\/product\/3234","targetHints":{"allow":["GET"]}}],"collection":[{"href":"https:\/\/tiendamarcial.com\/arnobysinam\/wp-json\/wp\/v2\/product"}],"about":[{"href":"https:\/\/tiendamarcial.com\/arnobysinam\/wp-json\/wp\/v2\/types\/product"}],"version-history":[{"count":2,"href":"https:\/\/tiendamarcial.com\/arnobysinam\/wp-json\/wp\/v2\/product\/3234\/revisions"}],"predecessor-version":[{"id":3238,"href":"https:\/\/tiendamarcial.com\/arnobysinam\/wp-json\/wp\/v2\/product\/3234\/revisions\/3238"}],"wp:featuredmedia":[{"embeddable":true,"href":"https:\/\/tiendamarcial.com\/arnobysinam\/wp-json\/wp\/v2\/media\/3237"}],"wp:attachment":[{"href":"https:\/\/tiendamarcial.com\/arnobysinam\/wp-json\/wp\/v2\/media?parent=3234"}],"wp:term":[{"taxonomy":"product_brand","embeddable":true,"href":"https:\/\/tiendamarcial.com\/arnobysinam\/wp-json\/wp\/v2\/product_brand?post=3234"},{"taxonomy":"product_cat","embeddable":true,"href":"https:\/\/tiendamarcial.com\/arnobysinam\/wp-json\/wp\/v2\/product_cat?post=3234"},{"taxonomy":"product_tag","embeddable":true,"href":"https:\/\/tiendamarcial.com\/arnobysinam\/wp-json\/wp\/v2\/product_tag?post=3234"}],"curies":[{"name":"wp","href":"https:\/\/api.w.org\/{rel}","templated":true}]}}