{"id":3203,"date":"2023-09-02T14:14:04","date_gmt":"2023-09-02T19:14:04","guid":{"rendered":"https:\/\/tiendamarcial.com\/arnobysinam\/?post_type=product&#038;p=3203"},"modified":"2024-01-02T13:35:20","modified_gmt":"2024-01-02T18:35:20","slug":"cuerda-para-saltar-de-alta-velocidad-rdx","status":"publish","type":"product","link":"https:\/\/tiendamarcial.com\/arnobysinam\/producto\/cuerda-para-saltar-de-alta-velocidad-rdx\/","title":{"rendered":"Cuerda para saltar de alta velocidad &#8211; RDX"},"content":{"rendered":"<div style=\"text-align: justify;\">\n<p>Cuerda fitness de alta velocidad para saltar, marca RDX. Agarraderas recubiertas de neopreno muy livianas. Regulable al largo necesario para la altura de quien la usa. Cuerda fabricada en goma s\u00f3lida resistente. Tiene sistema de rodamientos sellados para la rotaci\u00f3n a alta velocidad durante el ejercicio.<\/p>\n<p>La cuerda es f\u00e1cilmente regulable al largo que se necesite para realizar el ejercicio de manera c\u00f3moda. Se desenroscan las tapas del lado inferior de la empu\u00f1adura y desde adentro se acomoda la cuerda al largo deseado.<\/p>\n<p>Saltar la cuerda es una actividad cardiovascular de entrenamiento similar a correr o andar en bicicleta. Este ejercicio aer\u00f3bico puede conseguir hacerte gastar hasta 700 calor\u00edas por hora.<\/p>\n<p><strong>Caracter\u00edsticas t\u00e9cnicas:<\/strong><\/p>\n<p>&#8211;\u00a0Velocidad de\u00a0la cuerda de salto\u00a0con sistema giratorio.<br \/>\n&#8211; Material:\u00a0Vinilo.<br \/>\n&#8211; Tama\u00f1o:\u00a0305\u00a0cm de largo, regulable.<br \/>\n&#8211; Bal\u00edn de\u00a0alta\u00a0calidad que llevan\u00a0a un movimiento\u00a0de cuerda\u00a0liso.<br \/>\n&#8211;\u00a0Agarre antideslizante\u00a0para un\u00a0agarre seguro, f\u00e1cil\u00a0y ultra-confortable.<\/p>\n<\/div>\n","protected":false},"excerpt":{"rendered":"<p>Cuerda Deluxe Fitness de alta velocidad para saltar, marca RDX. Agarraderas recubiertas de neopreno muy livianas. Regulable al largo necesario para la altura de quien la usa. Cuerda fabricada en goma s\u00f3lida resistente. Tiene sistema de rodamientos sellados para la rotaci\u00f3n a alta velocidad durante el ejercicio.<\/p>\n<p>&nbsp;<\/p>\n","protected":false},"featured_media":3206,"template":"","meta":[],"product_brand":[],"product_cat":[320],"product_tag":[411,413,412,404],"class_list":{"0":"post-3203","1":"product","2":"type-product","3":"status-publish","4":"has-post-thumbnail","6":"product_cat-varios-entrenamiento","7":"product_tag-cuerda","8":"product_tag-rdx","9":"product_tag-saltar","10":"product_tag-velocidad","12":"first","13":"instock","14":"shipping-taxable","15":"purchasable","16":"product-type-simple"},"yoast_head":"<!-- This site is optimized with the Yoast SEO plugin v26.8 - https:\/\/yoast.com\/product\/yoast-seo-wordpress\/ -->\n<title>Cuerda para saltar de alta velocidad - RDX - Tienda Marcial Colombia<\/title>\n<meta name=\"robots\" content=\"index, follow, max-snippet:-1, max-image-preview:large, max-video-preview:-1\" \/>\n<link rel=\"canonical\" href=\"https:\/\/tiendamarcial.com\/arnobysinam\/producto\/cuerda-para-saltar-de-alta-velocidad-rdx\/\" \/>\n<meta property=\"og:locale\" content=\"es_ES\" \/>\n<meta property=\"og:type\" content=\"article\" \/>\n<meta property=\"og:title\" content=\"Cuerda para saltar de alta velocidad - RDX - Tienda Marcial Colombia\" \/>\n<meta property=\"og:description\" content=\"Cuerda Deluxe Fitness de alta velocidad para saltar, marca RDX. Agarraderas recubiertas de neopreno muy livianas. Regulable al largo necesario para la altura de quien la usa. Cuerda fabricada en goma s\u00f3lida resistente. Tiene sistema de rodamientos sellados para la rotaci\u00f3n a alta velocidad durante el ejercicio.  &nbsp;\" \/>\n<meta property=\"og:url\" content=\"https:\/\/tiendamarcial.com\/arnobysinam\/producto\/cuerda-para-saltar-de-alta-velocidad-rdx\/\" \/>\n<meta property=\"og:site_name\" content=\"Tienda Marcial Colombia\" \/>\n<meta property=\"article:publisher\" content=\"https:\/\/www.facebook.com\/TiendaMarcial\" \/>\n<meta property=\"article:modified_time\" content=\"2024-01-02T18:35:20+00:00\" \/>\n<meta property=\"og:image\" content=\"https:\/\/tiendamarcial.com\/arnobysinam\/wp-content\/uploads\/2023\/09\/ENCS001_cuerda_saltar_rdx.jpg\" \/>\n\t<meta property=\"og:image:width\" content=\"600\" \/>\n\t<meta property=\"og:image:height\" content=\"600\" \/>\n\t<meta property=\"og:image:type\" content=\"image\/jpeg\" \/>\n<meta name=\"twitter:card\" content=\"summary_large_image\" \/>\n<meta name=\"twitter:site\" content=\"@TiendaMarcial\" \/>\n<meta name=\"twitter:label1\" content=\"Tiempo de lectura\" \/>\n\t<meta name=\"twitter:data1\" content=\"1 minuto\" \/>\n<script type=\"application\/ld+json\" class=\"yoast-schema-graph\">{\"@context\":\"https:\/\/schema.org\",\"@graph\":[{\"@type\":\"WebPage\",\"@id\":\"https:\/\/tiendamarcial.com\/arnobysinam\/producto\/cuerda-para-saltar-de-alta-velocidad-rdx\/\",\"url\":\"https:\/\/tiendamarcial.com\/arnobysinam\/producto\/cuerda-para-saltar-de-alta-velocidad-rdx\/\",\"name\":\"Cuerda para saltar de alta velocidad - RDX - Tienda Marcial Colombia\",\"isPartOf\":{\"@id\":\"https:\/\/tiendamarcial.com\/arnobysinam\/#website\"},\"primaryImageOfPage\":{\"@id\":\"https:\/\/tiendamarcial.com\/arnobysinam\/producto\/cuerda-para-saltar-de-alta-velocidad-rdx\/#primaryimage\"},\"image\":{\"@id\":\"https:\/\/tiendamarcial.com\/arnobysinam\/producto\/cuerda-para-saltar-de-alta-velocidad-rdx\/#primaryimage\"},\"thumbnailUrl\":\"https:\/\/tiendamarcial.com\/arnobysinam\/wp-content\/uploads\/2023\/09\/ENCS001_cuerda_saltar_rdx.jpg\",\"datePublished\":\"2023-09-02T19:14:04+00:00\",\"dateModified\":\"2024-01-02T18:35:20+00:00\",\"breadcrumb\":{\"@id\":\"https:\/\/tiendamarcial.com\/arnobysinam\/producto\/cuerda-para-saltar-de-alta-velocidad-rdx\/#breadcrumb\"},\"inLanguage\":\"es\",\"potentialAction\":[{\"@type\":\"ReadAction\",\"target\":[\"https:\/\/tiendamarcial.com\/arnobysinam\/producto\/cuerda-para-saltar-de-alta-velocidad-rdx\/\"]}]},{\"@type\":\"ImageObject\",\"inLanguage\":\"es\",\"@id\":\"https:\/\/tiendamarcial.com\/arnobysinam\/producto\/cuerda-para-saltar-de-alta-velocidad-rdx\/#primaryimage\",\"url\":\"https:\/\/tiendamarcial.com\/arnobysinam\/wp-content\/uploads\/2023\/09\/ENCS001_cuerda_saltar_rdx.jpg\",\"contentUrl\":\"https:\/\/tiendamarcial.com\/arnobysinam\/wp-content\/uploads\/2023\/09\/ENCS001_cuerda_saltar_rdx.jpg\",\"width\":600,\"height\":600},{\"@type\":\"BreadcrumbList\",\"@id\":\"https:\/\/tiendamarcial.com\/arnobysinam\/producto\/cuerda-para-saltar-de-alta-velocidad-rdx\/#breadcrumb\",\"itemListElement\":[{\"@type\":\"ListItem\",\"position\":1,\"name\":\"Portada\",\"item\":\"https:\/\/tiendamarcial.com\/arnobysinam\/\"},{\"@type\":\"ListItem\",\"position\":2,\"name\":\"Tienda\",\"item\":\"https:\/\/tiendamarcial.com\/arnobysinam\/tienda\/\"},{\"@type\":\"ListItem\",\"position\":3,\"name\":\"Cuerda para saltar de alta velocidad &#8211; RDX\"}]},{\"@type\":\"WebSite\",\"@id\":\"https:\/\/tiendamarcial.com\/arnobysinam\/#website\",\"url\":\"https:\/\/tiendamarcial.com\/arnobysinam\/\",\"name\":\"Tienda Marcial Colombia\",\"description\":\"Todo en implementos para Artes Marciales\",\"potentialAction\":[{\"@type\":\"SearchAction\",\"target\":{\"@type\":\"EntryPoint\",\"urlTemplate\":\"https:\/\/tiendamarcial.com\/arnobysinam\/?s={search_term_string}\"},\"query-input\":{\"@type\":\"PropertyValueSpecification\",\"valueRequired\":true,\"valueName\":\"search_term_string\"}}],\"inLanguage\":\"es\"}]}<\/script>\n<!-- \/ Yoast SEO plugin. -->","yoast_head_json":{"title":"Cuerda para saltar de alta velocidad - RDX - Tienda Marcial Colombia","robots":{"index":"index","follow":"follow","max-snippet":"max-snippet:-1","max-image-preview":"max-image-preview:large","max-video-preview":"max-video-preview:-1"},"canonical":"https:\/\/tiendamarcial.com\/arnobysinam\/producto\/cuerda-para-saltar-de-alta-velocidad-rdx\/","og_locale":"es_ES","og_type":"article","og_title":"Cuerda para saltar de alta velocidad - RDX - Tienda Marcial Colombia","og_description":"Cuerda Deluxe Fitness de alta velocidad para saltar, marca RDX. Agarraderas recubiertas de neopreno muy livianas. Regulable al largo necesario para la altura de quien la usa. Cuerda fabricada en goma s\u00f3lida resistente. Tiene sistema de rodamientos sellados para la rotaci\u00f3n a alta velocidad durante el ejercicio.  &nbsp;","og_url":"https:\/\/tiendamarcial.com\/arnobysinam\/producto\/cuerda-para-saltar-de-alta-velocidad-rdx\/","og_site_name":"Tienda Marcial Colombia","article_publisher":"https:\/\/www.facebook.com\/TiendaMarcial","article_modified_time":"2024-01-02T18:35:20+00:00","og_image":[{"width":600,"height":600,"url":"https:\/\/tiendamarcial.com\/arnobysinam\/wp-content\/uploads\/2023\/09\/ENCS001_cuerda_saltar_rdx.jpg","type":"image\/jpeg"}],"twitter_card":"summary_large_image","twitter_site":"@TiendaMarcial","twitter_misc":{"Tiempo de lectura":"1 minuto"},"schema":{"@context":"https:\/\/schema.org","@graph":[{"@type":"WebPage","@id":"https:\/\/tiendamarcial.com\/arnobysinam\/producto\/cuerda-para-saltar-de-alta-velocidad-rdx\/","url":"https:\/\/tiendamarcial.com\/arnobysinam\/producto\/cuerda-para-saltar-de-alta-velocidad-rdx\/","name":"Cuerda para saltar de alta velocidad - RDX - Tienda Marcial Colombia","isPartOf":{"@id":"https:\/\/tiendamarcial.com\/arnobysinam\/#website"},"primaryImageOfPage":{"@id":"https:\/\/tiendamarcial.com\/arnobysinam\/producto\/cuerda-para-saltar-de-alta-velocidad-rdx\/#primaryimage"},"image":{"@id":"https:\/\/tiendamarcial.com\/arnobysinam\/producto\/cuerda-para-saltar-de-alta-velocidad-rdx\/#primaryimage"},"thumbnailUrl":"https:\/\/tiendamarcial.com\/arnobysinam\/wp-content\/uploads\/2023\/09\/ENCS001_cuerda_saltar_rdx.jpg","datePublished":"2023-09-02T19:14:04+00:00","dateModified":"2024-01-02T18:35:20+00:00","breadcrumb":{"@id":"https:\/\/tiendamarcial.com\/arnobysinam\/producto\/cuerda-para-saltar-de-alta-velocidad-rdx\/#breadcrumb"},"inLanguage":"es","potentialAction":[{"@type":"ReadAction","target":["https:\/\/tiendamarcial.com\/arnobysinam\/producto\/cuerda-para-saltar-de-alta-velocidad-rdx\/"]}]},{"@type":"ImageObject","inLanguage":"es","@id":"https:\/\/tiendamarcial.com\/arnobysinam\/producto\/cuerda-para-saltar-de-alta-velocidad-rdx\/#primaryimage","url":"https:\/\/tiendamarcial.com\/arnobysinam\/wp-content\/uploads\/2023\/09\/ENCS001_cuerda_saltar_rdx.jpg","contentUrl":"https:\/\/tiendamarcial.com\/arnobysinam\/wp-content\/uploads\/2023\/09\/ENCS001_cuerda_saltar_rdx.jpg","width":600,"height":600},{"@type":"BreadcrumbList","@id":"https:\/\/tiendamarcial.com\/arnobysinam\/producto\/cuerda-para-saltar-de-alta-velocidad-rdx\/#breadcrumb","itemListElement":[{"@type":"ListItem","position":1,"name":"Portada","item":"https:\/\/tiendamarcial.com\/arnobysinam\/"},{"@type":"ListItem","position":2,"name":"Tienda","item":"https:\/\/tiendamarcial.com\/arnobysinam\/tienda\/"},{"@type":"ListItem","position":3,"name":"Cuerda para saltar de alta velocidad &#8211; RDX"}]},{"@type":"WebSite","@id":"https:\/\/tiendamarcial.com\/arnobysinam\/#website","url":"https:\/\/tiendamarcial.com\/arnobysinam\/","name":"Tienda Marcial Colombia","description":"Todo en implementos para Artes Marciales","potentialAction":[{"@type":"SearchAction","target":{"@type":"EntryPoint","urlTemplate":"https:\/\/tiendamarcial.com\/arnobysinam\/?s={search_term_string}"},"query-input":{"@type":"PropertyValueSpecification","valueRequired":true,"valueName":"search_term_string"}}],"inLanguage":"es"}]}},"_links":{"self":[{"href":"https:\/\/tiendamarcial.com\/arnobysinam\/wp-json\/wp\/v2\/product\/3203","targetHints":{"allow":["GET"]}}],"collection":[{"href":"https:\/\/tiendamarcial.com\/arnobysinam\/wp-json\/wp\/v2\/product"}],"about":[{"href":"https:\/\/tiendamarcial.com\/arnobysinam\/wp-json\/wp\/v2\/types\/product"}],"version-history":[{"count":4,"href":"https:\/\/tiendamarcial.com\/arnobysinam\/wp-json\/wp\/v2\/product\/3203\/revisions"}],"predecessor-version":[{"id":3394,"href":"https:\/\/tiendamarcial.com\/arnobysinam\/wp-json\/wp\/v2\/product\/3203\/revisions\/3394"}],"wp:featuredmedia":[{"embeddable":true,"href":"https:\/\/tiendamarcial.com\/arnobysinam\/wp-json\/wp\/v2\/media\/3206"}],"wp:attachment":[{"href":"https:\/\/tiendamarcial.com\/arnobysinam\/wp-json\/wp\/v2\/media?parent=3203"}],"wp:term":[{"taxonomy":"product_brand","embeddable":true,"href":"https:\/\/tiendamarcial.com\/arnobysinam\/wp-json\/wp\/v2\/product_brand?post=3203"},{"taxonomy":"product_cat","embeddable":true,"href":"https:\/\/tiendamarcial.com\/arnobysinam\/wp-json\/wp\/v2\/product_cat?post=3203"},{"taxonomy":"product_tag","embeddable":true,"href":"https:\/\/tiendamarcial.com\/arnobysinam\/wp-json\/wp\/v2\/product_tag?post=3203"}],"curies":[{"name":"wp","href":"https:\/\/api.w.org\/{rel}","templated":true}]}}