{"id":3186,"date":"2023-09-02T12:08:34","date_gmt":"2023-09-02T17:08:34","guid":{"rendered":"https:\/\/tiendamarcial.com\/arnobysinam\/?post_type=product&#038;p=3186"},"modified":"2024-01-03T17:12:18","modified_gmt":"2024-01-03T22:12:18","slug":"bokken-kiyohime-liviano","status":"publish","type":"product","link":"https:\/\/tiendamarcial.com\/arnobysinam\/producto\/bokken-kiyohime-liviano\/","title":{"rendered":"Bokken Kiyohime &#8211; Liviano"},"content":{"rendered":"<p><span style=\"font-family: verdana, geneva; font-size: 12pt;\">El Bokken (\u6728\u5263) es un arma de pr\u00e1ctica para el arte de la espada japonesa. Esta arma es utilizada principalmente para el combate y la formaci\u00f3n de kata (formas o figuras). Sin embargo, un mismo bokken es un gran arma eficaz por s\u00ed solo.<br \/>\n<\/span><br \/>\n<span style=\"font-family: verdana, geneva; font-size: 12pt;\">En las manos de un maestro de kend\u00f4 experimentado un bokken puede ser tan exacto y devastador como una espada real. En cualquier caso un bokken es esencial para la formaci\u00f3n en\u00a0 el arte de la espada\u00a0 para la mayor\u00eda de los japoneses.<br \/>\n<\/span><br \/>\n<span style=\"font-family: verdana, geneva; font-size: 12pt;\">Este es el m\u00e1s nuevo estilo del bokken. El problema anterior del deslizamiento de las manos cuando \u00e9stas se sudaban (como lo har\u00e1n cuando la pr\u00e1ctica) se ha resuelto mediante la adici\u00f3n de un enrolle igual al trenzado de una katana real en su empu\u00f1adura.<br \/>\n<\/span><br \/>\n<strong><span style=\"font-family: verdana, geneva; font-size: 12pt;\">Caracter\u00edsticas:<br \/>\n<\/span><\/strong><br \/>\n<span style=\"font-family: verdana, geneva; font-size: 12pt;\">&#8211; Bokken liviano; ideal para ni\u00f1os o para figuras que requieran de velocidad.<\/span><br \/>\n<span style=\"font-family: verdana, geneva; font-size: 12pt;\">&#8211; Este bokken se ha construido en madera natural sin proceso al calor.<br \/>\n&#8211; Tiene una terminaci\u00f3n en color negro mate en toda la madera.<\/span><br \/>\n<span style=\"font-family: verdana, geneva; font-size: 12pt;\">&#8211; El mango del bokken se ha ajustado con una envoltura de nylon en color rojo.<\/span><br \/>\n<span style=\"font-family: verdana, geneva; font-size: 12pt;\">&#8211; Tiene 100 cms de largo por 3,4 cms de ancho; la tsuba es ovalada de 7 cms por 6,7 cms.<br \/>\n&#8211; Tiene un peso de 325 gramos.<\/span><\/p>\n","protected":false},"excerpt":{"rendered":"<p><span style=\"font-family: verdana, geneva; font-size: 12pt;\">El Bokken (\u6728\u5263) es un arma de pr\u00e1ctica para el arte de la espada japonesa. Esta arma es utilizada principalmente para el combate y la formaci\u00f3n de kata (formas o figuras). Sin embargo, un mismo bokken es un gran arma eficaz por s\u00ed solo.<\/span><\/p>\n","protected":false},"featured_media":3189,"template":"","meta":[],"product_brand":[],"product_cat":[105],"product_tag":[106,107,410,108,65,46],"class_list":{"0":"post-3186","1":"product","2":"type-product","3":"status-publish","4":"has-post-thumbnail","6":"product_cat-bokken-y-shinai","7":"product_tag-bokken","8":"product_tag-bokuto","9":"product_tag-espada-madera","10":"product_tag-kendo","11":"product_tag-kenjutsu","12":"product_tag-ninjutsu","14":"first","15":"outofstock","16":"shipping-taxable","17":"purchasable","18":"product-type-simple"},"yoast_head":"<!-- This site is optimized with the Yoast SEO plugin v26.8 - https:\/\/yoast.com\/product\/yoast-seo-wordpress\/ -->\n<title>Bokken Kiyohime - Liviano - Tienda Marcial Colombia<\/title>\n<meta name=\"robots\" content=\"index, follow, max-snippet:-1, max-image-preview:large, max-video-preview:-1\" \/>\n<link rel=\"canonical\" href=\"https:\/\/tiendamarcial.com\/arnobysinam\/producto\/bokken-kiyohime-liviano\/\" \/>\n<meta property=\"og:locale\" content=\"es_ES\" \/>\n<meta property=\"og:type\" content=\"article\" \/>\n<meta property=\"og:title\" content=\"Bokken Kiyohime - Liviano - Tienda Marcial Colombia\" \/>\n<meta property=\"og:description\" content=\"El Bokken (\u6728\u5263) es un arma de pr\u00e1ctica para el arte de la espada japonesa. Esta arma es utilizada principalmente para el combate y la formaci\u00f3n de kata (formas o figuras). Sin embargo, un mismo bokken es un gran arma eficaz por s\u00ed solo.\" \/>\n<meta property=\"og:url\" content=\"https:\/\/tiendamarcial.com\/arnobysinam\/producto\/bokken-kiyohime-liviano\/\" \/>\n<meta property=\"og:site_name\" content=\"Tienda Marcial Colombia\" \/>\n<meta property=\"article:publisher\" content=\"https:\/\/www.facebook.com\/TiendaMarcial\" \/>\n<meta property=\"article:modified_time\" content=\"2024-01-03T22:12:18+00:00\" \/>\n<meta property=\"og:image\" content=\"https:\/\/tiendamarcial.com\/arnobysinam\/wp-content\/uploads\/2023\/09\/ARBK030.jpg\" \/>\n\t<meta property=\"og:image:width\" content=\"600\" \/>\n\t<meta property=\"og:image:height\" content=\"600\" \/>\n\t<meta property=\"og:image:type\" content=\"image\/jpeg\" \/>\n<meta name=\"twitter:card\" content=\"summary_large_image\" \/>\n<meta name=\"twitter:site\" content=\"@TiendaMarcial\" \/>\n<meta name=\"twitter:label1\" content=\"Tiempo de lectura\" \/>\n\t<meta name=\"twitter:data1\" content=\"1 minuto\" \/>\n<script type=\"application\/ld+json\" class=\"yoast-schema-graph\">{\"@context\":\"https:\/\/schema.org\",\"@graph\":[{\"@type\":\"WebPage\",\"@id\":\"https:\/\/tiendamarcial.com\/arnobysinam\/producto\/bokken-kiyohime-liviano\/\",\"url\":\"https:\/\/tiendamarcial.com\/arnobysinam\/producto\/bokken-kiyohime-liviano\/\",\"name\":\"Bokken Kiyohime - Liviano - Tienda Marcial Colombia\",\"isPartOf\":{\"@id\":\"https:\/\/tiendamarcial.com\/arnobysinam\/#website\"},\"primaryImageOfPage\":{\"@id\":\"https:\/\/tiendamarcial.com\/arnobysinam\/producto\/bokken-kiyohime-liviano\/#primaryimage\"},\"image\":{\"@id\":\"https:\/\/tiendamarcial.com\/arnobysinam\/producto\/bokken-kiyohime-liviano\/#primaryimage\"},\"thumbnailUrl\":\"https:\/\/tiendamarcial.com\/arnobysinam\/wp-content\/uploads\/2023\/09\/ARBK030.jpg\",\"datePublished\":\"2023-09-02T17:08:34+00:00\",\"dateModified\":\"2024-01-03T22:12:18+00:00\",\"breadcrumb\":{\"@id\":\"https:\/\/tiendamarcial.com\/arnobysinam\/producto\/bokken-kiyohime-liviano\/#breadcrumb\"},\"inLanguage\":\"es\",\"potentialAction\":[{\"@type\":\"ReadAction\",\"target\":[\"https:\/\/tiendamarcial.com\/arnobysinam\/producto\/bokken-kiyohime-liviano\/\"]}]},{\"@type\":\"ImageObject\",\"inLanguage\":\"es\",\"@id\":\"https:\/\/tiendamarcial.com\/arnobysinam\/producto\/bokken-kiyohime-liviano\/#primaryimage\",\"url\":\"https:\/\/tiendamarcial.com\/arnobysinam\/wp-content\/uploads\/2023\/09\/ARBK030.jpg\",\"contentUrl\":\"https:\/\/tiendamarcial.com\/arnobysinam\/wp-content\/uploads\/2023\/09\/ARBK030.jpg\",\"width\":600,\"height\":600},{\"@type\":\"BreadcrumbList\",\"@id\":\"https:\/\/tiendamarcial.com\/arnobysinam\/producto\/bokken-kiyohime-liviano\/#breadcrumb\",\"itemListElement\":[{\"@type\":\"ListItem\",\"position\":1,\"name\":\"Portada\",\"item\":\"https:\/\/tiendamarcial.com\/arnobysinam\/\"},{\"@type\":\"ListItem\",\"position\":2,\"name\":\"Tienda\",\"item\":\"https:\/\/tiendamarcial.com\/arnobysinam\/tienda\/\"},{\"@type\":\"ListItem\",\"position\":3,\"name\":\"Bokken Kiyohime &#8211; Liviano\"}]},{\"@type\":\"WebSite\",\"@id\":\"https:\/\/tiendamarcial.com\/arnobysinam\/#website\",\"url\":\"https:\/\/tiendamarcial.com\/arnobysinam\/\",\"name\":\"Tienda Marcial Colombia\",\"description\":\"Todo en implementos para Artes Marciales\",\"potentialAction\":[{\"@type\":\"SearchAction\",\"target\":{\"@type\":\"EntryPoint\",\"urlTemplate\":\"https:\/\/tiendamarcial.com\/arnobysinam\/?s={search_term_string}\"},\"query-input\":{\"@type\":\"PropertyValueSpecification\",\"valueRequired\":true,\"valueName\":\"search_term_string\"}}],\"inLanguage\":\"es\"}]}<\/script>\n<!-- \/ Yoast SEO plugin. -->","yoast_head_json":{"title":"Bokken Kiyohime - Liviano - Tienda Marcial Colombia","robots":{"index":"index","follow":"follow","max-snippet":"max-snippet:-1","max-image-preview":"max-image-preview:large","max-video-preview":"max-video-preview:-1"},"canonical":"https:\/\/tiendamarcial.com\/arnobysinam\/producto\/bokken-kiyohime-liviano\/","og_locale":"es_ES","og_type":"article","og_title":"Bokken Kiyohime - Liviano - Tienda Marcial Colombia","og_description":"El Bokken (\u6728\u5263) es un arma de pr\u00e1ctica para el arte de la espada japonesa. Esta arma es utilizada principalmente para el combate y la formaci\u00f3n de kata (formas o figuras). Sin embargo, un mismo bokken es un gran arma eficaz por s\u00ed solo.","og_url":"https:\/\/tiendamarcial.com\/arnobysinam\/producto\/bokken-kiyohime-liviano\/","og_site_name":"Tienda Marcial Colombia","article_publisher":"https:\/\/www.facebook.com\/TiendaMarcial","article_modified_time":"2024-01-03T22:12:18+00:00","og_image":[{"width":600,"height":600,"url":"https:\/\/tiendamarcial.com\/arnobysinam\/wp-content\/uploads\/2023\/09\/ARBK030.jpg","type":"image\/jpeg"}],"twitter_card":"summary_large_image","twitter_site":"@TiendaMarcial","twitter_misc":{"Tiempo de lectura":"1 minuto"},"schema":{"@context":"https:\/\/schema.org","@graph":[{"@type":"WebPage","@id":"https:\/\/tiendamarcial.com\/arnobysinam\/producto\/bokken-kiyohime-liviano\/","url":"https:\/\/tiendamarcial.com\/arnobysinam\/producto\/bokken-kiyohime-liviano\/","name":"Bokken Kiyohime - Liviano - Tienda Marcial Colombia","isPartOf":{"@id":"https:\/\/tiendamarcial.com\/arnobysinam\/#website"},"primaryImageOfPage":{"@id":"https:\/\/tiendamarcial.com\/arnobysinam\/producto\/bokken-kiyohime-liviano\/#primaryimage"},"image":{"@id":"https:\/\/tiendamarcial.com\/arnobysinam\/producto\/bokken-kiyohime-liviano\/#primaryimage"},"thumbnailUrl":"https:\/\/tiendamarcial.com\/arnobysinam\/wp-content\/uploads\/2023\/09\/ARBK030.jpg","datePublished":"2023-09-02T17:08:34+00:00","dateModified":"2024-01-03T22:12:18+00:00","breadcrumb":{"@id":"https:\/\/tiendamarcial.com\/arnobysinam\/producto\/bokken-kiyohime-liviano\/#breadcrumb"},"inLanguage":"es","potentialAction":[{"@type":"ReadAction","target":["https:\/\/tiendamarcial.com\/arnobysinam\/producto\/bokken-kiyohime-liviano\/"]}]},{"@type":"ImageObject","inLanguage":"es","@id":"https:\/\/tiendamarcial.com\/arnobysinam\/producto\/bokken-kiyohime-liviano\/#primaryimage","url":"https:\/\/tiendamarcial.com\/arnobysinam\/wp-content\/uploads\/2023\/09\/ARBK030.jpg","contentUrl":"https:\/\/tiendamarcial.com\/arnobysinam\/wp-content\/uploads\/2023\/09\/ARBK030.jpg","width":600,"height":600},{"@type":"BreadcrumbList","@id":"https:\/\/tiendamarcial.com\/arnobysinam\/producto\/bokken-kiyohime-liviano\/#breadcrumb","itemListElement":[{"@type":"ListItem","position":1,"name":"Portada","item":"https:\/\/tiendamarcial.com\/arnobysinam\/"},{"@type":"ListItem","position":2,"name":"Tienda","item":"https:\/\/tiendamarcial.com\/arnobysinam\/tienda\/"},{"@type":"ListItem","position":3,"name":"Bokken Kiyohime &#8211; Liviano"}]},{"@type":"WebSite","@id":"https:\/\/tiendamarcial.com\/arnobysinam\/#website","url":"https:\/\/tiendamarcial.com\/arnobysinam\/","name":"Tienda Marcial Colombia","description":"Todo en implementos para Artes Marciales","potentialAction":[{"@type":"SearchAction","target":{"@type":"EntryPoint","urlTemplate":"https:\/\/tiendamarcial.com\/arnobysinam\/?s={search_term_string}"},"query-input":{"@type":"PropertyValueSpecification","valueRequired":true,"valueName":"search_term_string"}}],"inLanguage":"es"}]}},"_links":{"self":[{"href":"https:\/\/tiendamarcial.com\/arnobysinam\/wp-json\/wp\/v2\/product\/3186","targetHints":{"allow":["GET"]}}],"collection":[{"href":"https:\/\/tiendamarcial.com\/arnobysinam\/wp-json\/wp\/v2\/product"}],"about":[{"href":"https:\/\/tiendamarcial.com\/arnobysinam\/wp-json\/wp\/v2\/types\/product"}],"version-history":[{"count":2,"href":"https:\/\/tiendamarcial.com\/arnobysinam\/wp-json\/wp\/v2\/product\/3186\/revisions"}],"predecessor-version":[{"id":3192,"href":"https:\/\/tiendamarcial.com\/arnobysinam\/wp-json\/wp\/v2\/product\/3186\/revisions\/3192"}],"wp:featuredmedia":[{"embeddable":true,"href":"https:\/\/tiendamarcial.com\/arnobysinam\/wp-json\/wp\/v2\/media\/3189"}],"wp:attachment":[{"href":"https:\/\/tiendamarcial.com\/arnobysinam\/wp-json\/wp\/v2\/media?parent=3186"}],"wp:term":[{"taxonomy":"product_brand","embeddable":true,"href":"https:\/\/tiendamarcial.com\/arnobysinam\/wp-json\/wp\/v2\/product_brand?post=3186"},{"taxonomy":"product_cat","embeddable":true,"href":"https:\/\/tiendamarcial.com\/arnobysinam\/wp-json\/wp\/v2\/product_cat?post=3186"},{"taxonomy":"product_tag","embeddable":true,"href":"https:\/\/tiendamarcial.com\/arnobysinam\/wp-json\/wp\/v2\/product_tag?post=3186"}],"curies":[{"name":"wp","href":"https:\/\/api.w.org\/{rel}","templated":true}]}}