{"id":3122,"date":"2023-08-30T21:39:26","date_gmt":"2023-08-31T02:39:26","guid":{"rendered":"https:\/\/tiendamarcial.com\/arnobysinam\/?post_type=product&#038;p=3122"},"modified":"2026-02-18T18:03:32","modified_gmt":"2026-02-18T23:03:32","slug":"base-profesional-pera-velocidad","status":"publish","type":"product","link":"https:\/\/tiendamarcial.com\/arnobysinam\/producto\/base-profesional-pera-velocidad\/","title":{"rendered":"Base profesional Pera velocidad"},"content":{"rendered":"<p>Recubierto en n\u00edquel negro y construido con el acero de mayor calidad y resistencia, este elegante soporte giratorio para PERA DE VELOCIDAD est\u00e1 dise\u00f1ado para durar toda la vida. Reforzado con rodamientos de bolas de fuerza industrial, este es el colgador definitivo para peras de velocidad en gimnasios profesionales e institutos de entrenamiento de boxeo. Dise\u00f1ado con baja fricci\u00f3n y un n\u00facleo reducido, los atletas se beneficiar\u00e1n de la rotaci\u00f3n suave adem\u00e1s de una velocidad y movimiento mejorados con cada impacto. Concluido con una caracter\u00edstica de liberaci\u00f3n r\u00e1pida, cambiar o quitar la pera de velocidad para guardarlo es m\u00e1s f\u00e1cil que nunca. Viene con todos los elementos necesarios para una instalaci\u00f3n sencilla.<\/p>\n<p>N\u00facleo central reducido para velocidad, equilibrio y ritmo mejorados en cada movimiento del saco Acero de alta calidad HG-Steel\u2122 para una resistencia sobresaliente y estabilidad en la fijaci\u00f3n Recubierto en n\u00edquel negro para una protecci\u00f3n \u00f3ptima contra el desgaste natural o la intemperie.<\/p>\n<p>Ya sea que seas un atleta profesional o un entusiasta del fitness, este soporte giratorio elevar\u00e1 tus entrenamientos al siguiente nivel.<\/p>\n<p><strong>\u00a1Obt\u00e9n el m\u00e1ximo rendimiento y durabilidad con el soporte giratorio para saco de velocidad, la elecci\u00f3n perfecta para tus necesidades de entrenamiento!<\/strong><\/p>\n","protected":false},"excerpt":{"rendered":"<p style=\"text-align: justify;\">Recubierto en n\u00edquel negro y construido con el acero de mayor calidad y resistencia, este elegante soporte giratorio para PERA DE VELOCIDAD est\u00e1 dise\u00f1ado para durar toda la vida. Reforzado con rodamientos de bolas de fuerza industrial, este es el colgador definitivo para peras de velocidad en gimnasios profesionales e institutos de entrenamiento de boxeo.<\/p>\n","protected":false},"featured_media":3126,"template":"","meta":[],"product_brand":[],"product_cat":[407],"product_tag":[94,279,403,402,404],"class_list":{"0":"post-3122","1":"product","2":"type-product","3":"status-publish","4":"has-post-thumbnail","6":"product_cat-tulas-y-peras-boxeo","7":"product_tag-base","8":"product_tag-boxeo","9":"product_tag-pera","10":"product_tag-profesional","11":"product_tag-velocidad","13":"first","14":"instock","15":"shipping-taxable","16":"purchasable","17":"product-type-simple"},"yoast_head":"<!-- This site is optimized with the Yoast SEO plugin v26.8 - https:\/\/yoast.com\/product\/yoast-seo-wordpress\/ -->\n<title>Base profesional Pera velocidad - Tienda Marcial Colombia<\/title>\n<meta name=\"robots\" content=\"index, follow, max-snippet:-1, max-image-preview:large, max-video-preview:-1\" \/>\n<link rel=\"canonical\" href=\"https:\/\/tiendamarcial.com\/arnobysinam\/producto\/base-profesional-pera-velocidad\/\" \/>\n<meta property=\"og:locale\" content=\"es_ES\" \/>\n<meta property=\"og:type\" content=\"article\" \/>\n<meta property=\"og:title\" content=\"Base profesional Pera velocidad - Tienda Marcial Colombia\" \/>\n<meta property=\"og:description\" content=\"Recubierto en n\u00edquel negro y construido con el acero de mayor calidad y resistencia, este elegante soporte giratorio para PERA DE VELOCIDAD est\u00e1 dise\u00f1ado para durar toda la vida. Reforzado con rodamientos de bolas de fuerza industrial, este es el colgador definitivo para peras de velocidad en gimnasios profesionales e institutos de entrenamiento de boxeo.\" \/>\n<meta property=\"og:url\" content=\"https:\/\/tiendamarcial.com\/arnobysinam\/producto\/base-profesional-pera-velocidad\/\" \/>\n<meta property=\"og:site_name\" content=\"Tienda Marcial Colombia\" \/>\n<meta property=\"article:publisher\" content=\"https:\/\/www.facebook.com\/TiendaMarcial\" \/>\n<meta property=\"article:modified_time\" content=\"2026-02-18T23:03:32+00:00\" \/>\n<meta property=\"og:image\" content=\"https:\/\/tiendamarcial.com\/arnobysinam\/wp-content\/uploads\/2023\/08\/ENBT002A.jpg\" \/>\n\t<meta property=\"og:image:width\" content=\"600\" \/>\n\t<meta property=\"og:image:height\" content=\"600\" \/>\n\t<meta property=\"og:image:type\" content=\"image\/jpeg\" \/>\n<meta name=\"twitter:card\" content=\"summary_large_image\" \/>\n<meta name=\"twitter:site\" content=\"@TiendaMarcial\" \/>\n<meta name=\"twitter:label1\" content=\"Tiempo de lectura\" \/>\n\t<meta name=\"twitter:data1\" content=\"1 minuto\" \/>\n<script type=\"application\/ld+json\" class=\"yoast-schema-graph\">{\"@context\":\"https:\/\/schema.org\",\"@graph\":[{\"@type\":\"WebPage\",\"@id\":\"https:\/\/tiendamarcial.com\/arnobysinam\/producto\/base-profesional-pera-velocidad\/\",\"url\":\"https:\/\/tiendamarcial.com\/arnobysinam\/producto\/base-profesional-pera-velocidad\/\",\"name\":\"Base profesional Pera velocidad - Tienda Marcial Colombia\",\"isPartOf\":{\"@id\":\"https:\/\/tiendamarcial.com\/arnobysinam\/#website\"},\"primaryImageOfPage\":{\"@id\":\"https:\/\/tiendamarcial.com\/arnobysinam\/producto\/base-profesional-pera-velocidad\/#primaryimage\"},\"image\":{\"@id\":\"https:\/\/tiendamarcial.com\/arnobysinam\/producto\/base-profesional-pera-velocidad\/#primaryimage\"},\"thumbnailUrl\":\"https:\/\/tiendamarcial.com\/arnobysinam\/wp-content\/uploads\/2023\/08\/ENBT002A.jpg\",\"datePublished\":\"2023-08-31T02:39:26+00:00\",\"dateModified\":\"2026-02-18T23:03:32+00:00\",\"breadcrumb\":{\"@id\":\"https:\/\/tiendamarcial.com\/arnobysinam\/producto\/base-profesional-pera-velocidad\/#breadcrumb\"},\"inLanguage\":\"es\",\"potentialAction\":[{\"@type\":\"ReadAction\",\"target\":[\"https:\/\/tiendamarcial.com\/arnobysinam\/producto\/base-profesional-pera-velocidad\/\"]}]},{\"@type\":\"ImageObject\",\"inLanguage\":\"es\",\"@id\":\"https:\/\/tiendamarcial.com\/arnobysinam\/producto\/base-profesional-pera-velocidad\/#primaryimage\",\"url\":\"https:\/\/tiendamarcial.com\/arnobysinam\/wp-content\/uploads\/2023\/08\/ENBT002A.jpg\",\"contentUrl\":\"https:\/\/tiendamarcial.com\/arnobysinam\/wp-content\/uploads\/2023\/08\/ENBT002A.jpg\",\"width\":600,\"height\":600},{\"@type\":\"BreadcrumbList\",\"@id\":\"https:\/\/tiendamarcial.com\/arnobysinam\/producto\/base-profesional-pera-velocidad\/#breadcrumb\",\"itemListElement\":[{\"@type\":\"ListItem\",\"position\":1,\"name\":\"Portada\",\"item\":\"https:\/\/tiendamarcial.com\/arnobysinam\/\"},{\"@type\":\"ListItem\",\"position\":2,\"name\":\"Tienda\",\"item\":\"https:\/\/tiendamarcial.com\/arnobysinam\/tienda\/\"},{\"@type\":\"ListItem\",\"position\":3,\"name\":\"Base profesional Pera velocidad\"}]},{\"@type\":\"WebSite\",\"@id\":\"https:\/\/tiendamarcial.com\/arnobysinam\/#website\",\"url\":\"https:\/\/tiendamarcial.com\/arnobysinam\/\",\"name\":\"Tienda Marcial Colombia\",\"description\":\"Todo en implementos para Artes Marciales\",\"potentialAction\":[{\"@type\":\"SearchAction\",\"target\":{\"@type\":\"EntryPoint\",\"urlTemplate\":\"https:\/\/tiendamarcial.com\/arnobysinam\/?s={search_term_string}\"},\"query-input\":{\"@type\":\"PropertyValueSpecification\",\"valueRequired\":true,\"valueName\":\"search_term_string\"}}],\"inLanguage\":\"es\"}]}<\/script>\n<!-- \/ Yoast SEO plugin. -->","yoast_head_json":{"title":"Base profesional Pera velocidad - Tienda Marcial Colombia","robots":{"index":"index","follow":"follow","max-snippet":"max-snippet:-1","max-image-preview":"max-image-preview:large","max-video-preview":"max-video-preview:-1"},"canonical":"https:\/\/tiendamarcial.com\/arnobysinam\/producto\/base-profesional-pera-velocidad\/","og_locale":"es_ES","og_type":"article","og_title":"Base profesional Pera velocidad - Tienda Marcial Colombia","og_description":"Recubierto en n\u00edquel negro y construido con el acero de mayor calidad y resistencia, este elegante soporte giratorio para PERA DE VELOCIDAD est\u00e1 dise\u00f1ado para durar toda la vida. Reforzado con rodamientos de bolas de fuerza industrial, este es el colgador definitivo para peras de velocidad en gimnasios profesionales e institutos de entrenamiento de boxeo.","og_url":"https:\/\/tiendamarcial.com\/arnobysinam\/producto\/base-profesional-pera-velocidad\/","og_site_name":"Tienda Marcial Colombia","article_publisher":"https:\/\/www.facebook.com\/TiendaMarcial","article_modified_time":"2026-02-18T23:03:32+00:00","og_image":[{"width":600,"height":600,"url":"https:\/\/tiendamarcial.com\/arnobysinam\/wp-content\/uploads\/2023\/08\/ENBT002A.jpg","type":"image\/jpeg"}],"twitter_card":"summary_large_image","twitter_site":"@TiendaMarcial","twitter_misc":{"Tiempo de lectura":"1 minuto"},"schema":{"@context":"https:\/\/schema.org","@graph":[{"@type":"WebPage","@id":"https:\/\/tiendamarcial.com\/arnobysinam\/producto\/base-profesional-pera-velocidad\/","url":"https:\/\/tiendamarcial.com\/arnobysinam\/producto\/base-profesional-pera-velocidad\/","name":"Base profesional Pera velocidad - Tienda Marcial Colombia","isPartOf":{"@id":"https:\/\/tiendamarcial.com\/arnobysinam\/#website"},"primaryImageOfPage":{"@id":"https:\/\/tiendamarcial.com\/arnobysinam\/producto\/base-profesional-pera-velocidad\/#primaryimage"},"image":{"@id":"https:\/\/tiendamarcial.com\/arnobysinam\/producto\/base-profesional-pera-velocidad\/#primaryimage"},"thumbnailUrl":"https:\/\/tiendamarcial.com\/arnobysinam\/wp-content\/uploads\/2023\/08\/ENBT002A.jpg","datePublished":"2023-08-31T02:39:26+00:00","dateModified":"2026-02-18T23:03:32+00:00","breadcrumb":{"@id":"https:\/\/tiendamarcial.com\/arnobysinam\/producto\/base-profesional-pera-velocidad\/#breadcrumb"},"inLanguage":"es","potentialAction":[{"@type":"ReadAction","target":["https:\/\/tiendamarcial.com\/arnobysinam\/producto\/base-profesional-pera-velocidad\/"]}]},{"@type":"ImageObject","inLanguage":"es","@id":"https:\/\/tiendamarcial.com\/arnobysinam\/producto\/base-profesional-pera-velocidad\/#primaryimage","url":"https:\/\/tiendamarcial.com\/arnobysinam\/wp-content\/uploads\/2023\/08\/ENBT002A.jpg","contentUrl":"https:\/\/tiendamarcial.com\/arnobysinam\/wp-content\/uploads\/2023\/08\/ENBT002A.jpg","width":600,"height":600},{"@type":"BreadcrumbList","@id":"https:\/\/tiendamarcial.com\/arnobysinam\/producto\/base-profesional-pera-velocidad\/#breadcrumb","itemListElement":[{"@type":"ListItem","position":1,"name":"Portada","item":"https:\/\/tiendamarcial.com\/arnobysinam\/"},{"@type":"ListItem","position":2,"name":"Tienda","item":"https:\/\/tiendamarcial.com\/arnobysinam\/tienda\/"},{"@type":"ListItem","position":3,"name":"Base profesional Pera velocidad"}]},{"@type":"WebSite","@id":"https:\/\/tiendamarcial.com\/arnobysinam\/#website","url":"https:\/\/tiendamarcial.com\/arnobysinam\/","name":"Tienda Marcial Colombia","description":"Todo en implementos para Artes Marciales","potentialAction":[{"@type":"SearchAction","target":{"@type":"EntryPoint","urlTemplate":"https:\/\/tiendamarcial.com\/arnobysinam\/?s={search_term_string}"},"query-input":{"@type":"PropertyValueSpecification","valueRequired":true,"valueName":"search_term_string"}}],"inLanguage":"es"}]}},"_links":{"self":[{"href":"https:\/\/tiendamarcial.com\/arnobysinam\/wp-json\/wp\/v2\/product\/3122","targetHints":{"allow":["GET"]}}],"collection":[{"href":"https:\/\/tiendamarcial.com\/arnobysinam\/wp-json\/wp\/v2\/product"}],"about":[{"href":"https:\/\/tiendamarcial.com\/arnobysinam\/wp-json\/wp\/v2\/types\/product"}],"version-history":[{"count":3,"href":"https:\/\/tiendamarcial.com\/arnobysinam\/wp-json\/wp\/v2\/product\/3122\/revisions"}],"predecessor-version":[{"id":3407,"href":"https:\/\/tiendamarcial.com\/arnobysinam\/wp-json\/wp\/v2\/product\/3122\/revisions\/3407"}],"wp:featuredmedia":[{"embeddable":true,"href":"https:\/\/tiendamarcial.com\/arnobysinam\/wp-json\/wp\/v2\/media\/3126"}],"wp:attachment":[{"href":"https:\/\/tiendamarcial.com\/arnobysinam\/wp-json\/wp\/v2\/media?parent=3122"}],"wp:term":[{"taxonomy":"product_brand","embeddable":true,"href":"https:\/\/tiendamarcial.com\/arnobysinam\/wp-json\/wp\/v2\/product_brand?post=3122"},{"taxonomy":"product_cat","embeddable":true,"href":"https:\/\/tiendamarcial.com\/arnobysinam\/wp-json\/wp\/v2\/product_cat?post=3122"},{"taxonomy":"product_tag","embeddable":true,"href":"https:\/\/tiendamarcial.com\/arnobysinam\/wp-json\/wp\/v2\/product_tag?post=3122"}],"curies":[{"name":"wp","href":"https:\/\/api.w.org\/{rel}","templated":true}]}}