{"id":3078,"date":"2023-08-30T19:22:08","date_gmt":"2023-08-31T00:22:08","guid":{"rendered":"https:\/\/tiendamarcial.com\/arnobysinam\/?post_type=product&#038;p=3078"},"modified":"2024-04-08T22:41:56","modified_gmt":"2024-04-09T03:41:56","slug":"guantes-para-boxeo-rdx-16-oz","status":"publish","type":"product","link":"https:\/\/tiendamarcial.com\/arnobysinam\/producto\/guantes-para-boxeo-rdx-16-oz\/","title":{"rendered":"Guantes para Boxeo RDX &#8211; 16 oz"},"content":{"rendered":"<p>Los guantes de boxeo RDX F4 fueron dise\u00f1ados con equilibrio y el boxeo en mente. Estos guantes de entrenamiento y sparring son extremadamente duraderos y sumamente c\u00f3modos de llevar. El tejido interior de SAT\u00c9N es transpirable y suave al tacto. Los guantes de boxeo F4 tienen un acolchado de varias capas que los convierte en uno de los guantes m\u00e1s resistentes y capaces de dispersar los impactos. Estos guantes RDX F4 proteger\u00e1n tus pu\u00f1os en todos los enfrentamientos, permiti\u00e9ndote concentrarte en la t\u00e9cnica y la potencia de tus golpes.<\/p>\n<p>La parte exterior de piel KALIX MAYAHIDE ofrece durabilidad y resistencia al desgarro. El acolchado de varias capas de MEMBRANE GRID 2 proporciona cinco capas de protecci\u00f3n para los pu\u00f1os y resistencia a los impactos. El sistema QUICK EZ HOOK AND LOOP asegura un cierre seguro y protecci\u00f3n para la mu\u00f1eca. El interior de tejido de SAT\u00c9N suave es transpirable y extremadamente suave al tacto. El sistema de cierre TAKKA garantiza un ajuste mejorado, soporte para la mu\u00f1eca y facilidad al ponerse.<\/p>\n<p>Con los guantes F4, estar\u00e1s equipado para el \u00e9xito en cada paso del camino. Desde la resistente piel exterior hasta el acolchado de alta tecnolog\u00eda, cada caracter\u00edstica est\u00e1 dise\u00f1ada para brindar el m\u00e1ximo rendimiento y protecci\u00f3n. No dejes que nada te detenga, ya que estos guantes te permitir\u00e1n enfrentar cada desaf\u00edo con confianza y poder.<\/p>\n<p><strong>\u00a1Prep\u00e1rate para llevar tus habilidades al siguiente nivel con los guantes de boxeo F4!<\/strong><\/p>\n","protected":false},"excerpt":{"rendered":"<p style=\"text-align: justify;\">Los guantes de boxeo RDX F4 fueron dise\u00f1ados con equilibrio y el boxeo en mente. Estos guantes de entrenamiento y sparring son extremadamente duraderos y sumamente c\u00f3modos de llevar. El tejido interior de SAT\u00c9N es transpirable y suave al tacto.<\/p>\n","protected":false},"featured_media":3080,"template":"","meta":[],"product_brand":[],"product_cat":[397],"product_tag":[396,279,214,395,74],"class_list":{"0":"post-3078","1":"product","2":"type-product","3":"status-publish","4":"has-post-thumbnail","6":"product_cat-guantes","7":"product_tag-box","8":"product_tag-boxeo","9":"product_tag-guantes","10":"product_tag-manos","11":"product_tag-protector","13":"first","14":"outofstock","15":"shipping-taxable","16":"purchasable","17":"product-type-simple"},"yoast_head":"<!-- This site is optimized with the Yoast SEO plugin v26.8 - https:\/\/yoast.com\/product\/yoast-seo-wordpress\/ -->\n<title>Guantes para Boxeo RDX - 16 oz - Tienda Marcial Colombia<\/title>\n<meta name=\"robots\" content=\"index, follow, max-snippet:-1, max-image-preview:large, max-video-preview:-1\" \/>\n<link rel=\"canonical\" href=\"https:\/\/tiendamarcial.com\/arnobysinam\/producto\/guantes-para-boxeo-rdx-16-oz\/\" \/>\n<meta property=\"og:locale\" content=\"es_ES\" \/>\n<meta property=\"og:type\" content=\"article\" \/>\n<meta property=\"og:title\" content=\"Guantes para Boxeo RDX - 16 oz - Tienda Marcial Colombia\" \/>\n<meta property=\"og:description\" content=\"Los guantes de boxeo RDX F4 fueron dise\u00f1ados con equilibrio y el boxeo en mente. Estos guantes de entrenamiento y sparring son extremadamente duraderos y sumamente c\u00f3modos de llevar. El tejido interior de SAT\u00c9N es transpirable y suave al tacto.\" \/>\n<meta property=\"og:url\" content=\"https:\/\/tiendamarcial.com\/arnobysinam\/producto\/guantes-para-boxeo-rdx-16-oz\/\" \/>\n<meta property=\"og:site_name\" content=\"Tienda Marcial Colombia\" \/>\n<meta property=\"article:publisher\" content=\"https:\/\/www.facebook.com\/TiendaMarcial\" \/>\n<meta property=\"article:modified_time\" content=\"2024-04-09T03:41:56+00:00\" \/>\n<meta property=\"og:image\" content=\"https:\/\/tiendamarcial.com\/arnobysinam\/wp-content\/uploads\/2023\/08\/PRGP116.jpg\" \/>\n\t<meta property=\"og:image:width\" content=\"600\" \/>\n\t<meta property=\"og:image:height\" content=\"600\" \/>\n\t<meta property=\"og:image:type\" content=\"image\/jpeg\" \/>\n<meta name=\"twitter:card\" content=\"summary_large_image\" \/>\n<meta name=\"twitter:site\" content=\"@TiendaMarcial\" \/>\n<meta name=\"twitter:label1\" content=\"Tiempo de lectura\" \/>\n\t<meta name=\"twitter:data1\" content=\"1 minuto\" \/>\n<script type=\"application\/ld+json\" class=\"yoast-schema-graph\">{\"@context\":\"https:\/\/schema.org\",\"@graph\":[{\"@type\":\"WebPage\",\"@id\":\"https:\/\/tiendamarcial.com\/arnobysinam\/producto\/guantes-para-boxeo-rdx-16-oz\/\",\"url\":\"https:\/\/tiendamarcial.com\/arnobysinam\/producto\/guantes-para-boxeo-rdx-16-oz\/\",\"name\":\"Guantes para Boxeo RDX - 16 oz - Tienda Marcial Colombia\",\"isPartOf\":{\"@id\":\"https:\/\/tiendamarcial.com\/arnobysinam\/#website\"},\"primaryImageOfPage\":{\"@id\":\"https:\/\/tiendamarcial.com\/arnobysinam\/producto\/guantes-para-boxeo-rdx-16-oz\/#primaryimage\"},\"image\":{\"@id\":\"https:\/\/tiendamarcial.com\/arnobysinam\/producto\/guantes-para-boxeo-rdx-16-oz\/#primaryimage\"},\"thumbnailUrl\":\"https:\/\/tiendamarcial.com\/arnobysinam\/wp-content\/uploads\/2023\/08\/PRGP116.jpg\",\"datePublished\":\"2023-08-31T00:22:08+00:00\",\"dateModified\":\"2024-04-09T03:41:56+00:00\",\"breadcrumb\":{\"@id\":\"https:\/\/tiendamarcial.com\/arnobysinam\/producto\/guantes-para-boxeo-rdx-16-oz\/#breadcrumb\"},\"inLanguage\":\"es\",\"potentialAction\":[{\"@type\":\"ReadAction\",\"target\":[\"https:\/\/tiendamarcial.com\/arnobysinam\/producto\/guantes-para-boxeo-rdx-16-oz\/\"]}]},{\"@type\":\"ImageObject\",\"inLanguage\":\"es\",\"@id\":\"https:\/\/tiendamarcial.com\/arnobysinam\/producto\/guantes-para-boxeo-rdx-16-oz\/#primaryimage\",\"url\":\"https:\/\/tiendamarcial.com\/arnobysinam\/wp-content\/uploads\/2023\/08\/PRGP116.jpg\",\"contentUrl\":\"https:\/\/tiendamarcial.com\/arnobysinam\/wp-content\/uploads\/2023\/08\/PRGP116.jpg\",\"width\":600,\"height\":600},{\"@type\":\"BreadcrumbList\",\"@id\":\"https:\/\/tiendamarcial.com\/arnobysinam\/producto\/guantes-para-boxeo-rdx-16-oz\/#breadcrumb\",\"itemListElement\":[{\"@type\":\"ListItem\",\"position\":1,\"name\":\"Portada\",\"item\":\"https:\/\/tiendamarcial.com\/arnobysinam\/\"},{\"@type\":\"ListItem\",\"position\":2,\"name\":\"Tienda\",\"item\":\"https:\/\/tiendamarcial.com\/arnobysinam\/tienda\/\"},{\"@type\":\"ListItem\",\"position\":3,\"name\":\"Guantes para Boxeo RDX &#8211; 16 oz\"}]},{\"@type\":\"WebSite\",\"@id\":\"https:\/\/tiendamarcial.com\/arnobysinam\/#website\",\"url\":\"https:\/\/tiendamarcial.com\/arnobysinam\/\",\"name\":\"Tienda Marcial Colombia\",\"description\":\"Todo en implementos para Artes Marciales\",\"potentialAction\":[{\"@type\":\"SearchAction\",\"target\":{\"@type\":\"EntryPoint\",\"urlTemplate\":\"https:\/\/tiendamarcial.com\/arnobysinam\/?s={search_term_string}\"},\"query-input\":{\"@type\":\"PropertyValueSpecification\",\"valueRequired\":true,\"valueName\":\"search_term_string\"}}],\"inLanguage\":\"es\"}]}<\/script>\n<!-- \/ Yoast SEO plugin. -->","yoast_head_json":{"title":"Guantes para Boxeo RDX - 16 oz - Tienda Marcial Colombia","robots":{"index":"index","follow":"follow","max-snippet":"max-snippet:-1","max-image-preview":"max-image-preview:large","max-video-preview":"max-video-preview:-1"},"canonical":"https:\/\/tiendamarcial.com\/arnobysinam\/producto\/guantes-para-boxeo-rdx-16-oz\/","og_locale":"es_ES","og_type":"article","og_title":"Guantes para Boxeo RDX - 16 oz - Tienda Marcial Colombia","og_description":"Los guantes de boxeo RDX F4 fueron dise\u00f1ados con equilibrio y el boxeo en mente. Estos guantes de entrenamiento y sparring son extremadamente duraderos y sumamente c\u00f3modos de llevar. El tejido interior de SAT\u00c9N es transpirable y suave al tacto.","og_url":"https:\/\/tiendamarcial.com\/arnobysinam\/producto\/guantes-para-boxeo-rdx-16-oz\/","og_site_name":"Tienda Marcial Colombia","article_publisher":"https:\/\/www.facebook.com\/TiendaMarcial","article_modified_time":"2024-04-09T03:41:56+00:00","og_image":[{"width":600,"height":600,"url":"https:\/\/tiendamarcial.com\/arnobysinam\/wp-content\/uploads\/2023\/08\/PRGP116.jpg","type":"image\/jpeg"}],"twitter_card":"summary_large_image","twitter_site":"@TiendaMarcial","twitter_misc":{"Tiempo de lectura":"1 minuto"},"schema":{"@context":"https:\/\/schema.org","@graph":[{"@type":"WebPage","@id":"https:\/\/tiendamarcial.com\/arnobysinam\/producto\/guantes-para-boxeo-rdx-16-oz\/","url":"https:\/\/tiendamarcial.com\/arnobysinam\/producto\/guantes-para-boxeo-rdx-16-oz\/","name":"Guantes para Boxeo RDX - 16 oz - Tienda Marcial Colombia","isPartOf":{"@id":"https:\/\/tiendamarcial.com\/arnobysinam\/#website"},"primaryImageOfPage":{"@id":"https:\/\/tiendamarcial.com\/arnobysinam\/producto\/guantes-para-boxeo-rdx-16-oz\/#primaryimage"},"image":{"@id":"https:\/\/tiendamarcial.com\/arnobysinam\/producto\/guantes-para-boxeo-rdx-16-oz\/#primaryimage"},"thumbnailUrl":"https:\/\/tiendamarcial.com\/arnobysinam\/wp-content\/uploads\/2023\/08\/PRGP116.jpg","datePublished":"2023-08-31T00:22:08+00:00","dateModified":"2024-04-09T03:41:56+00:00","breadcrumb":{"@id":"https:\/\/tiendamarcial.com\/arnobysinam\/producto\/guantes-para-boxeo-rdx-16-oz\/#breadcrumb"},"inLanguage":"es","potentialAction":[{"@type":"ReadAction","target":["https:\/\/tiendamarcial.com\/arnobysinam\/producto\/guantes-para-boxeo-rdx-16-oz\/"]}]},{"@type":"ImageObject","inLanguage":"es","@id":"https:\/\/tiendamarcial.com\/arnobysinam\/producto\/guantes-para-boxeo-rdx-16-oz\/#primaryimage","url":"https:\/\/tiendamarcial.com\/arnobysinam\/wp-content\/uploads\/2023\/08\/PRGP116.jpg","contentUrl":"https:\/\/tiendamarcial.com\/arnobysinam\/wp-content\/uploads\/2023\/08\/PRGP116.jpg","width":600,"height":600},{"@type":"BreadcrumbList","@id":"https:\/\/tiendamarcial.com\/arnobysinam\/producto\/guantes-para-boxeo-rdx-16-oz\/#breadcrumb","itemListElement":[{"@type":"ListItem","position":1,"name":"Portada","item":"https:\/\/tiendamarcial.com\/arnobysinam\/"},{"@type":"ListItem","position":2,"name":"Tienda","item":"https:\/\/tiendamarcial.com\/arnobysinam\/tienda\/"},{"@type":"ListItem","position":3,"name":"Guantes para Boxeo RDX &#8211; 16 oz"}]},{"@type":"WebSite","@id":"https:\/\/tiendamarcial.com\/arnobysinam\/#website","url":"https:\/\/tiendamarcial.com\/arnobysinam\/","name":"Tienda Marcial Colombia","description":"Todo en implementos para Artes Marciales","potentialAction":[{"@type":"SearchAction","target":{"@type":"EntryPoint","urlTemplate":"https:\/\/tiendamarcial.com\/arnobysinam\/?s={search_term_string}"},"query-input":{"@type":"PropertyValueSpecification","valueRequired":true,"valueName":"search_term_string"}}],"inLanguage":"es"}]}},"_links":{"self":[{"href":"https:\/\/tiendamarcial.com\/arnobysinam\/wp-json\/wp\/v2\/product\/3078","targetHints":{"allow":["GET"]}}],"collection":[{"href":"https:\/\/tiendamarcial.com\/arnobysinam\/wp-json\/wp\/v2\/product"}],"about":[{"href":"https:\/\/tiendamarcial.com\/arnobysinam\/wp-json\/wp\/v2\/types\/product"}],"version-history":[{"count":1,"href":"https:\/\/tiendamarcial.com\/arnobysinam\/wp-json\/wp\/v2\/product\/3078\/revisions"}],"predecessor-version":[{"id":3079,"href":"https:\/\/tiendamarcial.com\/arnobysinam\/wp-json\/wp\/v2\/product\/3078\/revisions\/3079"}],"wp:featuredmedia":[{"embeddable":true,"href":"https:\/\/tiendamarcial.com\/arnobysinam\/wp-json\/wp\/v2\/media\/3080"}],"wp:attachment":[{"href":"https:\/\/tiendamarcial.com\/arnobysinam\/wp-json\/wp\/v2\/media?parent=3078"}],"wp:term":[{"taxonomy":"product_brand","embeddable":true,"href":"https:\/\/tiendamarcial.com\/arnobysinam\/wp-json\/wp\/v2\/product_brand?post=3078"},{"taxonomy":"product_cat","embeddable":true,"href":"https:\/\/tiendamarcial.com\/arnobysinam\/wp-json\/wp\/v2\/product_cat?post=3078"},{"taxonomy":"product_tag","embeddable":true,"href":"https:\/\/tiendamarcial.com\/arnobysinam\/wp-json\/wp\/v2\/product_tag?post=3078"}],"curies":[{"name":"wp","href":"https:\/\/api.w.org\/{rel}","templated":true}]}}