{"id":2960,"date":"2023-08-25T21:09:51","date_gmt":"2023-08-26T02:09:51","guid":{"rendered":"https:\/\/tiendamarcial.com\/arnobysinam\/?post_type=product&#038;p=2960"},"modified":"2025-10-31T12:14:14","modified_gmt":"2025-10-31T17:14:14","slug":"estuche-para-protector-bucal","status":"publish","type":"product","link":"https:\/\/tiendamarcial.com\/arnobysinam\/producto\/estuche-para-protector-bucal\/","title":{"rendered":"Estuche para protector bucal"},"content":{"rendered":"<div id=\"productDescription\" class=\"productGeneral biggerText\">\n<p>El estuche de protector bucal Fresh Knight te brinda la posibilidad de tener uno en casa y otro contigo mientras te desplazas. Con estas fundas, mantendr\u00e1s tus protectores bucales y dispositivos de ortodoncia seguros y protegidos sin importar d\u00f3nde est\u00e9s. Ya no tendr\u00e1s que envolver tu protector en inc\u00f3modas servilletas ni llevarlo suelto en el bolsillo trasero, evitando as\u00ed la p\u00e9rdida y la mala manipulaci\u00f3n de protectores o de retenedores. Este contenedor es compacto y port\u00e1til, pero lo suficientemente espacioso para albergar dos piezas de protectores, de retenedores o alineadores superiores e inferiores. Adem\u00e1s, es id\u00f3neo para mantener protectores bucales y algunas dentaduras postizas. Su dise\u00f1o cuenta con agujeros de ventilaci\u00f3n que mantienen tus dispositivos de ortodoncia frescos y secos mientras est\u00e1n guardados, evitando la acumulaci\u00f3n de olores desagradables. Estas fundas son aptas para lavavajillas, lo que permite una limpieza r\u00e1pida y sencilla. Las fundas Fresh Knight son l\u00edderes en la industria: de f\u00e1cil apertura, cierre y limpieza. Fabricados con materiales duraderos y libres de BPA, est\u00e1n disponibles en color <strong>NEGRO<\/strong>.<\/p>\n<\/div>\n","protected":false},"excerpt":{"rendered":"<div id=\"productDescription\" class=\"productGeneral biggerText\">El estuche de protector bucal Fresh Knight te brinda la posibilidad de tener uno en casa y otro contigo mientras te desplazas.<\/div>\n<div class=\"productGeneral biggerText\"><\/div>\n<p>&nbsp;<\/p>\n","protected":false},"featured_media":2963,"template":"","meta":[],"product_brand":[],"product_cat":[33],"product_tag":[279,277,386,385,40,72,74,278,45],"class_list":{"0":"post-2960","1":"product","2":"type-product","3":"status-publish","4":"has-post-thumbnail","6":"product_cat-protectores","7":"product_tag-boxeo","8":"product_tag-bucal","9":"product_tag-case","10":"product_tag-estuche","11":"product_tag-karate","12":"product_tag-mma","13":"product_tag-protector","14":"product_tag-sencillo","15":"product_tag-taekwondo","17":"first","18":"instock","19":"shipping-taxable","20":"purchasable","21":"product-type-simple"},"yoast_head":"<!-- This site is optimized with the Yoast SEO plugin v26.8 - https:\/\/yoast.com\/product\/yoast-seo-wordpress\/ -->\n<title>Estuche para protector bucal - Tienda Marcial Colombia<\/title>\n<meta name=\"robots\" content=\"index, follow, max-snippet:-1, max-image-preview:large, max-video-preview:-1\" \/>\n<link rel=\"canonical\" href=\"https:\/\/tiendamarcial.com\/arnobysinam\/producto\/estuche-para-protector-bucal\/\" \/>\n<meta property=\"og:locale\" content=\"es_ES\" \/>\n<meta property=\"og:type\" content=\"article\" \/>\n<meta property=\"og:title\" content=\"Estuche para protector bucal - Tienda Marcial Colombia\" \/>\n<meta property=\"og:description\" content=\"El estuche de protector bucal Fresh Knight te brinda la posibilidad de tener uno en casa y otro contigo mientras te desplazas.  &nbsp;\" \/>\n<meta property=\"og:url\" content=\"https:\/\/tiendamarcial.com\/arnobysinam\/producto\/estuche-para-protector-bucal\/\" \/>\n<meta property=\"og:site_name\" content=\"Tienda Marcial Colombia\" \/>\n<meta property=\"article:publisher\" content=\"https:\/\/www.facebook.com\/TiendaMarcial\" \/>\n<meta property=\"article:modified_time\" content=\"2025-10-31T17:14:14+00:00\" \/>\n<meta property=\"og:image\" content=\"https:\/\/tiendamarcial.com\/arnobysinam\/wp-content\/uploads\/2023\/08\/PRCS001A.jpg\" \/>\n\t<meta property=\"og:image:width\" content=\"600\" \/>\n\t<meta property=\"og:image:height\" content=\"600\" \/>\n\t<meta property=\"og:image:type\" content=\"image\/jpeg\" \/>\n<meta name=\"twitter:card\" content=\"summary_large_image\" \/>\n<meta name=\"twitter:site\" content=\"@TiendaMarcial\" \/>\n<meta name=\"twitter:label1\" content=\"Tiempo de lectura\" \/>\n\t<meta name=\"twitter:data1\" content=\"1 minuto\" \/>\n<script type=\"application\/ld+json\" class=\"yoast-schema-graph\">{\"@context\":\"https:\/\/schema.org\",\"@graph\":[{\"@type\":\"WebPage\",\"@id\":\"https:\/\/tiendamarcial.com\/arnobysinam\/producto\/estuche-para-protector-bucal\/\",\"url\":\"https:\/\/tiendamarcial.com\/arnobysinam\/producto\/estuche-para-protector-bucal\/\",\"name\":\"Estuche para protector bucal - Tienda Marcial Colombia\",\"isPartOf\":{\"@id\":\"https:\/\/tiendamarcial.com\/arnobysinam\/#website\"},\"primaryImageOfPage\":{\"@id\":\"https:\/\/tiendamarcial.com\/arnobysinam\/producto\/estuche-para-protector-bucal\/#primaryimage\"},\"image\":{\"@id\":\"https:\/\/tiendamarcial.com\/arnobysinam\/producto\/estuche-para-protector-bucal\/#primaryimage\"},\"thumbnailUrl\":\"https:\/\/tiendamarcial.com\/arnobysinam\/wp-content\/uploads\/2023\/08\/PRCS001A.jpg\",\"datePublished\":\"2023-08-26T02:09:51+00:00\",\"dateModified\":\"2025-10-31T17:14:14+00:00\",\"breadcrumb\":{\"@id\":\"https:\/\/tiendamarcial.com\/arnobysinam\/producto\/estuche-para-protector-bucal\/#breadcrumb\"},\"inLanguage\":\"es\",\"potentialAction\":[{\"@type\":\"ReadAction\",\"target\":[\"https:\/\/tiendamarcial.com\/arnobysinam\/producto\/estuche-para-protector-bucal\/\"]}]},{\"@type\":\"ImageObject\",\"inLanguage\":\"es\",\"@id\":\"https:\/\/tiendamarcial.com\/arnobysinam\/producto\/estuche-para-protector-bucal\/#primaryimage\",\"url\":\"https:\/\/tiendamarcial.com\/arnobysinam\/wp-content\/uploads\/2023\/08\/PRCS001A.jpg\",\"contentUrl\":\"https:\/\/tiendamarcial.com\/arnobysinam\/wp-content\/uploads\/2023\/08\/PRCS001A.jpg\",\"width\":600,\"height\":600},{\"@type\":\"BreadcrumbList\",\"@id\":\"https:\/\/tiendamarcial.com\/arnobysinam\/producto\/estuche-para-protector-bucal\/#breadcrumb\",\"itemListElement\":[{\"@type\":\"ListItem\",\"position\":1,\"name\":\"Portada\",\"item\":\"https:\/\/tiendamarcial.com\/arnobysinam\/\"},{\"@type\":\"ListItem\",\"position\":2,\"name\":\"Tienda\",\"item\":\"https:\/\/tiendamarcial.com\/arnobysinam\/tienda\/\"},{\"@type\":\"ListItem\",\"position\":3,\"name\":\"Estuche para protector bucal\"}]},{\"@type\":\"WebSite\",\"@id\":\"https:\/\/tiendamarcial.com\/arnobysinam\/#website\",\"url\":\"https:\/\/tiendamarcial.com\/arnobysinam\/\",\"name\":\"Tienda Marcial Colombia\",\"description\":\"Todo en implementos para Artes Marciales\",\"potentialAction\":[{\"@type\":\"SearchAction\",\"target\":{\"@type\":\"EntryPoint\",\"urlTemplate\":\"https:\/\/tiendamarcial.com\/arnobysinam\/?s={search_term_string}\"},\"query-input\":{\"@type\":\"PropertyValueSpecification\",\"valueRequired\":true,\"valueName\":\"search_term_string\"}}],\"inLanguage\":\"es\"}]}<\/script>\n<!-- \/ Yoast SEO plugin. -->","yoast_head_json":{"title":"Estuche para protector bucal - Tienda Marcial Colombia","robots":{"index":"index","follow":"follow","max-snippet":"max-snippet:-1","max-image-preview":"max-image-preview:large","max-video-preview":"max-video-preview:-1"},"canonical":"https:\/\/tiendamarcial.com\/arnobysinam\/producto\/estuche-para-protector-bucal\/","og_locale":"es_ES","og_type":"article","og_title":"Estuche para protector bucal - Tienda Marcial Colombia","og_description":"El estuche de protector bucal Fresh Knight te brinda la posibilidad de tener uno en casa y otro contigo mientras te desplazas.  &nbsp;","og_url":"https:\/\/tiendamarcial.com\/arnobysinam\/producto\/estuche-para-protector-bucal\/","og_site_name":"Tienda Marcial Colombia","article_publisher":"https:\/\/www.facebook.com\/TiendaMarcial","article_modified_time":"2025-10-31T17:14:14+00:00","og_image":[{"width":600,"height":600,"url":"https:\/\/tiendamarcial.com\/arnobysinam\/wp-content\/uploads\/2023\/08\/PRCS001A.jpg","type":"image\/jpeg"}],"twitter_card":"summary_large_image","twitter_site":"@TiendaMarcial","twitter_misc":{"Tiempo de lectura":"1 minuto"},"schema":{"@context":"https:\/\/schema.org","@graph":[{"@type":"WebPage","@id":"https:\/\/tiendamarcial.com\/arnobysinam\/producto\/estuche-para-protector-bucal\/","url":"https:\/\/tiendamarcial.com\/arnobysinam\/producto\/estuche-para-protector-bucal\/","name":"Estuche para protector bucal - Tienda Marcial Colombia","isPartOf":{"@id":"https:\/\/tiendamarcial.com\/arnobysinam\/#website"},"primaryImageOfPage":{"@id":"https:\/\/tiendamarcial.com\/arnobysinam\/producto\/estuche-para-protector-bucal\/#primaryimage"},"image":{"@id":"https:\/\/tiendamarcial.com\/arnobysinam\/producto\/estuche-para-protector-bucal\/#primaryimage"},"thumbnailUrl":"https:\/\/tiendamarcial.com\/arnobysinam\/wp-content\/uploads\/2023\/08\/PRCS001A.jpg","datePublished":"2023-08-26T02:09:51+00:00","dateModified":"2025-10-31T17:14:14+00:00","breadcrumb":{"@id":"https:\/\/tiendamarcial.com\/arnobysinam\/producto\/estuche-para-protector-bucal\/#breadcrumb"},"inLanguage":"es","potentialAction":[{"@type":"ReadAction","target":["https:\/\/tiendamarcial.com\/arnobysinam\/producto\/estuche-para-protector-bucal\/"]}]},{"@type":"ImageObject","inLanguage":"es","@id":"https:\/\/tiendamarcial.com\/arnobysinam\/producto\/estuche-para-protector-bucal\/#primaryimage","url":"https:\/\/tiendamarcial.com\/arnobysinam\/wp-content\/uploads\/2023\/08\/PRCS001A.jpg","contentUrl":"https:\/\/tiendamarcial.com\/arnobysinam\/wp-content\/uploads\/2023\/08\/PRCS001A.jpg","width":600,"height":600},{"@type":"BreadcrumbList","@id":"https:\/\/tiendamarcial.com\/arnobysinam\/producto\/estuche-para-protector-bucal\/#breadcrumb","itemListElement":[{"@type":"ListItem","position":1,"name":"Portada","item":"https:\/\/tiendamarcial.com\/arnobysinam\/"},{"@type":"ListItem","position":2,"name":"Tienda","item":"https:\/\/tiendamarcial.com\/arnobysinam\/tienda\/"},{"@type":"ListItem","position":3,"name":"Estuche para protector bucal"}]},{"@type":"WebSite","@id":"https:\/\/tiendamarcial.com\/arnobysinam\/#website","url":"https:\/\/tiendamarcial.com\/arnobysinam\/","name":"Tienda Marcial Colombia","description":"Todo en implementos para Artes Marciales","potentialAction":[{"@type":"SearchAction","target":{"@type":"EntryPoint","urlTemplate":"https:\/\/tiendamarcial.com\/arnobysinam\/?s={search_term_string}"},"query-input":{"@type":"PropertyValueSpecification","valueRequired":true,"valueName":"search_term_string"}}],"inLanguage":"es"}]}},"_links":{"self":[{"href":"https:\/\/tiendamarcial.com\/arnobysinam\/wp-json\/wp\/v2\/product\/2960","targetHints":{"allow":["GET"]}}],"collection":[{"href":"https:\/\/tiendamarcial.com\/arnobysinam\/wp-json\/wp\/v2\/product"}],"about":[{"href":"https:\/\/tiendamarcial.com\/arnobysinam\/wp-json\/wp\/v2\/types\/product"}],"version-history":[{"count":2,"href":"https:\/\/tiendamarcial.com\/arnobysinam\/wp-json\/wp\/v2\/product\/2960\/revisions"}],"predecessor-version":[{"id":2966,"href":"https:\/\/tiendamarcial.com\/arnobysinam\/wp-json\/wp\/v2\/product\/2960\/revisions\/2966"}],"wp:featuredmedia":[{"embeddable":true,"href":"https:\/\/tiendamarcial.com\/arnobysinam\/wp-json\/wp\/v2\/media\/2963"}],"wp:attachment":[{"href":"https:\/\/tiendamarcial.com\/arnobysinam\/wp-json\/wp\/v2\/media?parent=2960"}],"wp:term":[{"taxonomy":"product_brand","embeddable":true,"href":"https:\/\/tiendamarcial.com\/arnobysinam\/wp-json\/wp\/v2\/product_brand?post=2960"},{"taxonomy":"product_cat","embeddable":true,"href":"https:\/\/tiendamarcial.com\/arnobysinam\/wp-json\/wp\/v2\/product_cat?post=2960"},{"taxonomy":"product_tag","embeddable":true,"href":"https:\/\/tiendamarcial.com\/arnobysinam\/wp-json\/wp\/v2\/product_tag?post=2960"}],"curies":[{"name":"wp","href":"https:\/\/api.w.org\/{rel}","templated":true}]}}