{"id":2924,"date":"2023-08-21T18:33:04","date_gmt":"2023-08-21T23:33:04","guid":{"rendered":"https:\/\/tiendamarcial.com\/arnobysinam\/?post_type=product&#038;p=2924"},"modified":"2023-09-15T13:38:16","modified_gmt":"2023-09-15T18:38:16","slug":"base-de-techo-para-tula-trx","status":"publish","type":"product","link":"https:\/\/tiendamarcial.com\/arnobysinam\/producto\/base-de-techo-para-tula-trx\/","title":{"rendered":"Base de techo para tula, TRX"},"content":{"rendered":"<p><span style=\"font-family: verdana, geneva; font-size: 12pt;\">Esta base de techo (piso) est\u00e1 fabricada en acero s\u00f3lido para garantizar la seguridad y la estabilidad. Puede usarse para sostener la tula desde el techo o para servir de apoyo coloc\u00e1ndola en el piso y amarrando la tula de su parte inferior para impedir sus amplios movimientos.<\/span><\/p>\n<p><span style=\"font-family: verdana, geneva; font-size: 12pt;\"><span style=\"font-weight: bold; text-decoration: underline;\">Caracter\u00edsticas:<\/span><\/span><\/p>\n<p><span style=\"font-family: verdana, geneva; font-size: 12pt;\"><strong>Instalaci\u00f3n Sencilla:<\/strong> Incluye 2 tornillos hexagonales para fijar la base al techo. En la base de la percha giratoria hay dos orificios, utiliza los tornillos para fijar a la placa a trav\u00e9s de estos agujeros. Se recomienda hacer previamente dos perforaciones en la placa de concreto o madera durante la instalaci\u00f3n, esto facilitar\u00e1 el ajuste de los tornillos. El dise\u00f1o \u00fanico de una sola pieza permite una instalaci\u00f3n en minutos.<\/span><\/p>\n<p><span style=\"font-family: verdana, geneva; font-size: 12pt;\"><strong>Utilizaci\u00f3n:<\/strong> Ideal para colgar sacos de boxeo, artes marciales mixtas, Muay Thai o tus deportes de contacto favoritos, para el entrenamiento con bolsas pesadas de hasta 700 libras. Tambi\u00e9n puede ser usado anclado al piso para fijar las tulas por la parte inferior y evitar el balanceo durante los entrenamientos.<\/span><\/p>\n<p><span style=\"font-family: verdana, geneva; font-size: 12pt;\"><strong>Rotaci\u00f3n con Rodamiento:<\/strong> La innovadora rotaci\u00f3n con rodamiento proporciona un movimiento suave y sin fricciones. Dise\u00f1o giratorio compacto y sim\u00e9trico. Los rodamientos grandes utilizados son resistentes y vers\u00e1tiles en su uso.<\/span><\/p>\n<p><span style=\"font-family: verdana, geneva; font-size: 12pt;\"><strong>Uso Interior y Exterior:<\/strong> Resistencia a la corrosi\u00f3n gracias a los anillos de acero inoxidable 304 de alta dureza fabricados con materiales de calidad. Libre de \u00f3xido, resistente a la corrosi\u00f3n, alta dureza, no t\u00f3xico y ambientalmente seguro. Adecuado para cualquier entorno.<\/span><\/p>\n<p><span style=\"font-family: verdana, geneva; font-size: 12pt;\"><strong>Contenido del Paquete:<\/strong> Soporte robusto para colgar tula de boxeo y 2 tornillos hexagonales para fijar la base al techo.<\/span><\/p>\n<p>&nbsp;<\/p>\n<p>&nbsp;<\/p>\n","protected":false},"excerpt":{"rendered":"<p><span style=\"font-family: verdana, geneva; font-size: 12pt;\">Esta base de techo (piso) est\u00e1 fabricada en acero s\u00f3lido para garantizar la seguridad y la estabilidad. Puede usarse para sostener la tula desde el techo o para servir de apoyo coloc\u00e1ndola en el piso y amarrando la tula de su parte inferior para impedir sus amplios movimientos.<\/span><\/p>\n","protected":false},"featured_media":2928,"template":"","meta":[],"product_brand":[],"product_cat":[407],"product_tag":[94,279,376,374,323,375],"class_list":{"0":"post-2924","1":"product","2":"type-product","3":"status-publish","4":"has-post-thumbnail","6":"product_cat-tulas-y-peras-boxeo","7":"product_tag-base","8":"product_tag-boxeo","9":"product_tag-sunatawara","10":"product_tag-techo","11":"product_tag-trx","12":"product_tag-tula","14":"first","15":"instock","16":"shipping-taxable","17":"purchasable","18":"product-type-simple"},"yoast_head":"<!-- This site is optimized with the Yoast SEO plugin v26.8 - https:\/\/yoast.com\/product\/yoast-seo-wordpress\/ -->\n<title>Base de techo para tula, TRX - Tienda Marcial Colombia<\/title>\n<meta name=\"robots\" content=\"index, follow, max-snippet:-1, max-image-preview:large, max-video-preview:-1\" \/>\n<link rel=\"canonical\" href=\"https:\/\/tiendamarcial.com\/arnobysinam\/producto\/base-de-techo-para-tula-trx\/\" \/>\n<meta property=\"og:locale\" content=\"es_ES\" \/>\n<meta property=\"og:type\" content=\"article\" \/>\n<meta property=\"og:title\" content=\"Base de techo para tula, TRX - Tienda Marcial Colombia\" \/>\n<meta property=\"og:description\" content=\"Esta base de techo (piso) est\u00e1 fabricada en acero s\u00f3lido para garantizar la seguridad y la estabilidad. Puede usarse para sostener la tula desde el techo o para servir de apoyo coloc\u00e1ndola en el piso y amarrando la tula de su parte inferior para impedir sus amplios movimientos.\" \/>\n<meta property=\"og:url\" content=\"https:\/\/tiendamarcial.com\/arnobysinam\/producto\/base-de-techo-para-tula-trx\/\" \/>\n<meta property=\"og:site_name\" content=\"Tienda Marcial Colombia\" \/>\n<meta property=\"article:publisher\" content=\"https:\/\/www.facebook.com\/TiendaMarcial\" \/>\n<meta property=\"article:modified_time\" content=\"2023-09-15T18:38:16+00:00\" \/>\n<meta property=\"og:image\" content=\"https:\/\/tiendamarcial.com\/arnobysinam\/wp-content\/uploads\/2023\/08\/ENBT001A.jpg\" \/>\n\t<meta property=\"og:image:width\" content=\"600\" \/>\n\t<meta property=\"og:image:height\" content=\"600\" \/>\n\t<meta property=\"og:image:type\" content=\"image\/jpeg\" \/>\n<meta name=\"twitter:card\" content=\"summary_large_image\" \/>\n<meta name=\"twitter:site\" content=\"@TiendaMarcial\" \/>\n<meta name=\"twitter:label1\" content=\"Tiempo de lectura\" \/>\n\t<meta name=\"twitter:data1\" content=\"1 minuto\" \/>\n<script type=\"application\/ld+json\" class=\"yoast-schema-graph\">{\"@context\":\"https:\/\/schema.org\",\"@graph\":[{\"@type\":\"WebPage\",\"@id\":\"https:\/\/tiendamarcial.com\/arnobysinam\/producto\/base-de-techo-para-tula-trx\/\",\"url\":\"https:\/\/tiendamarcial.com\/arnobysinam\/producto\/base-de-techo-para-tula-trx\/\",\"name\":\"Base de techo para tula, TRX - Tienda Marcial Colombia\",\"isPartOf\":{\"@id\":\"https:\/\/tiendamarcial.com\/arnobysinam\/#website\"},\"primaryImageOfPage\":{\"@id\":\"https:\/\/tiendamarcial.com\/arnobysinam\/producto\/base-de-techo-para-tula-trx\/#primaryimage\"},\"image\":{\"@id\":\"https:\/\/tiendamarcial.com\/arnobysinam\/producto\/base-de-techo-para-tula-trx\/#primaryimage\"},\"thumbnailUrl\":\"https:\/\/tiendamarcial.com\/arnobysinam\/wp-content\/uploads\/2023\/08\/ENBT001A.jpg\",\"datePublished\":\"2023-08-21T23:33:04+00:00\",\"dateModified\":\"2023-09-15T18:38:16+00:00\",\"breadcrumb\":{\"@id\":\"https:\/\/tiendamarcial.com\/arnobysinam\/producto\/base-de-techo-para-tula-trx\/#breadcrumb\"},\"inLanguage\":\"es\",\"potentialAction\":[{\"@type\":\"ReadAction\",\"target\":[\"https:\/\/tiendamarcial.com\/arnobysinam\/producto\/base-de-techo-para-tula-trx\/\"]}]},{\"@type\":\"ImageObject\",\"inLanguage\":\"es\",\"@id\":\"https:\/\/tiendamarcial.com\/arnobysinam\/producto\/base-de-techo-para-tula-trx\/#primaryimage\",\"url\":\"https:\/\/tiendamarcial.com\/arnobysinam\/wp-content\/uploads\/2023\/08\/ENBT001A.jpg\",\"contentUrl\":\"https:\/\/tiendamarcial.com\/arnobysinam\/wp-content\/uploads\/2023\/08\/ENBT001A.jpg\",\"width\":600,\"height\":600},{\"@type\":\"BreadcrumbList\",\"@id\":\"https:\/\/tiendamarcial.com\/arnobysinam\/producto\/base-de-techo-para-tula-trx\/#breadcrumb\",\"itemListElement\":[{\"@type\":\"ListItem\",\"position\":1,\"name\":\"Portada\",\"item\":\"https:\/\/tiendamarcial.com\/arnobysinam\/\"},{\"@type\":\"ListItem\",\"position\":2,\"name\":\"Tienda\",\"item\":\"https:\/\/tiendamarcial.com\/arnobysinam\/tienda\/\"},{\"@type\":\"ListItem\",\"position\":3,\"name\":\"Base de techo para tula, TRX\"}]},{\"@type\":\"WebSite\",\"@id\":\"https:\/\/tiendamarcial.com\/arnobysinam\/#website\",\"url\":\"https:\/\/tiendamarcial.com\/arnobysinam\/\",\"name\":\"Tienda Marcial Colombia\",\"description\":\"Todo en implementos para Artes Marciales\",\"potentialAction\":[{\"@type\":\"SearchAction\",\"target\":{\"@type\":\"EntryPoint\",\"urlTemplate\":\"https:\/\/tiendamarcial.com\/arnobysinam\/?s={search_term_string}\"},\"query-input\":{\"@type\":\"PropertyValueSpecification\",\"valueRequired\":true,\"valueName\":\"search_term_string\"}}],\"inLanguage\":\"es\"}]}<\/script>\n<!-- \/ Yoast SEO plugin. -->","yoast_head_json":{"title":"Base de techo para tula, TRX - Tienda Marcial Colombia","robots":{"index":"index","follow":"follow","max-snippet":"max-snippet:-1","max-image-preview":"max-image-preview:large","max-video-preview":"max-video-preview:-1"},"canonical":"https:\/\/tiendamarcial.com\/arnobysinam\/producto\/base-de-techo-para-tula-trx\/","og_locale":"es_ES","og_type":"article","og_title":"Base de techo para tula, TRX - Tienda Marcial Colombia","og_description":"Esta base de techo (piso) est\u00e1 fabricada en acero s\u00f3lido para garantizar la seguridad y la estabilidad. Puede usarse para sostener la tula desde el techo o para servir de apoyo coloc\u00e1ndola en el piso y amarrando la tula de su parte inferior para impedir sus amplios movimientos.","og_url":"https:\/\/tiendamarcial.com\/arnobysinam\/producto\/base-de-techo-para-tula-trx\/","og_site_name":"Tienda Marcial Colombia","article_publisher":"https:\/\/www.facebook.com\/TiendaMarcial","article_modified_time":"2023-09-15T18:38:16+00:00","og_image":[{"width":600,"height":600,"url":"https:\/\/tiendamarcial.com\/arnobysinam\/wp-content\/uploads\/2023\/08\/ENBT001A.jpg","type":"image\/jpeg"}],"twitter_card":"summary_large_image","twitter_site":"@TiendaMarcial","twitter_misc":{"Tiempo de lectura":"1 minuto"},"schema":{"@context":"https:\/\/schema.org","@graph":[{"@type":"WebPage","@id":"https:\/\/tiendamarcial.com\/arnobysinam\/producto\/base-de-techo-para-tula-trx\/","url":"https:\/\/tiendamarcial.com\/arnobysinam\/producto\/base-de-techo-para-tula-trx\/","name":"Base de techo para tula, TRX - Tienda Marcial Colombia","isPartOf":{"@id":"https:\/\/tiendamarcial.com\/arnobysinam\/#website"},"primaryImageOfPage":{"@id":"https:\/\/tiendamarcial.com\/arnobysinam\/producto\/base-de-techo-para-tula-trx\/#primaryimage"},"image":{"@id":"https:\/\/tiendamarcial.com\/arnobysinam\/producto\/base-de-techo-para-tula-trx\/#primaryimage"},"thumbnailUrl":"https:\/\/tiendamarcial.com\/arnobysinam\/wp-content\/uploads\/2023\/08\/ENBT001A.jpg","datePublished":"2023-08-21T23:33:04+00:00","dateModified":"2023-09-15T18:38:16+00:00","breadcrumb":{"@id":"https:\/\/tiendamarcial.com\/arnobysinam\/producto\/base-de-techo-para-tula-trx\/#breadcrumb"},"inLanguage":"es","potentialAction":[{"@type":"ReadAction","target":["https:\/\/tiendamarcial.com\/arnobysinam\/producto\/base-de-techo-para-tula-trx\/"]}]},{"@type":"ImageObject","inLanguage":"es","@id":"https:\/\/tiendamarcial.com\/arnobysinam\/producto\/base-de-techo-para-tula-trx\/#primaryimage","url":"https:\/\/tiendamarcial.com\/arnobysinam\/wp-content\/uploads\/2023\/08\/ENBT001A.jpg","contentUrl":"https:\/\/tiendamarcial.com\/arnobysinam\/wp-content\/uploads\/2023\/08\/ENBT001A.jpg","width":600,"height":600},{"@type":"BreadcrumbList","@id":"https:\/\/tiendamarcial.com\/arnobysinam\/producto\/base-de-techo-para-tula-trx\/#breadcrumb","itemListElement":[{"@type":"ListItem","position":1,"name":"Portada","item":"https:\/\/tiendamarcial.com\/arnobysinam\/"},{"@type":"ListItem","position":2,"name":"Tienda","item":"https:\/\/tiendamarcial.com\/arnobysinam\/tienda\/"},{"@type":"ListItem","position":3,"name":"Base de techo para tula, TRX"}]},{"@type":"WebSite","@id":"https:\/\/tiendamarcial.com\/arnobysinam\/#website","url":"https:\/\/tiendamarcial.com\/arnobysinam\/","name":"Tienda Marcial Colombia","description":"Todo en implementos para Artes Marciales","potentialAction":[{"@type":"SearchAction","target":{"@type":"EntryPoint","urlTemplate":"https:\/\/tiendamarcial.com\/arnobysinam\/?s={search_term_string}"},"query-input":{"@type":"PropertyValueSpecification","valueRequired":true,"valueName":"search_term_string"}}],"inLanguage":"es"}]}},"_links":{"self":[{"href":"https:\/\/tiendamarcial.com\/arnobysinam\/wp-json\/wp\/v2\/product\/2924","targetHints":{"allow":["GET"]}}],"collection":[{"href":"https:\/\/tiendamarcial.com\/arnobysinam\/wp-json\/wp\/v2\/product"}],"about":[{"href":"https:\/\/tiendamarcial.com\/arnobysinam\/wp-json\/wp\/v2\/types\/product"}],"version-history":[{"count":4,"href":"https:\/\/tiendamarcial.com\/arnobysinam\/wp-json\/wp\/v2\/product\/2924\/revisions"}],"predecessor-version":[{"id":2931,"href":"https:\/\/tiendamarcial.com\/arnobysinam\/wp-json\/wp\/v2\/product\/2924\/revisions\/2931"}],"wp:featuredmedia":[{"embeddable":true,"href":"https:\/\/tiendamarcial.com\/arnobysinam\/wp-json\/wp\/v2\/media\/2928"}],"wp:attachment":[{"href":"https:\/\/tiendamarcial.com\/arnobysinam\/wp-json\/wp\/v2\/media?parent=2924"}],"wp:term":[{"taxonomy":"product_brand","embeddable":true,"href":"https:\/\/tiendamarcial.com\/arnobysinam\/wp-json\/wp\/v2\/product_brand?post=2924"},{"taxonomy":"product_cat","embeddable":true,"href":"https:\/\/tiendamarcial.com\/arnobysinam\/wp-json\/wp\/v2\/product_cat?post=2924"},{"taxonomy":"product_tag","embeddable":true,"href":"https:\/\/tiendamarcial.com\/arnobysinam\/wp-json\/wp\/v2\/product_tag?post=2924"}],"curies":[{"name":"wp","href":"https:\/\/api.w.org\/{rel}","templated":true}]}}