{"id":2825,"date":"2023-08-10T13:47:02","date_gmt":"2023-08-10T18:47:02","guid":{"rendered":"https:\/\/tiendamarcial.com\/arnobysinam\/?post_type=product&#038;p=2825"},"modified":"2023-08-10T15:01:09","modified_gmt":"2023-08-10T20:01:09","slug":"banda-elastica-de-alta-resistencia-gris","status":"publish","type":"product","link":"https:\/\/tiendamarcial.com\/arnobysinam\/producto\/banda-elastica-de-alta-resistencia-gris\/","title":{"rendered":"Banda el\u00e1stica de alta resistencia &#8211; Gris"},"content":{"rendered":"<p>Los ejercicios con bandas el\u00e1sticas son ejercicios de fitness que son realizados utilizando una banda el\u00e1stica, tambi\u00e9n llamada c\u00e1mara de estiramiento, o banda de resistencia. Las bandas el\u00e1sticas para ejercicios est\u00e1n compuestas de un tejido flexible, como un el\u00e1stico, y es dicha elasticidad la que provee la resistencia necesaria para un entrenamiento de fuerza efectivo.<\/p>\n<p>Los ejercicios con bandas el\u00e1sticas han crecido recientemente en popularidad debido a su efectividad en programas de rehabilitaci\u00f3n as\u00ed como tambi\u00e9n debido a que los costos y el espacio requerido son extremadamente bajos.<\/p>\n<p><strong>Medidas:<\/strong><\/p>\n<p>&#8211; Tiene 275 cms de largo en caucho de alta resistencia.<\/p>\n<p>&#8211; Cada empu\u00f1adura tiene 12 cms.<\/p>\n","protected":false},"excerpt":{"rendered":"<p>Los ejercicios con bandas el\u00e1sticas son ejercicios de fitness que son realizados utilizando una banda el\u00e1stica, tambi\u00e9n llamada c\u00e1mara de estiramiento, o banda de resistencia. Las bandas el\u00e1sticas para ejercicios est\u00e1n compuestas de un tejido flexible, como un el\u00e1stico, y es dicha elasticidad la que provee la resistencia necesaria para un entrenamiento de fuerza efectivo.<\/p>\n","protected":false},"featured_media":2830,"template":"","meta":[],"product_brand":[],"product_cat":[320],"product_tag":[362,363,321,364],"class_list":{"0":"post-2825","1":"product","2":"type-product","3":"status-publish","4":"has-post-thumbnail","6":"product_cat-varios-entrenamiento","7":"product_tag-banda","8":"product_tag-elastica","9":"product_tag-entrenamiento","10":"product_tag-resistencia","12":"first","13":"instock","14":"shipping-taxable","15":"purchasable","16":"product-type-simple"},"yoast_head":"<!-- This site is optimized with the Yoast SEO plugin v26.8 - https:\/\/yoast.com\/product\/yoast-seo-wordpress\/ -->\n<title>Banda el\u00e1stica de alta resistencia - Gris - Tienda Marcial Colombia<\/title>\n<meta name=\"robots\" content=\"index, follow, max-snippet:-1, max-image-preview:large, max-video-preview:-1\" \/>\n<link rel=\"canonical\" href=\"https:\/\/tiendamarcial.com\/arnobysinam\/producto\/banda-elastica-de-alta-resistencia-gris\/\" \/>\n<meta property=\"og:locale\" content=\"es_ES\" \/>\n<meta property=\"og:type\" content=\"article\" \/>\n<meta property=\"og:title\" content=\"Banda el\u00e1stica de alta resistencia - Gris - Tienda Marcial Colombia\" \/>\n<meta property=\"og:description\" content=\"Los ejercicios con bandas el\u00e1sticas son ejercicios de fitness que son realizados utilizando una banda el\u00e1stica, tambi\u00e9n llamada c\u00e1mara de estiramiento, o banda de resistencia. Las bandas el\u00e1sticas para ejercicios est\u00e1n compuestas de un tejido flexible, como un el\u00e1stico, y es dicha elasticidad la que provee la resistencia necesaria para un entrenamiento de fuerza efectivo.\" \/>\n<meta property=\"og:url\" content=\"https:\/\/tiendamarcial.com\/arnobysinam\/producto\/banda-elastica-de-alta-resistencia-gris\/\" \/>\n<meta property=\"og:site_name\" content=\"Tienda Marcial Colombia\" \/>\n<meta property=\"article:publisher\" content=\"https:\/\/www.facebook.com\/TiendaMarcial\" \/>\n<meta property=\"article:modified_time\" content=\"2023-08-10T20:01:09+00:00\" \/>\n<meta property=\"og:image\" content=\"https:\/\/tiendamarcial.com\/arnobysinam\/wp-content\/uploads\/2023\/08\/ENBT500.jpg\" \/>\n\t<meta property=\"og:image:width\" content=\"600\" \/>\n\t<meta property=\"og:image:height\" content=\"600\" \/>\n\t<meta property=\"og:image:type\" content=\"image\/jpeg\" \/>\n<meta name=\"twitter:card\" content=\"summary_large_image\" \/>\n<meta name=\"twitter:site\" content=\"@TiendaMarcial\" \/>\n<meta name=\"twitter:label1\" content=\"Tiempo de lectura\" \/>\n\t<meta name=\"twitter:data1\" content=\"1 minuto\" \/>\n<script type=\"application\/ld+json\" class=\"yoast-schema-graph\">{\"@context\":\"https:\/\/schema.org\",\"@graph\":[{\"@type\":\"WebPage\",\"@id\":\"https:\/\/tiendamarcial.com\/arnobysinam\/producto\/banda-elastica-de-alta-resistencia-gris\/\",\"url\":\"https:\/\/tiendamarcial.com\/arnobysinam\/producto\/banda-elastica-de-alta-resistencia-gris\/\",\"name\":\"Banda el\u00e1stica de alta resistencia - Gris - Tienda Marcial Colombia\",\"isPartOf\":{\"@id\":\"https:\/\/tiendamarcial.com\/arnobysinam\/#website\"},\"primaryImageOfPage\":{\"@id\":\"https:\/\/tiendamarcial.com\/arnobysinam\/producto\/banda-elastica-de-alta-resistencia-gris\/#primaryimage\"},\"image\":{\"@id\":\"https:\/\/tiendamarcial.com\/arnobysinam\/producto\/banda-elastica-de-alta-resistencia-gris\/#primaryimage\"},\"thumbnailUrl\":\"https:\/\/tiendamarcial.com\/arnobysinam\/wp-content\/uploads\/2023\/08\/ENBT500.jpg\",\"datePublished\":\"2023-08-10T18:47:02+00:00\",\"dateModified\":\"2023-08-10T20:01:09+00:00\",\"breadcrumb\":{\"@id\":\"https:\/\/tiendamarcial.com\/arnobysinam\/producto\/banda-elastica-de-alta-resistencia-gris\/#breadcrumb\"},\"inLanguage\":\"es\",\"potentialAction\":[{\"@type\":\"ReadAction\",\"target\":[\"https:\/\/tiendamarcial.com\/arnobysinam\/producto\/banda-elastica-de-alta-resistencia-gris\/\"]}]},{\"@type\":\"ImageObject\",\"inLanguage\":\"es\",\"@id\":\"https:\/\/tiendamarcial.com\/arnobysinam\/producto\/banda-elastica-de-alta-resistencia-gris\/#primaryimage\",\"url\":\"https:\/\/tiendamarcial.com\/arnobysinam\/wp-content\/uploads\/2023\/08\/ENBT500.jpg\",\"contentUrl\":\"https:\/\/tiendamarcial.com\/arnobysinam\/wp-content\/uploads\/2023\/08\/ENBT500.jpg\",\"width\":600,\"height\":600},{\"@type\":\"BreadcrumbList\",\"@id\":\"https:\/\/tiendamarcial.com\/arnobysinam\/producto\/banda-elastica-de-alta-resistencia-gris\/#breadcrumb\",\"itemListElement\":[{\"@type\":\"ListItem\",\"position\":1,\"name\":\"Portada\",\"item\":\"https:\/\/tiendamarcial.com\/arnobysinam\/\"},{\"@type\":\"ListItem\",\"position\":2,\"name\":\"Tienda\",\"item\":\"https:\/\/tiendamarcial.com\/arnobysinam\/tienda\/\"},{\"@type\":\"ListItem\",\"position\":3,\"name\":\"Banda el\u00e1stica de alta resistencia &#8211; Gris\"}]},{\"@type\":\"WebSite\",\"@id\":\"https:\/\/tiendamarcial.com\/arnobysinam\/#website\",\"url\":\"https:\/\/tiendamarcial.com\/arnobysinam\/\",\"name\":\"Tienda Marcial Colombia\",\"description\":\"Todo en implementos para Artes Marciales\",\"potentialAction\":[{\"@type\":\"SearchAction\",\"target\":{\"@type\":\"EntryPoint\",\"urlTemplate\":\"https:\/\/tiendamarcial.com\/arnobysinam\/?s={search_term_string}\"},\"query-input\":{\"@type\":\"PropertyValueSpecification\",\"valueRequired\":true,\"valueName\":\"search_term_string\"}}],\"inLanguage\":\"es\"}]}<\/script>\n<!-- \/ Yoast SEO plugin. -->","yoast_head_json":{"title":"Banda el\u00e1stica de alta resistencia - Gris - Tienda Marcial Colombia","robots":{"index":"index","follow":"follow","max-snippet":"max-snippet:-1","max-image-preview":"max-image-preview:large","max-video-preview":"max-video-preview:-1"},"canonical":"https:\/\/tiendamarcial.com\/arnobysinam\/producto\/banda-elastica-de-alta-resistencia-gris\/","og_locale":"es_ES","og_type":"article","og_title":"Banda el\u00e1stica de alta resistencia - Gris - Tienda Marcial Colombia","og_description":"Los ejercicios con bandas el\u00e1sticas son ejercicios de fitness que son realizados utilizando una banda el\u00e1stica, tambi\u00e9n llamada c\u00e1mara de estiramiento, o banda de resistencia. Las bandas el\u00e1sticas para ejercicios est\u00e1n compuestas de un tejido flexible, como un el\u00e1stico, y es dicha elasticidad la que provee la resistencia necesaria para un entrenamiento de fuerza efectivo.","og_url":"https:\/\/tiendamarcial.com\/arnobysinam\/producto\/banda-elastica-de-alta-resistencia-gris\/","og_site_name":"Tienda Marcial Colombia","article_publisher":"https:\/\/www.facebook.com\/TiendaMarcial","article_modified_time":"2023-08-10T20:01:09+00:00","og_image":[{"width":600,"height":600,"url":"https:\/\/tiendamarcial.com\/arnobysinam\/wp-content\/uploads\/2023\/08\/ENBT500.jpg","type":"image\/jpeg"}],"twitter_card":"summary_large_image","twitter_site":"@TiendaMarcial","twitter_misc":{"Tiempo de lectura":"1 minuto"},"schema":{"@context":"https:\/\/schema.org","@graph":[{"@type":"WebPage","@id":"https:\/\/tiendamarcial.com\/arnobysinam\/producto\/banda-elastica-de-alta-resistencia-gris\/","url":"https:\/\/tiendamarcial.com\/arnobysinam\/producto\/banda-elastica-de-alta-resistencia-gris\/","name":"Banda el\u00e1stica de alta resistencia - Gris - Tienda Marcial Colombia","isPartOf":{"@id":"https:\/\/tiendamarcial.com\/arnobysinam\/#website"},"primaryImageOfPage":{"@id":"https:\/\/tiendamarcial.com\/arnobysinam\/producto\/banda-elastica-de-alta-resistencia-gris\/#primaryimage"},"image":{"@id":"https:\/\/tiendamarcial.com\/arnobysinam\/producto\/banda-elastica-de-alta-resistencia-gris\/#primaryimage"},"thumbnailUrl":"https:\/\/tiendamarcial.com\/arnobysinam\/wp-content\/uploads\/2023\/08\/ENBT500.jpg","datePublished":"2023-08-10T18:47:02+00:00","dateModified":"2023-08-10T20:01:09+00:00","breadcrumb":{"@id":"https:\/\/tiendamarcial.com\/arnobysinam\/producto\/banda-elastica-de-alta-resistencia-gris\/#breadcrumb"},"inLanguage":"es","potentialAction":[{"@type":"ReadAction","target":["https:\/\/tiendamarcial.com\/arnobysinam\/producto\/banda-elastica-de-alta-resistencia-gris\/"]}]},{"@type":"ImageObject","inLanguage":"es","@id":"https:\/\/tiendamarcial.com\/arnobysinam\/producto\/banda-elastica-de-alta-resistencia-gris\/#primaryimage","url":"https:\/\/tiendamarcial.com\/arnobysinam\/wp-content\/uploads\/2023\/08\/ENBT500.jpg","contentUrl":"https:\/\/tiendamarcial.com\/arnobysinam\/wp-content\/uploads\/2023\/08\/ENBT500.jpg","width":600,"height":600},{"@type":"BreadcrumbList","@id":"https:\/\/tiendamarcial.com\/arnobysinam\/producto\/banda-elastica-de-alta-resistencia-gris\/#breadcrumb","itemListElement":[{"@type":"ListItem","position":1,"name":"Portada","item":"https:\/\/tiendamarcial.com\/arnobysinam\/"},{"@type":"ListItem","position":2,"name":"Tienda","item":"https:\/\/tiendamarcial.com\/arnobysinam\/tienda\/"},{"@type":"ListItem","position":3,"name":"Banda el\u00e1stica de alta resistencia &#8211; Gris"}]},{"@type":"WebSite","@id":"https:\/\/tiendamarcial.com\/arnobysinam\/#website","url":"https:\/\/tiendamarcial.com\/arnobysinam\/","name":"Tienda Marcial Colombia","description":"Todo en implementos para Artes Marciales","potentialAction":[{"@type":"SearchAction","target":{"@type":"EntryPoint","urlTemplate":"https:\/\/tiendamarcial.com\/arnobysinam\/?s={search_term_string}"},"query-input":{"@type":"PropertyValueSpecification","valueRequired":true,"valueName":"search_term_string"}}],"inLanguage":"es"}]}},"_links":{"self":[{"href":"https:\/\/tiendamarcial.com\/arnobysinam\/wp-json\/wp\/v2\/product\/2825","targetHints":{"allow":["GET"]}}],"collection":[{"href":"https:\/\/tiendamarcial.com\/arnobysinam\/wp-json\/wp\/v2\/product"}],"about":[{"href":"https:\/\/tiendamarcial.com\/arnobysinam\/wp-json\/wp\/v2\/types\/product"}],"version-history":[{"count":2,"href":"https:\/\/tiendamarcial.com\/arnobysinam\/wp-json\/wp\/v2\/product\/2825\/revisions"}],"predecessor-version":[{"id":2831,"href":"https:\/\/tiendamarcial.com\/arnobysinam\/wp-json\/wp\/v2\/product\/2825\/revisions\/2831"}],"wp:featuredmedia":[{"embeddable":true,"href":"https:\/\/tiendamarcial.com\/arnobysinam\/wp-json\/wp\/v2\/media\/2830"}],"wp:attachment":[{"href":"https:\/\/tiendamarcial.com\/arnobysinam\/wp-json\/wp\/v2\/media?parent=2825"}],"wp:term":[{"taxonomy":"product_brand","embeddable":true,"href":"https:\/\/tiendamarcial.com\/arnobysinam\/wp-json\/wp\/v2\/product_brand?post=2825"},{"taxonomy":"product_cat","embeddable":true,"href":"https:\/\/tiendamarcial.com\/arnobysinam\/wp-json\/wp\/v2\/product_cat?post=2825"},{"taxonomy":"product_tag","embeddable":true,"href":"https:\/\/tiendamarcial.com\/arnobysinam\/wp-json\/wp\/v2\/product_tag?post=2825"}],"curies":[{"name":"wp","href":"https:\/\/api.w.org\/{rel}","templated":true}]}}