{"id":2491,"date":"2023-08-04T10:38:40","date_gmt":"2023-08-04T15:38:40","guid":{"rendered":"https:\/\/tiendamarcial.com\/arnobysinam\/?post_type=product&#038;p=2491"},"modified":"2025-11-26T11:42:07","modified_gmt":"2025-11-26T16:42:07","slug":"tekko-kote-negro-azul-ninjutsu","status":"publish","type":"product","link":"https:\/\/tiendamarcial.com\/arnobysinam\/producto\/tekko-kote-negro-azul-ninjutsu\/","title":{"rendered":"Tekk\u00f4 (kote) negro\/azul &#8211; Ninjutsu"},"content":{"rendered":"<div>Los tekk\u00f4 (<span class=\"st\">\u624b \u7532<\/span>) son piezas para proteger las mu\u00f1ecas y las manos. A estos que no tienen protecci\u00f3n en el dorso de la mano se les conoce tambi\u00e9n como KOTE.<\/div>\n<div><\/div>\n<div>Estos tekk\u00f4 (PAR) est\u00e1n elaborados en 100% algod\u00f3n con material doble para una mayor protecci\u00f3n de la mu\u00f1eca y antebrazos. Tiene una cara en color negro y el reverso en color azul con cierre en velcro (cierre m\u00e1gico).<\/div>\n","protected":false},"excerpt":{"rendered":"<div>Los tekk\u00f4 (<span class=\"st\">\u624b \u7532<\/span>) son piezas para proteger las mu\u00f1ecas y las manos. A estos que no tienen protecci\u00f3n en el dorso de la mano se les conoce tambi\u00e9n como KOTE.<\/div>\n","protected":false},"featured_media":2494,"template":"","meta":[],"product_brand":[],"product_cat":[318],"product_tag":[47,46,128,345,344],"class_list":{"0":"post-2491","1":"product","2":"type-product","3":"status-publish","4":"has-post-thumbnail","6":"product_cat-accesorios","7":"product_tag-ninja","8":"product_tag-ninjutsu","9":"product_tag-shinobi","10":"product_tag-tekko","11":"product_tag-tekkou","12":"pa_talla-s","13":"pa_talla-m","14":"pa_talla-l","16":"first","17":"instock","18":"shipping-taxable","19":"purchasable","20":"product-type-variable"},"yoast_head":"<!-- This site is optimized with the Yoast SEO plugin v26.8 - https:\/\/yoast.com\/product\/yoast-seo-wordpress\/ -->\n<title>Tekk\u00f4 (kote) negro\/azul - Ninjutsu - Tienda Marcial Colombia<\/title>\n<meta name=\"robots\" content=\"index, follow, max-snippet:-1, max-image-preview:large, max-video-preview:-1\" \/>\n<link rel=\"canonical\" href=\"https:\/\/tiendamarcial.com\/arnobysinam\/producto\/tekko-kote-negro-azul-ninjutsu\/\" \/>\n<meta property=\"og:locale\" content=\"es_ES\" \/>\n<meta property=\"og:type\" content=\"article\" \/>\n<meta property=\"og:title\" content=\"Tekk\u00f4 (kote) negro\/azul - Ninjutsu - Tienda Marcial Colombia\" \/>\n<meta property=\"og:description\" content=\"Los tekk\u00f4 (\u624b \u7532) son piezas para proteger las mu\u00f1ecas y las manos. A estos que no tienen protecci\u00f3n en el dorso de la mano se les conoce tambi\u00e9n como KOTE.\" \/>\n<meta property=\"og:url\" content=\"https:\/\/tiendamarcial.com\/arnobysinam\/producto\/tekko-kote-negro-azul-ninjutsu\/\" \/>\n<meta property=\"og:site_name\" content=\"Tienda Marcial Colombia\" \/>\n<meta property=\"article:publisher\" content=\"https:\/\/www.facebook.com\/TiendaMarcial\" \/>\n<meta property=\"article:modified_time\" content=\"2025-11-26T16:42:07+00:00\" \/>\n<meta property=\"og:image\" content=\"https:\/\/tiendamarcial.com\/arnobysinam\/wp-content\/uploads\/2023\/08\/UNNJ031.jpg\" \/>\n\t<meta property=\"og:image:width\" content=\"600\" \/>\n\t<meta property=\"og:image:height\" content=\"600\" \/>\n\t<meta property=\"og:image:type\" content=\"image\/jpeg\" \/>\n<meta name=\"twitter:card\" content=\"summary_large_image\" \/>\n<meta name=\"twitter:site\" content=\"@TiendaMarcial\" \/>\n<script type=\"application\/ld+json\" class=\"yoast-schema-graph\">{\"@context\":\"https:\/\/schema.org\",\"@graph\":[{\"@type\":\"WebPage\",\"@id\":\"https:\/\/tiendamarcial.com\/arnobysinam\/producto\/tekko-kote-negro-azul-ninjutsu\/\",\"url\":\"https:\/\/tiendamarcial.com\/arnobysinam\/producto\/tekko-kote-negro-azul-ninjutsu\/\",\"name\":\"Tekk\u00f4 (kote) negro\/azul - Ninjutsu - Tienda Marcial Colombia\",\"isPartOf\":{\"@id\":\"https:\/\/tiendamarcial.com\/arnobysinam\/#website\"},\"primaryImageOfPage\":{\"@id\":\"https:\/\/tiendamarcial.com\/arnobysinam\/producto\/tekko-kote-negro-azul-ninjutsu\/#primaryimage\"},\"image\":{\"@id\":\"https:\/\/tiendamarcial.com\/arnobysinam\/producto\/tekko-kote-negro-azul-ninjutsu\/#primaryimage\"},\"thumbnailUrl\":\"https:\/\/tiendamarcial.com\/arnobysinam\/wp-content\/uploads\/2023\/08\/UNNJ031.jpg\",\"datePublished\":\"2023-08-04T15:38:40+00:00\",\"dateModified\":\"2025-11-26T16:42:07+00:00\",\"breadcrumb\":{\"@id\":\"https:\/\/tiendamarcial.com\/arnobysinam\/producto\/tekko-kote-negro-azul-ninjutsu\/#breadcrumb\"},\"inLanguage\":\"es\",\"potentialAction\":[{\"@type\":\"ReadAction\",\"target\":[\"https:\/\/tiendamarcial.com\/arnobysinam\/producto\/tekko-kote-negro-azul-ninjutsu\/\"]}]},{\"@type\":\"ImageObject\",\"inLanguage\":\"es\",\"@id\":\"https:\/\/tiendamarcial.com\/arnobysinam\/producto\/tekko-kote-negro-azul-ninjutsu\/#primaryimage\",\"url\":\"https:\/\/tiendamarcial.com\/arnobysinam\/wp-content\/uploads\/2023\/08\/UNNJ031.jpg\",\"contentUrl\":\"https:\/\/tiendamarcial.com\/arnobysinam\/wp-content\/uploads\/2023\/08\/UNNJ031.jpg\",\"width\":600,\"height\":600},{\"@type\":\"BreadcrumbList\",\"@id\":\"https:\/\/tiendamarcial.com\/arnobysinam\/producto\/tekko-kote-negro-azul-ninjutsu\/#breadcrumb\",\"itemListElement\":[{\"@type\":\"ListItem\",\"position\":1,\"name\":\"Portada\",\"item\":\"https:\/\/tiendamarcial.com\/arnobysinam\/\"},{\"@type\":\"ListItem\",\"position\":2,\"name\":\"Tienda\",\"item\":\"https:\/\/tiendamarcial.com\/arnobysinam\/tienda\/\"},{\"@type\":\"ListItem\",\"position\":3,\"name\":\"Tekk\u00f4 (kote) negro\/azul &#8211; Ninjutsu\"}]},{\"@type\":\"WebSite\",\"@id\":\"https:\/\/tiendamarcial.com\/arnobysinam\/#website\",\"url\":\"https:\/\/tiendamarcial.com\/arnobysinam\/\",\"name\":\"Tienda Marcial Colombia\",\"description\":\"Todo en implementos para Artes Marciales\",\"potentialAction\":[{\"@type\":\"SearchAction\",\"target\":{\"@type\":\"EntryPoint\",\"urlTemplate\":\"https:\/\/tiendamarcial.com\/arnobysinam\/?s={search_term_string}\"},\"query-input\":{\"@type\":\"PropertyValueSpecification\",\"valueRequired\":true,\"valueName\":\"search_term_string\"}}],\"inLanguage\":\"es\"}]}<\/script>\n<!-- \/ Yoast SEO plugin. -->","yoast_head_json":{"title":"Tekk\u00f4 (kote) negro\/azul - Ninjutsu - Tienda Marcial Colombia","robots":{"index":"index","follow":"follow","max-snippet":"max-snippet:-1","max-image-preview":"max-image-preview:large","max-video-preview":"max-video-preview:-1"},"canonical":"https:\/\/tiendamarcial.com\/arnobysinam\/producto\/tekko-kote-negro-azul-ninjutsu\/","og_locale":"es_ES","og_type":"article","og_title":"Tekk\u00f4 (kote) negro\/azul - Ninjutsu - Tienda Marcial Colombia","og_description":"Los tekk\u00f4 (\u624b \u7532) son piezas para proteger las mu\u00f1ecas y las manos. A estos que no tienen protecci\u00f3n en el dorso de la mano se les conoce tambi\u00e9n como KOTE.","og_url":"https:\/\/tiendamarcial.com\/arnobysinam\/producto\/tekko-kote-negro-azul-ninjutsu\/","og_site_name":"Tienda Marcial Colombia","article_publisher":"https:\/\/www.facebook.com\/TiendaMarcial","article_modified_time":"2025-11-26T16:42:07+00:00","og_image":[{"width":600,"height":600,"url":"https:\/\/tiendamarcial.com\/arnobysinam\/wp-content\/uploads\/2023\/08\/UNNJ031.jpg","type":"image\/jpeg"}],"twitter_card":"summary_large_image","twitter_site":"@TiendaMarcial","schema":{"@context":"https:\/\/schema.org","@graph":[{"@type":"WebPage","@id":"https:\/\/tiendamarcial.com\/arnobysinam\/producto\/tekko-kote-negro-azul-ninjutsu\/","url":"https:\/\/tiendamarcial.com\/arnobysinam\/producto\/tekko-kote-negro-azul-ninjutsu\/","name":"Tekk\u00f4 (kote) negro\/azul - Ninjutsu - Tienda Marcial Colombia","isPartOf":{"@id":"https:\/\/tiendamarcial.com\/arnobysinam\/#website"},"primaryImageOfPage":{"@id":"https:\/\/tiendamarcial.com\/arnobysinam\/producto\/tekko-kote-negro-azul-ninjutsu\/#primaryimage"},"image":{"@id":"https:\/\/tiendamarcial.com\/arnobysinam\/producto\/tekko-kote-negro-azul-ninjutsu\/#primaryimage"},"thumbnailUrl":"https:\/\/tiendamarcial.com\/arnobysinam\/wp-content\/uploads\/2023\/08\/UNNJ031.jpg","datePublished":"2023-08-04T15:38:40+00:00","dateModified":"2025-11-26T16:42:07+00:00","breadcrumb":{"@id":"https:\/\/tiendamarcial.com\/arnobysinam\/producto\/tekko-kote-negro-azul-ninjutsu\/#breadcrumb"},"inLanguage":"es","potentialAction":[{"@type":"ReadAction","target":["https:\/\/tiendamarcial.com\/arnobysinam\/producto\/tekko-kote-negro-azul-ninjutsu\/"]}]},{"@type":"ImageObject","inLanguage":"es","@id":"https:\/\/tiendamarcial.com\/arnobysinam\/producto\/tekko-kote-negro-azul-ninjutsu\/#primaryimage","url":"https:\/\/tiendamarcial.com\/arnobysinam\/wp-content\/uploads\/2023\/08\/UNNJ031.jpg","contentUrl":"https:\/\/tiendamarcial.com\/arnobysinam\/wp-content\/uploads\/2023\/08\/UNNJ031.jpg","width":600,"height":600},{"@type":"BreadcrumbList","@id":"https:\/\/tiendamarcial.com\/arnobysinam\/producto\/tekko-kote-negro-azul-ninjutsu\/#breadcrumb","itemListElement":[{"@type":"ListItem","position":1,"name":"Portada","item":"https:\/\/tiendamarcial.com\/arnobysinam\/"},{"@type":"ListItem","position":2,"name":"Tienda","item":"https:\/\/tiendamarcial.com\/arnobysinam\/tienda\/"},{"@type":"ListItem","position":3,"name":"Tekk\u00f4 (kote) negro\/azul &#8211; Ninjutsu"}]},{"@type":"WebSite","@id":"https:\/\/tiendamarcial.com\/arnobysinam\/#website","url":"https:\/\/tiendamarcial.com\/arnobysinam\/","name":"Tienda Marcial Colombia","description":"Todo en implementos para Artes Marciales","potentialAction":[{"@type":"SearchAction","target":{"@type":"EntryPoint","urlTemplate":"https:\/\/tiendamarcial.com\/arnobysinam\/?s={search_term_string}"},"query-input":{"@type":"PropertyValueSpecification","valueRequired":true,"valueName":"search_term_string"}}],"inLanguage":"es"}]}},"_links":{"self":[{"href":"https:\/\/tiendamarcial.com\/arnobysinam\/wp-json\/wp\/v2\/product\/2491","targetHints":{"allow":["GET"]}}],"collection":[{"href":"https:\/\/tiendamarcial.com\/arnobysinam\/wp-json\/wp\/v2\/product"}],"about":[{"href":"https:\/\/tiendamarcial.com\/arnobysinam\/wp-json\/wp\/v2\/types\/product"}],"version-history":[{"count":3,"href":"https:\/\/tiendamarcial.com\/arnobysinam\/wp-json\/wp\/v2\/product\/2491\/revisions"}],"predecessor-version":[{"id":2500,"href":"https:\/\/tiendamarcial.com\/arnobysinam\/wp-json\/wp\/v2\/product\/2491\/revisions\/2500"}],"wp:featuredmedia":[{"embeddable":true,"href":"https:\/\/tiendamarcial.com\/arnobysinam\/wp-json\/wp\/v2\/media\/2494"}],"wp:attachment":[{"href":"https:\/\/tiendamarcial.com\/arnobysinam\/wp-json\/wp\/v2\/media?parent=2491"}],"wp:term":[{"taxonomy":"product_brand","embeddable":true,"href":"https:\/\/tiendamarcial.com\/arnobysinam\/wp-json\/wp\/v2\/product_brand?post=2491"},{"taxonomy":"product_cat","embeddable":true,"href":"https:\/\/tiendamarcial.com\/arnobysinam\/wp-json\/wp\/v2\/product_cat?post=2491"},{"taxonomy":"product_tag","embeddable":true,"href":"https:\/\/tiendamarcial.com\/arnobysinam\/wp-json\/wp\/v2\/product_tag?post=2491"}],"curies":[{"name":"wp","href":"https:\/\/api.w.org\/{rel}","templated":true}]}}