{"id":2463,"date":"2023-08-03T16:10:21","date_gmt":"2023-08-03T21:10:21","guid":{"rendered":"https:\/\/tiendamarcial.com\/arnobysinam\/?post_type=product&#038;p=2463"},"modified":"2024-05-10T10:48:00","modified_gmt":"2024-05-10T15:48:00","slug":"shuriken-acero-kohga-6-puntas","status":"publish","type":"product","link":"https:\/\/tiendamarcial.com\/arnobysinam\/producto\/shuriken-acero-kohga-6-puntas\/","title":{"rendered":"Shuriken acero Kohga 6 puntas &#8211; Plateado"},"content":{"rendered":"<div>\n<p>El shuriken es el arma m\u00e1s popular usada por los Ninja. Es una pieza en metal que se esconde en las manos para ser lanzada al enemigo. Generalmente van impregnados con veneno en sus puntas para causar m\u00e1s da\u00f1o, incluso la muerte.<\/p>\n<p>Este hermoso Shuriken de 6 puntas est\u00e1 fabricado en acero\u00a0Stainless Steel con un filo extremo en sus puntas y grabados por una cara los kanji de\u00a0<strong>KOHGA NINJA<\/strong>\u00a0<strong>\u7532\u8cc0\u5fcd\u8005<\/strong>.<\/p>\n<p><strong>Medidas:<\/strong><\/p>\n<p><strong>Di\u00e1metro total:<\/strong>\u00a08 cent\u00edmetros c\/u<br \/>\n<strong>Longitud de la hoja:<\/strong>\u00a03 cent\u00edmetros c\/u<br \/>\n<strong>Grueso:<\/strong>\u00a03 mil\u00edmetros<br \/>\n<strong>Material de la estrella:<\/strong>\u00a0Acero inoxidable 440<br \/>\n<strong>Incluye:<\/strong>\u00a0Estuche negro de nylon para ajustar a la correa<\/p>\n<\/div>\n","protected":false},"excerpt":{"rendered":"<p>El shuriken es el arma m\u00e1s popular usada por los Ninja. Es una pieza en metal que se esconde en las manos para ser lanzada al enemigo. Generalmente van impregnados con veneno en sus puntas para causar m\u00e1s da\u00f1o, incluso la muerte.\u00a0Este hermoso Shuriken de 6 puntas est\u00e1 fabricado en acero\u00a0Stainless Steel con un filo extremo en sus puntas y grabados por una cara los kanji de\u00a0<strong>KOHGA NINJA<\/strong>\u00a0<strong>\u7532\u8cc0\u5fcd\u8005<\/strong>.<\/p>\n","protected":false},"featured_media":2466,"template":"","meta":[],"product_brand":[],"product_cat":[334],"product_tag":[335,336,46,283],"class_list":{"0":"post-2463","1":"product","2":"type-product","3":"status-publish","4":"has-post-thumbnail","6":"product_cat-shuriken","7":"product_tag-acero","8":"product_tag-kohga","9":"product_tag-ninjutsu","10":"product_tag-shuriken","12":"first","13":"outofstock","14":"shipping-taxable","15":"purchasable","16":"product-type-simple"},"yoast_head":"<!-- This site is optimized with the Yoast SEO plugin v26.8 - https:\/\/yoast.com\/product\/yoast-seo-wordpress\/ -->\n<title>Shuriken acero Kohga 6 puntas - Plateado - Tienda Marcial Colombia<\/title>\n<meta name=\"description\" content=\"El shuriken es el arma m\u00e1s popular usada por los Ninja. Es una pieza en metal que se esconde en las manos para ser lanzada al enemigo. Generalmente van impregnados con veneno en sus puntas para causar m\u00e1s da\u00f1o, incluso la muerte.Este hermoso Shuriken de 6 puntas est\u00e1 fabricado en acero\u00a0Stainless Steel con un filo extremo en sus puntas y grabados por una cara los kanji de\u00a0KOHGA NINJA\u00a0\u7532\u8cc0\u5fcd\u8005.\" \/>\n<meta name=\"robots\" content=\"index, follow, max-snippet:-1, max-image-preview:large, max-video-preview:-1\" \/>\n<link rel=\"canonical\" href=\"https:\/\/tiendamarcial.com\/arnobysinam\/producto\/shuriken-acero-kohga-6-puntas\/\" \/>\n<meta property=\"og:locale\" content=\"es_ES\" \/>\n<meta property=\"og:type\" content=\"article\" \/>\n<meta property=\"og:title\" content=\"Shuriken acero Kohga 6 puntas - Plateado - Tienda Marcial Colombia\" \/>\n<meta property=\"og:description\" content=\"El shuriken es el arma m\u00e1s popular usada por los Ninja. Es una pieza en metal que se esconde en las manos para ser lanzada al enemigo. Generalmente van impregnados con veneno en sus puntas para causar m\u00e1s da\u00f1o, incluso la muerte.Este hermoso Shuriken de 6 puntas est\u00e1 fabricado en acero\u00a0Stainless Steel con un filo extremo en sus puntas y grabados por una cara los kanji de\u00a0KOHGA NINJA\u00a0\u7532\u8cc0\u5fcd\u8005.\" \/>\n<meta property=\"og:url\" content=\"https:\/\/tiendamarcial.com\/arnobysinam\/producto\/shuriken-acero-kohga-6-puntas\/\" \/>\n<meta property=\"og:site_name\" content=\"Tienda Marcial Colombia\" \/>\n<meta property=\"article:publisher\" content=\"https:\/\/www.facebook.com\/TiendaMarcial\" \/>\n<meta property=\"article:modified_time\" content=\"2024-05-10T15:48:00+00:00\" \/>\n<meta property=\"og:image\" content=\"https:\/\/tiendamarcial.com\/arnobysinam\/wp-content\/uploads\/2023\/08\/ARSH008.jpg\" \/>\n\t<meta property=\"og:image:width\" content=\"600\" \/>\n\t<meta property=\"og:image:height\" content=\"600\" \/>\n\t<meta property=\"og:image:type\" content=\"image\/jpeg\" \/>\n<meta name=\"twitter:card\" content=\"summary_large_image\" \/>\n<meta name=\"twitter:site\" content=\"@TiendaMarcial\" \/>\n<meta name=\"twitter:label1\" content=\"Tiempo de lectura\" \/>\n\t<meta name=\"twitter:data1\" content=\"1 minuto\" \/>\n<script type=\"application\/ld+json\" class=\"yoast-schema-graph\">{\"@context\":\"https:\/\/schema.org\",\"@graph\":[{\"@type\":\"WebPage\",\"@id\":\"https:\/\/tiendamarcial.com\/arnobysinam\/producto\/shuriken-acero-kohga-6-puntas\/\",\"url\":\"https:\/\/tiendamarcial.com\/arnobysinam\/producto\/shuriken-acero-kohga-6-puntas\/\",\"name\":\"Shuriken acero Kohga 6 puntas - Plateado - Tienda Marcial Colombia\",\"isPartOf\":{\"@id\":\"https:\/\/tiendamarcial.com\/arnobysinam\/#website\"},\"primaryImageOfPage\":{\"@id\":\"https:\/\/tiendamarcial.com\/arnobysinam\/producto\/shuriken-acero-kohga-6-puntas\/#primaryimage\"},\"image\":{\"@id\":\"https:\/\/tiendamarcial.com\/arnobysinam\/producto\/shuriken-acero-kohga-6-puntas\/#primaryimage\"},\"thumbnailUrl\":\"https:\/\/tiendamarcial.com\/arnobysinam\/wp-content\/uploads\/2023\/08\/ARSH008.jpg\",\"datePublished\":\"2023-08-03T21:10:21+00:00\",\"dateModified\":\"2024-05-10T15:48:00+00:00\",\"description\":\"El shuriken es el arma m\u00e1s popular usada por los Ninja. Es una pieza en metal que se esconde en las manos para ser lanzada al enemigo. Generalmente van impregnados con veneno en sus puntas para causar m\u00e1s da\u00f1o, incluso la muerte.Este hermoso Shuriken de 6 puntas est\u00e1 fabricado en acero\u00a0Stainless Steel con un filo extremo en sus puntas y grabados por una cara los kanji de\u00a0KOHGA NINJA\u00a0\u7532\u8cc0\u5fcd\u8005.\",\"breadcrumb\":{\"@id\":\"https:\/\/tiendamarcial.com\/arnobysinam\/producto\/shuriken-acero-kohga-6-puntas\/#breadcrumb\"},\"inLanguage\":\"es\",\"potentialAction\":[{\"@type\":\"ReadAction\",\"target\":[\"https:\/\/tiendamarcial.com\/arnobysinam\/producto\/shuriken-acero-kohga-6-puntas\/\"]}]},{\"@type\":\"ImageObject\",\"inLanguage\":\"es\",\"@id\":\"https:\/\/tiendamarcial.com\/arnobysinam\/producto\/shuriken-acero-kohga-6-puntas\/#primaryimage\",\"url\":\"https:\/\/tiendamarcial.com\/arnobysinam\/wp-content\/uploads\/2023\/08\/ARSH008.jpg\",\"contentUrl\":\"https:\/\/tiendamarcial.com\/arnobysinam\/wp-content\/uploads\/2023\/08\/ARSH008.jpg\",\"width\":600,\"height\":600},{\"@type\":\"BreadcrumbList\",\"@id\":\"https:\/\/tiendamarcial.com\/arnobysinam\/producto\/shuriken-acero-kohga-6-puntas\/#breadcrumb\",\"itemListElement\":[{\"@type\":\"ListItem\",\"position\":1,\"name\":\"Portada\",\"item\":\"https:\/\/tiendamarcial.com\/arnobysinam\/\"},{\"@type\":\"ListItem\",\"position\":2,\"name\":\"Tienda\",\"item\":\"https:\/\/tiendamarcial.com\/arnobysinam\/tienda\/\"},{\"@type\":\"ListItem\",\"position\":3,\"name\":\"Shuriken acero Kohga 6 puntas &#8211; Plateado\"}]},{\"@type\":\"WebSite\",\"@id\":\"https:\/\/tiendamarcial.com\/arnobysinam\/#website\",\"url\":\"https:\/\/tiendamarcial.com\/arnobysinam\/\",\"name\":\"Tienda Marcial Colombia\",\"description\":\"Todo en implementos para Artes Marciales\",\"potentialAction\":[{\"@type\":\"SearchAction\",\"target\":{\"@type\":\"EntryPoint\",\"urlTemplate\":\"https:\/\/tiendamarcial.com\/arnobysinam\/?s={search_term_string}\"},\"query-input\":{\"@type\":\"PropertyValueSpecification\",\"valueRequired\":true,\"valueName\":\"search_term_string\"}}],\"inLanguage\":\"es\"}]}<\/script>\n<!-- \/ Yoast SEO plugin. -->","yoast_head_json":{"title":"Shuriken acero Kohga 6 puntas - Plateado - Tienda Marcial Colombia","description":"El shuriken es el arma m\u00e1s popular usada por los Ninja. Es una pieza en metal que se esconde en las manos para ser lanzada al enemigo. Generalmente van impregnados con veneno en sus puntas para causar m\u00e1s da\u00f1o, incluso la muerte.Este hermoso Shuriken de 6 puntas est\u00e1 fabricado en acero\u00a0Stainless Steel con un filo extremo en sus puntas y grabados por una cara los kanji de\u00a0KOHGA NINJA\u00a0\u7532\u8cc0\u5fcd\u8005.","robots":{"index":"index","follow":"follow","max-snippet":"max-snippet:-1","max-image-preview":"max-image-preview:large","max-video-preview":"max-video-preview:-1"},"canonical":"https:\/\/tiendamarcial.com\/arnobysinam\/producto\/shuriken-acero-kohga-6-puntas\/","og_locale":"es_ES","og_type":"article","og_title":"Shuriken acero Kohga 6 puntas - Plateado - Tienda Marcial Colombia","og_description":"El shuriken es el arma m\u00e1s popular usada por los Ninja. Es una pieza en metal que se esconde en las manos para ser lanzada al enemigo. Generalmente van impregnados con veneno en sus puntas para causar m\u00e1s da\u00f1o, incluso la muerte.Este hermoso Shuriken de 6 puntas est\u00e1 fabricado en acero\u00a0Stainless Steel con un filo extremo en sus puntas y grabados por una cara los kanji de\u00a0KOHGA NINJA\u00a0\u7532\u8cc0\u5fcd\u8005.","og_url":"https:\/\/tiendamarcial.com\/arnobysinam\/producto\/shuriken-acero-kohga-6-puntas\/","og_site_name":"Tienda Marcial Colombia","article_publisher":"https:\/\/www.facebook.com\/TiendaMarcial","article_modified_time":"2024-05-10T15:48:00+00:00","og_image":[{"width":600,"height":600,"url":"https:\/\/tiendamarcial.com\/arnobysinam\/wp-content\/uploads\/2023\/08\/ARSH008.jpg","type":"image\/jpeg"}],"twitter_card":"summary_large_image","twitter_site":"@TiendaMarcial","twitter_misc":{"Tiempo de lectura":"1 minuto"},"schema":{"@context":"https:\/\/schema.org","@graph":[{"@type":"WebPage","@id":"https:\/\/tiendamarcial.com\/arnobysinam\/producto\/shuriken-acero-kohga-6-puntas\/","url":"https:\/\/tiendamarcial.com\/arnobysinam\/producto\/shuriken-acero-kohga-6-puntas\/","name":"Shuriken acero Kohga 6 puntas - Plateado - Tienda Marcial Colombia","isPartOf":{"@id":"https:\/\/tiendamarcial.com\/arnobysinam\/#website"},"primaryImageOfPage":{"@id":"https:\/\/tiendamarcial.com\/arnobysinam\/producto\/shuriken-acero-kohga-6-puntas\/#primaryimage"},"image":{"@id":"https:\/\/tiendamarcial.com\/arnobysinam\/producto\/shuriken-acero-kohga-6-puntas\/#primaryimage"},"thumbnailUrl":"https:\/\/tiendamarcial.com\/arnobysinam\/wp-content\/uploads\/2023\/08\/ARSH008.jpg","datePublished":"2023-08-03T21:10:21+00:00","dateModified":"2024-05-10T15:48:00+00:00","description":"El shuriken es el arma m\u00e1s popular usada por los Ninja. Es una pieza en metal que se esconde en las manos para ser lanzada al enemigo. Generalmente van impregnados con veneno en sus puntas para causar m\u00e1s da\u00f1o, incluso la muerte.Este hermoso Shuriken de 6 puntas est\u00e1 fabricado en acero\u00a0Stainless Steel con un filo extremo en sus puntas y grabados por una cara los kanji de\u00a0KOHGA NINJA\u00a0\u7532\u8cc0\u5fcd\u8005.","breadcrumb":{"@id":"https:\/\/tiendamarcial.com\/arnobysinam\/producto\/shuriken-acero-kohga-6-puntas\/#breadcrumb"},"inLanguage":"es","potentialAction":[{"@type":"ReadAction","target":["https:\/\/tiendamarcial.com\/arnobysinam\/producto\/shuriken-acero-kohga-6-puntas\/"]}]},{"@type":"ImageObject","inLanguage":"es","@id":"https:\/\/tiendamarcial.com\/arnobysinam\/producto\/shuriken-acero-kohga-6-puntas\/#primaryimage","url":"https:\/\/tiendamarcial.com\/arnobysinam\/wp-content\/uploads\/2023\/08\/ARSH008.jpg","contentUrl":"https:\/\/tiendamarcial.com\/arnobysinam\/wp-content\/uploads\/2023\/08\/ARSH008.jpg","width":600,"height":600},{"@type":"BreadcrumbList","@id":"https:\/\/tiendamarcial.com\/arnobysinam\/producto\/shuriken-acero-kohga-6-puntas\/#breadcrumb","itemListElement":[{"@type":"ListItem","position":1,"name":"Portada","item":"https:\/\/tiendamarcial.com\/arnobysinam\/"},{"@type":"ListItem","position":2,"name":"Tienda","item":"https:\/\/tiendamarcial.com\/arnobysinam\/tienda\/"},{"@type":"ListItem","position":3,"name":"Shuriken acero Kohga 6 puntas &#8211; Plateado"}]},{"@type":"WebSite","@id":"https:\/\/tiendamarcial.com\/arnobysinam\/#website","url":"https:\/\/tiendamarcial.com\/arnobysinam\/","name":"Tienda Marcial Colombia","description":"Todo en implementos para Artes Marciales","potentialAction":[{"@type":"SearchAction","target":{"@type":"EntryPoint","urlTemplate":"https:\/\/tiendamarcial.com\/arnobysinam\/?s={search_term_string}"},"query-input":{"@type":"PropertyValueSpecification","valueRequired":true,"valueName":"search_term_string"}}],"inLanguage":"es"}]}},"_links":{"self":[{"href":"https:\/\/tiendamarcial.com\/arnobysinam\/wp-json\/wp\/v2\/product\/2463","targetHints":{"allow":["GET"]}}],"collection":[{"href":"https:\/\/tiendamarcial.com\/arnobysinam\/wp-json\/wp\/v2\/product"}],"about":[{"href":"https:\/\/tiendamarcial.com\/arnobysinam\/wp-json\/wp\/v2\/types\/product"}],"version-history":[{"count":3,"href":"https:\/\/tiendamarcial.com\/arnobysinam\/wp-json\/wp\/v2\/product\/2463\/revisions"}],"predecessor-version":[{"id":4270,"href":"https:\/\/tiendamarcial.com\/arnobysinam\/wp-json\/wp\/v2\/product\/2463\/revisions\/4270"}],"wp:featuredmedia":[{"embeddable":true,"href":"https:\/\/tiendamarcial.com\/arnobysinam\/wp-json\/wp\/v2\/media\/2466"}],"wp:attachment":[{"href":"https:\/\/tiendamarcial.com\/arnobysinam\/wp-json\/wp\/v2\/media?parent=2463"}],"wp:term":[{"taxonomy":"product_brand","embeddable":true,"href":"https:\/\/tiendamarcial.com\/arnobysinam\/wp-json\/wp\/v2\/product_brand?post=2463"},{"taxonomy":"product_cat","embeddable":true,"href":"https:\/\/tiendamarcial.com\/arnobysinam\/wp-json\/wp\/v2\/product_cat?post=2463"},{"taxonomy":"product_tag","embeddable":true,"href":"https:\/\/tiendamarcial.com\/arnobysinam\/wp-json\/wp\/v2\/product_tag?post=2463"}],"curies":[{"name":"wp","href":"https:\/\/api.w.org\/{rel}","templated":true}]}}