{"id":2418,"date":"2023-08-03T12:03:07","date_gmt":"2023-08-03T17:03:07","guid":{"rendered":"https:\/\/tiendamarcial.com\/arnobysinam\/?post_type=product&#038;p=2418"},"modified":"2023-08-03T12:17:52","modified_gmt":"2023-08-03T17:17:52","slug":"entrenamiento-en-suspension-gofit","status":"publish","type":"product","link":"https:\/\/tiendamarcial.com\/arnobysinam\/producto\/entrenamiento-en-suspension-gofit\/","title":{"rendered":"Entrenamiento en Suspensi\u00f3n GOFIT"},"content":{"rendered":"<p>El Entrenamiento en Suspensi\u00f3n es un m\u00e9todo de acondicionamiento f\u00edsico que permite realizar con seguridad m\u00faltiples ejercicios para mejorar la fuerza, la flexibilidad, el equilibrio, la estabilidad corporal y prevenir lesiones de forma efectiva.<\/p>\n<p>B\u00e1sicamente consiste en un sistema de arneses que se fijan a una puerta, una pared o alg\u00fan elemento elevado y se realizan los ejercicios utilizando la gravedad, el peso y la fuerza del cuerpo. Se puede realizar una cantidad ilimitada de ejercicios y as\u00ed lograr cualquier objetivo de condici\u00f3n f\u00edsica o de rendimiento que se proponga.<\/p>\n<p>El entrenamiento en suspensi\u00f3n puede ser utilizado por todo tipo de personas, no existe l\u00edmite de edad. Se compone de ejercicios de coordinaci\u00f3n, fuerza, equilibrio, resistencia y flexibilidad. Cada uno incorpora los movimientos de la vida diaria: hacia delante, atr\u00e1s, y diagonal, por esto, las sesiones se realizan de manera natural.<\/p>\n<p>En el Entrenamiento en Suspensi\u00f3n la fuerza es ejercida por la carga del propio peso corporal, sin necesidad de utilizar otra carga adicional, los arneses pueden ir sujetos las manos o los pies, dependiendo del ejercicio que se va a realizar. Esta modalidad deportiva puede practicarse en cualquier espacio del hogar.<\/p>\n<p><strong>Beneficios del Entrenamiento en Suspensi\u00f3n:<\/strong><\/p>\n<p>&#8211; Tonifica todos los m\u00fasculos, desde los abdominales hasta los gl\u00fateos, pasando por piernas y brazos.<br \/>\n&#8211; Ayuda aumentar la fuerza y el tama\u00f1o muscular.<br \/>\n&#8211; Incrementa el equilibrio, la flexibilidad y la estabilidad corporal.<br \/>\n&#8211; Optimiza el tiempo de entrenamiento.<br \/>\n&#8211; Disminuye la posibilidad de lesiones.<br \/>\n&#8211; En caso de los deportistas, incrementa el rendimiento.<br \/>\n&#8211; Al incorporar el trabajo cardiovascular, facilita la p\u00e9rdida de peso.<br \/>\n&#8211; Desarrolla fuerza en el centro del cuerpo mediante posiciones din\u00e1micas y movimientos funcionales.<\/p>\n<p><strong>Incluye:<\/strong><\/p>\n<p>&#8211; 2 anclajes de puertas.<br \/>\n&#8211; 2 correas de longitud variable.<br \/>\n&#8211; 2 agarraderas confortables.<br \/>\n&#8211; Bolso de transporte.<br \/>\n&#8211; Dvd de ejercicios.<br \/>\n&#8211; Manual de entrenamiento.<\/p>\n<p>&nbsp;<\/p>\n<p><iframe title=\"Entrenamiento en Suspensi\u00f3n GOFIT\" width=\"800\" height=\"450\" src=\"https:\/\/www.youtube.com\/embed\/AINaHxW4jfw?feature=oembed\" frameborder=\"0\" allow=\"accelerometer; autoplay; clipboard-write; encrypted-media; gyroscope; picture-in-picture; web-share\" allowfullscreen><\/iframe><\/p>\n","protected":false},"excerpt":{"rendered":"<p>El Entrenamiento en Suspensi\u00f3n es un m\u00e9todo que permite realizar con seguridad m\u00faltiples ejercicios para mejorar la fuerza, la flexibilidad, el equilibrio, la estabilidad corporal y prevenir lesiones de forma efectiva.<\/p>\n","protected":false},"featured_media":2422,"template":"","meta":[],"product_brand":[],"product_cat":[320],"product_tag":[321,322,323],"class_list":{"0":"post-2418","1":"product","2":"type-product","3":"status-publish","4":"has-post-thumbnail","6":"product_cat-varios-entrenamiento","7":"product_tag-entrenamiento","8":"product_tag-suspension","9":"product_tag-trx","11":"first","12":"instock","13":"shipping-taxable","14":"purchasable","15":"product-type-simple"},"yoast_head":"<!-- This site is optimized with the Yoast SEO plugin v26.8 - https:\/\/yoast.com\/product\/yoast-seo-wordpress\/ -->\n<title>Entrenamiento en Suspensi\u00f3n GOFIT - Tienda Marcial Colombia<\/title>\n<meta name=\"robots\" content=\"index, follow, max-snippet:-1, max-image-preview:large, max-video-preview:-1\" \/>\n<link rel=\"canonical\" href=\"https:\/\/tiendamarcial.com\/arnobysinam\/producto\/entrenamiento-en-suspension-gofit\/\" \/>\n<meta property=\"og:locale\" content=\"es_ES\" \/>\n<meta property=\"og:type\" content=\"article\" \/>\n<meta property=\"og:title\" content=\"Entrenamiento en Suspensi\u00f3n GOFIT - Tienda Marcial Colombia\" \/>\n<meta property=\"og:description\" content=\"El Entrenamiento en Suspensi\u00f3n es un m\u00e9todo que permite realizar con seguridad m\u00faltiples ejercicios para mejorar la fuerza, la flexibilidad, el equilibrio, la estabilidad corporal y prevenir lesiones de forma efectiva.\" \/>\n<meta property=\"og:url\" content=\"https:\/\/tiendamarcial.com\/arnobysinam\/producto\/entrenamiento-en-suspension-gofit\/\" \/>\n<meta property=\"og:site_name\" content=\"Tienda Marcial Colombia\" \/>\n<meta property=\"article:publisher\" content=\"https:\/\/www.facebook.com\/TiendaMarcial\" \/>\n<meta property=\"article:modified_time\" content=\"2023-08-03T17:17:52+00:00\" \/>\n<meta property=\"og:image\" content=\"https:\/\/tiendamarcial.com\/arnobysinam\/wp-content\/uploads\/2023\/08\/ENST001.jpg\" \/>\n\t<meta property=\"og:image:width\" content=\"600\" \/>\n\t<meta property=\"og:image:height\" content=\"600\" \/>\n\t<meta property=\"og:image:type\" content=\"image\/jpeg\" \/>\n<meta name=\"twitter:card\" content=\"summary_large_image\" \/>\n<meta name=\"twitter:site\" content=\"@TiendaMarcial\" \/>\n<meta name=\"twitter:label1\" content=\"Tiempo de lectura\" \/>\n\t<meta name=\"twitter:data1\" content=\"2 minutos\" \/>\n<script type=\"application\/ld+json\" class=\"yoast-schema-graph\">{\"@context\":\"https:\/\/schema.org\",\"@graph\":[{\"@type\":\"WebPage\",\"@id\":\"https:\/\/tiendamarcial.com\/arnobysinam\/producto\/entrenamiento-en-suspension-gofit\/\",\"url\":\"https:\/\/tiendamarcial.com\/arnobysinam\/producto\/entrenamiento-en-suspension-gofit\/\",\"name\":\"Entrenamiento en Suspensi\u00f3n GOFIT - Tienda Marcial Colombia\",\"isPartOf\":{\"@id\":\"https:\/\/tiendamarcial.com\/arnobysinam\/#website\"},\"primaryImageOfPage\":{\"@id\":\"https:\/\/tiendamarcial.com\/arnobysinam\/producto\/entrenamiento-en-suspension-gofit\/#primaryimage\"},\"image\":{\"@id\":\"https:\/\/tiendamarcial.com\/arnobysinam\/producto\/entrenamiento-en-suspension-gofit\/#primaryimage\"},\"thumbnailUrl\":\"https:\/\/tiendamarcial.com\/arnobysinam\/wp-content\/uploads\/2023\/08\/ENST001.jpg\",\"datePublished\":\"2023-08-03T17:03:07+00:00\",\"dateModified\":\"2023-08-03T17:17:52+00:00\",\"breadcrumb\":{\"@id\":\"https:\/\/tiendamarcial.com\/arnobysinam\/producto\/entrenamiento-en-suspension-gofit\/#breadcrumb\"},\"inLanguage\":\"es\",\"potentialAction\":[{\"@type\":\"ReadAction\",\"target\":[\"https:\/\/tiendamarcial.com\/arnobysinam\/producto\/entrenamiento-en-suspension-gofit\/\"]}]},{\"@type\":\"ImageObject\",\"inLanguage\":\"es\",\"@id\":\"https:\/\/tiendamarcial.com\/arnobysinam\/producto\/entrenamiento-en-suspension-gofit\/#primaryimage\",\"url\":\"https:\/\/tiendamarcial.com\/arnobysinam\/wp-content\/uploads\/2023\/08\/ENST001.jpg\",\"contentUrl\":\"https:\/\/tiendamarcial.com\/arnobysinam\/wp-content\/uploads\/2023\/08\/ENST001.jpg\",\"width\":600,\"height\":600},{\"@type\":\"BreadcrumbList\",\"@id\":\"https:\/\/tiendamarcial.com\/arnobysinam\/producto\/entrenamiento-en-suspension-gofit\/#breadcrumb\",\"itemListElement\":[{\"@type\":\"ListItem\",\"position\":1,\"name\":\"Portada\",\"item\":\"https:\/\/tiendamarcial.com\/arnobysinam\/\"},{\"@type\":\"ListItem\",\"position\":2,\"name\":\"Tienda\",\"item\":\"https:\/\/tiendamarcial.com\/arnobysinam\/tienda\/\"},{\"@type\":\"ListItem\",\"position\":3,\"name\":\"Entrenamiento en Suspensi\u00f3n GOFIT\"}]},{\"@type\":\"WebSite\",\"@id\":\"https:\/\/tiendamarcial.com\/arnobysinam\/#website\",\"url\":\"https:\/\/tiendamarcial.com\/arnobysinam\/\",\"name\":\"Tienda Marcial Colombia\",\"description\":\"Todo en implementos para Artes Marciales\",\"potentialAction\":[{\"@type\":\"SearchAction\",\"target\":{\"@type\":\"EntryPoint\",\"urlTemplate\":\"https:\/\/tiendamarcial.com\/arnobysinam\/?s={search_term_string}\"},\"query-input\":{\"@type\":\"PropertyValueSpecification\",\"valueRequired\":true,\"valueName\":\"search_term_string\"}}],\"inLanguage\":\"es\"}]}<\/script>\n<!-- \/ Yoast SEO plugin. -->","yoast_head_json":{"title":"Entrenamiento en Suspensi\u00f3n GOFIT - Tienda Marcial Colombia","robots":{"index":"index","follow":"follow","max-snippet":"max-snippet:-1","max-image-preview":"max-image-preview:large","max-video-preview":"max-video-preview:-1"},"canonical":"https:\/\/tiendamarcial.com\/arnobysinam\/producto\/entrenamiento-en-suspension-gofit\/","og_locale":"es_ES","og_type":"article","og_title":"Entrenamiento en Suspensi\u00f3n GOFIT - Tienda Marcial Colombia","og_description":"El Entrenamiento en Suspensi\u00f3n es un m\u00e9todo que permite realizar con seguridad m\u00faltiples ejercicios para mejorar la fuerza, la flexibilidad, el equilibrio, la estabilidad corporal y prevenir lesiones de forma efectiva.","og_url":"https:\/\/tiendamarcial.com\/arnobysinam\/producto\/entrenamiento-en-suspension-gofit\/","og_site_name":"Tienda Marcial Colombia","article_publisher":"https:\/\/www.facebook.com\/TiendaMarcial","article_modified_time":"2023-08-03T17:17:52+00:00","og_image":[{"width":600,"height":600,"url":"https:\/\/tiendamarcial.com\/arnobysinam\/wp-content\/uploads\/2023\/08\/ENST001.jpg","type":"image\/jpeg"}],"twitter_card":"summary_large_image","twitter_site":"@TiendaMarcial","twitter_misc":{"Tiempo de lectura":"2 minutos"},"schema":{"@context":"https:\/\/schema.org","@graph":[{"@type":"WebPage","@id":"https:\/\/tiendamarcial.com\/arnobysinam\/producto\/entrenamiento-en-suspension-gofit\/","url":"https:\/\/tiendamarcial.com\/arnobysinam\/producto\/entrenamiento-en-suspension-gofit\/","name":"Entrenamiento en Suspensi\u00f3n GOFIT - Tienda Marcial Colombia","isPartOf":{"@id":"https:\/\/tiendamarcial.com\/arnobysinam\/#website"},"primaryImageOfPage":{"@id":"https:\/\/tiendamarcial.com\/arnobysinam\/producto\/entrenamiento-en-suspension-gofit\/#primaryimage"},"image":{"@id":"https:\/\/tiendamarcial.com\/arnobysinam\/producto\/entrenamiento-en-suspension-gofit\/#primaryimage"},"thumbnailUrl":"https:\/\/tiendamarcial.com\/arnobysinam\/wp-content\/uploads\/2023\/08\/ENST001.jpg","datePublished":"2023-08-03T17:03:07+00:00","dateModified":"2023-08-03T17:17:52+00:00","breadcrumb":{"@id":"https:\/\/tiendamarcial.com\/arnobysinam\/producto\/entrenamiento-en-suspension-gofit\/#breadcrumb"},"inLanguage":"es","potentialAction":[{"@type":"ReadAction","target":["https:\/\/tiendamarcial.com\/arnobysinam\/producto\/entrenamiento-en-suspension-gofit\/"]}]},{"@type":"ImageObject","inLanguage":"es","@id":"https:\/\/tiendamarcial.com\/arnobysinam\/producto\/entrenamiento-en-suspension-gofit\/#primaryimage","url":"https:\/\/tiendamarcial.com\/arnobysinam\/wp-content\/uploads\/2023\/08\/ENST001.jpg","contentUrl":"https:\/\/tiendamarcial.com\/arnobysinam\/wp-content\/uploads\/2023\/08\/ENST001.jpg","width":600,"height":600},{"@type":"BreadcrumbList","@id":"https:\/\/tiendamarcial.com\/arnobysinam\/producto\/entrenamiento-en-suspension-gofit\/#breadcrumb","itemListElement":[{"@type":"ListItem","position":1,"name":"Portada","item":"https:\/\/tiendamarcial.com\/arnobysinam\/"},{"@type":"ListItem","position":2,"name":"Tienda","item":"https:\/\/tiendamarcial.com\/arnobysinam\/tienda\/"},{"@type":"ListItem","position":3,"name":"Entrenamiento en Suspensi\u00f3n GOFIT"}]},{"@type":"WebSite","@id":"https:\/\/tiendamarcial.com\/arnobysinam\/#website","url":"https:\/\/tiendamarcial.com\/arnobysinam\/","name":"Tienda Marcial Colombia","description":"Todo en implementos para Artes Marciales","potentialAction":[{"@type":"SearchAction","target":{"@type":"EntryPoint","urlTemplate":"https:\/\/tiendamarcial.com\/arnobysinam\/?s={search_term_string}"},"query-input":{"@type":"PropertyValueSpecification","valueRequired":true,"valueName":"search_term_string"}}],"inLanguage":"es"}]}},"_links":{"self":[{"href":"https:\/\/tiendamarcial.com\/arnobysinam\/wp-json\/wp\/v2\/product\/2418","targetHints":{"allow":["GET"]}}],"collection":[{"href":"https:\/\/tiendamarcial.com\/arnobysinam\/wp-json\/wp\/v2\/product"}],"about":[{"href":"https:\/\/tiendamarcial.com\/arnobysinam\/wp-json\/wp\/v2\/types\/product"}],"version-history":[{"count":4,"href":"https:\/\/tiendamarcial.com\/arnobysinam\/wp-json\/wp\/v2\/product\/2418\/revisions"}],"predecessor-version":[{"id":2427,"href":"https:\/\/tiendamarcial.com\/arnobysinam\/wp-json\/wp\/v2\/product\/2418\/revisions\/2427"}],"wp:featuredmedia":[{"embeddable":true,"href":"https:\/\/tiendamarcial.com\/arnobysinam\/wp-json\/wp\/v2\/media\/2422"}],"wp:attachment":[{"href":"https:\/\/tiendamarcial.com\/arnobysinam\/wp-json\/wp\/v2\/media?parent=2418"}],"wp:term":[{"taxonomy":"product_brand","embeddable":true,"href":"https:\/\/tiendamarcial.com\/arnobysinam\/wp-json\/wp\/v2\/product_brand?post=2418"},{"taxonomy":"product_cat","embeddable":true,"href":"https:\/\/tiendamarcial.com\/arnobysinam\/wp-json\/wp\/v2\/product_cat?post=2418"},{"taxonomy":"product_tag","embeddable":true,"href":"https:\/\/tiendamarcial.com\/arnobysinam\/wp-json\/wp\/v2\/product_tag?post=2418"}],"curies":[{"name":"wp","href":"https:\/\/api.w.org\/{rel}","templated":true}]}}