{"id":2199,"date":"2023-08-01T10:04:01","date_gmt":"2023-08-01T15:04:01","guid":{"rendered":"https:\/\/tiendamarcial.com\/arnobysinam\/?post_type=product&#038;p=2199"},"modified":"2023-08-01T11:26:55","modified_gmt":"2023-08-01T16:26:55","slug":"uniforme-rojo-karate-ninjutsu","status":"publish","type":"product","link":"https:\/\/tiendamarcial.com\/arnobysinam\/producto\/uniforme-rojo-karate-ninjutsu\/","title":{"rendered":"Uniforme rojo &#8211; Karate, Ninjutsu"},"content":{"rendered":"<p>El uniforme Macho Premium de peso medio es un verdadero 8.5 oz con corte tradicional. Hecho de 55% algod\u00f3n y 45% poli\u00e9ster. La chaqueta es cruzada, cuenta con tejido de doble capa en los hombros para refuerzo; el pantal\u00f3n con 2 l\u00edneas de costura. Cintura el\u00e1stica con cord\u00f3n; entre pierna con inserci\u00f3n triangular.<\/p>\n<p>Este budogi es ideal para las pr\u00e1cticas de <a href=\"https:\/\/tiendamarcial.com\/arnobysinam\/index.php\/2023\/07\/27\/karate-do-shotokan\/\" target=\"_blank\" rel=\"noopener\">Karate<\/a>, <a href=\"https:\/\/ninjutsu.com.co\/ArnobySinam\/\" target=\"_blank\" rel=\"noopener\">Ninjutsu<\/a> y dem\u00e1s estilos tradicionales japoneses.<\/p>\n<p>Para seleccionar la talla le recomendamos tener en cuenta la estatura y la contextura. As\u00ed que para una persona de 175 cms de estatura y de contextura normal, usar\u00eda un uniforme 4 (180). Ese n\u00famero entre par\u00e9ntesis significa que es apto hasta esa estatura, siempre y cuando sea de contextura normal. Si tiene esa misma estatura pero est\u00e1 en sobre peso, es recomendable usar la talla inmediatamente superior.<\/p>\n<p><strong>Incluye cintur\u00f3n blanco de regalo<\/strong><\/p>\n<p><strong>Tallas:<\/strong><\/p>\n<p>&#8211;\u00a01 (150), la chaqueta tiene 64 cms de largo, 55 cms de espalda y 34 cms de manga. El pantal\u00f3n tiene 83 cms de largo y 80 cms de cintura.<br \/>\n&#8211; 2 (160), la chaqueta tiene 67 cms de largo, 61 cms de espalda y 37 cms de manga. El pantal\u00f3n tiene 91 cms de largo y 92 cms de cintura. -Por encargo-<br \/>\n&#8211; 3 (170), la chaqueta tiene 72 cms de largo, 64 cms de espalda y 40 cms de manga. El pantal\u00f3n tiene 98 cms de largo y 94 cms de cintura.<br \/>\n&#8211; 4 (180), la chaqueta tiene 75 cms de largo, 68 cms de espalda y 44 cms de manga. El pantal\u00f3n tiene 101 cms de largo y 96 cms de cintura. -Por encargo-<br \/>\n&#8211; 5 (190), la chaqueta tiene 84 cms de largo, 71 cms de espalda y 47 cms de manga. El pantal\u00f3n tiene 106 cms de largo y 99 cms de cintura. -Por encargo-<br \/>\n&#8211; 6 (200), la chaqueta tiene 87 cms de largo, 74 cms de espalda y 48 cms de manga. El pantal\u00f3n tiene 110 cms de largo y 110 cms de cintura. -Por encargo-<\/p>\n","protected":false},"excerpt":{"rendered":"<p>El uniforme Macho Premium de peso medio es un verdadero 8.5 oz con corte tradicional. Ideal para Karate, Ninjutsu, etc.<\/p>\n","protected":false},"featured_media":2201,"template":"","meta":[],"product_brand":[],"product_cat":[247],"product_tag":[39,249,40,46,45,248],"class_list":{"0":"post-2199","1":"product","2":"type-product","3":"status-publish","4":"has-post-thumbnail","6":"product_cat-uniformes","7":"product_tag-artes-marciales","8":"product_tag-hapkido","9":"product_tag-karate","10":"product_tag-ninjutsu","11":"product_tag-taekwondo","12":"product_tag-uniforme","13":"pa_talla-1-150","14":"pa_talla-3-170","16":"first","17":"instock","18":"shipping-taxable","19":"purchasable","20":"product-type-variable"},"yoast_head":"<!-- This site is optimized with the Yoast SEO plugin v26.8 - https:\/\/yoast.com\/product\/yoast-seo-wordpress\/ -->\n<title>Uniforme rojo - Karate, Ninjutsu - Tienda Marcial Colombia<\/title>\n<meta name=\"robots\" content=\"index, follow, max-snippet:-1, max-image-preview:large, max-video-preview:-1\" \/>\n<link rel=\"canonical\" href=\"https:\/\/tiendamarcial.com\/arnobysinam\/producto\/uniforme-rojo-karate-ninjutsu\/\" \/>\n<meta property=\"og:locale\" content=\"es_ES\" \/>\n<meta property=\"og:type\" content=\"article\" \/>\n<meta property=\"og:title\" content=\"Uniforme rojo - Karate, Ninjutsu - Tienda Marcial Colombia\" \/>\n<meta property=\"og:description\" content=\"El uniforme Macho Premium de peso medio es un verdadero 8.5 oz con corte tradicional. Ideal para Karate, Ninjutsu, etc.\" \/>\n<meta property=\"og:url\" content=\"https:\/\/tiendamarcial.com\/arnobysinam\/producto\/uniforme-rojo-karate-ninjutsu\/\" \/>\n<meta property=\"og:site_name\" content=\"Tienda Marcial Colombia\" \/>\n<meta property=\"article:publisher\" content=\"https:\/\/www.facebook.com\/TiendaMarcial\" \/>\n<meta property=\"article:modified_time\" content=\"2023-08-01T16:26:55+00:00\" \/>\n<meta property=\"og:image\" content=\"https:\/\/tiendamarcial.com\/arnobysinam\/wp-content\/uploads\/2023\/08\/UNKT030.jpg\" \/>\n\t<meta property=\"og:image:width\" content=\"600\" \/>\n\t<meta property=\"og:image:height\" content=\"600\" \/>\n\t<meta property=\"og:image:type\" content=\"image\/jpeg\" \/>\n<meta name=\"twitter:card\" content=\"summary_large_image\" \/>\n<meta name=\"twitter:site\" content=\"@TiendaMarcial\" \/>\n<meta name=\"twitter:label1\" content=\"Tiempo de lectura\" \/>\n\t<meta name=\"twitter:data1\" content=\"2 minutos\" \/>\n<script type=\"application\/ld+json\" class=\"yoast-schema-graph\">{\"@context\":\"https:\/\/schema.org\",\"@graph\":[{\"@type\":\"WebPage\",\"@id\":\"https:\/\/tiendamarcial.com\/arnobysinam\/producto\/uniforme-rojo-karate-ninjutsu\/\",\"url\":\"https:\/\/tiendamarcial.com\/arnobysinam\/producto\/uniforme-rojo-karate-ninjutsu\/\",\"name\":\"Uniforme rojo - Karate, Ninjutsu - Tienda Marcial Colombia\",\"isPartOf\":{\"@id\":\"https:\/\/tiendamarcial.com\/arnobysinam\/#website\"},\"primaryImageOfPage\":{\"@id\":\"https:\/\/tiendamarcial.com\/arnobysinam\/producto\/uniforme-rojo-karate-ninjutsu\/#primaryimage\"},\"image\":{\"@id\":\"https:\/\/tiendamarcial.com\/arnobysinam\/producto\/uniforme-rojo-karate-ninjutsu\/#primaryimage\"},\"thumbnailUrl\":\"https:\/\/tiendamarcial.com\/arnobysinam\/wp-content\/uploads\/2023\/08\/UNKT030.jpg\",\"datePublished\":\"2023-08-01T15:04:01+00:00\",\"dateModified\":\"2023-08-01T16:26:55+00:00\",\"breadcrumb\":{\"@id\":\"https:\/\/tiendamarcial.com\/arnobysinam\/producto\/uniforme-rojo-karate-ninjutsu\/#breadcrumb\"},\"inLanguage\":\"es\",\"potentialAction\":[{\"@type\":\"ReadAction\",\"target\":[\"https:\/\/tiendamarcial.com\/arnobysinam\/producto\/uniforme-rojo-karate-ninjutsu\/\"]}]},{\"@type\":\"ImageObject\",\"inLanguage\":\"es\",\"@id\":\"https:\/\/tiendamarcial.com\/arnobysinam\/producto\/uniforme-rojo-karate-ninjutsu\/#primaryimage\",\"url\":\"https:\/\/tiendamarcial.com\/arnobysinam\/wp-content\/uploads\/2023\/08\/UNKT030.jpg\",\"contentUrl\":\"https:\/\/tiendamarcial.com\/arnobysinam\/wp-content\/uploads\/2023\/08\/UNKT030.jpg\",\"width\":600,\"height\":600},{\"@type\":\"BreadcrumbList\",\"@id\":\"https:\/\/tiendamarcial.com\/arnobysinam\/producto\/uniforme-rojo-karate-ninjutsu\/#breadcrumb\",\"itemListElement\":[{\"@type\":\"ListItem\",\"position\":1,\"name\":\"Portada\",\"item\":\"https:\/\/tiendamarcial.com\/arnobysinam\/\"},{\"@type\":\"ListItem\",\"position\":2,\"name\":\"Tienda\",\"item\":\"https:\/\/tiendamarcial.com\/arnobysinam\/tienda\/\"},{\"@type\":\"ListItem\",\"position\":3,\"name\":\"Uniforme rojo &#8211; Karate, Ninjutsu\"}]},{\"@type\":\"WebSite\",\"@id\":\"https:\/\/tiendamarcial.com\/arnobysinam\/#website\",\"url\":\"https:\/\/tiendamarcial.com\/arnobysinam\/\",\"name\":\"Tienda Marcial Colombia\",\"description\":\"Todo en implementos para Artes Marciales\",\"potentialAction\":[{\"@type\":\"SearchAction\",\"target\":{\"@type\":\"EntryPoint\",\"urlTemplate\":\"https:\/\/tiendamarcial.com\/arnobysinam\/?s={search_term_string}\"},\"query-input\":{\"@type\":\"PropertyValueSpecification\",\"valueRequired\":true,\"valueName\":\"search_term_string\"}}],\"inLanguage\":\"es\"}]}<\/script>\n<!-- \/ Yoast SEO plugin. -->","yoast_head_json":{"title":"Uniforme rojo - Karate, Ninjutsu - Tienda Marcial Colombia","robots":{"index":"index","follow":"follow","max-snippet":"max-snippet:-1","max-image-preview":"max-image-preview:large","max-video-preview":"max-video-preview:-1"},"canonical":"https:\/\/tiendamarcial.com\/arnobysinam\/producto\/uniforme-rojo-karate-ninjutsu\/","og_locale":"es_ES","og_type":"article","og_title":"Uniforme rojo - Karate, Ninjutsu - Tienda Marcial Colombia","og_description":"El uniforme Macho Premium de peso medio es un verdadero 8.5 oz con corte tradicional. Ideal para Karate, Ninjutsu, etc.","og_url":"https:\/\/tiendamarcial.com\/arnobysinam\/producto\/uniforme-rojo-karate-ninjutsu\/","og_site_name":"Tienda Marcial Colombia","article_publisher":"https:\/\/www.facebook.com\/TiendaMarcial","article_modified_time":"2023-08-01T16:26:55+00:00","og_image":[{"width":600,"height":600,"url":"https:\/\/tiendamarcial.com\/arnobysinam\/wp-content\/uploads\/2023\/08\/UNKT030.jpg","type":"image\/jpeg"}],"twitter_card":"summary_large_image","twitter_site":"@TiendaMarcial","twitter_misc":{"Tiempo de lectura":"2 minutos"},"schema":{"@context":"https:\/\/schema.org","@graph":[{"@type":"WebPage","@id":"https:\/\/tiendamarcial.com\/arnobysinam\/producto\/uniforme-rojo-karate-ninjutsu\/","url":"https:\/\/tiendamarcial.com\/arnobysinam\/producto\/uniforme-rojo-karate-ninjutsu\/","name":"Uniforme rojo - Karate, Ninjutsu - Tienda Marcial Colombia","isPartOf":{"@id":"https:\/\/tiendamarcial.com\/arnobysinam\/#website"},"primaryImageOfPage":{"@id":"https:\/\/tiendamarcial.com\/arnobysinam\/producto\/uniforme-rojo-karate-ninjutsu\/#primaryimage"},"image":{"@id":"https:\/\/tiendamarcial.com\/arnobysinam\/producto\/uniforme-rojo-karate-ninjutsu\/#primaryimage"},"thumbnailUrl":"https:\/\/tiendamarcial.com\/arnobysinam\/wp-content\/uploads\/2023\/08\/UNKT030.jpg","datePublished":"2023-08-01T15:04:01+00:00","dateModified":"2023-08-01T16:26:55+00:00","breadcrumb":{"@id":"https:\/\/tiendamarcial.com\/arnobysinam\/producto\/uniforme-rojo-karate-ninjutsu\/#breadcrumb"},"inLanguage":"es","potentialAction":[{"@type":"ReadAction","target":["https:\/\/tiendamarcial.com\/arnobysinam\/producto\/uniforme-rojo-karate-ninjutsu\/"]}]},{"@type":"ImageObject","inLanguage":"es","@id":"https:\/\/tiendamarcial.com\/arnobysinam\/producto\/uniforme-rojo-karate-ninjutsu\/#primaryimage","url":"https:\/\/tiendamarcial.com\/arnobysinam\/wp-content\/uploads\/2023\/08\/UNKT030.jpg","contentUrl":"https:\/\/tiendamarcial.com\/arnobysinam\/wp-content\/uploads\/2023\/08\/UNKT030.jpg","width":600,"height":600},{"@type":"BreadcrumbList","@id":"https:\/\/tiendamarcial.com\/arnobysinam\/producto\/uniforme-rojo-karate-ninjutsu\/#breadcrumb","itemListElement":[{"@type":"ListItem","position":1,"name":"Portada","item":"https:\/\/tiendamarcial.com\/arnobysinam\/"},{"@type":"ListItem","position":2,"name":"Tienda","item":"https:\/\/tiendamarcial.com\/arnobysinam\/tienda\/"},{"@type":"ListItem","position":3,"name":"Uniforme rojo &#8211; Karate, Ninjutsu"}]},{"@type":"WebSite","@id":"https:\/\/tiendamarcial.com\/arnobysinam\/#website","url":"https:\/\/tiendamarcial.com\/arnobysinam\/","name":"Tienda Marcial Colombia","description":"Todo en implementos para Artes Marciales","potentialAction":[{"@type":"SearchAction","target":{"@type":"EntryPoint","urlTemplate":"https:\/\/tiendamarcial.com\/arnobysinam\/?s={search_term_string}"},"query-input":{"@type":"PropertyValueSpecification","valueRequired":true,"valueName":"search_term_string"}}],"inLanguage":"es"}]}},"_links":{"self":[{"href":"https:\/\/tiendamarcial.com\/arnobysinam\/wp-json\/wp\/v2\/product\/2199","targetHints":{"allow":["GET"]}}],"collection":[{"href":"https:\/\/tiendamarcial.com\/arnobysinam\/wp-json\/wp\/v2\/product"}],"about":[{"href":"https:\/\/tiendamarcial.com\/arnobysinam\/wp-json\/wp\/v2\/types\/product"}],"version-history":[{"count":2,"href":"https:\/\/tiendamarcial.com\/arnobysinam\/wp-json\/wp\/v2\/product\/2199\/revisions"}],"predecessor-version":[{"id":2204,"href":"https:\/\/tiendamarcial.com\/arnobysinam\/wp-json\/wp\/v2\/product\/2199\/revisions\/2204"}],"wp:featuredmedia":[{"embeddable":true,"href":"https:\/\/tiendamarcial.com\/arnobysinam\/wp-json\/wp\/v2\/media\/2201"}],"wp:attachment":[{"href":"https:\/\/tiendamarcial.com\/arnobysinam\/wp-json\/wp\/v2\/media?parent=2199"}],"wp:term":[{"taxonomy":"product_brand","embeddable":true,"href":"https:\/\/tiendamarcial.com\/arnobysinam\/wp-json\/wp\/v2\/product_brand?post=2199"},{"taxonomy":"product_cat","embeddable":true,"href":"https:\/\/tiendamarcial.com\/arnobysinam\/wp-json\/wp\/v2\/product_cat?post=2199"},{"taxonomy":"product_tag","embeddable":true,"href":"https:\/\/tiendamarcial.com\/arnobysinam\/wp-json\/wp\/v2\/product_tag?post=2199"}],"curies":[{"name":"wp","href":"https:\/\/api.w.org\/{rel}","templated":true}]}}