{"id":2144,"date":"2023-07-31T15:35:44","date_gmt":"2023-07-31T20:35:44","guid":{"rendered":"https:\/\/tiendamarcial.com\/arnobysinam\/?post_type=product&#038;p=2144"},"modified":"2025-02-26T10:59:23","modified_gmt":"2025-02-26T15:59:23","slug":"katana-go-shishi-no-kiri-funcional","status":"publish","type":"product","link":"https:\/\/tiendamarcial.com\/arnobysinam\/producto\/katana-go-shishi-no-kiri-funcional\/","title":{"rendered":"Katana Go Shishi no Kiri &#8211; Funcional"},"content":{"rendered":"<h4>Katana Samurai en acero al carbono 1045<\/h4>\n<p>El Go Shishi no Kiri es el s\u00edmbolo usado en Jap\u00f3n por la corte imperial. Este es el nombre en japon\u00e9s que se le da a la paulownia,\u00a0 y que en el idioma se le denomina Kiri.<\/p>\n<h4><strong>Caracter\u00edsticas:<\/strong><\/h4>\n<p>* La hoja de la espada ha sido hecha en acero al carbono 1045 de alta calidad. Este es acero templado. Un Bohi aparece en la parte superior de la hoja.<br \/>\n* La hoja es completa hasta la empu\u00f1adura, haciendo de esta espada totalmente funcional.<br \/>\n* La Saya de la espada es de madera con un acabado negro mate. Un Sageo en algod\u00f3n negro ha sido amarrado en el brillante Kurigata de bronce. El koiguchi est\u00e1 elaborado en acero ennegrecido. El s\u00edmbolo Go Shichi no Kiri ha sido tallado en la madera de la Saya.<br \/>\n* El Habaki es una construcci\u00f3n de una sola pieza de lat\u00f3n. La tsuba es de acero negro con un relieve de ramas y flores de paulownia. Dos Seppa aseguran la Tsuba.<br \/>\n* El Fuchi es de acero negro. El n\u00facleo de la empu\u00f1adura es de madera con una imitaci\u00f3n de piel de raya que la cubre completamente. Una cuerda negra (Ito) envuelve toda la empu\u00f1adura en un trenzado triangular tradicional. Dos Mekugi de bamb\u00fa aseguran la hoja de la espada. Dos Menuki negros est\u00e1n a cada lado de la Tsuka. El Kashira es de acero negro.<\/p>\n<h4><strong>Medidas:<\/strong><\/h4>\n<p>&#8211; Espada con la hoja enfundada: 104 cms.<br \/>\n&#8211; Funda (saya): 75 cms.<br \/>\n&#8211; Empu\u00f1adura (tsuka): 27,5 cms.<br \/>\n&#8211; Hoja con el seguro (habaki):71 cms.<br \/>\n&#8211; Ancho de la hoja: 2,9 cms.<br \/>\n&#8211; Ancho de la empu\u00f1adura: 3,9 cms.<br \/>\n&#8211; Ancho de la funda (saya): 3,9 cms.<br \/>\n&#8211; Peso: 1.158 gramos.<\/p>\n<p>Descubre la historia y la eficacia de la legendaria Katana, una espada que trasciende el tiempo y la cultura samurai. Una pieza \u00fanica y funcional para apreciar y coleccionar.<br \/>\nEsta katana no solo es una obra de arte, sino tambi\u00e9n un s\u00edmbolo cultural con gran significado. Perfecta para coleccionistas y amantes de la cultura japonesa.<\/p>\n","protected":false},"excerpt":{"rendered":"<p>Katana Samurai en acero al carbono 1045<\/p>\n<p>El Go Shishi no Kiri es el s\u00edmbolo usado en Jap\u00f3n por la corte imperial. Este es el nombre en japon\u00e9s que se le da a la paulownia,\u00a0 y que en el idioma se le denomina Kiri.<\/p>\n","protected":false},"featured_media":2148,"template":"","meta":[],"product_brand":[],"product_cat":[35],"product_tag":[63,39,60,62,59,65,47,46,64,61],"class_list":{"0":"post-2144","1":"product","2":"type-product","3":"status-publish","4":"has-post-thumbnail","6":"product_cat-espadas-funcionales","7":"product_tag-63","8":"product_tag-artes-marciales","9":"product_tag-espada","10":"product_tag-funcional","11":"product_tag-katana","12":"product_tag-kenjutsu","13":"product_tag-ninja","14":"product_tag-ninjutsu","15":"product_tag-samurai","16":"product_tag-sword","18":"first","19":"outofstock","20":"shipping-taxable","21":"purchasable","22":"product-type-simple"},"yoast_head":"<!-- This site is optimized with the Yoast SEO plugin v26.8 - https:\/\/yoast.com\/product\/yoast-seo-wordpress\/ -->\n<title>Katana Go Shishi no Kiri - Funcional - Tienda Marcial Colombia<\/title>\n<meta name=\"description\" content=\"Katana Go Shishi no Kiri Samurai en acero al carbono 1045. El Go Shishi no Kiri es el s\u00edmbolo usado en Jap\u00f3n por la corte imperial.\" \/>\n<meta name=\"robots\" content=\"index, follow, max-snippet:-1, max-image-preview:large, max-video-preview:-1\" \/>\n<link rel=\"canonical\" href=\"https:\/\/tiendamarcial.com\/arnobysinam\/producto\/katana-go-shishi-no-kiri-funcional\/\" \/>\n<meta property=\"og:locale\" content=\"es_ES\" \/>\n<meta property=\"og:type\" content=\"article\" \/>\n<meta property=\"og:title\" content=\"Katana Go Shishi no Kiri - Funcional - Tienda Marcial Colombia\" \/>\n<meta property=\"og:description\" content=\"Katana Go Shishi no Kiri Samurai en acero al carbono 1045. El Go Shishi no Kiri es el s\u00edmbolo usado en Jap\u00f3n por la corte imperial.\" \/>\n<meta property=\"og:url\" content=\"https:\/\/tiendamarcial.com\/arnobysinam\/producto\/katana-go-shishi-no-kiri-funcional\/\" \/>\n<meta property=\"og:site_name\" content=\"Tienda Marcial Colombia\" \/>\n<meta property=\"article:publisher\" content=\"https:\/\/www.facebook.com\/TiendaMarcial\" \/>\n<meta property=\"article:modified_time\" content=\"2025-02-26T15:59:23+00:00\" \/>\n<meta property=\"og:image\" content=\"https:\/\/tiendamarcial.com\/arnobysinam\/wp-content\/uploads\/2023\/07\/ARSW302A.jpg\" \/>\n\t<meta property=\"og:image:width\" content=\"600\" \/>\n\t<meta property=\"og:image:height\" content=\"600\" \/>\n\t<meta property=\"og:image:type\" content=\"image\/jpeg\" \/>\n<meta name=\"twitter:card\" content=\"summary_large_image\" \/>\n<meta name=\"twitter:site\" content=\"@TiendaMarcial\" \/>\n<meta name=\"twitter:label1\" content=\"Tiempo de lectura\" \/>\n\t<meta name=\"twitter:data1\" content=\"2 minutos\" \/>\n<script type=\"application\/ld+json\" class=\"yoast-schema-graph\">{\"@context\":\"https:\/\/schema.org\",\"@graph\":[{\"@type\":\"WebPage\",\"@id\":\"https:\/\/tiendamarcial.com\/arnobysinam\/producto\/katana-go-shishi-no-kiri-funcional\/\",\"url\":\"https:\/\/tiendamarcial.com\/arnobysinam\/producto\/katana-go-shishi-no-kiri-funcional\/\",\"name\":\"Katana Go Shishi no Kiri - Funcional - Tienda Marcial Colombia\",\"isPartOf\":{\"@id\":\"https:\/\/tiendamarcial.com\/arnobysinam\/#website\"},\"primaryImageOfPage\":{\"@id\":\"https:\/\/tiendamarcial.com\/arnobysinam\/producto\/katana-go-shishi-no-kiri-funcional\/#primaryimage\"},\"image\":{\"@id\":\"https:\/\/tiendamarcial.com\/arnobysinam\/producto\/katana-go-shishi-no-kiri-funcional\/#primaryimage\"},\"thumbnailUrl\":\"https:\/\/tiendamarcial.com\/arnobysinam\/wp-content\/uploads\/2023\/07\/ARSW302A.jpg\",\"datePublished\":\"2023-07-31T20:35:44+00:00\",\"dateModified\":\"2025-02-26T15:59:23+00:00\",\"description\":\"Katana Go Shishi no Kiri Samurai en acero al carbono 1045. El Go Shishi no Kiri es el s\u00edmbolo usado en Jap\u00f3n por la corte imperial.\",\"breadcrumb\":{\"@id\":\"https:\/\/tiendamarcial.com\/arnobysinam\/producto\/katana-go-shishi-no-kiri-funcional\/#breadcrumb\"},\"inLanguage\":\"es\",\"potentialAction\":[{\"@type\":\"ReadAction\",\"target\":[\"https:\/\/tiendamarcial.com\/arnobysinam\/producto\/katana-go-shishi-no-kiri-funcional\/\"]}]},{\"@type\":\"ImageObject\",\"inLanguage\":\"es\",\"@id\":\"https:\/\/tiendamarcial.com\/arnobysinam\/producto\/katana-go-shishi-no-kiri-funcional\/#primaryimage\",\"url\":\"https:\/\/tiendamarcial.com\/arnobysinam\/wp-content\/uploads\/2023\/07\/ARSW302A.jpg\",\"contentUrl\":\"https:\/\/tiendamarcial.com\/arnobysinam\/wp-content\/uploads\/2023\/07\/ARSW302A.jpg\",\"width\":600,\"height\":600},{\"@type\":\"BreadcrumbList\",\"@id\":\"https:\/\/tiendamarcial.com\/arnobysinam\/producto\/katana-go-shishi-no-kiri-funcional\/#breadcrumb\",\"itemListElement\":[{\"@type\":\"ListItem\",\"position\":1,\"name\":\"Portada\",\"item\":\"https:\/\/tiendamarcial.com\/arnobysinam\/\"},{\"@type\":\"ListItem\",\"position\":2,\"name\":\"Tienda\",\"item\":\"https:\/\/tiendamarcial.com\/arnobysinam\/tienda\/\"},{\"@type\":\"ListItem\",\"position\":3,\"name\":\"Katana Go Shishi no Kiri &#8211; Funcional\"}]},{\"@type\":\"WebSite\",\"@id\":\"https:\/\/tiendamarcial.com\/arnobysinam\/#website\",\"url\":\"https:\/\/tiendamarcial.com\/arnobysinam\/\",\"name\":\"Tienda Marcial Colombia\",\"description\":\"Todo en implementos para Artes Marciales\",\"potentialAction\":[{\"@type\":\"SearchAction\",\"target\":{\"@type\":\"EntryPoint\",\"urlTemplate\":\"https:\/\/tiendamarcial.com\/arnobysinam\/?s={search_term_string}\"},\"query-input\":{\"@type\":\"PropertyValueSpecification\",\"valueRequired\":true,\"valueName\":\"search_term_string\"}}],\"inLanguage\":\"es\"}]}<\/script>\n<!-- \/ Yoast SEO plugin. -->","yoast_head_json":{"title":"Katana Go Shishi no Kiri - Funcional - Tienda Marcial Colombia","description":"Katana Go Shishi no Kiri Samurai en acero al carbono 1045. El Go Shishi no Kiri es el s\u00edmbolo usado en Jap\u00f3n por la corte imperial.","robots":{"index":"index","follow":"follow","max-snippet":"max-snippet:-1","max-image-preview":"max-image-preview:large","max-video-preview":"max-video-preview:-1"},"canonical":"https:\/\/tiendamarcial.com\/arnobysinam\/producto\/katana-go-shishi-no-kiri-funcional\/","og_locale":"es_ES","og_type":"article","og_title":"Katana Go Shishi no Kiri - Funcional - Tienda Marcial Colombia","og_description":"Katana Go Shishi no Kiri Samurai en acero al carbono 1045. El Go Shishi no Kiri es el s\u00edmbolo usado en Jap\u00f3n por la corte imperial.","og_url":"https:\/\/tiendamarcial.com\/arnobysinam\/producto\/katana-go-shishi-no-kiri-funcional\/","og_site_name":"Tienda Marcial Colombia","article_publisher":"https:\/\/www.facebook.com\/TiendaMarcial","article_modified_time":"2025-02-26T15:59:23+00:00","og_image":[{"width":600,"height":600,"url":"https:\/\/tiendamarcial.com\/arnobysinam\/wp-content\/uploads\/2023\/07\/ARSW302A.jpg","type":"image\/jpeg"}],"twitter_card":"summary_large_image","twitter_site":"@TiendaMarcial","twitter_misc":{"Tiempo de lectura":"2 minutos"},"schema":{"@context":"https:\/\/schema.org","@graph":[{"@type":"WebPage","@id":"https:\/\/tiendamarcial.com\/arnobysinam\/producto\/katana-go-shishi-no-kiri-funcional\/","url":"https:\/\/tiendamarcial.com\/arnobysinam\/producto\/katana-go-shishi-no-kiri-funcional\/","name":"Katana Go Shishi no Kiri - Funcional - Tienda Marcial Colombia","isPartOf":{"@id":"https:\/\/tiendamarcial.com\/arnobysinam\/#website"},"primaryImageOfPage":{"@id":"https:\/\/tiendamarcial.com\/arnobysinam\/producto\/katana-go-shishi-no-kiri-funcional\/#primaryimage"},"image":{"@id":"https:\/\/tiendamarcial.com\/arnobysinam\/producto\/katana-go-shishi-no-kiri-funcional\/#primaryimage"},"thumbnailUrl":"https:\/\/tiendamarcial.com\/arnobysinam\/wp-content\/uploads\/2023\/07\/ARSW302A.jpg","datePublished":"2023-07-31T20:35:44+00:00","dateModified":"2025-02-26T15:59:23+00:00","description":"Katana Go Shishi no Kiri Samurai en acero al carbono 1045. El Go Shishi no Kiri es el s\u00edmbolo usado en Jap\u00f3n por la corte imperial.","breadcrumb":{"@id":"https:\/\/tiendamarcial.com\/arnobysinam\/producto\/katana-go-shishi-no-kiri-funcional\/#breadcrumb"},"inLanguage":"es","potentialAction":[{"@type":"ReadAction","target":["https:\/\/tiendamarcial.com\/arnobysinam\/producto\/katana-go-shishi-no-kiri-funcional\/"]}]},{"@type":"ImageObject","inLanguage":"es","@id":"https:\/\/tiendamarcial.com\/arnobysinam\/producto\/katana-go-shishi-no-kiri-funcional\/#primaryimage","url":"https:\/\/tiendamarcial.com\/arnobysinam\/wp-content\/uploads\/2023\/07\/ARSW302A.jpg","contentUrl":"https:\/\/tiendamarcial.com\/arnobysinam\/wp-content\/uploads\/2023\/07\/ARSW302A.jpg","width":600,"height":600},{"@type":"BreadcrumbList","@id":"https:\/\/tiendamarcial.com\/arnobysinam\/producto\/katana-go-shishi-no-kiri-funcional\/#breadcrumb","itemListElement":[{"@type":"ListItem","position":1,"name":"Portada","item":"https:\/\/tiendamarcial.com\/arnobysinam\/"},{"@type":"ListItem","position":2,"name":"Tienda","item":"https:\/\/tiendamarcial.com\/arnobysinam\/tienda\/"},{"@type":"ListItem","position":3,"name":"Katana Go Shishi no Kiri &#8211; Funcional"}]},{"@type":"WebSite","@id":"https:\/\/tiendamarcial.com\/arnobysinam\/#website","url":"https:\/\/tiendamarcial.com\/arnobysinam\/","name":"Tienda Marcial Colombia","description":"Todo en implementos para Artes Marciales","potentialAction":[{"@type":"SearchAction","target":{"@type":"EntryPoint","urlTemplate":"https:\/\/tiendamarcial.com\/arnobysinam\/?s={search_term_string}"},"query-input":{"@type":"PropertyValueSpecification","valueRequired":true,"valueName":"search_term_string"}}],"inLanguage":"es"}]}},"_links":{"self":[{"href":"https:\/\/tiendamarcial.com\/arnobysinam\/wp-json\/wp\/v2\/product\/2144","targetHints":{"allow":["GET"]}}],"collection":[{"href":"https:\/\/tiendamarcial.com\/arnobysinam\/wp-json\/wp\/v2\/product"}],"about":[{"href":"https:\/\/tiendamarcial.com\/arnobysinam\/wp-json\/wp\/v2\/types\/product"}],"version-history":[{"count":7,"href":"https:\/\/tiendamarcial.com\/arnobysinam\/wp-json\/wp\/v2\/product\/2144\/revisions"}],"predecessor-version":[{"id":6553,"href":"https:\/\/tiendamarcial.com\/arnobysinam\/wp-json\/wp\/v2\/product\/2144\/revisions\/6553"}],"wp:featuredmedia":[{"embeddable":true,"href":"https:\/\/tiendamarcial.com\/arnobysinam\/wp-json\/wp\/v2\/media\/2148"}],"wp:attachment":[{"href":"https:\/\/tiendamarcial.com\/arnobysinam\/wp-json\/wp\/v2\/media?parent=2144"}],"wp:term":[{"taxonomy":"product_brand","embeddable":true,"href":"https:\/\/tiendamarcial.com\/arnobysinam\/wp-json\/wp\/v2\/product_brand?post=2144"},{"taxonomy":"product_cat","embeddable":true,"href":"https:\/\/tiendamarcial.com\/arnobysinam\/wp-json\/wp\/v2\/product_cat?post=2144"},{"taxonomy":"product_tag","embeddable":true,"href":"https:\/\/tiendamarcial.com\/arnobysinam\/wp-json\/wp\/v2\/product_tag?post=2144"}],"curies":[{"name":"wp","href":"https:\/\/api.w.org\/{rel}","templated":true}]}}