{"id":2136,"date":"2023-07-31T15:29:12","date_gmt":"2023-07-31T20:29:12","guid":{"rendered":"https:\/\/tiendamarcial.com\/arnobysinam\/?post_type=product&#038;p=2136"},"modified":"2023-07-31T15:35:01","modified_gmt":"2023-07-31T20:35:01","slug":"katana-jirugiku-funcional","status":"publish","type":"product","link":"https:\/\/tiendamarcial.com\/arnobysinam\/producto\/katana-jirugiku-funcional\/","title":{"rendered":"Katana Jirogiku &#8211; Funcional"},"content":{"rendered":"<p>Esta es la Katana Jirogiku; representante de la casa imperial japonesa en su guarda mano (tsuba).<\/p>\n<p><strong>Caracter\u00edsticas:<\/strong><\/p>\n<p>* La hoja de la espada ha sido elaborada con acero al carbono 1045 de alta calidad. El carbono ha sido martillado a trav\u00e9s de la hoja de manera que tiene una dureza universal en toda la hoja entera. Un Bohi ha sido a\u00f1adido a la parte superior de la hoja para igualar el peso y obtener respuesta audible.<br \/>\n* La hoja es completa hasta la empu\u00f1adura, haciendo de esta espada totalmente funcional.<br \/>\n* La vaina de la espada es de madera con un acabado en negro mate. El cord\u00f3n negro (sageo) est\u00e1 colocado alrededor del kurigata en cobre.<br \/>\n* La Tsuba est\u00e1 elaborada en metal con acabado en negro mate. El Habaki de la espada es una construcci\u00f3n de una sola pieza de lat\u00f3n. Dos Seppa en bronce sujetan la hoja en la Tsuka.<br \/>\n* El Fuchi es de acero negro. La Tsuka es de madera con una imitaci\u00f3n de piel de raya a su alrededor. Una cuerda negra en algod\u00f3n (Ito) ha sido envuelta en la empu\u00f1adura de la espada (Tsuka). Un Menuki en forma de Drag\u00f3n a cada lado de la empu\u00f1adura adornan esta hermosa espada. Dos mekugi de bamb\u00fa aseguran la hoja a la empu\u00f1adura.<br \/>\n* Incluye forro en tela negra para su transporte.<\/p>\n<p><strong>Medidas:<\/strong><\/p>\n<p>&#8211; Espada con la hoja enfundada: 103 cms.<br \/>\n&#8211; Funda (saya): 75 cms.<br \/>\n&#8211; Empu\u00f1adura (tsuka): 27 cms.<br \/>\n&#8211; Hoja con el seguro (habaki):71 cms.<br \/>\n&#8211; Ancho de la hoja: 2,8 cms.<br \/>\n&#8211; Ancho de la empu\u00f1adura:3,8 cms.<br \/>\n&#8211; Ancho de la funda (saya): 4 cms.<\/p>\n<p>Descubre la historia y la eficacia de la legendaria Katana, una espada que trasciende el tiempo y la cultura samurai. Una pieza \u00fanica y funcional para apreciar y coleccionar.<br \/>\nEsta katana no solo es una obra de arte, sino tambi\u00e9n un s\u00edmbolo cultural con gran significado. Perfecta para coleccionistas y amantes de la cultura japonesa.<\/p>\n","protected":false},"excerpt":{"rendered":"<p>Descubre la legendaria Katana, la espada samurai por excelencia. Hoja de acero al carbono 1045 de alta calidad, dise\u00f1o funcional y art\u00edstico.<\/p>\n","protected":false},"featured_media":2140,"template":"","meta":[],"product_brand":[],"product_cat":[35],"product_tag":[63,39,60,62,59,65,47,46,64,61],"class_list":{"0":"post-2136","1":"product","2":"type-product","3":"status-publish","4":"has-post-thumbnail","6":"product_cat-espadas-funcionales","7":"product_tag-63","8":"product_tag-artes-marciales","9":"product_tag-espada","10":"product_tag-funcional","11":"product_tag-katana","12":"product_tag-kenjutsu","13":"product_tag-ninja","14":"product_tag-ninjutsu","15":"product_tag-samurai","16":"product_tag-sword","18":"first","19":"instock","20":"shipping-taxable","21":"purchasable","22":"product-type-simple"},"yoast_head":"<!-- This site is optimized with the Yoast SEO plugin v26.8 - https:\/\/yoast.com\/product\/yoast-seo-wordpress\/ -->\n<title>Katana Jirogiku - Funcional - Tienda Marcial Colombia<\/title>\n<meta name=\"robots\" content=\"index, follow, max-snippet:-1, max-image-preview:large, max-video-preview:-1\" \/>\n<link rel=\"canonical\" href=\"https:\/\/tiendamarcial.com\/arnobysinam\/producto\/katana-jirugiku-funcional\/\" \/>\n<meta property=\"og:locale\" content=\"es_ES\" \/>\n<meta property=\"og:type\" content=\"article\" \/>\n<meta property=\"og:title\" content=\"Katana Jirogiku - Funcional - Tienda Marcial Colombia\" \/>\n<meta property=\"og:description\" content=\"Descubre la legendaria Katana, la espada samurai por excelencia. Hoja de acero al carbono 1045 de alta calidad, dise\u00f1o funcional y art\u00edstico.\" \/>\n<meta property=\"og:url\" content=\"https:\/\/tiendamarcial.com\/arnobysinam\/producto\/katana-jirugiku-funcional\/\" \/>\n<meta property=\"og:site_name\" content=\"Tienda Marcial Colombia\" \/>\n<meta property=\"article:publisher\" content=\"https:\/\/www.facebook.com\/TiendaMarcial\" \/>\n<meta property=\"article:modified_time\" content=\"2023-07-31T20:35:01+00:00\" \/>\n<meta property=\"og:image\" content=\"https:\/\/tiendamarcial.com\/arnobysinam\/wp-content\/uploads\/2023\/07\/ARSW506.jpg\" \/>\n\t<meta property=\"og:image:width\" content=\"600\" \/>\n\t<meta property=\"og:image:height\" content=\"600\" \/>\n\t<meta property=\"og:image:type\" content=\"image\/jpeg\" \/>\n<meta name=\"twitter:card\" content=\"summary_large_image\" \/>\n<meta name=\"twitter:site\" content=\"@TiendaMarcial\" \/>\n<meta name=\"twitter:label1\" content=\"Tiempo de lectura\" \/>\n\t<meta name=\"twitter:data1\" content=\"2 minutos\" \/>\n<script type=\"application\/ld+json\" class=\"yoast-schema-graph\">{\"@context\":\"https:\/\/schema.org\",\"@graph\":[{\"@type\":\"WebPage\",\"@id\":\"https:\/\/tiendamarcial.com\/arnobysinam\/producto\/katana-jirugiku-funcional\/\",\"url\":\"https:\/\/tiendamarcial.com\/arnobysinam\/producto\/katana-jirugiku-funcional\/\",\"name\":\"Katana Jirogiku - Funcional - Tienda Marcial Colombia\",\"isPartOf\":{\"@id\":\"https:\/\/tiendamarcial.com\/arnobysinam\/#website\"},\"primaryImageOfPage\":{\"@id\":\"https:\/\/tiendamarcial.com\/arnobysinam\/producto\/katana-jirugiku-funcional\/#primaryimage\"},\"image\":{\"@id\":\"https:\/\/tiendamarcial.com\/arnobysinam\/producto\/katana-jirugiku-funcional\/#primaryimage\"},\"thumbnailUrl\":\"https:\/\/tiendamarcial.com\/arnobysinam\/wp-content\/uploads\/2023\/07\/ARSW506.jpg\",\"datePublished\":\"2023-07-31T20:29:12+00:00\",\"dateModified\":\"2023-07-31T20:35:01+00:00\",\"breadcrumb\":{\"@id\":\"https:\/\/tiendamarcial.com\/arnobysinam\/producto\/katana-jirugiku-funcional\/#breadcrumb\"},\"inLanguage\":\"es\",\"potentialAction\":[{\"@type\":\"ReadAction\",\"target\":[\"https:\/\/tiendamarcial.com\/arnobysinam\/producto\/katana-jirugiku-funcional\/\"]}]},{\"@type\":\"ImageObject\",\"inLanguage\":\"es\",\"@id\":\"https:\/\/tiendamarcial.com\/arnobysinam\/producto\/katana-jirugiku-funcional\/#primaryimage\",\"url\":\"https:\/\/tiendamarcial.com\/arnobysinam\/wp-content\/uploads\/2023\/07\/ARSW506.jpg\",\"contentUrl\":\"https:\/\/tiendamarcial.com\/arnobysinam\/wp-content\/uploads\/2023\/07\/ARSW506.jpg\",\"width\":600,\"height\":600},{\"@type\":\"BreadcrumbList\",\"@id\":\"https:\/\/tiendamarcial.com\/arnobysinam\/producto\/katana-jirugiku-funcional\/#breadcrumb\",\"itemListElement\":[{\"@type\":\"ListItem\",\"position\":1,\"name\":\"Portada\",\"item\":\"https:\/\/tiendamarcial.com\/arnobysinam\/\"},{\"@type\":\"ListItem\",\"position\":2,\"name\":\"Tienda\",\"item\":\"https:\/\/tiendamarcial.com\/arnobysinam\/tienda\/\"},{\"@type\":\"ListItem\",\"position\":3,\"name\":\"Katana Jirogiku &#8211; Funcional\"}]},{\"@type\":\"WebSite\",\"@id\":\"https:\/\/tiendamarcial.com\/arnobysinam\/#website\",\"url\":\"https:\/\/tiendamarcial.com\/arnobysinam\/\",\"name\":\"Tienda Marcial Colombia\",\"description\":\"Todo en implementos para Artes Marciales\",\"potentialAction\":[{\"@type\":\"SearchAction\",\"target\":{\"@type\":\"EntryPoint\",\"urlTemplate\":\"https:\/\/tiendamarcial.com\/arnobysinam\/?s={search_term_string}\"},\"query-input\":{\"@type\":\"PropertyValueSpecification\",\"valueRequired\":true,\"valueName\":\"search_term_string\"}}],\"inLanguage\":\"es\"}]}<\/script>\n<!-- \/ Yoast SEO plugin. -->","yoast_head_json":{"title":"Katana Jirogiku - Funcional - Tienda Marcial Colombia","robots":{"index":"index","follow":"follow","max-snippet":"max-snippet:-1","max-image-preview":"max-image-preview:large","max-video-preview":"max-video-preview:-1"},"canonical":"https:\/\/tiendamarcial.com\/arnobysinam\/producto\/katana-jirugiku-funcional\/","og_locale":"es_ES","og_type":"article","og_title":"Katana Jirogiku - Funcional - Tienda Marcial Colombia","og_description":"Descubre la legendaria Katana, la espada samurai por excelencia. Hoja de acero al carbono 1045 de alta calidad, dise\u00f1o funcional y art\u00edstico.","og_url":"https:\/\/tiendamarcial.com\/arnobysinam\/producto\/katana-jirugiku-funcional\/","og_site_name":"Tienda Marcial Colombia","article_publisher":"https:\/\/www.facebook.com\/TiendaMarcial","article_modified_time":"2023-07-31T20:35:01+00:00","og_image":[{"width":600,"height":600,"url":"https:\/\/tiendamarcial.com\/arnobysinam\/wp-content\/uploads\/2023\/07\/ARSW506.jpg","type":"image\/jpeg"}],"twitter_card":"summary_large_image","twitter_site":"@TiendaMarcial","twitter_misc":{"Tiempo de lectura":"2 minutos"},"schema":{"@context":"https:\/\/schema.org","@graph":[{"@type":"WebPage","@id":"https:\/\/tiendamarcial.com\/arnobysinam\/producto\/katana-jirugiku-funcional\/","url":"https:\/\/tiendamarcial.com\/arnobysinam\/producto\/katana-jirugiku-funcional\/","name":"Katana Jirogiku - Funcional - Tienda Marcial Colombia","isPartOf":{"@id":"https:\/\/tiendamarcial.com\/arnobysinam\/#website"},"primaryImageOfPage":{"@id":"https:\/\/tiendamarcial.com\/arnobysinam\/producto\/katana-jirugiku-funcional\/#primaryimage"},"image":{"@id":"https:\/\/tiendamarcial.com\/arnobysinam\/producto\/katana-jirugiku-funcional\/#primaryimage"},"thumbnailUrl":"https:\/\/tiendamarcial.com\/arnobysinam\/wp-content\/uploads\/2023\/07\/ARSW506.jpg","datePublished":"2023-07-31T20:29:12+00:00","dateModified":"2023-07-31T20:35:01+00:00","breadcrumb":{"@id":"https:\/\/tiendamarcial.com\/arnobysinam\/producto\/katana-jirugiku-funcional\/#breadcrumb"},"inLanguage":"es","potentialAction":[{"@type":"ReadAction","target":["https:\/\/tiendamarcial.com\/arnobysinam\/producto\/katana-jirugiku-funcional\/"]}]},{"@type":"ImageObject","inLanguage":"es","@id":"https:\/\/tiendamarcial.com\/arnobysinam\/producto\/katana-jirugiku-funcional\/#primaryimage","url":"https:\/\/tiendamarcial.com\/arnobysinam\/wp-content\/uploads\/2023\/07\/ARSW506.jpg","contentUrl":"https:\/\/tiendamarcial.com\/arnobysinam\/wp-content\/uploads\/2023\/07\/ARSW506.jpg","width":600,"height":600},{"@type":"BreadcrumbList","@id":"https:\/\/tiendamarcial.com\/arnobysinam\/producto\/katana-jirugiku-funcional\/#breadcrumb","itemListElement":[{"@type":"ListItem","position":1,"name":"Portada","item":"https:\/\/tiendamarcial.com\/arnobysinam\/"},{"@type":"ListItem","position":2,"name":"Tienda","item":"https:\/\/tiendamarcial.com\/arnobysinam\/tienda\/"},{"@type":"ListItem","position":3,"name":"Katana Jirogiku &#8211; Funcional"}]},{"@type":"WebSite","@id":"https:\/\/tiendamarcial.com\/arnobysinam\/#website","url":"https:\/\/tiendamarcial.com\/arnobysinam\/","name":"Tienda Marcial Colombia","description":"Todo en implementos para Artes Marciales","potentialAction":[{"@type":"SearchAction","target":{"@type":"EntryPoint","urlTemplate":"https:\/\/tiendamarcial.com\/arnobysinam\/?s={search_term_string}"},"query-input":{"@type":"PropertyValueSpecification","valueRequired":true,"valueName":"search_term_string"}}],"inLanguage":"es"}]}},"_links":{"self":[{"href":"https:\/\/tiendamarcial.com\/arnobysinam\/wp-json\/wp\/v2\/product\/2136","targetHints":{"allow":["GET"]}}],"collection":[{"href":"https:\/\/tiendamarcial.com\/arnobysinam\/wp-json\/wp\/v2\/product"}],"about":[{"href":"https:\/\/tiendamarcial.com\/arnobysinam\/wp-json\/wp\/v2\/types\/product"}],"version-history":[{"count":4,"href":"https:\/\/tiendamarcial.com\/arnobysinam\/wp-json\/wp\/v2\/product\/2136\/revisions"}],"predecessor-version":[{"id":2143,"href":"https:\/\/tiendamarcial.com\/arnobysinam\/wp-json\/wp\/v2\/product\/2136\/revisions\/2143"}],"wp:featuredmedia":[{"embeddable":true,"href":"https:\/\/tiendamarcial.com\/arnobysinam\/wp-json\/wp\/v2\/media\/2140"}],"wp:attachment":[{"href":"https:\/\/tiendamarcial.com\/arnobysinam\/wp-json\/wp\/v2\/media?parent=2136"}],"wp:term":[{"taxonomy":"product_brand","embeddable":true,"href":"https:\/\/tiendamarcial.com\/arnobysinam\/wp-json\/wp\/v2\/product_brand?post=2136"},{"taxonomy":"product_cat","embeddable":true,"href":"https:\/\/tiendamarcial.com\/arnobysinam\/wp-json\/wp\/v2\/product_cat?post=2136"},{"taxonomy":"product_tag","embeddable":true,"href":"https:\/\/tiendamarcial.com\/arnobysinam\/wp-json\/wp\/v2\/product_tag?post=2136"}],"curies":[{"name":"wp","href":"https:\/\/api.w.org\/{rel}","templated":true}]}}