{"id":1853,"date":"2023-07-29T18:02:50","date_gmt":"2023-07-29T18:02:50","guid":{"rendered":"https:\/\/tiendamarcial.com\/arnobysinam\/?post_type=product&#038;p=1853"},"modified":"2024-10-21T12:38:22","modified_gmt":"2024-10-21T17:38:22","slug":"camisa-camuflada-acu-digital","status":"publish","type":"product","link":"https:\/\/tiendamarcial.com\/arnobysinam\/producto\/camisa-camuflada-acu-digital\/","title":{"rendered":"Camisa camuflada Acu Digital"},"content":{"rendered":"<p>La camisa camuflada ACU Digital est\u00e1 fabricada en algod\u00f3n y poli\u00e9ster con codos reforzados para lograr una larga duraci\u00f3n y resistencia en entrenamientos y pr\u00e1cticas de campo. Para uso en pr\u00e1cticas de Airsoft, Paintball, Airgun y deportes militares como Bootcamp.<\/p>\n<p>Tiene 4 bolsillos frontales con tapa; 2 superiores y 2 inferiores; cada uno con 2 botones de cierre. Tiene mangas largas con 2 botones de ajuste para graduar a la anchura de su mu\u00f1eca.<\/p>\n<p><strong>Gu\u00eda de tallas:<\/strong><\/p>\n<p>&#8211; XS\u00a0para persona talla 30 en pantal\u00f3n\u00a0-Por encargo-<\/p>\n<p>&#8211; S\u00a0para persona talla 32 en pantal\u00f3n<\/p>\n<p>&#8211; M para persona talla 34 en pantal\u00f3n \u00a0-Por encargo-<\/p>\n<p>&#8211; L para persona talla 36 en pantal\u00f3n \u00a0-Por encargo-<\/p>\n<p>&#8211;\u00a0XL para persona talla 38 en pantal\u00f3n\u00a0-Por encargo-<\/p>\n","protected":false},"excerpt":{"rendered":"<p>La camisa camuflada ACU Digital est\u00e1 fabricada en algod\u00f3n y poli\u00e9ster con codos reforzados para lograr una larga duraci\u00f3n y resistencia.<\/p>\n","protected":false},"featured_media":1856,"template":"","meta":[],"product_brand":[],"product_cat":[208],"product_tag":[234,213,212,233,216,211,209,235],"class_list":{"0":"post-1853","1":"product","2":"type-product","3":"status-publish","4":"has-post-thumbnail","6":"product_cat-prendas-militar","7":"product_tag-acu-digital","8":"product_tag-airsoft","9":"product_tag-army","10":"product_tag-camisa","11":"product_tag-camo","12":"product_tag-ejercito","13":"product_tag-militar","14":"product_tag-rothco","15":"pa_talla-s","17":"first","18":"instock","19":"shipping-taxable","20":"purchasable","21":"product-type-variable"},"yoast_head":"<!-- This site is optimized with the Yoast SEO plugin v26.8 - https:\/\/yoast.com\/product\/yoast-seo-wordpress\/ -->\n<title>Camisa camuflada Acu Digital - Tienda Marcial Colombia<\/title>\n<meta name=\"robots\" content=\"index, follow, max-snippet:-1, max-image-preview:large, max-video-preview:-1\" \/>\n<link rel=\"canonical\" href=\"https:\/\/tiendamarcial.com\/arnobysinam\/producto\/camisa-camuflada-acu-digital\/\" \/>\n<meta property=\"og:locale\" content=\"es_ES\" \/>\n<meta property=\"og:type\" content=\"article\" \/>\n<meta property=\"og:title\" content=\"Camisa camuflada Acu Digital - Tienda Marcial Colombia\" \/>\n<meta property=\"og:description\" content=\"La camisa camuflada ACU Digital est\u00e1 fabricada en algod\u00f3n y poli\u00e9ster con codos reforzados para lograr una larga duraci\u00f3n y resistencia.\" \/>\n<meta property=\"og:url\" content=\"https:\/\/tiendamarcial.com\/arnobysinam\/producto\/camisa-camuflada-acu-digital\/\" \/>\n<meta property=\"og:site_name\" content=\"Tienda Marcial Colombia\" \/>\n<meta property=\"article:publisher\" content=\"https:\/\/www.facebook.com\/TiendaMarcial\" \/>\n<meta property=\"article:modified_time\" content=\"2024-10-21T17:38:22+00:00\" \/>\n<meta property=\"og:image\" content=\"https:\/\/tiendamarcial.com\/arnobysinam\/wp-content\/uploads\/2023\/07\/MLSH004.jpg\" \/>\n\t<meta property=\"og:image:width\" content=\"600\" \/>\n\t<meta property=\"og:image:height\" content=\"600\" \/>\n\t<meta property=\"og:image:type\" content=\"image\/jpeg\" \/>\n<meta name=\"twitter:card\" content=\"summary_large_image\" \/>\n<meta name=\"twitter:site\" content=\"@TiendaMarcial\" \/>\n<meta name=\"twitter:label1\" content=\"Tiempo de lectura\" \/>\n\t<meta name=\"twitter:data1\" content=\"1 minuto\" \/>\n<script type=\"application\/ld+json\" class=\"yoast-schema-graph\">{\"@context\":\"https:\/\/schema.org\",\"@graph\":[{\"@type\":\"WebPage\",\"@id\":\"https:\/\/tiendamarcial.com\/arnobysinam\/producto\/camisa-camuflada-acu-digital\/\",\"url\":\"https:\/\/tiendamarcial.com\/arnobysinam\/producto\/camisa-camuflada-acu-digital\/\",\"name\":\"Camisa camuflada Acu Digital - Tienda Marcial Colombia\",\"isPartOf\":{\"@id\":\"https:\/\/tiendamarcial.com\/arnobysinam\/#website\"},\"primaryImageOfPage\":{\"@id\":\"https:\/\/tiendamarcial.com\/arnobysinam\/producto\/camisa-camuflada-acu-digital\/#primaryimage\"},\"image\":{\"@id\":\"https:\/\/tiendamarcial.com\/arnobysinam\/producto\/camisa-camuflada-acu-digital\/#primaryimage\"},\"thumbnailUrl\":\"https:\/\/tiendamarcial.com\/arnobysinam\/wp-content\/uploads\/2023\/07\/MLSH004.jpg\",\"datePublished\":\"2023-07-29T18:02:50+00:00\",\"dateModified\":\"2024-10-21T17:38:22+00:00\",\"breadcrumb\":{\"@id\":\"https:\/\/tiendamarcial.com\/arnobysinam\/producto\/camisa-camuflada-acu-digital\/#breadcrumb\"},\"inLanguage\":\"es\",\"potentialAction\":[{\"@type\":\"ReadAction\",\"target\":[\"https:\/\/tiendamarcial.com\/arnobysinam\/producto\/camisa-camuflada-acu-digital\/\"]}]},{\"@type\":\"ImageObject\",\"inLanguage\":\"es\",\"@id\":\"https:\/\/tiendamarcial.com\/arnobysinam\/producto\/camisa-camuflada-acu-digital\/#primaryimage\",\"url\":\"https:\/\/tiendamarcial.com\/arnobysinam\/wp-content\/uploads\/2023\/07\/MLSH004.jpg\",\"contentUrl\":\"https:\/\/tiendamarcial.com\/arnobysinam\/wp-content\/uploads\/2023\/07\/MLSH004.jpg\",\"width\":600,\"height\":600},{\"@type\":\"BreadcrumbList\",\"@id\":\"https:\/\/tiendamarcial.com\/arnobysinam\/producto\/camisa-camuflada-acu-digital\/#breadcrumb\",\"itemListElement\":[{\"@type\":\"ListItem\",\"position\":1,\"name\":\"Portada\",\"item\":\"https:\/\/tiendamarcial.com\/arnobysinam\/\"},{\"@type\":\"ListItem\",\"position\":2,\"name\":\"Tienda\",\"item\":\"https:\/\/tiendamarcial.com\/arnobysinam\/tienda\/\"},{\"@type\":\"ListItem\",\"position\":3,\"name\":\"Camisa camuflada Acu Digital\"}]},{\"@type\":\"WebSite\",\"@id\":\"https:\/\/tiendamarcial.com\/arnobysinam\/#website\",\"url\":\"https:\/\/tiendamarcial.com\/arnobysinam\/\",\"name\":\"Tienda Marcial Colombia\",\"description\":\"Todo en implementos para Artes Marciales\",\"potentialAction\":[{\"@type\":\"SearchAction\",\"target\":{\"@type\":\"EntryPoint\",\"urlTemplate\":\"https:\/\/tiendamarcial.com\/arnobysinam\/?s={search_term_string}\"},\"query-input\":{\"@type\":\"PropertyValueSpecification\",\"valueRequired\":true,\"valueName\":\"search_term_string\"}}],\"inLanguage\":\"es\"}]}<\/script>\n<!-- \/ Yoast SEO plugin. -->","yoast_head_json":{"title":"Camisa camuflada Acu Digital - Tienda Marcial Colombia","robots":{"index":"index","follow":"follow","max-snippet":"max-snippet:-1","max-image-preview":"max-image-preview:large","max-video-preview":"max-video-preview:-1"},"canonical":"https:\/\/tiendamarcial.com\/arnobysinam\/producto\/camisa-camuflada-acu-digital\/","og_locale":"es_ES","og_type":"article","og_title":"Camisa camuflada Acu Digital - Tienda Marcial Colombia","og_description":"La camisa camuflada ACU Digital est\u00e1 fabricada en algod\u00f3n y poli\u00e9ster con codos reforzados para lograr una larga duraci\u00f3n y resistencia.","og_url":"https:\/\/tiendamarcial.com\/arnobysinam\/producto\/camisa-camuflada-acu-digital\/","og_site_name":"Tienda Marcial Colombia","article_publisher":"https:\/\/www.facebook.com\/TiendaMarcial","article_modified_time":"2024-10-21T17:38:22+00:00","og_image":[{"width":600,"height":600,"url":"https:\/\/tiendamarcial.com\/arnobysinam\/wp-content\/uploads\/2023\/07\/MLSH004.jpg","type":"image\/jpeg"}],"twitter_card":"summary_large_image","twitter_site":"@TiendaMarcial","twitter_misc":{"Tiempo de lectura":"1 minuto"},"schema":{"@context":"https:\/\/schema.org","@graph":[{"@type":"WebPage","@id":"https:\/\/tiendamarcial.com\/arnobysinam\/producto\/camisa-camuflada-acu-digital\/","url":"https:\/\/tiendamarcial.com\/arnobysinam\/producto\/camisa-camuflada-acu-digital\/","name":"Camisa camuflada Acu Digital - Tienda Marcial Colombia","isPartOf":{"@id":"https:\/\/tiendamarcial.com\/arnobysinam\/#website"},"primaryImageOfPage":{"@id":"https:\/\/tiendamarcial.com\/arnobysinam\/producto\/camisa-camuflada-acu-digital\/#primaryimage"},"image":{"@id":"https:\/\/tiendamarcial.com\/arnobysinam\/producto\/camisa-camuflada-acu-digital\/#primaryimage"},"thumbnailUrl":"https:\/\/tiendamarcial.com\/arnobysinam\/wp-content\/uploads\/2023\/07\/MLSH004.jpg","datePublished":"2023-07-29T18:02:50+00:00","dateModified":"2024-10-21T17:38:22+00:00","breadcrumb":{"@id":"https:\/\/tiendamarcial.com\/arnobysinam\/producto\/camisa-camuflada-acu-digital\/#breadcrumb"},"inLanguage":"es","potentialAction":[{"@type":"ReadAction","target":["https:\/\/tiendamarcial.com\/arnobysinam\/producto\/camisa-camuflada-acu-digital\/"]}]},{"@type":"ImageObject","inLanguage":"es","@id":"https:\/\/tiendamarcial.com\/arnobysinam\/producto\/camisa-camuflada-acu-digital\/#primaryimage","url":"https:\/\/tiendamarcial.com\/arnobysinam\/wp-content\/uploads\/2023\/07\/MLSH004.jpg","contentUrl":"https:\/\/tiendamarcial.com\/arnobysinam\/wp-content\/uploads\/2023\/07\/MLSH004.jpg","width":600,"height":600},{"@type":"BreadcrumbList","@id":"https:\/\/tiendamarcial.com\/arnobysinam\/producto\/camisa-camuflada-acu-digital\/#breadcrumb","itemListElement":[{"@type":"ListItem","position":1,"name":"Portada","item":"https:\/\/tiendamarcial.com\/arnobysinam\/"},{"@type":"ListItem","position":2,"name":"Tienda","item":"https:\/\/tiendamarcial.com\/arnobysinam\/tienda\/"},{"@type":"ListItem","position":3,"name":"Camisa camuflada Acu Digital"}]},{"@type":"WebSite","@id":"https:\/\/tiendamarcial.com\/arnobysinam\/#website","url":"https:\/\/tiendamarcial.com\/arnobysinam\/","name":"Tienda Marcial Colombia","description":"Todo en implementos para Artes Marciales","potentialAction":[{"@type":"SearchAction","target":{"@type":"EntryPoint","urlTemplate":"https:\/\/tiendamarcial.com\/arnobysinam\/?s={search_term_string}"},"query-input":{"@type":"PropertyValueSpecification","valueRequired":true,"valueName":"search_term_string"}}],"inLanguage":"es"}]}},"_links":{"self":[{"href":"https:\/\/tiendamarcial.com\/arnobysinam\/wp-json\/wp\/v2\/product\/1853","targetHints":{"allow":["GET"]}}],"collection":[{"href":"https:\/\/tiendamarcial.com\/arnobysinam\/wp-json\/wp\/v2\/product"}],"about":[{"href":"https:\/\/tiendamarcial.com\/arnobysinam\/wp-json\/wp\/v2\/types\/product"}],"version-history":[{"count":2,"href":"https:\/\/tiendamarcial.com\/arnobysinam\/wp-json\/wp\/v2\/product\/1853\/revisions"}],"predecessor-version":[{"id":1858,"href":"https:\/\/tiendamarcial.com\/arnobysinam\/wp-json\/wp\/v2\/product\/1853\/revisions\/1858"}],"wp:featuredmedia":[{"embeddable":true,"href":"https:\/\/tiendamarcial.com\/arnobysinam\/wp-json\/wp\/v2\/media\/1856"}],"wp:attachment":[{"href":"https:\/\/tiendamarcial.com\/arnobysinam\/wp-json\/wp\/v2\/media?parent=1853"}],"wp:term":[{"taxonomy":"product_brand","embeddable":true,"href":"https:\/\/tiendamarcial.com\/arnobysinam\/wp-json\/wp\/v2\/product_brand?post=1853"},{"taxonomy":"product_cat","embeddable":true,"href":"https:\/\/tiendamarcial.com\/arnobysinam\/wp-json\/wp\/v2\/product_cat?post=1853"},{"taxonomy":"product_tag","embeddable":true,"href":"https:\/\/tiendamarcial.com\/arnobysinam\/wp-json\/wp\/v2\/product_tag?post=1853"}],"curies":[{"name":"wp","href":"https:\/\/api.w.org\/{rel}","templated":true}]}}