{"id":1832,"date":"2023-07-29T16:52:54","date_gmt":"2023-07-29T16:52:54","guid":{"rendered":"https:\/\/tiendamarcial.com\/arnobysinam\/?post_type=product&#038;p=1832"},"modified":"2023-07-29T16:57:06","modified_gmt":"2023-07-29T16:57:06","slug":"linterna-de-cabeza-led-color","status":"publish","type":"product","link":"https:\/\/tiendamarcial.com\/arnobysinam\/producto\/linterna-de-cabeza-led-color\/","title":{"rendered":"Linterna de cabeza &#8211; Led color"},"content":{"rendered":"<p>Puede ser una gu\u00eda a la hora de tomar ciclo de la noche. Tama\u00f1o compacto y de peso ligero, se puede utilizar en un d\u00eda lluvioso. Base ajustable para cada l\u00e1mpara de cabeza, con inclinaci\u00f3n hacia atr\u00e1s y adelante. Tambi\u00e9n es adecuado para trabajos en el interior como el mantenimiento del hogar y actividades al aire libre como camping, pesca, senderismo, lectura de mapas, pesca de noche, espeleolog\u00eda la caza, etc.<\/p>\n<p>Fuente de energ\u00eda: 3 bater\u00edas AAA (bater\u00edas\u00a0no incluidas)<br \/>\nAdecuado para el hogar, al aire libre, campamentos, la pesca y la iluminaci\u00f3n de repuesto en su auto.<\/p>\n<p><strong>Caracter\u00edsticas:<\/strong><\/p>\n<p>* Tama\u00f1o aproximado: 6,5 x 8 x 5,5 cm.<br \/>\n* Comodidad de uso en la cabeza.<br \/>\n* LED de alta intensidad de luz.<br \/>\n* Bombillas LED de larga duraci\u00f3n y el MTBF es 100.000 horas.<br \/>\n* Poder duradero y de bajo consumo.<br \/>\n* Se puede utilizar en un d\u00eda lluvioso.<br \/>\n* Correa ajustable.<br \/>\n* Inclinaci\u00f3n ajustable.<br \/>\n* 3 Modos de funcionamiento: modo 7 LED azul est\u00e1tico, modo 7 LED rojo est\u00e1tico, 14 LED rojo\/azul intermitente (polic\u00eda).<\/p>\n","protected":false},"excerpt":{"rendered":"<p>Pr\u00e1ctica linterna con correa para ajustar en la cabeza con luz led de colores.<\/p>\n","protected":false},"featured_media":1835,"template":"","meta":[],"product_brand":[],"product_cat":[198],"product_tag":[213,212,229,228,211,231,227,209,230],"class_list":{"0":"post-1832","1":"product","2":"type-product","3":"status-publish","4":"has-post-thumbnail","6":"product_cat-campamento-y-supervivencia","7":"product_tag-airsoft","8":"product_tag-army","9":"product_tag-campamento","10":"product_tag-camping","11":"product_tag-ejercito","12":"product_tag-lampara","13":"product_tag-linterna","14":"product_tag-militar","15":"product_tag-supervivencia","17":"first","18":"instock","19":"shipping-taxable","20":"purchasable","21":"product-type-simple"},"yoast_head":"<!-- This site is optimized with the Yoast SEO plugin v26.8 - https:\/\/yoast.com\/product\/yoast-seo-wordpress\/ -->\n<title>Linterna de cabeza - Led color - Tienda Marcial Colombia<\/title>\n<meta name=\"robots\" content=\"index, follow, max-snippet:-1, max-image-preview:large, max-video-preview:-1\" \/>\n<link rel=\"canonical\" href=\"https:\/\/tiendamarcial.com\/arnobysinam\/producto\/linterna-de-cabeza-led-color\/\" \/>\n<meta property=\"og:locale\" content=\"es_ES\" \/>\n<meta property=\"og:type\" content=\"article\" \/>\n<meta property=\"og:title\" content=\"Linterna de cabeza - Led color - Tienda Marcial Colombia\" \/>\n<meta property=\"og:description\" content=\"Pr\u00e1ctica linterna con correa para ajustar en la cabeza con luz led de colores.\" \/>\n<meta property=\"og:url\" content=\"https:\/\/tiendamarcial.com\/arnobysinam\/producto\/linterna-de-cabeza-led-color\/\" \/>\n<meta property=\"og:site_name\" content=\"Tienda Marcial Colombia\" \/>\n<meta property=\"article:publisher\" content=\"https:\/\/www.facebook.com\/TiendaMarcial\" \/>\n<meta property=\"article:modified_time\" content=\"2023-07-29T16:57:06+00:00\" \/>\n<meta property=\"og:image\" content=\"https:\/\/tiendamarcial.com\/arnobysinam\/wp-content\/uploads\/2023\/07\/MLCP026.jpg\" \/>\n\t<meta property=\"og:image:width\" content=\"600\" \/>\n\t<meta property=\"og:image:height\" content=\"600\" \/>\n\t<meta property=\"og:image:type\" content=\"image\/jpeg\" \/>\n<meta name=\"twitter:card\" content=\"summary_large_image\" \/>\n<meta name=\"twitter:site\" content=\"@TiendaMarcial\" \/>\n<meta name=\"twitter:label1\" content=\"Tiempo de lectura\" \/>\n\t<meta name=\"twitter:data1\" content=\"1 minuto\" \/>\n<script type=\"application\/ld+json\" class=\"yoast-schema-graph\">{\"@context\":\"https:\/\/schema.org\",\"@graph\":[{\"@type\":\"WebPage\",\"@id\":\"https:\/\/tiendamarcial.com\/arnobysinam\/producto\/linterna-de-cabeza-led-color\/\",\"url\":\"https:\/\/tiendamarcial.com\/arnobysinam\/producto\/linterna-de-cabeza-led-color\/\",\"name\":\"Linterna de cabeza - Led color - Tienda Marcial Colombia\",\"isPartOf\":{\"@id\":\"https:\/\/tiendamarcial.com\/arnobysinam\/#website\"},\"primaryImageOfPage\":{\"@id\":\"https:\/\/tiendamarcial.com\/arnobysinam\/producto\/linterna-de-cabeza-led-color\/#primaryimage\"},\"image\":{\"@id\":\"https:\/\/tiendamarcial.com\/arnobysinam\/producto\/linterna-de-cabeza-led-color\/#primaryimage\"},\"thumbnailUrl\":\"https:\/\/tiendamarcial.com\/arnobysinam\/wp-content\/uploads\/2023\/07\/MLCP026.jpg\",\"datePublished\":\"2023-07-29T16:52:54+00:00\",\"dateModified\":\"2023-07-29T16:57:06+00:00\",\"breadcrumb\":{\"@id\":\"https:\/\/tiendamarcial.com\/arnobysinam\/producto\/linterna-de-cabeza-led-color\/#breadcrumb\"},\"inLanguage\":\"es\",\"potentialAction\":[{\"@type\":\"ReadAction\",\"target\":[\"https:\/\/tiendamarcial.com\/arnobysinam\/producto\/linterna-de-cabeza-led-color\/\"]}]},{\"@type\":\"ImageObject\",\"inLanguage\":\"es\",\"@id\":\"https:\/\/tiendamarcial.com\/arnobysinam\/producto\/linterna-de-cabeza-led-color\/#primaryimage\",\"url\":\"https:\/\/tiendamarcial.com\/arnobysinam\/wp-content\/uploads\/2023\/07\/MLCP026.jpg\",\"contentUrl\":\"https:\/\/tiendamarcial.com\/arnobysinam\/wp-content\/uploads\/2023\/07\/MLCP026.jpg\",\"width\":600,\"height\":600},{\"@type\":\"BreadcrumbList\",\"@id\":\"https:\/\/tiendamarcial.com\/arnobysinam\/producto\/linterna-de-cabeza-led-color\/#breadcrumb\",\"itemListElement\":[{\"@type\":\"ListItem\",\"position\":1,\"name\":\"Portada\",\"item\":\"https:\/\/tiendamarcial.com\/arnobysinam\/\"},{\"@type\":\"ListItem\",\"position\":2,\"name\":\"Tienda\",\"item\":\"https:\/\/tiendamarcial.com\/arnobysinam\/tienda\/\"},{\"@type\":\"ListItem\",\"position\":3,\"name\":\"Linterna de cabeza &#8211; Led color\"}]},{\"@type\":\"WebSite\",\"@id\":\"https:\/\/tiendamarcial.com\/arnobysinam\/#website\",\"url\":\"https:\/\/tiendamarcial.com\/arnobysinam\/\",\"name\":\"Tienda Marcial Colombia\",\"description\":\"Todo en implementos para Artes Marciales\",\"potentialAction\":[{\"@type\":\"SearchAction\",\"target\":{\"@type\":\"EntryPoint\",\"urlTemplate\":\"https:\/\/tiendamarcial.com\/arnobysinam\/?s={search_term_string}\"},\"query-input\":{\"@type\":\"PropertyValueSpecification\",\"valueRequired\":true,\"valueName\":\"search_term_string\"}}],\"inLanguage\":\"es\"}]}<\/script>\n<!-- \/ Yoast SEO plugin. -->","yoast_head_json":{"title":"Linterna de cabeza - Led color - Tienda Marcial Colombia","robots":{"index":"index","follow":"follow","max-snippet":"max-snippet:-1","max-image-preview":"max-image-preview:large","max-video-preview":"max-video-preview:-1"},"canonical":"https:\/\/tiendamarcial.com\/arnobysinam\/producto\/linterna-de-cabeza-led-color\/","og_locale":"es_ES","og_type":"article","og_title":"Linterna de cabeza - Led color - Tienda Marcial Colombia","og_description":"Pr\u00e1ctica linterna con correa para ajustar en la cabeza con luz led de colores.","og_url":"https:\/\/tiendamarcial.com\/arnobysinam\/producto\/linterna-de-cabeza-led-color\/","og_site_name":"Tienda Marcial Colombia","article_publisher":"https:\/\/www.facebook.com\/TiendaMarcial","article_modified_time":"2023-07-29T16:57:06+00:00","og_image":[{"width":600,"height":600,"url":"https:\/\/tiendamarcial.com\/arnobysinam\/wp-content\/uploads\/2023\/07\/MLCP026.jpg","type":"image\/jpeg"}],"twitter_card":"summary_large_image","twitter_site":"@TiendaMarcial","twitter_misc":{"Tiempo de lectura":"1 minuto"},"schema":{"@context":"https:\/\/schema.org","@graph":[{"@type":"WebPage","@id":"https:\/\/tiendamarcial.com\/arnobysinam\/producto\/linterna-de-cabeza-led-color\/","url":"https:\/\/tiendamarcial.com\/arnobysinam\/producto\/linterna-de-cabeza-led-color\/","name":"Linterna de cabeza - Led color - Tienda Marcial Colombia","isPartOf":{"@id":"https:\/\/tiendamarcial.com\/arnobysinam\/#website"},"primaryImageOfPage":{"@id":"https:\/\/tiendamarcial.com\/arnobysinam\/producto\/linterna-de-cabeza-led-color\/#primaryimage"},"image":{"@id":"https:\/\/tiendamarcial.com\/arnobysinam\/producto\/linterna-de-cabeza-led-color\/#primaryimage"},"thumbnailUrl":"https:\/\/tiendamarcial.com\/arnobysinam\/wp-content\/uploads\/2023\/07\/MLCP026.jpg","datePublished":"2023-07-29T16:52:54+00:00","dateModified":"2023-07-29T16:57:06+00:00","breadcrumb":{"@id":"https:\/\/tiendamarcial.com\/arnobysinam\/producto\/linterna-de-cabeza-led-color\/#breadcrumb"},"inLanguage":"es","potentialAction":[{"@type":"ReadAction","target":["https:\/\/tiendamarcial.com\/arnobysinam\/producto\/linterna-de-cabeza-led-color\/"]}]},{"@type":"ImageObject","inLanguage":"es","@id":"https:\/\/tiendamarcial.com\/arnobysinam\/producto\/linterna-de-cabeza-led-color\/#primaryimage","url":"https:\/\/tiendamarcial.com\/arnobysinam\/wp-content\/uploads\/2023\/07\/MLCP026.jpg","contentUrl":"https:\/\/tiendamarcial.com\/arnobysinam\/wp-content\/uploads\/2023\/07\/MLCP026.jpg","width":600,"height":600},{"@type":"BreadcrumbList","@id":"https:\/\/tiendamarcial.com\/arnobysinam\/producto\/linterna-de-cabeza-led-color\/#breadcrumb","itemListElement":[{"@type":"ListItem","position":1,"name":"Portada","item":"https:\/\/tiendamarcial.com\/arnobysinam\/"},{"@type":"ListItem","position":2,"name":"Tienda","item":"https:\/\/tiendamarcial.com\/arnobysinam\/tienda\/"},{"@type":"ListItem","position":3,"name":"Linterna de cabeza &#8211; Led color"}]},{"@type":"WebSite","@id":"https:\/\/tiendamarcial.com\/arnobysinam\/#website","url":"https:\/\/tiendamarcial.com\/arnobysinam\/","name":"Tienda Marcial Colombia","description":"Todo en implementos para Artes Marciales","potentialAction":[{"@type":"SearchAction","target":{"@type":"EntryPoint","urlTemplate":"https:\/\/tiendamarcial.com\/arnobysinam\/?s={search_term_string}"},"query-input":{"@type":"PropertyValueSpecification","valueRequired":true,"valueName":"search_term_string"}}],"inLanguage":"es"}]}},"_links":{"self":[{"href":"https:\/\/tiendamarcial.com\/arnobysinam\/wp-json\/wp\/v2\/product\/1832","targetHints":{"allow":["GET"]}}],"collection":[{"href":"https:\/\/tiendamarcial.com\/arnobysinam\/wp-json\/wp\/v2\/product"}],"about":[{"href":"https:\/\/tiendamarcial.com\/arnobysinam\/wp-json\/wp\/v2\/types\/product"}],"version-history":[{"count":2,"href":"https:\/\/tiendamarcial.com\/arnobysinam\/wp-json\/wp\/v2\/product\/1832\/revisions"}],"predecessor-version":[{"id":1836,"href":"https:\/\/tiendamarcial.com\/arnobysinam\/wp-json\/wp\/v2\/product\/1832\/revisions\/1836"}],"wp:featuredmedia":[{"embeddable":true,"href":"https:\/\/tiendamarcial.com\/arnobysinam\/wp-json\/wp\/v2\/media\/1835"}],"wp:attachment":[{"href":"https:\/\/tiendamarcial.com\/arnobysinam\/wp-json\/wp\/v2\/media?parent=1832"}],"wp:term":[{"taxonomy":"product_brand","embeddable":true,"href":"https:\/\/tiendamarcial.com\/arnobysinam\/wp-json\/wp\/v2\/product_brand?post=1832"},{"taxonomy":"product_cat","embeddable":true,"href":"https:\/\/tiendamarcial.com\/arnobysinam\/wp-json\/wp\/v2\/product_cat?post=1832"},{"taxonomy":"product_tag","embeddable":true,"href":"https:\/\/tiendamarcial.com\/arnobysinam\/wp-json\/wp\/v2\/product_tag?post=1832"}],"curies":[{"name":"wp","href":"https:\/\/api.w.org\/{rel}","templated":true}]}}