{"id":1810,"date":"2023-07-29T15:50:15","date_gmt":"2023-07-29T15:50:15","guid":{"rendered":"https:\/\/tiendamarcial.com\/arnobysinam\/?post_type=product&#038;p=1810"},"modified":"2023-07-29T18:09:56","modified_gmt":"2023-07-29T18:09:56","slug":"correa-reata-militar","status":"publish","type":"product","link":"https:\/\/tiendamarcial.com\/arnobysinam\/producto\/correa-reata-militar\/","title":{"rendered":"Correa &#8211; Reata militar"},"content":{"rendered":"<p>Correa en reata de tipo militar fabricada en nylon con hebilla met\u00e1lica de ajuste a presi\u00f3n en color negro.<\/p>\n<p>Tiene 112 cms de largo y se puede recortar de una manera muy f\u00e1cil y dejarla al largo deseado. En el extremo contrario tiene terminaci\u00f3n met\u00e1lica en negro y un pasador en caucho negro. El ancho es de 4,5 cms.<\/p>\n","protected":false},"excerpt":{"rendered":"<p>Correa en reata de tipo militar fabricada en nylon con hebilla met\u00e1lica de ajuste a presi\u00f3n en color negro.<\/p>\n","protected":false},"featured_media":1813,"template":"","meta":[],"product_brand":[],"product_cat":[208],"product_tag":[213,212,216,218,211,209,219,235],"class_list":{"0":"post-1810","1":"product","2":"type-product","3":"status-publish","4":"has-post-thumbnail","6":"product_cat-prendas-militar","7":"product_tag-airsoft","8":"product_tag-army","9":"product_tag-camo","10":"product_tag-correa","11":"product_tag-ejercito","12":"product_tag-militar","13":"product_tag-reata","14":"product_tag-rothco","16":"first","17":"instock","18":"shipping-taxable","19":"purchasable","20":"product-type-variable"},"yoast_head":"<!-- This site is optimized with the Yoast SEO plugin v26.8 - https:\/\/yoast.com\/product\/yoast-seo-wordpress\/ -->\n<title>Correa - Reata militar - Tienda Marcial Colombia<\/title>\n<meta name=\"robots\" content=\"index, follow, max-snippet:-1, max-image-preview:large, max-video-preview:-1\" \/>\n<link rel=\"canonical\" href=\"https:\/\/tiendamarcial.com\/arnobysinam\/producto\/correa-reata-militar\/\" \/>\n<meta property=\"og:locale\" content=\"es_ES\" \/>\n<meta property=\"og:type\" content=\"article\" \/>\n<meta property=\"og:title\" content=\"Correa - Reata militar - Tienda Marcial Colombia\" \/>\n<meta property=\"og:description\" content=\"Correa en reata de tipo militar fabricada en nylon con hebilla met\u00e1lica de ajuste a presi\u00f3n en color negro.\" \/>\n<meta property=\"og:url\" content=\"https:\/\/tiendamarcial.com\/arnobysinam\/producto\/correa-reata-militar\/\" \/>\n<meta property=\"og:site_name\" content=\"Tienda Marcial Colombia\" \/>\n<meta property=\"article:publisher\" content=\"https:\/\/www.facebook.com\/TiendaMarcial\" \/>\n<meta property=\"article:modified_time\" content=\"2023-07-29T18:09:56+00:00\" \/>\n<meta property=\"og:image\" content=\"https:\/\/tiendamarcial.com\/arnobysinam\/wp-content\/uploads\/2023\/07\/MLBL150.jpg\" \/>\n\t<meta property=\"og:image:width\" content=\"600\" \/>\n\t<meta property=\"og:image:height\" content=\"600\" \/>\n\t<meta property=\"og:image:type\" content=\"image\/jpeg\" \/>\n<meta name=\"twitter:card\" content=\"summary_large_image\" \/>\n<meta name=\"twitter:site\" content=\"@TiendaMarcial\" \/>\n<script type=\"application\/ld+json\" class=\"yoast-schema-graph\">{\"@context\":\"https:\/\/schema.org\",\"@graph\":[{\"@type\":\"WebPage\",\"@id\":\"https:\/\/tiendamarcial.com\/arnobysinam\/producto\/correa-reata-militar\/\",\"url\":\"https:\/\/tiendamarcial.com\/arnobysinam\/producto\/correa-reata-militar\/\",\"name\":\"Correa - Reata militar - Tienda Marcial Colombia\",\"isPartOf\":{\"@id\":\"https:\/\/tiendamarcial.com\/arnobysinam\/#website\"},\"primaryImageOfPage\":{\"@id\":\"https:\/\/tiendamarcial.com\/arnobysinam\/producto\/correa-reata-militar\/#primaryimage\"},\"image\":{\"@id\":\"https:\/\/tiendamarcial.com\/arnobysinam\/producto\/correa-reata-militar\/#primaryimage\"},\"thumbnailUrl\":\"https:\/\/tiendamarcial.com\/arnobysinam\/wp-content\/uploads\/2023\/07\/MLBL150.jpg\",\"datePublished\":\"2023-07-29T15:50:15+00:00\",\"dateModified\":\"2023-07-29T18:09:56+00:00\",\"breadcrumb\":{\"@id\":\"https:\/\/tiendamarcial.com\/arnobysinam\/producto\/correa-reata-militar\/#breadcrumb\"},\"inLanguage\":\"es\",\"potentialAction\":[{\"@type\":\"ReadAction\",\"target\":[\"https:\/\/tiendamarcial.com\/arnobysinam\/producto\/correa-reata-militar\/\"]}]},{\"@type\":\"ImageObject\",\"inLanguage\":\"es\",\"@id\":\"https:\/\/tiendamarcial.com\/arnobysinam\/producto\/correa-reata-militar\/#primaryimage\",\"url\":\"https:\/\/tiendamarcial.com\/arnobysinam\/wp-content\/uploads\/2023\/07\/MLBL150.jpg\",\"contentUrl\":\"https:\/\/tiendamarcial.com\/arnobysinam\/wp-content\/uploads\/2023\/07\/MLBL150.jpg\",\"width\":600,\"height\":600},{\"@type\":\"BreadcrumbList\",\"@id\":\"https:\/\/tiendamarcial.com\/arnobysinam\/producto\/correa-reata-militar\/#breadcrumb\",\"itemListElement\":[{\"@type\":\"ListItem\",\"position\":1,\"name\":\"Portada\",\"item\":\"https:\/\/tiendamarcial.com\/arnobysinam\/\"},{\"@type\":\"ListItem\",\"position\":2,\"name\":\"Tienda\",\"item\":\"https:\/\/tiendamarcial.com\/arnobysinam\/tienda\/\"},{\"@type\":\"ListItem\",\"position\":3,\"name\":\"Correa &#8211; Reata militar\"}]},{\"@type\":\"WebSite\",\"@id\":\"https:\/\/tiendamarcial.com\/arnobysinam\/#website\",\"url\":\"https:\/\/tiendamarcial.com\/arnobysinam\/\",\"name\":\"Tienda Marcial Colombia\",\"description\":\"Todo en implementos para Artes Marciales\",\"potentialAction\":[{\"@type\":\"SearchAction\",\"target\":{\"@type\":\"EntryPoint\",\"urlTemplate\":\"https:\/\/tiendamarcial.com\/arnobysinam\/?s={search_term_string}\"},\"query-input\":{\"@type\":\"PropertyValueSpecification\",\"valueRequired\":true,\"valueName\":\"search_term_string\"}}],\"inLanguage\":\"es\"}]}<\/script>\n<!-- \/ Yoast SEO plugin. -->","yoast_head_json":{"title":"Correa - Reata militar - Tienda Marcial Colombia","robots":{"index":"index","follow":"follow","max-snippet":"max-snippet:-1","max-image-preview":"max-image-preview:large","max-video-preview":"max-video-preview:-1"},"canonical":"https:\/\/tiendamarcial.com\/arnobysinam\/producto\/correa-reata-militar\/","og_locale":"es_ES","og_type":"article","og_title":"Correa - Reata militar - Tienda Marcial Colombia","og_description":"Correa en reata de tipo militar fabricada en nylon con hebilla met\u00e1lica de ajuste a presi\u00f3n en color negro.","og_url":"https:\/\/tiendamarcial.com\/arnobysinam\/producto\/correa-reata-militar\/","og_site_name":"Tienda Marcial Colombia","article_publisher":"https:\/\/www.facebook.com\/TiendaMarcial","article_modified_time":"2023-07-29T18:09:56+00:00","og_image":[{"width":600,"height":600,"url":"https:\/\/tiendamarcial.com\/arnobysinam\/wp-content\/uploads\/2023\/07\/MLBL150.jpg","type":"image\/jpeg"}],"twitter_card":"summary_large_image","twitter_site":"@TiendaMarcial","schema":{"@context":"https:\/\/schema.org","@graph":[{"@type":"WebPage","@id":"https:\/\/tiendamarcial.com\/arnobysinam\/producto\/correa-reata-militar\/","url":"https:\/\/tiendamarcial.com\/arnobysinam\/producto\/correa-reata-militar\/","name":"Correa - Reata militar - Tienda Marcial Colombia","isPartOf":{"@id":"https:\/\/tiendamarcial.com\/arnobysinam\/#website"},"primaryImageOfPage":{"@id":"https:\/\/tiendamarcial.com\/arnobysinam\/producto\/correa-reata-militar\/#primaryimage"},"image":{"@id":"https:\/\/tiendamarcial.com\/arnobysinam\/producto\/correa-reata-militar\/#primaryimage"},"thumbnailUrl":"https:\/\/tiendamarcial.com\/arnobysinam\/wp-content\/uploads\/2023\/07\/MLBL150.jpg","datePublished":"2023-07-29T15:50:15+00:00","dateModified":"2023-07-29T18:09:56+00:00","breadcrumb":{"@id":"https:\/\/tiendamarcial.com\/arnobysinam\/producto\/correa-reata-militar\/#breadcrumb"},"inLanguage":"es","potentialAction":[{"@type":"ReadAction","target":["https:\/\/tiendamarcial.com\/arnobysinam\/producto\/correa-reata-militar\/"]}]},{"@type":"ImageObject","inLanguage":"es","@id":"https:\/\/tiendamarcial.com\/arnobysinam\/producto\/correa-reata-militar\/#primaryimage","url":"https:\/\/tiendamarcial.com\/arnobysinam\/wp-content\/uploads\/2023\/07\/MLBL150.jpg","contentUrl":"https:\/\/tiendamarcial.com\/arnobysinam\/wp-content\/uploads\/2023\/07\/MLBL150.jpg","width":600,"height":600},{"@type":"BreadcrumbList","@id":"https:\/\/tiendamarcial.com\/arnobysinam\/producto\/correa-reata-militar\/#breadcrumb","itemListElement":[{"@type":"ListItem","position":1,"name":"Portada","item":"https:\/\/tiendamarcial.com\/arnobysinam\/"},{"@type":"ListItem","position":2,"name":"Tienda","item":"https:\/\/tiendamarcial.com\/arnobysinam\/tienda\/"},{"@type":"ListItem","position":3,"name":"Correa &#8211; Reata militar"}]},{"@type":"WebSite","@id":"https:\/\/tiendamarcial.com\/arnobysinam\/#website","url":"https:\/\/tiendamarcial.com\/arnobysinam\/","name":"Tienda Marcial Colombia","description":"Todo en implementos para Artes Marciales","potentialAction":[{"@type":"SearchAction","target":{"@type":"EntryPoint","urlTemplate":"https:\/\/tiendamarcial.com\/arnobysinam\/?s={search_term_string}"},"query-input":{"@type":"PropertyValueSpecification","valueRequired":true,"valueName":"search_term_string"}}],"inLanguage":"es"}]}},"_links":{"self":[{"href":"https:\/\/tiendamarcial.com\/arnobysinam\/wp-json\/wp\/v2\/product\/1810","targetHints":{"allow":["GET"]}}],"collection":[{"href":"https:\/\/tiendamarcial.com\/arnobysinam\/wp-json\/wp\/v2\/product"}],"about":[{"href":"https:\/\/tiendamarcial.com\/arnobysinam\/wp-json\/wp\/v2\/types\/product"}],"version-history":[{"count":2,"href":"https:\/\/tiendamarcial.com\/arnobysinam\/wp-json\/wp\/v2\/product\/1810\/revisions"}],"predecessor-version":[{"id":1814,"href":"https:\/\/tiendamarcial.com\/arnobysinam\/wp-json\/wp\/v2\/product\/1810\/revisions\/1814"}],"wp:featuredmedia":[{"embeddable":true,"href":"https:\/\/tiendamarcial.com\/arnobysinam\/wp-json\/wp\/v2\/media\/1813"}],"wp:attachment":[{"href":"https:\/\/tiendamarcial.com\/arnobysinam\/wp-json\/wp\/v2\/media?parent=1810"}],"wp:term":[{"taxonomy":"product_brand","embeddable":true,"href":"https:\/\/tiendamarcial.com\/arnobysinam\/wp-json\/wp\/v2\/product_brand?post=1810"},{"taxonomy":"product_cat","embeddable":true,"href":"https:\/\/tiendamarcial.com\/arnobysinam\/wp-json\/wp\/v2\/product_cat?post=1810"},{"taxonomy":"product_tag","embeddable":true,"href":"https:\/\/tiendamarcial.com\/arnobysinam\/wp-json\/wp\/v2\/product_tag?post=1810"}],"curies":[{"name":"wp","href":"https:\/\/api.w.org\/{rel}","templated":true}]}}