{"id":1375,"date":"2023-07-27T19:44:00","date_gmt":"2023-07-27T19:44:00","guid":{"rendered":"https:\/\/tiendamarcial.com\/arnobysinam\/?post_type=product&#038;p=1375"},"modified":"2024-11-29T10:14:58","modified_gmt":"2024-11-29T15:14:58","slug":"magnesio-500-mg","status":"publish","type":"product","link":"https:\/\/tiendamarcial.com\/arnobysinam\/producto\/magnesio-500-mg\/","title":{"rendered":"Magnesio &#8211; 500 mg"},"content":{"rendered":"<ul class=\"a-unordered-list a-vertical a-spacing-mini\">\n<li class=\"a-spacing-mini\"><span class=\"a-list-item\">El magnesio es un componente en m\u00e1s de 200 enzimas en el cuerpo.<\/span><\/li>\n<li class=\"a-spacing-mini\"><span class=\"a-list-item\"> Apoya la salud \u00f3sea y muscular.<\/span><\/li>\n<li class=\"a-spacing-mini\"><span class=\"a-list-item\"> Vital para la formaci\u00f3n y liberaci\u00f3n de energ\u00eda de las c\u00e9lulas.<\/span><\/li>\n<li class=\"a-spacing-mini\"><span class=\"a-list-item\"> Estas tabletas vegetarianas est\u00e1n recubiertas para que sean f\u00e1ciles de pasar<\/span><span class=\"a-list-item\">.<\/span><\/li>\n<\/ul>\n<p><strong>Presentaci\u00f3n:<\/strong><\/p>\n<p>&#8211; Frasco con 200 tabletas.<\/p>\n","protected":false},"excerpt":{"rendered":"<p><span class=\"a-list-item\">El magnesio es un componente presente en m\u00e1s de 200 enzimas en el cuerpo. Es vital porque a<\/span>poya la salud \u00f3sea y muscular.<\/p>\n","protected":false},"featured_media":1378,"template":"","meta":[],"product_brand":[],"product_cat":[113],"product_tag":[117,122,116,115,121,195,170,118,119],"class_list":{"0":"post-1375","1":"product","2":"type-product","3":"status-publish","4":"has-post-thumbnail","6":"product_cat-salud","7":"product_tag-bienestar","8":"product_tag-energia","9":"product_tag-huesos","10":"product_tag-magnesio","11":"product_tag-minerales","12":"product_tag-musculos","13":"product_tag-natures-bounty","14":"product_tag-salud","15":"product_tag-suplemento","17":"first","18":"outofstock","19":"shipping-taxable","20":"purchasable","21":"product-type-simple"},"yoast_head":"<!-- This site is optimized with the Yoast SEO plugin v27.6 - https:\/\/yoast.com\/product\/yoast-seo-wordpress\/ -->\n<title>Magnesio - 500 mg - Tienda Marcial Colombia<\/title>\n<meta name=\"robots\" content=\"index, follow, max-snippet:-1, max-image-preview:large, max-video-preview:-1\" \/>\n<link rel=\"canonical\" href=\"https:\/\/tiendamarcial.com\/arnobysinam\/producto\/magnesio-500-mg\/\" \/>\n<meta property=\"og:locale\" content=\"es_ES\" \/>\n<meta property=\"og:type\" content=\"article\" \/>\n<meta property=\"og:title\" content=\"Magnesio - 500 mg - Tienda Marcial Colombia\" \/>\n<meta property=\"og:description\" content=\"El magnesio es un componente presente en m\u00e1s de 200 enzimas en el cuerpo. Es vital porque apoya la salud \u00f3sea y muscular.\" \/>\n<meta property=\"og:url\" content=\"https:\/\/tiendamarcial.com\/arnobysinam\/producto\/magnesio-500-mg\/\" \/>\n<meta property=\"og:site_name\" content=\"Tienda Marcial Colombia\" \/>\n<meta property=\"article:publisher\" content=\"https:\/\/www.facebook.com\/TiendaMarcial\" \/>\n<meta property=\"article:modified_time\" content=\"2024-11-29T15:14:58+00:00\" \/>\n<meta property=\"og:image\" content=\"https:\/\/tiendamarcial.com\/arnobysinam\/wp-content\/uploads\/2023\/07\/BTVT102.jpg\" \/>\n\t<meta property=\"og:image:width\" content=\"600\" \/>\n\t<meta property=\"og:image:height\" content=\"600\" \/>\n\t<meta property=\"og:image:type\" content=\"image\/jpeg\" \/>\n<meta name=\"twitter:card\" content=\"summary_large_image\" \/>\n<meta name=\"twitter:site\" content=\"@TiendaMarcial\" \/>\n<script type=\"application\/ld+json\" class=\"yoast-schema-graph\">{\"@context\":\"https:\\\/\\\/schema.org\",\"@graph\":[{\"@type\":\"WebPage\",\"@id\":\"https:\\\/\\\/tiendamarcial.com\\\/arnobysinam\\\/producto\\\/magnesio-500-mg\\\/\",\"url\":\"https:\\\/\\\/tiendamarcial.com\\\/arnobysinam\\\/producto\\\/magnesio-500-mg\\\/\",\"name\":\"Magnesio - 500 mg - Tienda Marcial Colombia\",\"isPartOf\":{\"@id\":\"https:\\\/\\\/tiendamarcial.com\\\/arnobysinam\\\/#website\"},\"primaryImageOfPage\":{\"@id\":\"https:\\\/\\\/tiendamarcial.com\\\/arnobysinam\\\/producto\\\/magnesio-500-mg\\\/#primaryimage\"},\"image\":{\"@id\":\"https:\\\/\\\/tiendamarcial.com\\\/arnobysinam\\\/producto\\\/magnesio-500-mg\\\/#primaryimage\"},\"thumbnailUrl\":\"https:\\\/\\\/tiendamarcial.com\\\/arnobysinam\\\/wp-content\\\/uploads\\\/2023\\\/07\\\/BTVT102.jpg\",\"datePublished\":\"2023-07-27T19:44:00+00:00\",\"dateModified\":\"2024-11-29T15:14:58+00:00\",\"breadcrumb\":{\"@id\":\"https:\\\/\\\/tiendamarcial.com\\\/arnobysinam\\\/producto\\\/magnesio-500-mg\\\/#breadcrumb\"},\"inLanguage\":\"es\",\"potentialAction\":[{\"@type\":\"ReadAction\",\"target\":[\"https:\\\/\\\/tiendamarcial.com\\\/arnobysinam\\\/producto\\\/magnesio-500-mg\\\/\"]}]},{\"@type\":\"ImageObject\",\"inLanguage\":\"es\",\"@id\":\"https:\\\/\\\/tiendamarcial.com\\\/arnobysinam\\\/producto\\\/magnesio-500-mg\\\/#primaryimage\",\"url\":\"https:\\\/\\\/tiendamarcial.com\\\/arnobysinam\\\/wp-content\\\/uploads\\\/2023\\\/07\\\/BTVT102.jpg\",\"contentUrl\":\"https:\\\/\\\/tiendamarcial.com\\\/arnobysinam\\\/wp-content\\\/uploads\\\/2023\\\/07\\\/BTVT102.jpg\",\"width\":600,\"height\":600},{\"@type\":\"BreadcrumbList\",\"@id\":\"https:\\\/\\\/tiendamarcial.com\\\/arnobysinam\\\/producto\\\/magnesio-500-mg\\\/#breadcrumb\",\"itemListElement\":[{\"@type\":\"ListItem\",\"position\":1,\"name\":\"Portada\",\"item\":\"https:\\\/\\\/tiendamarcial.com\\\/arnobysinam\\\/\"},{\"@type\":\"ListItem\",\"position\":2,\"name\":\"Tienda\",\"item\":\"https:\\\/\\\/tiendamarcial.com\\\/arnobysinam\\\/tienda\\\/\"},{\"@type\":\"ListItem\",\"position\":3,\"name\":\"Magnesio &#8211; 500 mg\"}]},{\"@type\":\"WebSite\",\"@id\":\"https:\\\/\\\/tiendamarcial.com\\\/arnobysinam\\\/#website\",\"url\":\"https:\\\/\\\/tiendamarcial.com\\\/arnobysinam\\\/\",\"name\":\"Tienda Marcial Colombia\",\"description\":\"Todo en implementos para Artes Marciales\",\"potentialAction\":[{\"@type\":\"SearchAction\",\"target\":{\"@type\":\"EntryPoint\",\"urlTemplate\":\"https:\\\/\\\/tiendamarcial.com\\\/arnobysinam\\\/?s={search_term_string}\"},\"query-input\":{\"@type\":\"PropertyValueSpecification\",\"valueRequired\":true,\"valueName\":\"search_term_string\"}}],\"inLanguage\":\"es\"}]}<\/script>\n<!-- \/ Yoast SEO plugin. -->","yoast_head_json":{"title":"Magnesio - 500 mg - Tienda Marcial Colombia","robots":{"index":"index","follow":"follow","max-snippet":"max-snippet:-1","max-image-preview":"max-image-preview:large","max-video-preview":"max-video-preview:-1"},"canonical":"https:\/\/tiendamarcial.com\/arnobysinam\/producto\/magnesio-500-mg\/","og_locale":"es_ES","og_type":"article","og_title":"Magnesio - 500 mg - Tienda Marcial Colombia","og_description":"El magnesio es un componente presente en m\u00e1s de 200 enzimas en el cuerpo. Es vital porque apoya la salud \u00f3sea y muscular.","og_url":"https:\/\/tiendamarcial.com\/arnobysinam\/producto\/magnesio-500-mg\/","og_site_name":"Tienda Marcial Colombia","article_publisher":"https:\/\/www.facebook.com\/TiendaMarcial","article_modified_time":"2024-11-29T15:14:58+00:00","og_image":[{"width":600,"height":600,"url":"https:\/\/tiendamarcial.com\/arnobysinam\/wp-content\/uploads\/2023\/07\/BTVT102.jpg","type":"image\/jpeg"}],"twitter_card":"summary_large_image","twitter_site":"@TiendaMarcial","schema":{"@context":"https:\/\/schema.org","@graph":[{"@type":"WebPage","@id":"https:\/\/tiendamarcial.com\/arnobysinam\/producto\/magnesio-500-mg\/","url":"https:\/\/tiendamarcial.com\/arnobysinam\/producto\/magnesio-500-mg\/","name":"Magnesio - 500 mg - Tienda Marcial Colombia","isPartOf":{"@id":"https:\/\/tiendamarcial.com\/arnobysinam\/#website"},"primaryImageOfPage":{"@id":"https:\/\/tiendamarcial.com\/arnobysinam\/producto\/magnesio-500-mg\/#primaryimage"},"image":{"@id":"https:\/\/tiendamarcial.com\/arnobysinam\/producto\/magnesio-500-mg\/#primaryimage"},"thumbnailUrl":"https:\/\/tiendamarcial.com\/arnobysinam\/wp-content\/uploads\/2023\/07\/BTVT102.jpg","datePublished":"2023-07-27T19:44:00+00:00","dateModified":"2024-11-29T15:14:58+00:00","breadcrumb":{"@id":"https:\/\/tiendamarcial.com\/arnobysinam\/producto\/magnesio-500-mg\/#breadcrumb"},"inLanguage":"es","potentialAction":[{"@type":"ReadAction","target":["https:\/\/tiendamarcial.com\/arnobysinam\/producto\/magnesio-500-mg\/"]}]},{"@type":"ImageObject","inLanguage":"es","@id":"https:\/\/tiendamarcial.com\/arnobysinam\/producto\/magnesio-500-mg\/#primaryimage","url":"https:\/\/tiendamarcial.com\/arnobysinam\/wp-content\/uploads\/2023\/07\/BTVT102.jpg","contentUrl":"https:\/\/tiendamarcial.com\/arnobysinam\/wp-content\/uploads\/2023\/07\/BTVT102.jpg","width":600,"height":600},{"@type":"BreadcrumbList","@id":"https:\/\/tiendamarcial.com\/arnobysinam\/producto\/magnesio-500-mg\/#breadcrumb","itemListElement":[{"@type":"ListItem","position":1,"name":"Portada","item":"https:\/\/tiendamarcial.com\/arnobysinam\/"},{"@type":"ListItem","position":2,"name":"Tienda","item":"https:\/\/tiendamarcial.com\/arnobysinam\/tienda\/"},{"@type":"ListItem","position":3,"name":"Magnesio &#8211; 500 mg"}]},{"@type":"WebSite","@id":"https:\/\/tiendamarcial.com\/arnobysinam\/#website","url":"https:\/\/tiendamarcial.com\/arnobysinam\/","name":"Tienda Marcial Colombia","description":"Todo en implementos para Artes Marciales","potentialAction":[{"@type":"SearchAction","target":{"@type":"EntryPoint","urlTemplate":"https:\/\/tiendamarcial.com\/arnobysinam\/?s={search_term_string}"},"query-input":{"@type":"PropertyValueSpecification","valueRequired":true,"valueName":"search_term_string"}}],"inLanguage":"es"}]}},"_links":{"self":[{"href":"https:\/\/tiendamarcial.com\/arnobysinam\/wp-json\/wp\/v2\/product\/1375","targetHints":{"allow":["GET"]}}],"collection":[{"href":"https:\/\/tiendamarcial.com\/arnobysinam\/wp-json\/wp\/v2\/product"}],"about":[{"href":"https:\/\/tiendamarcial.com\/arnobysinam\/wp-json\/wp\/v2\/types\/product"}],"version-history":[{"count":4,"href":"https:\/\/tiendamarcial.com\/arnobysinam\/wp-json\/wp\/v2\/product\/1375\/revisions"}],"predecessor-version":[{"id":1384,"href":"https:\/\/tiendamarcial.com\/arnobysinam\/wp-json\/wp\/v2\/product\/1375\/revisions\/1384"}],"wp:featuredmedia":[{"embeddable":true,"href":"https:\/\/tiendamarcial.com\/arnobysinam\/wp-json\/wp\/v2\/media\/1378"}],"wp:attachment":[{"href":"https:\/\/tiendamarcial.com\/arnobysinam\/wp-json\/wp\/v2\/media?parent=1375"}],"wp:term":[{"taxonomy":"product_brand","embeddable":true,"href":"https:\/\/tiendamarcial.com\/arnobysinam\/wp-json\/wp\/v2\/product_brand?post=1375"},{"taxonomy":"product_cat","embeddable":true,"href":"https:\/\/tiendamarcial.com\/arnobysinam\/wp-json\/wp\/v2\/product_cat?post=1375"},{"taxonomy":"product_tag","embeddable":true,"href":"https:\/\/tiendamarcial.com\/arnobysinam\/wp-json\/wp\/v2\/product_tag?post=1375"}],"curies":[{"name":"wp","href":"https:\/\/api.w.org\/{rel}","templated":true}]}}