{"id":1313,"date":"2023-07-26T16:50:02","date_gmt":"2023-07-26T16:50:02","guid":{"rendered":"https:\/\/tiendamarcial.com\/arnobysinam\/?post_type=product&#038;p=1313"},"modified":"2024-03-07T21:57:58","modified_gmt":"2024-03-08T02:57:58","slug":"el-arte-de-la-guerra","status":"publish","type":"product","link":"https:\/\/tiendamarcial.com\/arnobysinam\/producto\/el-arte-de-la-guerra\/","title":{"rendered":"El arte de la guerra"},"content":{"rendered":"<div>\n<div>\n<div>\n<div>\n<div>\n<div>\n<div>\n<div>El Arte de la Guerra es el mejor libro de estrategia de todos los tiempos. Inspir\u00f3 a Napole\u00f3n, Maquiavelo, Mao Tse Tung y muchas m\u00e1s figuras hist\u00f3ricas. Este libro de dos mil quinientos a\u00f1os de antig\u00fcedad, es uno de los m\u00e1s importantes textos cl\u00e1sicos chinos, en el que, a pesar del tiempo transcurrido, ninguna de sus m\u00e1ximas ha quedado anticuada, ni hay un solo consejo que hoy no sea \u00fatil.<\/div>\n<div>\n<p>Pero la obra del general Sun Tzu no es \u00fanicamente un libro de pr\u00e1ctica militar, sino un tratado que ense\u00f1a la estrategia suprema de aplicar con sabidur\u00eda el conocimiento de la naturaleza humana en los momentos de confrontaci\u00f3n. No es, por tanto, un libro sobre la guerra; es una obra para comprender las ra\u00edces de un conflicto y buscar una soluci\u00f3n. \u00abla mejor victoria es vencer sin combatir\u00bb, nos dice Sun Tzu, \u00aby \u00e9sa es la distinci\u00f3n entre le hombre prudente y el ignorante\u00bb..<\/p>\n<p>* Semblanza de Sun Tzu.<br \/>\n* Apreciaciones estrat\u00e9gicas.<br \/>\n* En la batalla.<br \/>\n* Planificando la ofensiva.<br \/>\n* Formaci\u00f3n militar.<br \/>\n* Fuerza.<br \/>\n* Debilidad y fortaleza.<br \/>\n* Maniobras.<br \/>\n* Variables.<br \/>\n* Marchas.<br \/>\n* Terreno.<br \/>\n* Clases de terreno.<br \/>\n* Atacando con fuego.<br \/>\n* Uso de agentes secretos.<\/p>\n<p><strong>Idioma:<\/strong> Espa\u00f1ol<br \/>\n<strong>P\u00e1ginas:<\/strong> 150<br \/>\n<strong>Formato:<\/strong> 12,5 x 19 cms<br \/>\n<strong>Pasta blanda<\/strong><\/p>\n<\/div>\n<\/div>\n<\/div>\n<\/div>\n<\/div>\n<\/div>\n<\/div>\n<\/div>\n","protected":false},"excerpt":{"rendered":"<p>El Arte de la Guerra es el mejor libro de estrategia de todos los tiempos. Inspir\u00f3 a Napole\u00f3n, Maquiavelo, Mao Tse Tung y muchos m\u00e1s.<\/p>\n","protected":false},"featured_media":1318,"template":"","meta":[],"product_brand":[],"product_cat":[183],"product_tag":[184,185,186],"class_list":{"0":"post-1313","1":"product","2":"type-product","3":"status-publish","4":"has-post-thumbnail","6":"product_cat-libros","7":"product_tag-el-arte-de-la-guerra","8":"product_tag-libro","9":"product_tag-sun-tzu","11":"first","12":"outofstock","13":"shipping-taxable","14":"purchasable","15":"product-type-simple"},"yoast_head":"<!-- This site is optimized with the Yoast SEO plugin v26.8 - https:\/\/yoast.com\/product\/yoast-seo-wordpress\/ -->\n<title>El arte de la guerra - Tienda Marcial Colombia<\/title>\n<meta name=\"robots\" content=\"index, follow, max-snippet:-1, max-image-preview:large, max-video-preview:-1\" \/>\n<link rel=\"canonical\" href=\"https:\/\/tiendamarcial.com\/arnobysinam\/producto\/el-arte-de-la-guerra\/\" \/>\n<meta property=\"og:locale\" content=\"es_ES\" \/>\n<meta property=\"og:type\" content=\"article\" \/>\n<meta property=\"og:title\" content=\"El arte de la guerra - Tienda Marcial Colombia\" \/>\n<meta property=\"og:description\" content=\"El Arte de la Guerra es el mejor libro de estrategia de todos los tiempos. Inspir\u00f3 a Napole\u00f3n, Maquiavelo, Mao Tse Tung y muchos m\u00e1s.\" \/>\n<meta property=\"og:url\" content=\"https:\/\/tiendamarcial.com\/arnobysinam\/producto\/el-arte-de-la-guerra\/\" \/>\n<meta property=\"og:site_name\" content=\"Tienda Marcial Colombia\" \/>\n<meta property=\"article:publisher\" content=\"https:\/\/www.facebook.com\/TiendaMarcial\" \/>\n<meta property=\"article:modified_time\" content=\"2024-03-08T02:57:58+00:00\" \/>\n<meta property=\"og:image\" content=\"https:\/\/tiendamarcial.com\/arnobysinam\/wp-content\/uploads\/2023\/07\/LBFS003.jpg\" \/>\n\t<meta property=\"og:image:width\" content=\"600\" \/>\n\t<meta property=\"og:image:height\" content=\"600\" \/>\n\t<meta property=\"og:image:type\" content=\"image\/jpeg\" \/>\n<meta name=\"twitter:card\" content=\"summary_large_image\" \/>\n<meta name=\"twitter:site\" content=\"@TiendaMarcial\" \/>\n<meta name=\"twitter:label1\" content=\"Tiempo de lectura\" \/>\n\t<meta name=\"twitter:data1\" content=\"1 minuto\" \/>\n<script type=\"application\/ld+json\" class=\"yoast-schema-graph\">{\"@context\":\"https:\/\/schema.org\",\"@graph\":[{\"@type\":\"WebPage\",\"@id\":\"https:\/\/tiendamarcial.com\/arnobysinam\/producto\/el-arte-de-la-guerra\/\",\"url\":\"https:\/\/tiendamarcial.com\/arnobysinam\/producto\/el-arte-de-la-guerra\/\",\"name\":\"El arte de la guerra - Tienda Marcial Colombia\",\"isPartOf\":{\"@id\":\"https:\/\/tiendamarcial.com\/arnobysinam\/#website\"},\"primaryImageOfPage\":{\"@id\":\"https:\/\/tiendamarcial.com\/arnobysinam\/producto\/el-arte-de-la-guerra\/#primaryimage\"},\"image\":{\"@id\":\"https:\/\/tiendamarcial.com\/arnobysinam\/producto\/el-arte-de-la-guerra\/#primaryimage\"},\"thumbnailUrl\":\"https:\/\/tiendamarcial.com\/arnobysinam\/wp-content\/uploads\/2023\/07\/LBFS003.jpg\",\"datePublished\":\"2023-07-26T16:50:02+00:00\",\"dateModified\":\"2024-03-08T02:57:58+00:00\",\"breadcrumb\":{\"@id\":\"https:\/\/tiendamarcial.com\/arnobysinam\/producto\/el-arte-de-la-guerra\/#breadcrumb\"},\"inLanguage\":\"es\",\"potentialAction\":[{\"@type\":\"ReadAction\",\"target\":[\"https:\/\/tiendamarcial.com\/arnobysinam\/producto\/el-arte-de-la-guerra\/\"]}]},{\"@type\":\"ImageObject\",\"inLanguage\":\"es\",\"@id\":\"https:\/\/tiendamarcial.com\/arnobysinam\/producto\/el-arte-de-la-guerra\/#primaryimage\",\"url\":\"https:\/\/tiendamarcial.com\/arnobysinam\/wp-content\/uploads\/2023\/07\/LBFS003.jpg\",\"contentUrl\":\"https:\/\/tiendamarcial.com\/arnobysinam\/wp-content\/uploads\/2023\/07\/LBFS003.jpg\",\"width\":600,\"height\":600},{\"@type\":\"BreadcrumbList\",\"@id\":\"https:\/\/tiendamarcial.com\/arnobysinam\/producto\/el-arte-de-la-guerra\/#breadcrumb\",\"itemListElement\":[{\"@type\":\"ListItem\",\"position\":1,\"name\":\"Portada\",\"item\":\"https:\/\/tiendamarcial.com\/arnobysinam\/\"},{\"@type\":\"ListItem\",\"position\":2,\"name\":\"Tienda\",\"item\":\"https:\/\/tiendamarcial.com\/arnobysinam\/tienda\/\"},{\"@type\":\"ListItem\",\"position\":3,\"name\":\"El arte de la guerra\"}]},{\"@type\":\"WebSite\",\"@id\":\"https:\/\/tiendamarcial.com\/arnobysinam\/#website\",\"url\":\"https:\/\/tiendamarcial.com\/arnobysinam\/\",\"name\":\"Tienda Marcial Colombia\",\"description\":\"Todo en implementos para Artes Marciales\",\"potentialAction\":[{\"@type\":\"SearchAction\",\"target\":{\"@type\":\"EntryPoint\",\"urlTemplate\":\"https:\/\/tiendamarcial.com\/arnobysinam\/?s={search_term_string}\"},\"query-input\":{\"@type\":\"PropertyValueSpecification\",\"valueRequired\":true,\"valueName\":\"search_term_string\"}}],\"inLanguage\":\"es\"}]}<\/script>\n<!-- \/ Yoast SEO plugin. -->","yoast_head_json":{"title":"El arte de la guerra - Tienda Marcial Colombia","robots":{"index":"index","follow":"follow","max-snippet":"max-snippet:-1","max-image-preview":"max-image-preview:large","max-video-preview":"max-video-preview:-1"},"canonical":"https:\/\/tiendamarcial.com\/arnobysinam\/producto\/el-arte-de-la-guerra\/","og_locale":"es_ES","og_type":"article","og_title":"El arte de la guerra - Tienda Marcial Colombia","og_description":"El Arte de la Guerra es el mejor libro de estrategia de todos los tiempos. Inspir\u00f3 a Napole\u00f3n, Maquiavelo, Mao Tse Tung y muchos m\u00e1s.","og_url":"https:\/\/tiendamarcial.com\/arnobysinam\/producto\/el-arte-de-la-guerra\/","og_site_name":"Tienda Marcial Colombia","article_publisher":"https:\/\/www.facebook.com\/TiendaMarcial","article_modified_time":"2024-03-08T02:57:58+00:00","og_image":[{"width":600,"height":600,"url":"https:\/\/tiendamarcial.com\/arnobysinam\/wp-content\/uploads\/2023\/07\/LBFS003.jpg","type":"image\/jpeg"}],"twitter_card":"summary_large_image","twitter_site":"@TiendaMarcial","twitter_misc":{"Tiempo de lectura":"1 minuto"},"schema":{"@context":"https:\/\/schema.org","@graph":[{"@type":"WebPage","@id":"https:\/\/tiendamarcial.com\/arnobysinam\/producto\/el-arte-de-la-guerra\/","url":"https:\/\/tiendamarcial.com\/arnobysinam\/producto\/el-arte-de-la-guerra\/","name":"El arte de la guerra - Tienda Marcial Colombia","isPartOf":{"@id":"https:\/\/tiendamarcial.com\/arnobysinam\/#website"},"primaryImageOfPage":{"@id":"https:\/\/tiendamarcial.com\/arnobysinam\/producto\/el-arte-de-la-guerra\/#primaryimage"},"image":{"@id":"https:\/\/tiendamarcial.com\/arnobysinam\/producto\/el-arte-de-la-guerra\/#primaryimage"},"thumbnailUrl":"https:\/\/tiendamarcial.com\/arnobysinam\/wp-content\/uploads\/2023\/07\/LBFS003.jpg","datePublished":"2023-07-26T16:50:02+00:00","dateModified":"2024-03-08T02:57:58+00:00","breadcrumb":{"@id":"https:\/\/tiendamarcial.com\/arnobysinam\/producto\/el-arte-de-la-guerra\/#breadcrumb"},"inLanguage":"es","potentialAction":[{"@type":"ReadAction","target":["https:\/\/tiendamarcial.com\/arnobysinam\/producto\/el-arte-de-la-guerra\/"]}]},{"@type":"ImageObject","inLanguage":"es","@id":"https:\/\/tiendamarcial.com\/arnobysinam\/producto\/el-arte-de-la-guerra\/#primaryimage","url":"https:\/\/tiendamarcial.com\/arnobysinam\/wp-content\/uploads\/2023\/07\/LBFS003.jpg","contentUrl":"https:\/\/tiendamarcial.com\/arnobysinam\/wp-content\/uploads\/2023\/07\/LBFS003.jpg","width":600,"height":600},{"@type":"BreadcrumbList","@id":"https:\/\/tiendamarcial.com\/arnobysinam\/producto\/el-arte-de-la-guerra\/#breadcrumb","itemListElement":[{"@type":"ListItem","position":1,"name":"Portada","item":"https:\/\/tiendamarcial.com\/arnobysinam\/"},{"@type":"ListItem","position":2,"name":"Tienda","item":"https:\/\/tiendamarcial.com\/arnobysinam\/tienda\/"},{"@type":"ListItem","position":3,"name":"El arte de la guerra"}]},{"@type":"WebSite","@id":"https:\/\/tiendamarcial.com\/arnobysinam\/#website","url":"https:\/\/tiendamarcial.com\/arnobysinam\/","name":"Tienda Marcial Colombia","description":"Todo en implementos para Artes Marciales","potentialAction":[{"@type":"SearchAction","target":{"@type":"EntryPoint","urlTemplate":"https:\/\/tiendamarcial.com\/arnobysinam\/?s={search_term_string}"},"query-input":{"@type":"PropertyValueSpecification","valueRequired":true,"valueName":"search_term_string"}}],"inLanguage":"es"}]}},"_links":{"self":[{"href":"https:\/\/tiendamarcial.com\/arnobysinam\/wp-json\/wp\/v2\/product\/1313","targetHints":{"allow":["GET"]}}],"collection":[{"href":"https:\/\/tiendamarcial.com\/arnobysinam\/wp-json\/wp\/v2\/product"}],"about":[{"href":"https:\/\/tiendamarcial.com\/arnobysinam\/wp-json\/wp\/v2\/types\/product"}],"version-history":[{"count":2,"href":"https:\/\/tiendamarcial.com\/arnobysinam\/wp-json\/wp\/v2\/product\/1313\/revisions"}],"predecessor-version":[{"id":1319,"href":"https:\/\/tiendamarcial.com\/arnobysinam\/wp-json\/wp\/v2\/product\/1313\/revisions\/1319"}],"wp:featuredmedia":[{"embeddable":true,"href":"https:\/\/tiendamarcial.com\/arnobysinam\/wp-json\/wp\/v2\/media\/1318"}],"wp:attachment":[{"href":"https:\/\/tiendamarcial.com\/arnobysinam\/wp-json\/wp\/v2\/media?parent=1313"}],"wp:term":[{"taxonomy":"product_brand","embeddable":true,"href":"https:\/\/tiendamarcial.com\/arnobysinam\/wp-json\/wp\/v2\/product_brand?post=1313"},{"taxonomy":"product_cat","embeddable":true,"href":"https:\/\/tiendamarcial.com\/arnobysinam\/wp-json\/wp\/v2\/product_cat?post=1313"},{"taxonomy":"product_tag","embeddable":true,"href":"https:\/\/tiendamarcial.com\/arnobysinam\/wp-json\/wp\/v2\/product_tag?post=1313"}],"curies":[{"name":"wp","href":"https:\/\/api.w.org\/{rel}","templated":true}]}}