{"id":1306,"date":"2023-07-26T03:01:51","date_gmt":"2023-07-26T03:01:51","guid":{"rendered":"https:\/\/tiendamarcial.com\/arnobysinam\/?post_type=product&#038;p=1306"},"modified":"2023-07-26T03:04:08","modified_gmt":"2023-07-26T03:04:08","slug":"masaaki-hatsumi-kuden-2-dvd","status":"publish","type":"product","link":"https:\/\/tiendamarcial.com\/arnobysinam\/producto\/masaaki-hatsumi-kuden-2-dvd\/","title":{"rendered":"Masaaki Hatsumi, Kuden 2 &#8211; DVD"},"content":{"rendered":"<div>\n<div>\n<div>\n<div>\n<div>\n<div>Este DVD contiene las clases de Hatsumi Sensei de los d\u00ed\u00adas 24, 28 y 31 de enero y 2 de febrero del 2003 dictadas en el Honbu D\u00f4j\u00f4 y en el Bud\u00f4kan de Ayase, T\u00f4ky\u00f4. Este segundo DVD de la serie Hikan Densho contiene una entrevista (subti\u00adtulada en Ingl\u00e9s) con Hatsumi Sensei. En este DVD Sensei profundiza en el concepto del Jupp\u00f4 Sessh\u00f4 y el uso de las siguientes armas: Kunai, Tessen, Ninjat\u00f4, armas de fuego, Kyoketsu Shoge y Kama Yari.<\/div>\n<p><strong>Idioma audio:<\/strong>\u00a0Japon\u00e9s<br \/>\n<strong>Subt\u00ed\u00adtulos:<\/strong>\u00a0Ingl\u00e9s<br \/>\n<strong>Duraci\u00f3n:<\/strong>\u00a01 hora y 52 minutos<br \/>\n<strong>A\u00f1o de edici\u00f3n:<\/strong>\u00a02003<br \/>\n<strong>Formato:<\/strong>\u00a0DVD<\/p>\n<\/div>\n<\/div>\n<\/div>\n<\/div>\n<\/div>\n","protected":false},"excerpt":{"rendered":"<p>Este DVD contiene las clases de Hatsumi Sensei de los d\u00ed\u00adas 24, 28 y 31 de enero y 2 de febrero del 2003 dictadas en el Honbu D\u00f4j\u00f4 y en el Bud\u00f4kan de Ayase, T\u00f4ky\u00f4.<\/p>\n","protected":false},"featured_media":1294,"template":"","meta":[],"product_brand":[],"product_cat":[155],"product_tag":[159,157,182,180,46],"class_list":{"0":"post-1306","1":"product","2":"type-product","3":"status-publish","4":"has-post-thumbnail","6":"product_cat-videos-dvd","7":"product_tag-bujinkan","8":"product_tag-dvd","9":"product_tag-kuden","10":"product_tag-masaaki-hatsumi","11":"product_tag-ninjutsu","13":"first","14":"instock","15":"shipping-taxable","16":"purchasable","17":"product-type-simple"},"yoast_head":"<!-- This site is optimized with the Yoast SEO plugin v26.8 - https:\/\/yoast.com\/product\/yoast-seo-wordpress\/ -->\n<title>Masaaki Hatsumi, Kuden 2 - DVD - Tienda Marcial Colombia<\/title>\n<meta name=\"robots\" content=\"index, follow, max-snippet:-1, max-image-preview:large, max-video-preview:-1\" \/>\n<link rel=\"canonical\" href=\"https:\/\/tiendamarcial.com\/arnobysinam\/producto\/masaaki-hatsumi-kuden-2-dvd\/\" \/>\n<meta property=\"og:locale\" content=\"es_ES\" \/>\n<meta property=\"og:type\" content=\"article\" \/>\n<meta property=\"og:title\" content=\"Masaaki Hatsumi, Kuden 2 - DVD - Tienda Marcial Colombia\" \/>\n<meta property=\"og:description\" content=\"Este DVD contiene las clases de Hatsumi Sensei de los d\u00ed\u00adas 24, 28 y 31 de enero y 2 de febrero del 2003 dictadas en el Honbu D\u00f4j\u00f4 y en el Bud\u00f4kan de Ayase, T\u00f4ky\u00f4.\" \/>\n<meta property=\"og:url\" content=\"https:\/\/tiendamarcial.com\/arnobysinam\/producto\/masaaki-hatsumi-kuden-2-dvd\/\" \/>\n<meta property=\"og:site_name\" content=\"Tienda Marcial Colombia\" \/>\n<meta property=\"article:publisher\" content=\"https:\/\/www.facebook.com\/TiendaMarcial\" \/>\n<meta property=\"article:modified_time\" content=\"2023-07-26T03:04:08+00:00\" \/>\n<meta property=\"og:image\" content=\"https:\/\/tiendamarcial.com\/arnobysinam\/wp-content\/uploads\/2023\/07\/CUVN002.jpg\" \/>\n\t<meta property=\"og:image:width\" content=\"600\" \/>\n\t<meta property=\"og:image:height\" content=\"600\" \/>\n\t<meta property=\"og:image:type\" content=\"image\/jpeg\" \/>\n<meta name=\"twitter:card\" content=\"summary_large_image\" \/>\n<meta name=\"twitter:site\" content=\"@TiendaMarcial\" \/>\n<meta name=\"twitter:label1\" content=\"Tiempo de lectura\" \/>\n\t<meta name=\"twitter:data1\" content=\"1 minuto\" \/>\n<script type=\"application\/ld+json\" class=\"yoast-schema-graph\">{\"@context\":\"https:\/\/schema.org\",\"@graph\":[{\"@type\":\"WebPage\",\"@id\":\"https:\/\/tiendamarcial.com\/arnobysinam\/producto\/masaaki-hatsumi-kuden-2-dvd\/\",\"url\":\"https:\/\/tiendamarcial.com\/arnobysinam\/producto\/masaaki-hatsumi-kuden-2-dvd\/\",\"name\":\"Masaaki Hatsumi, Kuden 2 - DVD - Tienda Marcial Colombia\",\"isPartOf\":{\"@id\":\"https:\/\/tiendamarcial.com\/arnobysinam\/#website\"},\"primaryImageOfPage\":{\"@id\":\"https:\/\/tiendamarcial.com\/arnobysinam\/producto\/masaaki-hatsumi-kuden-2-dvd\/#primaryimage\"},\"image\":{\"@id\":\"https:\/\/tiendamarcial.com\/arnobysinam\/producto\/masaaki-hatsumi-kuden-2-dvd\/#primaryimage\"},\"thumbnailUrl\":\"https:\/\/tiendamarcial.com\/arnobysinam\/wp-content\/uploads\/2023\/07\/CUVN002.jpg\",\"datePublished\":\"2023-07-26T03:01:51+00:00\",\"dateModified\":\"2023-07-26T03:04:08+00:00\",\"breadcrumb\":{\"@id\":\"https:\/\/tiendamarcial.com\/arnobysinam\/producto\/masaaki-hatsumi-kuden-2-dvd\/#breadcrumb\"},\"inLanguage\":\"es\",\"potentialAction\":[{\"@type\":\"ReadAction\",\"target\":[\"https:\/\/tiendamarcial.com\/arnobysinam\/producto\/masaaki-hatsumi-kuden-2-dvd\/\"]}]},{\"@type\":\"ImageObject\",\"inLanguage\":\"es\",\"@id\":\"https:\/\/tiendamarcial.com\/arnobysinam\/producto\/masaaki-hatsumi-kuden-2-dvd\/#primaryimage\",\"url\":\"https:\/\/tiendamarcial.com\/arnobysinam\/wp-content\/uploads\/2023\/07\/CUVN002.jpg\",\"contentUrl\":\"https:\/\/tiendamarcial.com\/arnobysinam\/wp-content\/uploads\/2023\/07\/CUVN002.jpg\",\"width\":600,\"height\":600},{\"@type\":\"BreadcrumbList\",\"@id\":\"https:\/\/tiendamarcial.com\/arnobysinam\/producto\/masaaki-hatsumi-kuden-2-dvd\/#breadcrumb\",\"itemListElement\":[{\"@type\":\"ListItem\",\"position\":1,\"name\":\"Portada\",\"item\":\"https:\/\/tiendamarcial.com\/arnobysinam\/\"},{\"@type\":\"ListItem\",\"position\":2,\"name\":\"Tienda\",\"item\":\"https:\/\/tiendamarcial.com\/arnobysinam\/tienda\/\"},{\"@type\":\"ListItem\",\"position\":3,\"name\":\"Masaaki Hatsumi, Kuden 2 &#8211; DVD\"}]},{\"@type\":\"WebSite\",\"@id\":\"https:\/\/tiendamarcial.com\/arnobysinam\/#website\",\"url\":\"https:\/\/tiendamarcial.com\/arnobysinam\/\",\"name\":\"Tienda Marcial Colombia\",\"description\":\"Todo en implementos para Artes Marciales\",\"potentialAction\":[{\"@type\":\"SearchAction\",\"target\":{\"@type\":\"EntryPoint\",\"urlTemplate\":\"https:\/\/tiendamarcial.com\/arnobysinam\/?s={search_term_string}\"},\"query-input\":{\"@type\":\"PropertyValueSpecification\",\"valueRequired\":true,\"valueName\":\"search_term_string\"}}],\"inLanguage\":\"es\"}]}<\/script>\n<!-- \/ Yoast SEO plugin. -->","yoast_head_json":{"title":"Masaaki Hatsumi, Kuden 2 - DVD - Tienda Marcial Colombia","robots":{"index":"index","follow":"follow","max-snippet":"max-snippet:-1","max-image-preview":"max-image-preview:large","max-video-preview":"max-video-preview:-1"},"canonical":"https:\/\/tiendamarcial.com\/arnobysinam\/producto\/masaaki-hatsumi-kuden-2-dvd\/","og_locale":"es_ES","og_type":"article","og_title":"Masaaki Hatsumi, Kuden 2 - DVD - Tienda Marcial Colombia","og_description":"Este DVD contiene las clases de Hatsumi Sensei de los d\u00ed\u00adas 24, 28 y 31 de enero y 2 de febrero del 2003 dictadas en el Honbu D\u00f4j\u00f4 y en el Bud\u00f4kan de Ayase, T\u00f4ky\u00f4.","og_url":"https:\/\/tiendamarcial.com\/arnobysinam\/producto\/masaaki-hatsumi-kuden-2-dvd\/","og_site_name":"Tienda Marcial Colombia","article_publisher":"https:\/\/www.facebook.com\/TiendaMarcial","article_modified_time":"2023-07-26T03:04:08+00:00","og_image":[{"width":600,"height":600,"url":"https:\/\/tiendamarcial.com\/arnobysinam\/wp-content\/uploads\/2023\/07\/CUVN002.jpg","type":"image\/jpeg"}],"twitter_card":"summary_large_image","twitter_site":"@TiendaMarcial","twitter_misc":{"Tiempo de lectura":"1 minuto"},"schema":{"@context":"https:\/\/schema.org","@graph":[{"@type":"WebPage","@id":"https:\/\/tiendamarcial.com\/arnobysinam\/producto\/masaaki-hatsumi-kuden-2-dvd\/","url":"https:\/\/tiendamarcial.com\/arnobysinam\/producto\/masaaki-hatsumi-kuden-2-dvd\/","name":"Masaaki Hatsumi, Kuden 2 - DVD - Tienda Marcial Colombia","isPartOf":{"@id":"https:\/\/tiendamarcial.com\/arnobysinam\/#website"},"primaryImageOfPage":{"@id":"https:\/\/tiendamarcial.com\/arnobysinam\/producto\/masaaki-hatsumi-kuden-2-dvd\/#primaryimage"},"image":{"@id":"https:\/\/tiendamarcial.com\/arnobysinam\/producto\/masaaki-hatsumi-kuden-2-dvd\/#primaryimage"},"thumbnailUrl":"https:\/\/tiendamarcial.com\/arnobysinam\/wp-content\/uploads\/2023\/07\/CUVN002.jpg","datePublished":"2023-07-26T03:01:51+00:00","dateModified":"2023-07-26T03:04:08+00:00","breadcrumb":{"@id":"https:\/\/tiendamarcial.com\/arnobysinam\/producto\/masaaki-hatsumi-kuden-2-dvd\/#breadcrumb"},"inLanguage":"es","potentialAction":[{"@type":"ReadAction","target":["https:\/\/tiendamarcial.com\/arnobysinam\/producto\/masaaki-hatsumi-kuden-2-dvd\/"]}]},{"@type":"ImageObject","inLanguage":"es","@id":"https:\/\/tiendamarcial.com\/arnobysinam\/producto\/masaaki-hatsumi-kuden-2-dvd\/#primaryimage","url":"https:\/\/tiendamarcial.com\/arnobysinam\/wp-content\/uploads\/2023\/07\/CUVN002.jpg","contentUrl":"https:\/\/tiendamarcial.com\/arnobysinam\/wp-content\/uploads\/2023\/07\/CUVN002.jpg","width":600,"height":600},{"@type":"BreadcrumbList","@id":"https:\/\/tiendamarcial.com\/arnobysinam\/producto\/masaaki-hatsumi-kuden-2-dvd\/#breadcrumb","itemListElement":[{"@type":"ListItem","position":1,"name":"Portada","item":"https:\/\/tiendamarcial.com\/arnobysinam\/"},{"@type":"ListItem","position":2,"name":"Tienda","item":"https:\/\/tiendamarcial.com\/arnobysinam\/tienda\/"},{"@type":"ListItem","position":3,"name":"Masaaki Hatsumi, Kuden 2 &#8211; DVD"}]},{"@type":"WebSite","@id":"https:\/\/tiendamarcial.com\/arnobysinam\/#website","url":"https:\/\/tiendamarcial.com\/arnobysinam\/","name":"Tienda Marcial Colombia","description":"Todo en implementos para Artes Marciales","potentialAction":[{"@type":"SearchAction","target":{"@type":"EntryPoint","urlTemplate":"https:\/\/tiendamarcial.com\/arnobysinam\/?s={search_term_string}"},"query-input":{"@type":"PropertyValueSpecification","valueRequired":true,"valueName":"search_term_string"}}],"inLanguage":"es"}]}},"_links":{"self":[{"href":"https:\/\/tiendamarcial.com\/arnobysinam\/wp-json\/wp\/v2\/product\/1306","targetHints":{"allow":["GET"]}}],"collection":[{"href":"https:\/\/tiendamarcial.com\/arnobysinam\/wp-json\/wp\/v2\/product"}],"about":[{"href":"https:\/\/tiendamarcial.com\/arnobysinam\/wp-json\/wp\/v2\/types\/product"}],"version-history":[{"count":2,"href":"https:\/\/tiendamarcial.com\/arnobysinam\/wp-json\/wp\/v2\/product\/1306\/revisions"}],"predecessor-version":[{"id":1308,"href":"https:\/\/tiendamarcial.com\/arnobysinam\/wp-json\/wp\/v2\/product\/1306\/revisions\/1308"}],"wp:featuredmedia":[{"embeddable":true,"href":"https:\/\/tiendamarcial.com\/arnobysinam\/wp-json\/wp\/v2\/media\/1294"}],"wp:attachment":[{"href":"https:\/\/tiendamarcial.com\/arnobysinam\/wp-json\/wp\/v2\/media?parent=1306"}],"wp:term":[{"taxonomy":"product_brand","embeddable":true,"href":"https:\/\/tiendamarcial.com\/arnobysinam\/wp-json\/wp\/v2\/product_brand?post=1306"},{"taxonomy":"product_cat","embeddable":true,"href":"https:\/\/tiendamarcial.com\/arnobysinam\/wp-json\/wp\/v2\/product_cat?post=1306"},{"taxonomy":"product_tag","embeddable":true,"href":"https:\/\/tiendamarcial.com\/arnobysinam\/wp-json\/wp\/v2\/product_tag?post=1306"}],"curies":[{"name":"wp","href":"https:\/\/api.w.org\/{rel}","templated":true}]}}