{"id":1281,"date":"2023-07-26T02:17:22","date_gmt":"2023-07-26T02:17:22","guid":{"rendered":"https:\/\/tiendamarcial.com\/arnobysinam\/?post_type=product&#038;p=1281"},"modified":"2023-07-26T02:21:29","modified_gmt":"2023-07-26T02:21:29","slug":"la-revancha-del-ninja-dvd","status":"publish","type":"product","link":"https:\/\/tiendamarcial.com\/arnobysinam\/producto\/la-revancha-del-ninja-dvd\/","title":{"rendered":"La revancha del Ninja &#8211; DVD"},"content":{"rendered":"<div>Tras el asesinato de su familia en Jap\u00f3n a manos de una organizaci\u00f3n de ninjas, Cho (Sho Kosugi), un maestro Ninja, decide emigrar junto a su hijo a Los Angeles y renunciar a su vida anterior. Una vez en Estados Unidos, Cho monta una tienda de mu\u00f1ecas importadas de Oriente. Lo que el antiguo luchador ignora es que las mu\u00f1ecas est\u00e1n sirviendo para introducir hero\u00ed\u00adna en el pa\u00ed\u00ads, y que el responsable de ello es su mejor amigo.<\/div>\n<p><strong>Idioma audio:<\/strong>\u00a0Ingl\u00e9s<br \/>\n<strong>Subt\u00ed\u00adtulos:<\/strong>\u00a0Espa\u00f1ol, ingl\u00e9s y franc\u00e9s<br \/>\n<strong>Duraci\u00f3n:<\/strong>\u00a01 hora y 30 minutos<br \/>\n<strong>A\u00f1o de estreno:<\/strong>\u00a01983<br \/>\n<strong>Formato:<\/strong>\u00a0DVD<\/p>\n","protected":false},"excerpt":{"rendered":"<div>Sho Kosugi es uno de los mejores actores en el \u00e1rea de acci\u00f3n (Ninja) de los a\u00f1os 80\u00b4s.&nbsp;<\/p>\n<\/div>\n<p>&nbsp;<\/p>\n","protected":false},"featured_media":1273,"template":"","meta":[],"product_brand":[],"product_cat":[155],"product_tag":[157,176,161,177],"class_list":{"0":"post-1281","1":"product","2":"type-product","3":"status-publish","4":"has-post-thumbnail","6":"product_cat-videos-dvd","7":"product_tag-dvd","8":"product_tag-la-revancha-del-ninja","9":"product_tag-pelicula","10":"product_tag-sho-kosugi","12":"first","13":"instock","14":"shipping-taxable","15":"purchasable","16":"product-type-simple"},"yoast_head":"<!-- This site is optimized with the Yoast SEO plugin v26.8 - https:\/\/yoast.com\/product\/yoast-seo-wordpress\/ -->\n<title>La revancha del Ninja - DVD - Tienda Marcial Colombia<\/title>\n<meta name=\"robots\" content=\"index, follow, max-snippet:-1, max-image-preview:large, max-video-preview:-1\" \/>\n<link rel=\"canonical\" href=\"https:\/\/tiendamarcial.com\/arnobysinam\/producto\/la-revancha-del-ninja-dvd\/\" \/>\n<meta property=\"og:locale\" content=\"es_ES\" \/>\n<meta property=\"og:type\" content=\"article\" \/>\n<meta property=\"og:title\" content=\"La revancha del Ninja - DVD - Tienda Marcial Colombia\" \/>\n<meta property=\"og:description\" content=\"Sho Kosugi es uno de los mejores actores en el \u00e1rea de acci\u00f3n (Ninja) de los a\u00f1os 80\u00b4s.&nbsp;   &nbsp;\" \/>\n<meta property=\"og:url\" content=\"https:\/\/tiendamarcial.com\/arnobysinam\/producto\/la-revancha-del-ninja-dvd\/\" \/>\n<meta property=\"og:site_name\" content=\"Tienda Marcial Colombia\" \/>\n<meta property=\"article:publisher\" content=\"https:\/\/www.facebook.com\/TiendaMarcial\" \/>\n<meta property=\"article:modified_time\" content=\"2023-07-26T02:21:29+00:00\" \/>\n<meta property=\"og:image\" content=\"https:\/\/tiendamarcial.com\/arnobysinam\/wp-content\/uploads\/2023\/07\/CUVP008.jpg\" \/>\n\t<meta property=\"og:image:width\" content=\"600\" \/>\n\t<meta property=\"og:image:height\" content=\"600\" \/>\n\t<meta property=\"og:image:type\" content=\"image\/jpeg\" \/>\n<meta name=\"twitter:card\" content=\"summary_large_image\" \/>\n<meta name=\"twitter:site\" content=\"@TiendaMarcial\" \/>\n<meta name=\"twitter:label1\" content=\"Tiempo de lectura\" \/>\n\t<meta name=\"twitter:data1\" content=\"1 minuto\" \/>\n<script type=\"application\/ld+json\" class=\"yoast-schema-graph\">{\"@context\":\"https:\/\/schema.org\",\"@graph\":[{\"@type\":\"WebPage\",\"@id\":\"https:\/\/tiendamarcial.com\/arnobysinam\/producto\/la-revancha-del-ninja-dvd\/\",\"url\":\"https:\/\/tiendamarcial.com\/arnobysinam\/producto\/la-revancha-del-ninja-dvd\/\",\"name\":\"La revancha del Ninja - DVD - Tienda Marcial Colombia\",\"isPartOf\":{\"@id\":\"https:\/\/tiendamarcial.com\/arnobysinam\/#website\"},\"primaryImageOfPage\":{\"@id\":\"https:\/\/tiendamarcial.com\/arnobysinam\/producto\/la-revancha-del-ninja-dvd\/#primaryimage\"},\"image\":{\"@id\":\"https:\/\/tiendamarcial.com\/arnobysinam\/producto\/la-revancha-del-ninja-dvd\/#primaryimage\"},\"thumbnailUrl\":\"https:\/\/tiendamarcial.com\/arnobysinam\/wp-content\/uploads\/2023\/07\/CUVP008.jpg\",\"datePublished\":\"2023-07-26T02:17:22+00:00\",\"dateModified\":\"2023-07-26T02:21:29+00:00\",\"breadcrumb\":{\"@id\":\"https:\/\/tiendamarcial.com\/arnobysinam\/producto\/la-revancha-del-ninja-dvd\/#breadcrumb\"},\"inLanguage\":\"es\",\"potentialAction\":[{\"@type\":\"ReadAction\",\"target\":[\"https:\/\/tiendamarcial.com\/arnobysinam\/producto\/la-revancha-del-ninja-dvd\/\"]}]},{\"@type\":\"ImageObject\",\"inLanguage\":\"es\",\"@id\":\"https:\/\/tiendamarcial.com\/arnobysinam\/producto\/la-revancha-del-ninja-dvd\/#primaryimage\",\"url\":\"https:\/\/tiendamarcial.com\/arnobysinam\/wp-content\/uploads\/2023\/07\/CUVP008.jpg\",\"contentUrl\":\"https:\/\/tiendamarcial.com\/arnobysinam\/wp-content\/uploads\/2023\/07\/CUVP008.jpg\",\"width\":600,\"height\":600},{\"@type\":\"BreadcrumbList\",\"@id\":\"https:\/\/tiendamarcial.com\/arnobysinam\/producto\/la-revancha-del-ninja-dvd\/#breadcrumb\",\"itemListElement\":[{\"@type\":\"ListItem\",\"position\":1,\"name\":\"Portada\",\"item\":\"https:\/\/tiendamarcial.com\/arnobysinam\/\"},{\"@type\":\"ListItem\",\"position\":2,\"name\":\"Tienda\",\"item\":\"https:\/\/tiendamarcial.com\/arnobysinam\/tienda\/\"},{\"@type\":\"ListItem\",\"position\":3,\"name\":\"La revancha del Ninja &#8211; DVD\"}]},{\"@type\":\"WebSite\",\"@id\":\"https:\/\/tiendamarcial.com\/arnobysinam\/#website\",\"url\":\"https:\/\/tiendamarcial.com\/arnobysinam\/\",\"name\":\"Tienda Marcial Colombia\",\"description\":\"Todo en implementos para Artes Marciales\",\"potentialAction\":[{\"@type\":\"SearchAction\",\"target\":{\"@type\":\"EntryPoint\",\"urlTemplate\":\"https:\/\/tiendamarcial.com\/arnobysinam\/?s={search_term_string}\"},\"query-input\":{\"@type\":\"PropertyValueSpecification\",\"valueRequired\":true,\"valueName\":\"search_term_string\"}}],\"inLanguage\":\"es\"}]}<\/script>\n<!-- \/ Yoast SEO plugin. -->","yoast_head_json":{"title":"La revancha del Ninja - DVD - Tienda Marcial Colombia","robots":{"index":"index","follow":"follow","max-snippet":"max-snippet:-1","max-image-preview":"max-image-preview:large","max-video-preview":"max-video-preview:-1"},"canonical":"https:\/\/tiendamarcial.com\/arnobysinam\/producto\/la-revancha-del-ninja-dvd\/","og_locale":"es_ES","og_type":"article","og_title":"La revancha del Ninja - DVD - Tienda Marcial Colombia","og_description":"Sho Kosugi es uno de los mejores actores en el \u00e1rea de acci\u00f3n (Ninja) de los a\u00f1os 80\u00b4s.&nbsp;   &nbsp;","og_url":"https:\/\/tiendamarcial.com\/arnobysinam\/producto\/la-revancha-del-ninja-dvd\/","og_site_name":"Tienda Marcial Colombia","article_publisher":"https:\/\/www.facebook.com\/TiendaMarcial","article_modified_time":"2023-07-26T02:21:29+00:00","og_image":[{"width":600,"height":600,"url":"https:\/\/tiendamarcial.com\/arnobysinam\/wp-content\/uploads\/2023\/07\/CUVP008.jpg","type":"image\/jpeg"}],"twitter_card":"summary_large_image","twitter_site":"@TiendaMarcial","twitter_misc":{"Tiempo de lectura":"1 minuto"},"schema":{"@context":"https:\/\/schema.org","@graph":[{"@type":"WebPage","@id":"https:\/\/tiendamarcial.com\/arnobysinam\/producto\/la-revancha-del-ninja-dvd\/","url":"https:\/\/tiendamarcial.com\/arnobysinam\/producto\/la-revancha-del-ninja-dvd\/","name":"La revancha del Ninja - DVD - Tienda Marcial Colombia","isPartOf":{"@id":"https:\/\/tiendamarcial.com\/arnobysinam\/#website"},"primaryImageOfPage":{"@id":"https:\/\/tiendamarcial.com\/arnobysinam\/producto\/la-revancha-del-ninja-dvd\/#primaryimage"},"image":{"@id":"https:\/\/tiendamarcial.com\/arnobysinam\/producto\/la-revancha-del-ninja-dvd\/#primaryimage"},"thumbnailUrl":"https:\/\/tiendamarcial.com\/arnobysinam\/wp-content\/uploads\/2023\/07\/CUVP008.jpg","datePublished":"2023-07-26T02:17:22+00:00","dateModified":"2023-07-26T02:21:29+00:00","breadcrumb":{"@id":"https:\/\/tiendamarcial.com\/arnobysinam\/producto\/la-revancha-del-ninja-dvd\/#breadcrumb"},"inLanguage":"es","potentialAction":[{"@type":"ReadAction","target":["https:\/\/tiendamarcial.com\/arnobysinam\/producto\/la-revancha-del-ninja-dvd\/"]}]},{"@type":"ImageObject","inLanguage":"es","@id":"https:\/\/tiendamarcial.com\/arnobysinam\/producto\/la-revancha-del-ninja-dvd\/#primaryimage","url":"https:\/\/tiendamarcial.com\/arnobysinam\/wp-content\/uploads\/2023\/07\/CUVP008.jpg","contentUrl":"https:\/\/tiendamarcial.com\/arnobysinam\/wp-content\/uploads\/2023\/07\/CUVP008.jpg","width":600,"height":600},{"@type":"BreadcrumbList","@id":"https:\/\/tiendamarcial.com\/arnobysinam\/producto\/la-revancha-del-ninja-dvd\/#breadcrumb","itemListElement":[{"@type":"ListItem","position":1,"name":"Portada","item":"https:\/\/tiendamarcial.com\/arnobysinam\/"},{"@type":"ListItem","position":2,"name":"Tienda","item":"https:\/\/tiendamarcial.com\/arnobysinam\/tienda\/"},{"@type":"ListItem","position":3,"name":"La revancha del Ninja &#8211; DVD"}]},{"@type":"WebSite","@id":"https:\/\/tiendamarcial.com\/arnobysinam\/#website","url":"https:\/\/tiendamarcial.com\/arnobysinam\/","name":"Tienda Marcial Colombia","description":"Todo en implementos para Artes Marciales","potentialAction":[{"@type":"SearchAction","target":{"@type":"EntryPoint","urlTemplate":"https:\/\/tiendamarcial.com\/arnobysinam\/?s={search_term_string}"},"query-input":{"@type":"PropertyValueSpecification","valueRequired":true,"valueName":"search_term_string"}}],"inLanguage":"es"}]}},"_links":{"self":[{"href":"https:\/\/tiendamarcial.com\/arnobysinam\/wp-json\/wp\/v2\/product\/1281","targetHints":{"allow":["GET"]}}],"collection":[{"href":"https:\/\/tiendamarcial.com\/arnobysinam\/wp-json\/wp\/v2\/product"}],"about":[{"href":"https:\/\/tiendamarcial.com\/arnobysinam\/wp-json\/wp\/v2\/types\/product"}],"version-history":[{"count":2,"href":"https:\/\/tiendamarcial.com\/arnobysinam\/wp-json\/wp\/v2\/product\/1281\/revisions"}],"predecessor-version":[{"id":1283,"href":"https:\/\/tiendamarcial.com\/arnobysinam\/wp-json\/wp\/v2\/product\/1281\/revisions\/1283"}],"wp:featuredmedia":[{"embeddable":true,"href":"https:\/\/tiendamarcial.com\/arnobysinam\/wp-json\/wp\/v2\/media\/1273"}],"wp:attachment":[{"href":"https:\/\/tiendamarcial.com\/arnobysinam\/wp-json\/wp\/v2\/media?parent=1281"}],"wp:term":[{"taxonomy":"product_brand","embeddable":true,"href":"https:\/\/tiendamarcial.com\/arnobysinam\/wp-json\/wp\/v2\/product_brand?post=1281"},{"taxonomy":"product_cat","embeddable":true,"href":"https:\/\/tiendamarcial.com\/arnobysinam\/wp-json\/wp\/v2\/product_cat?post=1281"},{"taxonomy":"product_tag","embeddable":true,"href":"https:\/\/tiendamarcial.com\/arnobysinam\/wp-json\/wp\/v2\/product_tag?post=1281"}],"curies":[{"name":"wp","href":"https:\/\/api.w.org\/{rel}","templated":true}]}}