{"id":1252,"date":"2023-07-25T23:10:46","date_gmt":"2023-07-25T23:10:46","guid":{"rendered":"https:\/\/tiendamarcial.com\/arnobysinam\/?post_type=product&#038;p=1252"},"modified":"2023-07-25T23:15:07","modified_gmt":"2023-07-25T23:15:07","slug":"el-ultimo-samurai-dvd","status":"publish","type":"product","link":"https:\/\/tiendamarcial.com\/arnobysinam\/producto\/el-ultimo-samurai-dvd\/","title":{"rendered":"El \u00faltimo Samurai &#8211; DVD"},"content":{"rendered":"<div><strong>Sinopsis:<\/strong>\u00a0El capit\u00e1n Nathan Algren (Tom Cruise) es un hombre a la deriva. Las batallas que libr\u00f3 en otro tiempo parecen ahora lejanas e in\u00fatiles. En un mundo completamente distinto, otro soldado ve como su modo de vida est\u00e1 a punto de desintegrarse. Es Katsumoto (Ken Watanabe), el \u00faltimo l\u00ed\u00adder de un antiguo linaje de guerreros, los venerados samur\u00e1is, que dedicaron sus vidas a servir al emperador y a su pa\u00ed\u00ads.<\/div>\n<div>Los caminos de estos dos guerreros convergen cuando el joven emperador de Jap\u00f3n, cortejado por los intereses norteamericanos que codician el mercado japon\u00e9s en expansi\u00f3n, contrata a Algren para preparar el primer ej\u00e9rcito de reclutas moderno de Jap\u00f3n. Pero cuando los asesores del emperador tratan de erradicar a los samur\u00e1is como parte de los preparativos para un gobierno m\u00e1s occidentalizado y favorable al comercio, Algren se encuentra inesperadamente impresionado e influido por sus encuentros con los samurai. Inmerso ahora en un territorio duro y desconocido, con su vida y, tal vez lo que es m\u00e1s importante, su alma pendientes de un hilo, el atormentado soldado norteamericano se encuentra en medio de una violenta y \u00e9pica lucha entre dos \u00e9pocas y dos mundos, contando solo con su sentido del honor para guiarle.<\/div>\n<p><strong>Idioma audio:<\/strong>\u00a0Ingl\u00e9s y franc\u00e9s<br \/>\n<strong>Subt\u00ed\u00adtulos:<\/strong>\u00a0Espa\u00f1ol, ingl\u00e9s y franc\u00e9s<br \/>\n<strong>Duraci\u00f3n:<\/strong>\u00a02 horas y 22 minutos<br \/>\n<strong>A\u00f1o de estreno:<\/strong>\u00a02003<br \/>\n<strong>Edici\u00f3n especial:<\/strong>\u00a02 discos<\/p>\n","protected":false},"excerpt":{"rendered":"<div>Una de las mejores pel\u00edculas de Tom Cruise (Nathan Algren) sobre el antiguo Jap\u00f3n.<\/div>\n","protected":false},"featured_media":1247,"template":"","meta":[],"product_brand":[],"product_cat":[155],"product_tag":[157,165,161,166],"class_list":{"0":"post-1252","1":"product","2":"type-product","3":"status-publish","4":"has-post-thumbnail","6":"product_cat-videos-dvd","7":"product_tag-dvd","8":"product_tag-el-ultimo-samurai","9":"product_tag-pelicula","10":"product_tag-the-last-samurai","12":"first","13":"instock","14":"shipping-taxable","15":"purchasable","16":"product-type-simple"},"yoast_head":"<!-- This site is optimized with the Yoast SEO plugin v26.8 - https:\/\/yoast.com\/product\/yoast-seo-wordpress\/ -->\n<title>El \u00faltimo Samurai - DVD - Tienda Marcial Colombia<\/title>\n<meta name=\"robots\" content=\"index, follow, max-snippet:-1, max-image-preview:large, max-video-preview:-1\" \/>\n<link rel=\"canonical\" href=\"https:\/\/tiendamarcial.com\/arnobysinam\/producto\/el-ultimo-samurai-dvd\/\" \/>\n<meta property=\"og:locale\" content=\"es_ES\" \/>\n<meta property=\"og:type\" content=\"article\" \/>\n<meta property=\"og:title\" content=\"El \u00faltimo Samurai - DVD - Tienda Marcial Colombia\" \/>\n<meta property=\"og:description\" content=\"Una de las mejores pel\u00edculas de Tom Cruise (Nathan Algren) sobre el antiguo Jap\u00f3n.\" \/>\n<meta property=\"og:url\" content=\"https:\/\/tiendamarcial.com\/arnobysinam\/producto\/el-ultimo-samurai-dvd\/\" \/>\n<meta property=\"og:site_name\" content=\"Tienda Marcial Colombia\" \/>\n<meta property=\"article:publisher\" content=\"https:\/\/www.facebook.com\/TiendaMarcial\" \/>\n<meta property=\"article:modified_time\" content=\"2023-07-25T23:15:07+00:00\" \/>\n<meta property=\"og:image\" content=\"https:\/\/tiendamarcial.com\/arnobysinam\/wp-content\/uploads\/2023\/07\/CUVP006.jpg\" \/>\n\t<meta property=\"og:image:width\" content=\"600\" \/>\n\t<meta property=\"og:image:height\" content=\"600\" \/>\n\t<meta property=\"og:image:type\" content=\"image\/jpeg\" \/>\n<meta name=\"twitter:card\" content=\"summary_large_image\" \/>\n<meta name=\"twitter:site\" content=\"@TiendaMarcial\" \/>\n<meta name=\"twitter:label1\" content=\"Tiempo de lectura\" \/>\n\t<meta name=\"twitter:data1\" content=\"1 minuto\" \/>\n<script type=\"application\/ld+json\" class=\"yoast-schema-graph\">{\"@context\":\"https:\/\/schema.org\",\"@graph\":[{\"@type\":\"WebPage\",\"@id\":\"https:\/\/tiendamarcial.com\/arnobysinam\/producto\/el-ultimo-samurai-dvd\/\",\"url\":\"https:\/\/tiendamarcial.com\/arnobysinam\/producto\/el-ultimo-samurai-dvd\/\",\"name\":\"El \u00faltimo Samurai - DVD - Tienda Marcial Colombia\",\"isPartOf\":{\"@id\":\"https:\/\/tiendamarcial.com\/arnobysinam\/#website\"},\"primaryImageOfPage\":{\"@id\":\"https:\/\/tiendamarcial.com\/arnobysinam\/producto\/el-ultimo-samurai-dvd\/#primaryimage\"},\"image\":{\"@id\":\"https:\/\/tiendamarcial.com\/arnobysinam\/producto\/el-ultimo-samurai-dvd\/#primaryimage\"},\"thumbnailUrl\":\"https:\/\/tiendamarcial.com\/arnobysinam\/wp-content\/uploads\/2023\/07\/CUVP006.jpg\",\"datePublished\":\"2023-07-25T23:10:46+00:00\",\"dateModified\":\"2023-07-25T23:15:07+00:00\",\"breadcrumb\":{\"@id\":\"https:\/\/tiendamarcial.com\/arnobysinam\/producto\/el-ultimo-samurai-dvd\/#breadcrumb\"},\"inLanguage\":\"es\",\"potentialAction\":[{\"@type\":\"ReadAction\",\"target\":[\"https:\/\/tiendamarcial.com\/arnobysinam\/producto\/el-ultimo-samurai-dvd\/\"]}]},{\"@type\":\"ImageObject\",\"inLanguage\":\"es\",\"@id\":\"https:\/\/tiendamarcial.com\/arnobysinam\/producto\/el-ultimo-samurai-dvd\/#primaryimage\",\"url\":\"https:\/\/tiendamarcial.com\/arnobysinam\/wp-content\/uploads\/2023\/07\/CUVP006.jpg\",\"contentUrl\":\"https:\/\/tiendamarcial.com\/arnobysinam\/wp-content\/uploads\/2023\/07\/CUVP006.jpg\",\"width\":600,\"height\":600},{\"@type\":\"BreadcrumbList\",\"@id\":\"https:\/\/tiendamarcial.com\/arnobysinam\/producto\/el-ultimo-samurai-dvd\/#breadcrumb\",\"itemListElement\":[{\"@type\":\"ListItem\",\"position\":1,\"name\":\"Portada\",\"item\":\"https:\/\/tiendamarcial.com\/arnobysinam\/\"},{\"@type\":\"ListItem\",\"position\":2,\"name\":\"Tienda\",\"item\":\"https:\/\/tiendamarcial.com\/arnobysinam\/tienda\/\"},{\"@type\":\"ListItem\",\"position\":3,\"name\":\"El \u00faltimo Samurai &#8211; DVD\"}]},{\"@type\":\"WebSite\",\"@id\":\"https:\/\/tiendamarcial.com\/arnobysinam\/#website\",\"url\":\"https:\/\/tiendamarcial.com\/arnobysinam\/\",\"name\":\"Tienda Marcial Colombia\",\"description\":\"Todo en implementos para Artes Marciales\",\"potentialAction\":[{\"@type\":\"SearchAction\",\"target\":{\"@type\":\"EntryPoint\",\"urlTemplate\":\"https:\/\/tiendamarcial.com\/arnobysinam\/?s={search_term_string}\"},\"query-input\":{\"@type\":\"PropertyValueSpecification\",\"valueRequired\":true,\"valueName\":\"search_term_string\"}}],\"inLanguage\":\"es\"}]}<\/script>\n<!-- \/ Yoast SEO plugin. -->","yoast_head_json":{"title":"El \u00faltimo Samurai - DVD - Tienda Marcial Colombia","robots":{"index":"index","follow":"follow","max-snippet":"max-snippet:-1","max-image-preview":"max-image-preview:large","max-video-preview":"max-video-preview:-1"},"canonical":"https:\/\/tiendamarcial.com\/arnobysinam\/producto\/el-ultimo-samurai-dvd\/","og_locale":"es_ES","og_type":"article","og_title":"El \u00faltimo Samurai - DVD - Tienda Marcial Colombia","og_description":"Una de las mejores pel\u00edculas de Tom Cruise (Nathan Algren) sobre el antiguo Jap\u00f3n.","og_url":"https:\/\/tiendamarcial.com\/arnobysinam\/producto\/el-ultimo-samurai-dvd\/","og_site_name":"Tienda Marcial Colombia","article_publisher":"https:\/\/www.facebook.com\/TiendaMarcial","article_modified_time":"2023-07-25T23:15:07+00:00","og_image":[{"width":600,"height":600,"url":"https:\/\/tiendamarcial.com\/arnobysinam\/wp-content\/uploads\/2023\/07\/CUVP006.jpg","type":"image\/jpeg"}],"twitter_card":"summary_large_image","twitter_site":"@TiendaMarcial","twitter_misc":{"Tiempo de lectura":"1 minuto"},"schema":{"@context":"https:\/\/schema.org","@graph":[{"@type":"WebPage","@id":"https:\/\/tiendamarcial.com\/arnobysinam\/producto\/el-ultimo-samurai-dvd\/","url":"https:\/\/tiendamarcial.com\/arnobysinam\/producto\/el-ultimo-samurai-dvd\/","name":"El \u00faltimo Samurai - DVD - Tienda Marcial Colombia","isPartOf":{"@id":"https:\/\/tiendamarcial.com\/arnobysinam\/#website"},"primaryImageOfPage":{"@id":"https:\/\/tiendamarcial.com\/arnobysinam\/producto\/el-ultimo-samurai-dvd\/#primaryimage"},"image":{"@id":"https:\/\/tiendamarcial.com\/arnobysinam\/producto\/el-ultimo-samurai-dvd\/#primaryimage"},"thumbnailUrl":"https:\/\/tiendamarcial.com\/arnobysinam\/wp-content\/uploads\/2023\/07\/CUVP006.jpg","datePublished":"2023-07-25T23:10:46+00:00","dateModified":"2023-07-25T23:15:07+00:00","breadcrumb":{"@id":"https:\/\/tiendamarcial.com\/arnobysinam\/producto\/el-ultimo-samurai-dvd\/#breadcrumb"},"inLanguage":"es","potentialAction":[{"@type":"ReadAction","target":["https:\/\/tiendamarcial.com\/arnobysinam\/producto\/el-ultimo-samurai-dvd\/"]}]},{"@type":"ImageObject","inLanguage":"es","@id":"https:\/\/tiendamarcial.com\/arnobysinam\/producto\/el-ultimo-samurai-dvd\/#primaryimage","url":"https:\/\/tiendamarcial.com\/arnobysinam\/wp-content\/uploads\/2023\/07\/CUVP006.jpg","contentUrl":"https:\/\/tiendamarcial.com\/arnobysinam\/wp-content\/uploads\/2023\/07\/CUVP006.jpg","width":600,"height":600},{"@type":"BreadcrumbList","@id":"https:\/\/tiendamarcial.com\/arnobysinam\/producto\/el-ultimo-samurai-dvd\/#breadcrumb","itemListElement":[{"@type":"ListItem","position":1,"name":"Portada","item":"https:\/\/tiendamarcial.com\/arnobysinam\/"},{"@type":"ListItem","position":2,"name":"Tienda","item":"https:\/\/tiendamarcial.com\/arnobysinam\/tienda\/"},{"@type":"ListItem","position":3,"name":"El \u00faltimo Samurai &#8211; DVD"}]},{"@type":"WebSite","@id":"https:\/\/tiendamarcial.com\/arnobysinam\/#website","url":"https:\/\/tiendamarcial.com\/arnobysinam\/","name":"Tienda Marcial Colombia","description":"Todo en implementos para Artes Marciales","potentialAction":[{"@type":"SearchAction","target":{"@type":"EntryPoint","urlTemplate":"https:\/\/tiendamarcial.com\/arnobysinam\/?s={search_term_string}"},"query-input":{"@type":"PropertyValueSpecification","valueRequired":true,"valueName":"search_term_string"}}],"inLanguage":"es"}]}},"_links":{"self":[{"href":"https:\/\/tiendamarcial.com\/arnobysinam\/wp-json\/wp\/v2\/product\/1252","targetHints":{"allow":["GET"]}}],"collection":[{"href":"https:\/\/tiendamarcial.com\/arnobysinam\/wp-json\/wp\/v2\/product"}],"about":[{"href":"https:\/\/tiendamarcial.com\/arnobysinam\/wp-json\/wp\/v2\/types\/product"}],"version-history":[{"count":2,"href":"https:\/\/tiendamarcial.com\/arnobysinam\/wp-json\/wp\/v2\/product\/1252\/revisions"}],"predecessor-version":[{"id":1254,"href":"https:\/\/tiendamarcial.com\/arnobysinam\/wp-json\/wp\/v2\/product\/1252\/revisions\/1254"}],"wp:featuredmedia":[{"embeddable":true,"href":"https:\/\/tiendamarcial.com\/arnobysinam\/wp-json\/wp\/v2\/media\/1247"}],"wp:attachment":[{"href":"https:\/\/tiendamarcial.com\/arnobysinam\/wp-json\/wp\/v2\/media?parent=1252"}],"wp:term":[{"taxonomy":"product_brand","embeddable":true,"href":"https:\/\/tiendamarcial.com\/arnobysinam\/wp-json\/wp\/v2\/product_brand?post=1252"},{"taxonomy":"product_cat","embeddable":true,"href":"https:\/\/tiendamarcial.com\/arnobysinam\/wp-json\/wp\/v2\/product_cat?post=1252"},{"taxonomy":"product_tag","embeddable":true,"href":"https:\/\/tiendamarcial.com\/arnobysinam\/wp-json\/wp\/v2\/product_tag?post=1252"}],"curies":[{"name":"wp","href":"https:\/\/api.w.org\/{rel}","templated":true}]}}