{"id":1228,"date":"2023-07-25T21:06:27","date_gmt":"2023-07-25T21:06:27","guid":{"rendered":"https:\/\/tiendamarcial.com\/arnobysinam\/?post_type=product&#038;p=1228"},"modified":"2023-07-25T22:18:19","modified_gmt":"2023-07-25T22:18:19","slug":"tai-kai-colombia-2-008","status":"publish","type":"product","link":"https:\/\/tiendamarcial.com\/arnobysinam\/producto\/tai-kai-colombia-2-008\/","title":{"rendered":"Tai Kai Colombia 2.008 &#8211; DVD"},"content":{"rendered":"<div>Este es el tan esperado DVD del Tai Kai Colombia 2.008, el cual fue dirigido por el Shihan espa\u00f1ol Juan Manuel Serrano (Gekiry\u00fb), durante los d\u00ed\u00adas 11 y 12 de octubre en la ciudad de Bogot\u00e1 D.C. Este evento fue organizado por la ACIB (Asociaci\u00f3n Colombiana de Instructores Bujinkan &#8211; Lic. Arnoby Sinam Alba, Shihan y Alejandro Estrada, Shid\u00f4shi) en conmemoraci\u00f3n de los 15 a\u00f1os de fundada la Bujinkan Ninja D\u00f4j\u00f4 en Colombia.<\/div>\n<div><\/div>\n<p><strong>Idioma audio:<\/strong>\u00a0Espa\u00f1ol<br \/>\n<strong>Subt\u00ed\u00adtulos:<\/strong>\u00a0No tiene<br \/>\n<strong>Duraci\u00f3n:<\/strong>\u00a01 hora y 20 minutos<br \/>\n<strong>A\u00f1o de edici\u00f3n:<\/strong> 2.008<\/p>\n","protected":false},"excerpt":{"rendered":"<p>Este es el DVD del Tai Kai Colombia 2.008, el cual fue dirigido por el Shihan espa\u00f1ol Juan Manuel Serrano (Gekiry\u00fb).<\/p>\n","protected":false},"featured_media":1231,"template":"","meta":[],"product_brand":[],"product_cat":[155],"product_tag":[159,160,157,60,46,61,158,156],"class_list":{"0":"post-1228","1":"product","2":"type-product","3":"status-publish","4":"has-post-thumbnail","6":"product_cat-videos-dvd","7":"product_tag-bujinkan","8":"product_tag-colombia","9":"product_tag-dvd","10":"product_tag-espada","11":"product_tag-ninjutsu","12":"product_tag-sword","13":"product_tag-tai-kai","14":"product_tag-video","16":"first","17":"instock","18":"shipping-taxable","19":"purchasable","20":"product-type-simple"},"yoast_head":"<!-- This site is optimized with the Yoast SEO plugin v26.8 - https:\/\/yoast.com\/product\/yoast-seo-wordpress\/ -->\n<title>Tai Kai Colombia 2.008 - DVD - Tienda Marcial Colombia<\/title>\n<meta name=\"robots\" content=\"index, follow, max-snippet:-1, max-image-preview:large, max-video-preview:-1\" \/>\n<link rel=\"canonical\" href=\"https:\/\/tiendamarcial.com\/arnobysinam\/producto\/tai-kai-colombia-2-008\/\" \/>\n<meta property=\"og:locale\" content=\"es_ES\" \/>\n<meta property=\"og:type\" content=\"article\" \/>\n<meta property=\"og:title\" content=\"Tai Kai Colombia 2.008 - DVD - Tienda Marcial Colombia\" \/>\n<meta property=\"og:description\" content=\"Este es el DVD del Tai Kai Colombia 2.008, el cual fue dirigido por el Shihan espa\u00f1ol Juan Manuel Serrano (Gekiry\u00fb).\" \/>\n<meta property=\"og:url\" content=\"https:\/\/tiendamarcial.com\/arnobysinam\/producto\/tai-kai-colombia-2-008\/\" \/>\n<meta property=\"og:site_name\" content=\"Tienda Marcial Colombia\" \/>\n<meta property=\"article:publisher\" content=\"https:\/\/www.facebook.com\/TiendaMarcial\" \/>\n<meta property=\"article:modified_time\" content=\"2023-07-25T22:18:19+00:00\" \/>\n<meta property=\"og:image\" content=\"https:\/\/tiendamarcial.com\/arnobysinam\/wp-content\/uploads\/2023\/07\/CUVN500.jpg\" \/>\n\t<meta property=\"og:image:width\" content=\"600\" \/>\n\t<meta property=\"og:image:height\" content=\"600\" \/>\n\t<meta property=\"og:image:type\" content=\"image\/jpeg\" \/>\n<meta name=\"twitter:card\" content=\"summary_large_image\" \/>\n<meta name=\"twitter:site\" content=\"@TiendaMarcial\" \/>\n<script type=\"application\/ld+json\" class=\"yoast-schema-graph\">{\"@context\":\"https:\/\/schema.org\",\"@graph\":[{\"@type\":\"WebPage\",\"@id\":\"https:\/\/tiendamarcial.com\/arnobysinam\/producto\/tai-kai-colombia-2-008\/\",\"url\":\"https:\/\/tiendamarcial.com\/arnobysinam\/producto\/tai-kai-colombia-2-008\/\",\"name\":\"Tai Kai Colombia 2.008 - DVD - Tienda Marcial Colombia\",\"isPartOf\":{\"@id\":\"https:\/\/tiendamarcial.com\/arnobysinam\/#website\"},\"primaryImageOfPage\":{\"@id\":\"https:\/\/tiendamarcial.com\/arnobysinam\/producto\/tai-kai-colombia-2-008\/#primaryimage\"},\"image\":{\"@id\":\"https:\/\/tiendamarcial.com\/arnobysinam\/producto\/tai-kai-colombia-2-008\/#primaryimage\"},\"thumbnailUrl\":\"https:\/\/tiendamarcial.com\/arnobysinam\/wp-content\/uploads\/2023\/07\/CUVN500.jpg\",\"datePublished\":\"2023-07-25T21:06:27+00:00\",\"dateModified\":\"2023-07-25T22:18:19+00:00\",\"breadcrumb\":{\"@id\":\"https:\/\/tiendamarcial.com\/arnobysinam\/producto\/tai-kai-colombia-2-008\/#breadcrumb\"},\"inLanguage\":\"es\",\"potentialAction\":[{\"@type\":\"ReadAction\",\"target\":[\"https:\/\/tiendamarcial.com\/arnobysinam\/producto\/tai-kai-colombia-2-008\/\"]}]},{\"@type\":\"ImageObject\",\"inLanguage\":\"es\",\"@id\":\"https:\/\/tiendamarcial.com\/arnobysinam\/producto\/tai-kai-colombia-2-008\/#primaryimage\",\"url\":\"https:\/\/tiendamarcial.com\/arnobysinam\/wp-content\/uploads\/2023\/07\/CUVN500.jpg\",\"contentUrl\":\"https:\/\/tiendamarcial.com\/arnobysinam\/wp-content\/uploads\/2023\/07\/CUVN500.jpg\",\"width\":600,\"height\":600},{\"@type\":\"BreadcrumbList\",\"@id\":\"https:\/\/tiendamarcial.com\/arnobysinam\/producto\/tai-kai-colombia-2-008\/#breadcrumb\",\"itemListElement\":[{\"@type\":\"ListItem\",\"position\":1,\"name\":\"Portada\",\"item\":\"https:\/\/tiendamarcial.com\/arnobysinam\/\"},{\"@type\":\"ListItem\",\"position\":2,\"name\":\"Tienda\",\"item\":\"https:\/\/tiendamarcial.com\/arnobysinam\/tienda\/\"},{\"@type\":\"ListItem\",\"position\":3,\"name\":\"Tai Kai Colombia 2.008 &#8211; DVD\"}]},{\"@type\":\"WebSite\",\"@id\":\"https:\/\/tiendamarcial.com\/arnobysinam\/#website\",\"url\":\"https:\/\/tiendamarcial.com\/arnobysinam\/\",\"name\":\"Tienda Marcial Colombia\",\"description\":\"Todo en implementos para Artes Marciales\",\"potentialAction\":[{\"@type\":\"SearchAction\",\"target\":{\"@type\":\"EntryPoint\",\"urlTemplate\":\"https:\/\/tiendamarcial.com\/arnobysinam\/?s={search_term_string}\"},\"query-input\":{\"@type\":\"PropertyValueSpecification\",\"valueRequired\":true,\"valueName\":\"search_term_string\"}}],\"inLanguage\":\"es\"}]}<\/script>\n<!-- \/ Yoast SEO plugin. -->","yoast_head_json":{"title":"Tai Kai Colombia 2.008 - DVD - Tienda Marcial Colombia","robots":{"index":"index","follow":"follow","max-snippet":"max-snippet:-1","max-image-preview":"max-image-preview:large","max-video-preview":"max-video-preview:-1"},"canonical":"https:\/\/tiendamarcial.com\/arnobysinam\/producto\/tai-kai-colombia-2-008\/","og_locale":"es_ES","og_type":"article","og_title":"Tai Kai Colombia 2.008 - DVD - Tienda Marcial Colombia","og_description":"Este es el DVD del Tai Kai Colombia 2.008, el cual fue dirigido por el Shihan espa\u00f1ol Juan Manuel Serrano (Gekiry\u00fb).","og_url":"https:\/\/tiendamarcial.com\/arnobysinam\/producto\/tai-kai-colombia-2-008\/","og_site_name":"Tienda Marcial Colombia","article_publisher":"https:\/\/www.facebook.com\/TiendaMarcial","article_modified_time":"2023-07-25T22:18:19+00:00","og_image":[{"width":600,"height":600,"url":"https:\/\/tiendamarcial.com\/arnobysinam\/wp-content\/uploads\/2023\/07\/CUVN500.jpg","type":"image\/jpeg"}],"twitter_card":"summary_large_image","twitter_site":"@TiendaMarcial","schema":{"@context":"https:\/\/schema.org","@graph":[{"@type":"WebPage","@id":"https:\/\/tiendamarcial.com\/arnobysinam\/producto\/tai-kai-colombia-2-008\/","url":"https:\/\/tiendamarcial.com\/arnobysinam\/producto\/tai-kai-colombia-2-008\/","name":"Tai Kai Colombia 2.008 - DVD - Tienda Marcial Colombia","isPartOf":{"@id":"https:\/\/tiendamarcial.com\/arnobysinam\/#website"},"primaryImageOfPage":{"@id":"https:\/\/tiendamarcial.com\/arnobysinam\/producto\/tai-kai-colombia-2-008\/#primaryimage"},"image":{"@id":"https:\/\/tiendamarcial.com\/arnobysinam\/producto\/tai-kai-colombia-2-008\/#primaryimage"},"thumbnailUrl":"https:\/\/tiendamarcial.com\/arnobysinam\/wp-content\/uploads\/2023\/07\/CUVN500.jpg","datePublished":"2023-07-25T21:06:27+00:00","dateModified":"2023-07-25T22:18:19+00:00","breadcrumb":{"@id":"https:\/\/tiendamarcial.com\/arnobysinam\/producto\/tai-kai-colombia-2-008\/#breadcrumb"},"inLanguage":"es","potentialAction":[{"@type":"ReadAction","target":["https:\/\/tiendamarcial.com\/arnobysinam\/producto\/tai-kai-colombia-2-008\/"]}]},{"@type":"ImageObject","inLanguage":"es","@id":"https:\/\/tiendamarcial.com\/arnobysinam\/producto\/tai-kai-colombia-2-008\/#primaryimage","url":"https:\/\/tiendamarcial.com\/arnobysinam\/wp-content\/uploads\/2023\/07\/CUVN500.jpg","contentUrl":"https:\/\/tiendamarcial.com\/arnobysinam\/wp-content\/uploads\/2023\/07\/CUVN500.jpg","width":600,"height":600},{"@type":"BreadcrumbList","@id":"https:\/\/tiendamarcial.com\/arnobysinam\/producto\/tai-kai-colombia-2-008\/#breadcrumb","itemListElement":[{"@type":"ListItem","position":1,"name":"Portada","item":"https:\/\/tiendamarcial.com\/arnobysinam\/"},{"@type":"ListItem","position":2,"name":"Tienda","item":"https:\/\/tiendamarcial.com\/arnobysinam\/tienda\/"},{"@type":"ListItem","position":3,"name":"Tai Kai Colombia 2.008 &#8211; DVD"}]},{"@type":"WebSite","@id":"https:\/\/tiendamarcial.com\/arnobysinam\/#website","url":"https:\/\/tiendamarcial.com\/arnobysinam\/","name":"Tienda Marcial Colombia","description":"Todo en implementos para Artes Marciales","potentialAction":[{"@type":"SearchAction","target":{"@type":"EntryPoint","urlTemplate":"https:\/\/tiendamarcial.com\/arnobysinam\/?s={search_term_string}"},"query-input":{"@type":"PropertyValueSpecification","valueRequired":true,"valueName":"search_term_string"}}],"inLanguage":"es"}]}},"_links":{"self":[{"href":"https:\/\/tiendamarcial.com\/arnobysinam\/wp-json\/wp\/v2\/product\/1228","targetHints":{"allow":["GET"]}}],"collection":[{"href":"https:\/\/tiendamarcial.com\/arnobysinam\/wp-json\/wp\/v2\/product"}],"about":[{"href":"https:\/\/tiendamarcial.com\/arnobysinam\/wp-json\/wp\/v2\/types\/product"}],"version-history":[{"count":4,"href":"https:\/\/tiendamarcial.com\/arnobysinam\/wp-json\/wp\/v2\/product\/1228\/revisions"}],"predecessor-version":[{"id":1235,"href":"https:\/\/tiendamarcial.com\/arnobysinam\/wp-json\/wp\/v2\/product\/1228\/revisions\/1235"}],"wp:featuredmedia":[{"embeddable":true,"href":"https:\/\/tiendamarcial.com\/arnobysinam\/wp-json\/wp\/v2\/media\/1231"}],"wp:attachment":[{"href":"https:\/\/tiendamarcial.com\/arnobysinam\/wp-json\/wp\/v2\/media?parent=1228"}],"wp:term":[{"taxonomy":"product_brand","embeddable":true,"href":"https:\/\/tiendamarcial.com\/arnobysinam\/wp-json\/wp\/v2\/product_brand?post=1228"},{"taxonomy":"product_cat","embeddable":true,"href":"https:\/\/tiendamarcial.com\/arnobysinam\/wp-json\/wp\/v2\/product_cat?post=1228"},{"taxonomy":"product_tag","embeddable":true,"href":"https:\/\/tiendamarcial.com\/arnobysinam\/wp-json\/wp\/v2\/product_tag?post=1228"}],"curies":[{"name":"wp","href":"https:\/\/api.w.org\/{rel}","templated":true}]}}