{"id":1160,"date":"2023-07-20T23:55:46","date_gmt":"2023-07-20T23:55:46","guid":{"rendered":"https:\/\/tiendamarcial.com\/arnobysinam\/?post_type=product&#038;p=1160"},"modified":"2023-07-20T23:58:16","modified_gmt":"2023-07-20T23:58:16","slug":"maru-no-ichi-yon","status":"publish","type":"product","link":"https:\/\/tiendamarcial.com\/arnobysinam\/producto\/maru-no-ichi-yon\/","title":{"rendered":"Maru no ichi &#8211; Yon"},"content":{"rendered":"<p>Maru no Ichi es una extraordinaria revista editada por Seigan de Espa\u00f1a, en donde reune los pensamientos y experiencias de Hatsumi Sensei y varios de los instructores a nivel mundial que conforman la Bujinkan D\u00f4j\u00f4. Es de esos materiales que no deben faltar en la vida de un practicante de artes marciales.<\/p>\n<p>&nbsp;<\/p>\n<p><strong>En este n\u00famero:<\/strong><\/p>\n<p>&#8211; El \u00faltimo maestro est\u00e1 ah\u00ed\u00ad<\/p>\n<p>&#8211; Shin Ki Ryoku<\/p>\n<p>&#8211; Sistema inmunol\u00f3gico<\/p>\n<p>&#8211; Noticias<\/p>\n<p>&#8211; Yari y el arte del S\u00f4 Jutsu<\/p>\n<p>&#8211; Hatsumi Sensei (S\u00f4 Jutsu)<\/p>\n<p>&#8211; Serie t\u00e9cnica y mucho m\u00e1s&#8230;..<\/p>\n","protected":false},"excerpt":{"rendered":"<p>Maru no Ichi es una revista editada en Espa\u00f1a, en donde reune los pensamientos y experiencias de Hatsumi Sensei y varios de los instructores a nivel mundial.<\/p>\n","protected":false},"featured_media":1147,"template":"","meta":[],"product_brand":[],"product_cat":[136],"product_tag":[39,138,137],"class_list":{"0":"post-1160","1":"product","2":"type-product","3":"status-publish","4":"has-post-thumbnail","6":"product_cat-revistas","7":"product_tag-artes-marciales","8":"product_tag-maru-no-ichi","9":"product_tag-revista","11":"first","12":"instock","13":"shipping-taxable","14":"purchasable","15":"product-type-simple"},"yoast_head":"<!-- This site is optimized with the Yoast SEO plugin v27.6 - https:\/\/yoast.com\/product\/yoast-seo-wordpress\/ -->\n<title>Maru no ichi - Yon - Tienda Marcial Colombia<\/title>\n<meta name=\"robots\" content=\"index, follow, max-snippet:-1, max-image-preview:large, max-video-preview:-1\" \/>\n<link rel=\"canonical\" href=\"https:\/\/tiendamarcial.com\/arnobysinam\/producto\/maru-no-ichi-yon\/\" \/>\n<meta property=\"og:locale\" content=\"es_ES\" \/>\n<meta property=\"og:type\" content=\"article\" \/>\n<meta property=\"og:title\" content=\"Maru no ichi - Yon - Tienda Marcial Colombia\" \/>\n<meta property=\"og:description\" content=\"Maru no Ichi es una revista editada en Espa\u00f1a, en donde reune los pensamientos y experiencias de Hatsumi Sensei y varios de los instructores a nivel mundial.\" \/>\n<meta property=\"og:url\" content=\"https:\/\/tiendamarcial.com\/arnobysinam\/producto\/maru-no-ichi-yon\/\" \/>\n<meta property=\"og:site_name\" content=\"Tienda Marcial Colombia\" \/>\n<meta property=\"article:publisher\" content=\"https:\/\/www.facebook.com\/TiendaMarcial\" \/>\n<meta property=\"article:modified_time\" content=\"2023-07-20T23:58:16+00:00\" \/>\n<meta property=\"og:image\" content=\"https:\/\/tiendamarcial.com\/arnobysinam\/wp-content\/uploads\/2023\/07\/CURB002.jpg\" \/>\n\t<meta property=\"og:image:width\" content=\"600\" \/>\n\t<meta property=\"og:image:height\" content=\"600\" \/>\n\t<meta property=\"og:image:type\" content=\"image\/jpeg\" \/>\n<meta name=\"twitter:card\" content=\"summary_large_image\" \/>\n<meta name=\"twitter:site\" content=\"@TiendaMarcial\" \/>\n<script type=\"application\/ld+json\" class=\"yoast-schema-graph\">{\"@context\":\"https:\\\/\\\/schema.org\",\"@graph\":[{\"@type\":\"WebPage\",\"@id\":\"https:\\\/\\\/tiendamarcial.com\\\/arnobysinam\\\/producto\\\/maru-no-ichi-yon\\\/\",\"url\":\"https:\\\/\\\/tiendamarcial.com\\\/arnobysinam\\\/producto\\\/maru-no-ichi-yon\\\/\",\"name\":\"Maru no ichi - Yon - Tienda Marcial Colombia\",\"isPartOf\":{\"@id\":\"https:\\\/\\\/tiendamarcial.com\\\/arnobysinam\\\/#website\"},\"primaryImageOfPage\":{\"@id\":\"https:\\\/\\\/tiendamarcial.com\\\/arnobysinam\\\/producto\\\/maru-no-ichi-yon\\\/#primaryimage\"},\"image\":{\"@id\":\"https:\\\/\\\/tiendamarcial.com\\\/arnobysinam\\\/producto\\\/maru-no-ichi-yon\\\/#primaryimage\"},\"thumbnailUrl\":\"https:\\\/\\\/tiendamarcial.com\\\/arnobysinam\\\/wp-content\\\/uploads\\\/2023\\\/07\\\/CURB002.jpg\",\"datePublished\":\"2023-07-20T23:55:46+00:00\",\"dateModified\":\"2023-07-20T23:58:16+00:00\",\"breadcrumb\":{\"@id\":\"https:\\\/\\\/tiendamarcial.com\\\/arnobysinam\\\/producto\\\/maru-no-ichi-yon\\\/#breadcrumb\"},\"inLanguage\":\"es\",\"potentialAction\":[{\"@type\":\"ReadAction\",\"target\":[\"https:\\\/\\\/tiendamarcial.com\\\/arnobysinam\\\/producto\\\/maru-no-ichi-yon\\\/\"]}]},{\"@type\":\"ImageObject\",\"inLanguage\":\"es\",\"@id\":\"https:\\\/\\\/tiendamarcial.com\\\/arnobysinam\\\/producto\\\/maru-no-ichi-yon\\\/#primaryimage\",\"url\":\"https:\\\/\\\/tiendamarcial.com\\\/arnobysinam\\\/wp-content\\\/uploads\\\/2023\\\/07\\\/CURB002.jpg\",\"contentUrl\":\"https:\\\/\\\/tiendamarcial.com\\\/arnobysinam\\\/wp-content\\\/uploads\\\/2023\\\/07\\\/CURB002.jpg\",\"width\":600,\"height\":600},{\"@type\":\"BreadcrumbList\",\"@id\":\"https:\\\/\\\/tiendamarcial.com\\\/arnobysinam\\\/producto\\\/maru-no-ichi-yon\\\/#breadcrumb\",\"itemListElement\":[{\"@type\":\"ListItem\",\"position\":1,\"name\":\"Portada\",\"item\":\"https:\\\/\\\/tiendamarcial.com\\\/arnobysinam\\\/\"},{\"@type\":\"ListItem\",\"position\":2,\"name\":\"Tienda\",\"item\":\"https:\\\/\\\/tiendamarcial.com\\\/arnobysinam\\\/tienda\\\/\"},{\"@type\":\"ListItem\",\"position\":3,\"name\":\"Maru no ichi &#8211; Yon\"}]},{\"@type\":\"WebSite\",\"@id\":\"https:\\\/\\\/tiendamarcial.com\\\/arnobysinam\\\/#website\",\"url\":\"https:\\\/\\\/tiendamarcial.com\\\/arnobysinam\\\/\",\"name\":\"Tienda Marcial Colombia\",\"description\":\"Todo en implementos para Artes Marciales\",\"potentialAction\":[{\"@type\":\"SearchAction\",\"target\":{\"@type\":\"EntryPoint\",\"urlTemplate\":\"https:\\\/\\\/tiendamarcial.com\\\/arnobysinam\\\/?s={search_term_string}\"},\"query-input\":{\"@type\":\"PropertyValueSpecification\",\"valueRequired\":true,\"valueName\":\"search_term_string\"}}],\"inLanguage\":\"es\"}]}<\/script>\n<!-- \/ Yoast SEO plugin. -->","yoast_head_json":{"title":"Maru no ichi - Yon - Tienda Marcial Colombia","robots":{"index":"index","follow":"follow","max-snippet":"max-snippet:-1","max-image-preview":"max-image-preview:large","max-video-preview":"max-video-preview:-1"},"canonical":"https:\/\/tiendamarcial.com\/arnobysinam\/producto\/maru-no-ichi-yon\/","og_locale":"es_ES","og_type":"article","og_title":"Maru no ichi - Yon - Tienda Marcial Colombia","og_description":"Maru no Ichi es una revista editada en Espa\u00f1a, en donde reune los pensamientos y experiencias de Hatsumi Sensei y varios de los instructores a nivel mundial.","og_url":"https:\/\/tiendamarcial.com\/arnobysinam\/producto\/maru-no-ichi-yon\/","og_site_name":"Tienda Marcial Colombia","article_publisher":"https:\/\/www.facebook.com\/TiendaMarcial","article_modified_time":"2023-07-20T23:58:16+00:00","og_image":[{"width":600,"height":600,"url":"https:\/\/tiendamarcial.com\/arnobysinam\/wp-content\/uploads\/2023\/07\/CURB002.jpg","type":"image\/jpeg"}],"twitter_card":"summary_large_image","twitter_site":"@TiendaMarcial","schema":{"@context":"https:\/\/schema.org","@graph":[{"@type":"WebPage","@id":"https:\/\/tiendamarcial.com\/arnobysinam\/producto\/maru-no-ichi-yon\/","url":"https:\/\/tiendamarcial.com\/arnobysinam\/producto\/maru-no-ichi-yon\/","name":"Maru no ichi - Yon - Tienda Marcial Colombia","isPartOf":{"@id":"https:\/\/tiendamarcial.com\/arnobysinam\/#website"},"primaryImageOfPage":{"@id":"https:\/\/tiendamarcial.com\/arnobysinam\/producto\/maru-no-ichi-yon\/#primaryimage"},"image":{"@id":"https:\/\/tiendamarcial.com\/arnobysinam\/producto\/maru-no-ichi-yon\/#primaryimage"},"thumbnailUrl":"https:\/\/tiendamarcial.com\/arnobysinam\/wp-content\/uploads\/2023\/07\/CURB002.jpg","datePublished":"2023-07-20T23:55:46+00:00","dateModified":"2023-07-20T23:58:16+00:00","breadcrumb":{"@id":"https:\/\/tiendamarcial.com\/arnobysinam\/producto\/maru-no-ichi-yon\/#breadcrumb"},"inLanguage":"es","potentialAction":[{"@type":"ReadAction","target":["https:\/\/tiendamarcial.com\/arnobysinam\/producto\/maru-no-ichi-yon\/"]}]},{"@type":"ImageObject","inLanguage":"es","@id":"https:\/\/tiendamarcial.com\/arnobysinam\/producto\/maru-no-ichi-yon\/#primaryimage","url":"https:\/\/tiendamarcial.com\/arnobysinam\/wp-content\/uploads\/2023\/07\/CURB002.jpg","contentUrl":"https:\/\/tiendamarcial.com\/arnobysinam\/wp-content\/uploads\/2023\/07\/CURB002.jpg","width":600,"height":600},{"@type":"BreadcrumbList","@id":"https:\/\/tiendamarcial.com\/arnobysinam\/producto\/maru-no-ichi-yon\/#breadcrumb","itemListElement":[{"@type":"ListItem","position":1,"name":"Portada","item":"https:\/\/tiendamarcial.com\/arnobysinam\/"},{"@type":"ListItem","position":2,"name":"Tienda","item":"https:\/\/tiendamarcial.com\/arnobysinam\/tienda\/"},{"@type":"ListItem","position":3,"name":"Maru no ichi &#8211; Yon"}]},{"@type":"WebSite","@id":"https:\/\/tiendamarcial.com\/arnobysinam\/#website","url":"https:\/\/tiendamarcial.com\/arnobysinam\/","name":"Tienda Marcial Colombia","description":"Todo en implementos para Artes Marciales","potentialAction":[{"@type":"SearchAction","target":{"@type":"EntryPoint","urlTemplate":"https:\/\/tiendamarcial.com\/arnobysinam\/?s={search_term_string}"},"query-input":{"@type":"PropertyValueSpecification","valueRequired":true,"valueName":"search_term_string"}}],"inLanguage":"es"}]}},"_links":{"self":[{"href":"https:\/\/tiendamarcial.com\/arnobysinam\/wp-json\/wp\/v2\/product\/1160","targetHints":{"allow":["GET"]}}],"collection":[{"href":"https:\/\/tiendamarcial.com\/arnobysinam\/wp-json\/wp\/v2\/product"}],"about":[{"href":"https:\/\/tiendamarcial.com\/arnobysinam\/wp-json\/wp\/v2\/types\/product"}],"version-history":[{"count":2,"href":"https:\/\/tiendamarcial.com\/arnobysinam\/wp-json\/wp\/v2\/product\/1160\/revisions"}],"predecessor-version":[{"id":1163,"href":"https:\/\/tiendamarcial.com\/arnobysinam\/wp-json\/wp\/v2\/product\/1160\/revisions\/1163"}],"wp:featuredmedia":[{"embeddable":true,"href":"https:\/\/tiendamarcial.com\/arnobysinam\/wp-json\/wp\/v2\/media\/1147"}],"wp:attachment":[{"href":"https:\/\/tiendamarcial.com\/arnobysinam\/wp-json\/wp\/v2\/media?parent=1160"}],"wp:term":[{"taxonomy":"product_brand","embeddable":true,"href":"https:\/\/tiendamarcial.com\/arnobysinam\/wp-json\/wp\/v2\/product_brand?post=1160"},{"taxonomy":"product_cat","embeddable":true,"href":"https:\/\/tiendamarcial.com\/arnobysinam\/wp-json\/wp\/v2\/product_cat?post=1160"},{"taxonomy":"product_tag","embeddable":true,"href":"https:\/\/tiendamarcial.com\/arnobysinam\/wp-json\/wp\/v2\/product_tag?post=1160"}],"curies":[{"name":"wp","href":"https:\/\/api.w.org\/{rel}","templated":true}]}}