{"id":1568,"date":"2023-07-28T18:50:43","date_gmt":"2023-07-28T18:50:43","guid":{"rendered":"https:\/\/tiendamarcial.com\/arnobysinam\/?page_id=1568"},"modified":"2023-07-29T01:12:34","modified_gmt":"2023-07-29T01:12:34","slug":"compras","status":"publish","type":"page","link":"https:\/\/tiendamarcial.com\/arnobysinam\/compras\/","title":{"rendered":"Compras"},"content":{"rendered":"\t\t<div data-elementor-type=\"wp-page\" data-elementor-id=\"1568\" class=\"elementor elementor-1568\" data-elementor-post-type=\"page\">\n\t\t\t\t<div class=\"elementor-element elementor-element-e72dd3b e-flex e-con-boxed e-con e-parent\" data-id=\"e72dd3b\" data-element_type=\"container\" data-e-type=\"container\">\n\t\t\t\t\t<div class=\"e-con-inner\">\n\t\t\t\t<div class=\"elementor-element elementor-element-5f617fa elementor-widget elementor-widget-image\" data-id=\"5f617fa\" data-element_type=\"widget\" data-e-type=\"widget\" data-widget_type=\"image.default\">\n\t\t\t\t<div class=\"elementor-widget-container\">\n\t\t\t\t\t\t\t\t\t\t\t\t\t\t\t<img fetchpriority=\"high\" decoding=\"async\" width=\"1920\" height=\"600\" src=\"https:\/\/tiendamarcial.com\/arnobysinam\/wp-content\/uploads\/2023\/07\/Banner-compras.png\" class=\"attachment-full size-full wp-image-1747\" alt=\"\" srcset=\"https:\/\/tiendamarcial.com\/arnobysinam\/wp-content\/uploads\/2023\/07\/Banner-compras.png 1920w, https:\/\/tiendamarcial.com\/arnobysinam\/wp-content\/uploads\/2023\/07\/Banner-compras-800x250.png 800w, https:\/\/tiendamarcial.com\/arnobysinam\/wp-content\/uploads\/2023\/07\/Banner-compras-300x94.png 300w, https:\/\/tiendamarcial.com\/arnobysinam\/wp-content\/uploads\/2023\/07\/Banner-compras-1024x320.png 1024w, https:\/\/tiendamarcial.com\/arnobysinam\/wp-content\/uploads\/2023\/07\/Banner-compras-768x240.png 768w, https:\/\/tiendamarcial.com\/arnobysinam\/wp-content\/uploads\/2023\/07\/Banner-compras-1536x480.png 1536w, https:\/\/tiendamarcial.com\/arnobysinam\/wp-content\/uploads\/2023\/07\/Banner-compras-1320x413.png 1320w\" sizes=\"(max-width: 1920px) 100vw, 1920px\" \/>\t\t\t\t\t\t\t\t\t\t\t\t\t\t\t<\/div>\n\t\t\t\t<\/div>\n\t\t\t\t\t<\/div>\n\t\t\t\t<\/div>\n\t\t<div class=\"elementor-element elementor-element-39c11cd e-flex e-con-boxed e-con e-parent\" data-id=\"39c11cd\" data-element_type=\"container\" data-e-type=\"container\">\n\t\t\t\t\t<div class=\"e-con-inner\">\n\t\t\t\t<div class=\"elementor-element elementor-element-194289f elementor-widget elementor-widget-heading\" data-id=\"194289f\" data-element_type=\"widget\" data-e-type=\"widget\" data-widget_type=\"heading.default\">\n\t\t\t\t<div class=\"elementor-widget-container\">\n\t\t\t\t\t<h2 class=\"elementor-heading-title elementor-size-default\">Variedad de Medios de Compra: \u00a1Tu Comodidad es Nuestra Prioridad!<\/h2>\t\t\t\t<\/div>\n\t\t\t\t<\/div>\n\t\t\t\t<div class=\"elementor-element elementor-element-df7458f elementor-widget elementor-widget-text-editor\" data-id=\"df7458f\" data-element_type=\"widget\" data-e-type=\"widget\" data-widget_type=\"text-editor.default\">\n\t\t\t\t<div class=\"elementor-widget-container\">\n\t\t\t\t\t\t\t\t\t<p>En <b>Tienda Marcial<\/b> queremos que tus compras sean lo m\u00e1s sencillas y seguras posible. Por ello, te ofrecemos una amplia variedad de medios para que elijas el que m\u00e1s se ajuste a tus preferencias y necesidades. Nuestra prioridad es brindarte una experiencia de compra satisfactoria y confiable. A continuaci\u00f3n, te presentamos los distintos medios de compra disponibles:<\/p>\n<ol>\n<li><b>Compra en Nuestra Web con Certificado SSL:<\/b><\/li>\n<\/ol>\n<ul>\n<li>\n<p>Nuestra p\u00e1gina web es un espacio seguro y confiable para realizar tus compras. Contamos con un certificado de seguridad SSL, el cual garantiza que toda la informaci\u00f3n que proporcionas durante el proceso de compra est\u00e1 protegida y encriptada. Puedes navegar y realizar tus pedidos con total confianza, sabiendo que tus datos personales y de pago est\u00e1n resguardados contra accesos no autorizados.<\/p>\n<\/li>\n<\/ul>\n<ol start=\"2\">\n<li><b>Compra por WhatsApp:<\/b><\/li>\n<\/ol>\n<ul>\n<li>\n<p>Si prefieres una atenci\u00f3n m\u00e1s personalizada, puedes hacer tus pedidos a trav\u00e9s de WhatsApp. Nuestro n\u00famero de contacto es 318-521 47 09. Simplemente env\u00edanos un mensaje con los productos que deseas adquirir, y nuestro equipo de atenci\u00f3n al cliente te guiar\u00e1 en todo el proceso de compra. Te proporcionaremos la informaci\u00f3n necesaria para realizar el pago y coordinaremos la entrega de tu pedido.<\/p>\n<\/li>\n<\/ul>\n<ol start=\"3\">\n<li><b>Compra por L\u00ednea M\u00f3vil:<\/b><\/li>\n<\/ol>\n<ul>\n<li>\n<p>Tambi\u00e9n puedes realizar tus compras directamente llamando a nuestra l\u00ednea m\u00f3vil 318-521 47 09. Nuestro equipo estar\u00e1 disponible para atenderte y asistirte en el proceso de compra. Podr\u00e1s realizar el pago y proporcionarnos los detalles de env\u00edo para recibir tus productos en la direcci\u00f3n que elijas.<\/p>\n<\/li>\n<\/ul>\n<ol start=\"4\">\n<li><b>Atenci\u00f3n Personalizada en Nuestra Tienda F\u00edsica:<\/b><\/li>\n<\/ol>\n<ul>\n<li>\n<p>Si te encuentras en la ciudad de Bucaramanga, puedes visitar nuestra tienda marcial ubicada en la calle 43 # 9-55, barrio Garc\u00eda Rovira. Si bien somos una tienda ONLINE, atendemos a nuestros clientes de forma personalizada bajo cita previa. Puedes coordinar la cita a trav\u00e9s de cualquiera de nuestros medios de contacto, ya sea por WhatsApp o por nuestra l\u00ednea m\u00f3vil.<\/p>\n<\/li>\n<\/ul>\n<ol start=\"5\">\n<li><b>Pedidos Especiales:<\/b><\/li>\n<\/ol>\n<ul>\n<li>\n<p>En caso de que busques alg\u00fan producto que no encuentres en nuestra web, no dudes en contactarnos. Estamos dispuestos a ayudarte a encontrar lo que necesitas y, si es posible, gestionar tu pedido especial.<\/p>\n<\/li>\n<\/ul>\n<p>En <b>Tienda Marcial<\/b>, valoramos tu comodidad y seguridad en cada paso de tu experiencia de compra. Nuestro equipo de atenci\u00f3n al cliente est\u00e1 siempre listo para brindarte la mejor asistencia y resolver cualquier duda que puedas tener. Tu satisfacci\u00f3n es nuestra meta principal, y trabajamos arduamente para ofrecerte un servicio de excelencia.<\/p>\n<p>\u00a1Gracias por elegir <b>Tienda Marcial<\/b> como tu tienda de art\u00edculos para Artes Marciales y deportivos! Esperamos seguir siendo tu opci\u00f3n preferida para todas tus compras en el futuro.<\/p><p><br><\/p>\n<p><\/p>\n<p><strong>Medios de contacto:<\/strong><\/p>\n<p><strong>M\u00f3vil:<\/strong> 318-521047 09<\/p>\n<p><strong>Whatsapp:<\/strong> 318-521 47 09<\/p>\n<p><strong>E-mail:<\/strong> info@TiendaMarcial.com<\/p>\t\t\t\t\t\t\t\t<\/div>\n\t\t\t\t<\/div>\n\t\t\t\t\t<\/div>\n\t\t\t\t<\/div>\n\t\t<div class=\"elementor-element elementor-element-95997e1 e-flex e-con-boxed e-con e-parent\" data-id=\"95997e1\" data-element_type=\"container\" data-e-type=\"container\">\n\t\t\t\t\t<div class=\"e-con-inner\">\n\t\t<div class=\"elementor-element elementor-element-a942ef0 e-con-full e-flex e-con e-parent\" data-id=\"a942ef0\" data-element_type=\"container\" data-e-type=\"container\">\n\t\t\t\t<div class=\"elementor-element elementor-element-6f5eccf elementor-view-default elementor-widget elementor-widget-icon\" data-id=\"6f5eccf\" data-element_type=\"widget\" data-e-type=\"widget\" data-widget_type=\"icon.default\">\n\t\t\t\t<div class=\"elementor-widget-container\">\n\t\t\t\t\t\t\t<div class=\"elementor-icon-wrapper\">\n\t\t\t<a class=\"elementor-icon\" href=\"https:\/\/tiendamarcial.com\/arnobysinam\/\">\n\t\t\t<svg aria-hidden=\"true\" class=\"e-font-icon-svg e-far-caret-square-left\" viewBox=\"0 0 448 512\" xmlns=\"http:\/\/www.w3.org\/2000\/svg\"><path d=\"M272 157.1v197.8c0 10.7-13 16.1-20.5 8.5l-98.3-98.9c-4.7-4.7-4.7-12.2 0-16.9l98.3-98.9c7.5-7.7 20.5-2.3 20.5 8.4zM448 80v352c0 26.5-21.5 48-48 48H48c-26.5 0-48-21.5-48-48V80c0-26.5 21.5-48 48-48h352c26.5 0 48 21.5 48 48zm-48 346V86c0-3.3-2.7-6-6-6H54c-3.3 0-6 2.7-6 6v340c0 3.3 2.7 6 6 6h340c3.3 0 6-2.7 6-6z\"><\/path><\/svg>\t\t\t<\/a>\n\t\t<\/div>\n\t\t\t\t\t\t<\/div>\n\t\t\t\t<\/div>\n\t\t\t\t<\/div>\n\t\t<div class=\"elementor-element elementor-element-341bd81 e-con-full e-flex e-con e-parent\" data-id=\"341bd81\" data-element_type=\"container\" data-e-type=\"container\">\n\t\t\t\t<div class=\"elementor-element elementor-element-2ef925f elementor-view-default elementor-widget elementor-widget-icon\" data-id=\"2ef925f\" data-element_type=\"widget\" data-e-type=\"widget\" data-widget_type=\"icon.default\">\n\t\t\t\t<div class=\"elementor-widget-container\">\n\t\t\t\t\t\t\t<div class=\"elementor-icon-wrapper\">\n\t\t\t<a class=\"elementor-icon\" href=\"https:\/\/tiendamarcial.com\/arnobysinam\/index.php\/pagos\/\">\n\t\t\t<svg aria-hidden=\"true\" class=\"e-font-icon-svg e-far-caret-square-right\" viewBox=\"0 0 448 512\" xmlns=\"http:\/\/www.w3.org\/2000\/svg\"><path d=\"M176 354.9V157.1c0-10.7 13-16.1 20.5-8.5l98.3 98.9c4.7 4.7 4.7 12.2 0 16.9l-98.3 98.9c-7.5 7.7-20.5 2.3-20.5-8.4zM448 80v352c0 26.5-21.5 48-48 48H48c-26.5 0-48-21.5-48-48V80c0-26.5 21.5-48 48-48h352c26.5 0 48 21.5 48 48zm-48 346V86c0-3.3-2.7-6-6-6H54c-3.3 0-6 2.7-6 6v340c0 3.3 2.7 6 6 6h340c3.3 0 6-2.7 6-6z\"><\/path><\/svg>\t\t\t<\/a>\n\t\t<\/div>\n\t\t\t\t\t\t<\/div>\n\t\t\t\t<\/div>\n\t\t\t\t<\/div>\n\t\t\t\t\t<\/div>\n\t\t\t\t<\/div>\n\t\t\t\t<\/div>\n\t\t","protected":false},"excerpt":{"rendered":"<p>Variedad de Medios de Compra: \u00a1Tu Comodidad es Nuestra Prioridad! En Tienda Marcial queremos que tus compras sean lo m\u00e1s sencillas y seguras posible. Por ello, te ofrecemos una amplia variedad de medios para que elijas el que m\u00e1s se ajuste a tus preferencias y necesidades. Nuestra prioridad es brindarte una experiencia de compra satisfactoria [&hellip;]<\/p>\n","protected":false},"author":1,"featured_media":1574,"parent":0,"menu_order":0,"comment_status":"closed","ping_status":"closed","template":"","meta":{"footnotes":""},"class_list":["post-1568","page","type-page","status-publish","has-post-thumbnail","hentry"],"yoast_head":"<!-- This site is optimized with the Yoast SEO plugin v26.8 - https:\/\/yoast.com\/product\/yoast-seo-wordpress\/ -->\n<title>Compras - Tienda Marcial Colombia<\/title>\n<meta name=\"robots\" content=\"index, follow, max-snippet:-1, max-image-preview:large, max-video-preview:-1\" \/>\n<link rel=\"canonical\" href=\"https:\/\/tiendamarcial.com\/arnobysinam\/compras\/\" \/>\n<meta property=\"og:locale\" content=\"es_ES\" \/>\n<meta property=\"og:type\" content=\"article\" \/>\n<meta property=\"og:title\" content=\"Compras - Tienda Marcial Colombia\" \/>\n<meta property=\"og:description\" content=\"Variedad de Medios de Compra: \u00a1Tu Comodidad es Nuestra Prioridad! En Tienda Marcial queremos que tus compras sean lo m\u00e1s sencillas y seguras posible. Por ello, te ofrecemos una amplia variedad de medios para que elijas el que m\u00e1s se ajuste a tus preferencias y necesidades. Nuestra prioridad es brindarte una experiencia de compra satisfactoria [&hellip;]\" \/>\n<meta property=\"og:url\" content=\"https:\/\/tiendamarcial.com\/arnobysinam\/compras\/\" \/>\n<meta property=\"og:site_name\" content=\"Tienda Marcial Colombia\" \/>\n<meta property=\"article:publisher\" content=\"https:\/\/www.facebook.com\/TiendaMarcial\" \/>\n<meta property=\"article:modified_time\" content=\"2023-07-29T01:12:34+00:00\" \/>\n<meta property=\"og:image\" content=\"https:\/\/tiendamarcial.com\/arnobysinam\/wp-content\/uploads\/2023\/07\/1-compras-1.png\" \/>\n\t<meta property=\"og:image:width\" content=\"350\" \/>\n\t<meta property=\"og:image:height\" content=\"130\" \/>\n\t<meta property=\"og:image:type\" content=\"image\/png\" \/>\n<meta name=\"twitter:card\" content=\"summary_large_image\" \/>\n<meta name=\"twitter:site\" content=\"@TiendaMarcial\" \/>\n<meta name=\"twitter:label1\" content=\"Tiempo de lectura\" \/>\n\t<meta name=\"twitter:data1\" content=\"2 minutos\" \/>\n<script type=\"application\/ld+json\" class=\"yoast-schema-graph\">{\"@context\":\"https:\/\/schema.org\",\"@graph\":[{\"@type\":\"WebPage\",\"@id\":\"https:\/\/tiendamarcial.com\/arnobysinam\/compras\/\",\"url\":\"https:\/\/tiendamarcial.com\/arnobysinam\/compras\/\",\"name\":\"Compras - Tienda Marcial Colombia\",\"isPartOf\":{\"@id\":\"https:\/\/tiendamarcial.com\/arnobysinam\/#website\"},\"primaryImageOfPage\":{\"@id\":\"https:\/\/tiendamarcial.com\/arnobysinam\/compras\/#primaryimage\"},\"image\":{\"@id\":\"https:\/\/tiendamarcial.com\/arnobysinam\/compras\/#primaryimage\"},\"thumbnailUrl\":\"https:\/\/tiendamarcial.com\/arnobysinam\/wp-content\/uploads\/2023\/07\/1-compras-1.png\",\"datePublished\":\"2023-07-28T18:50:43+00:00\",\"dateModified\":\"2023-07-29T01:12:34+00:00\",\"breadcrumb\":{\"@id\":\"https:\/\/tiendamarcial.com\/arnobysinam\/compras\/#breadcrumb\"},\"inLanguage\":\"es\",\"potentialAction\":[{\"@type\":\"ReadAction\",\"target\":[\"https:\/\/tiendamarcial.com\/arnobysinam\/compras\/\"]}]},{\"@type\":\"ImageObject\",\"inLanguage\":\"es\",\"@id\":\"https:\/\/tiendamarcial.com\/arnobysinam\/compras\/#primaryimage\",\"url\":\"https:\/\/tiendamarcial.com\/arnobysinam\/wp-content\/uploads\/2023\/07\/1-compras-1.png\",\"contentUrl\":\"https:\/\/tiendamarcial.com\/arnobysinam\/wp-content\/uploads\/2023\/07\/1-compras-1.png\",\"width\":350,\"height\":130},{\"@type\":\"BreadcrumbList\",\"@id\":\"https:\/\/tiendamarcial.com\/arnobysinam\/compras\/#breadcrumb\",\"itemListElement\":[{\"@type\":\"ListItem\",\"position\":1,\"name\":\"Portada\",\"item\":\"https:\/\/tiendamarcial.com\/arnobysinam\/\"},{\"@type\":\"ListItem\",\"position\":2,\"name\":\"Compras\"}]},{\"@type\":\"WebSite\",\"@id\":\"https:\/\/tiendamarcial.com\/arnobysinam\/#website\",\"url\":\"https:\/\/tiendamarcial.com\/arnobysinam\/\",\"name\":\"Tienda Marcial Colombia\",\"description\":\"Todo en implementos para Artes Marciales\",\"potentialAction\":[{\"@type\":\"SearchAction\",\"target\":{\"@type\":\"EntryPoint\",\"urlTemplate\":\"https:\/\/tiendamarcial.com\/arnobysinam\/?s={search_term_string}\"},\"query-input\":{\"@type\":\"PropertyValueSpecification\",\"valueRequired\":true,\"valueName\":\"search_term_string\"}}],\"inLanguage\":\"es\"}]}<\/script>\n<!-- \/ Yoast SEO plugin. -->","yoast_head_json":{"title":"Compras - Tienda Marcial Colombia","robots":{"index":"index","follow":"follow","max-snippet":"max-snippet:-1","max-image-preview":"max-image-preview:large","max-video-preview":"max-video-preview:-1"},"canonical":"https:\/\/tiendamarcial.com\/arnobysinam\/compras\/","og_locale":"es_ES","og_type":"article","og_title":"Compras - Tienda Marcial Colombia","og_description":"Variedad de Medios de Compra: \u00a1Tu Comodidad es Nuestra Prioridad! En Tienda Marcial queremos que tus compras sean lo m\u00e1s sencillas y seguras posible. Por ello, te ofrecemos una amplia variedad de medios para que elijas el que m\u00e1s se ajuste a tus preferencias y necesidades. Nuestra prioridad es brindarte una experiencia de compra satisfactoria [&hellip;]","og_url":"https:\/\/tiendamarcial.com\/arnobysinam\/compras\/","og_site_name":"Tienda Marcial Colombia","article_publisher":"https:\/\/www.facebook.com\/TiendaMarcial","article_modified_time":"2023-07-29T01:12:34+00:00","og_image":[{"width":350,"height":130,"url":"https:\/\/tiendamarcial.com\/arnobysinam\/wp-content\/uploads\/2023\/07\/1-compras-1.png","type":"image\/png"}],"twitter_card":"summary_large_image","twitter_site":"@TiendaMarcial","twitter_misc":{"Tiempo de lectura":"2 minutos"},"schema":{"@context":"https:\/\/schema.org","@graph":[{"@type":"WebPage","@id":"https:\/\/tiendamarcial.com\/arnobysinam\/compras\/","url":"https:\/\/tiendamarcial.com\/arnobysinam\/compras\/","name":"Compras - Tienda Marcial Colombia","isPartOf":{"@id":"https:\/\/tiendamarcial.com\/arnobysinam\/#website"},"primaryImageOfPage":{"@id":"https:\/\/tiendamarcial.com\/arnobysinam\/compras\/#primaryimage"},"image":{"@id":"https:\/\/tiendamarcial.com\/arnobysinam\/compras\/#primaryimage"},"thumbnailUrl":"https:\/\/tiendamarcial.com\/arnobysinam\/wp-content\/uploads\/2023\/07\/1-compras-1.png","datePublished":"2023-07-28T18:50:43+00:00","dateModified":"2023-07-29T01:12:34+00:00","breadcrumb":{"@id":"https:\/\/tiendamarcial.com\/arnobysinam\/compras\/#breadcrumb"},"inLanguage":"es","potentialAction":[{"@type":"ReadAction","target":["https:\/\/tiendamarcial.com\/arnobysinam\/compras\/"]}]},{"@type":"ImageObject","inLanguage":"es","@id":"https:\/\/tiendamarcial.com\/arnobysinam\/compras\/#primaryimage","url":"https:\/\/tiendamarcial.com\/arnobysinam\/wp-content\/uploads\/2023\/07\/1-compras-1.png","contentUrl":"https:\/\/tiendamarcial.com\/arnobysinam\/wp-content\/uploads\/2023\/07\/1-compras-1.png","width":350,"height":130},{"@type":"BreadcrumbList","@id":"https:\/\/tiendamarcial.com\/arnobysinam\/compras\/#breadcrumb","itemListElement":[{"@type":"ListItem","position":1,"name":"Portada","item":"https:\/\/tiendamarcial.com\/arnobysinam\/"},{"@type":"ListItem","position":2,"name":"Compras"}]},{"@type":"WebSite","@id":"https:\/\/tiendamarcial.com\/arnobysinam\/#website","url":"https:\/\/tiendamarcial.com\/arnobysinam\/","name":"Tienda Marcial Colombia","description":"Todo en implementos para Artes Marciales","potentialAction":[{"@type":"SearchAction","target":{"@type":"EntryPoint","urlTemplate":"https:\/\/tiendamarcial.com\/arnobysinam\/?s={search_term_string}"},"query-input":{"@type":"PropertyValueSpecification","valueRequired":true,"valueName":"search_term_string"}}],"inLanguage":"es"}]}},"_links":{"self":[{"href":"https:\/\/tiendamarcial.com\/arnobysinam\/wp-json\/wp\/v2\/pages\/1568","targetHints":{"allow":["GET"]}}],"collection":[{"href":"https:\/\/tiendamarcial.com\/arnobysinam\/wp-json\/wp\/v2\/pages"}],"about":[{"href":"https:\/\/tiendamarcial.com\/arnobysinam\/wp-json\/wp\/v2\/types\/page"}],"author":[{"embeddable":true,"href":"https:\/\/tiendamarcial.com\/arnobysinam\/wp-json\/wp\/v2\/users\/1"}],"replies":[{"embeddable":true,"href":"https:\/\/tiendamarcial.com\/arnobysinam\/wp-json\/wp\/v2\/comments?post=1568"}],"version-history":[{"count":13,"href":"https:\/\/tiendamarcial.com\/arnobysinam\/wp-json\/wp\/v2\/pages\/1568\/revisions"}],"predecessor-version":[{"id":1750,"href":"https:\/\/tiendamarcial.com\/arnobysinam\/wp-json\/wp\/v2\/pages\/1568\/revisions\/1750"}],"wp:featuredmedia":[{"embeddable":true,"href":"https:\/\/tiendamarcial.com\/arnobysinam\/wp-json\/wp\/v2\/media\/1574"}],"wp:attachment":[{"href":"https:\/\/tiendamarcial.com\/arnobysinam\/wp-json\/wp\/v2\/media?parent=1568"}],"curies":[{"name":"wp","href":"https:\/\/api.w.org\/{rel}","templated":true}]}}