{"id":1447,"date":"2023-07-28T04:46:37","date_gmt":"2023-07-28T04:46:37","guid":{"rendered":"https:\/\/tiendamarcial.com\/arnobysinam\/?page_id=1447"},"modified":"2023-08-10T11:22:34","modified_gmt":"2023-08-10T16:22:34","slug":"blog","status":"publish","type":"page","link":"https:\/\/tiendamarcial.com\/arnobysinam\/blog\/","title":{"rendered":"Blog"},"content":{"rendered":"\t\t<div data-elementor-type=\"wp-page\" data-elementor-id=\"1447\" class=\"elementor elementor-1447\" data-elementor-post-type=\"page\">\n\t\t\t\t<div class=\"elementor-element elementor-element-19e3c56 e-flex e-con-boxed e-con e-parent\" data-id=\"19e3c56\" data-element_type=\"container\" data-e-type=\"container\" data-settings=\"{&quot;background_background&quot;:&quot;classic&quot;}\">\n\t\t\t\t\t<div class=\"e-con-inner\">\n\t\t\t\t\t<\/div>\n\t\t\t\t<\/div>\n\t\t<div class=\"elementor-element elementor-element-5528179 e-flex e-con-boxed e-con e-parent\" data-id=\"5528179\" data-element_type=\"container\" data-e-type=\"container\">\n\t\t\t\t\t<div class=\"e-con-inner\">\n\t\t\t\t<div class=\"elementor-element elementor-element-ac9bc8f elementor-grid-3 elementor-grid-tablet-2 elementor-grid-mobile-1 elementor-posts--align-left elementor-widget elementor-widget-blogmentor_blog_posts\" data-id=\"ac9bc8f\" data-element_type=\"widget\" data-e-type=\"widget\" data-settings=\"{&quot;bm_grid_columns&quot;:&quot;3&quot;,&quot;bm_grid_columns_tablet&quot;:&quot;2&quot;,&quot;bm_grid_columns_mobile&quot;:&quot;1&quot;,&quot;post_card_grid_gap&quot;:{&quot;unit&quot;:&quot;px&quot;,&quot;size&quot;:10,&quot;sizes&quot;:[]},&quot;post_card_row_gap&quot;:{&quot;unit&quot;:&quot;px&quot;,&quot;size&quot;:35,&quot;sizes&quot;:[]}}\" data-widget_type=\"blogmentor_blog_posts.default\">\n\t\t\t\t<div class=\"elementor-widget-container\">\n\t\t\t\t\t\t\t\n\t\t\t\t\t\t\t\t<div class=\"bm-blog-posts-wrapper\" >\n\t\t\t\t\t\t\t<div class=\"bm-blog-posts bm-display-grid elementor-grid elementor-grid-3\" >\n\t\t\t\t    <article id=\"post-1620\" class=\"item bm_layout post-1620 post type-post status-publish format-standard has-post-thumbnail hentry category-blog tag-artes-marciales tag-colombia tag-kendo tag-kenjutsu tag-samurai tag-tienda-marcial\">\n\t\t<div class=\"bm-blog-post-image entry-post-image\">\n\t\t\t<div class=\"bm-post-image clearfix bm-hover-effect bm-hover-effect-blur\">\n\t\t\t\t<img fetchpriority=\"high\" decoding=\"async\" width=\"574\" height=\"378\" src=\"https:\/\/tiendamarcial.com\/arnobysinam\/wp-content\/uploads\/2023\/07\/Kenjutsu.png\" class=\"attachment-2048x2048 size-2048x2048 wp-post-image\" alt=\"\" srcset=\"https:\/\/tiendamarcial.com\/arnobysinam\/wp-content\/uploads\/2023\/07\/Kenjutsu.png 574w, https:\/\/tiendamarcial.com\/arnobysinam\/wp-content\/uploads\/2023\/07\/Kenjutsu-300x198.png 300w\" sizes=\"(max-width: 574px) 100vw, 574px\" \/>\t\t\t<\/div>\n\t\t<\/div>\n        <div class=\"bm-blog-post-content bm_content_box\">\n            <h4 class=\"entry-post-title bm_title\"><a href=\"https:\/\/tiendamarcial.com\/arnobysinam\/2023\/07\/30\/kenjutsu\/\" rel=\"bookmark\">Kenjutsu<\/a><\/h4>            <div class=\"bm-blog-post-meta entry-post-meta bm_meta\">\n                <span class=\"byauthor\"><i class=\"fa fa-user\" aria-hidden=\"true\"><\/i><span class=\"screen-reader-text\">Publicado por<\/span><span class=\"author vcard\"><a class=\"url fn n\" href=\"https:\/\/tiendamarcial.com\/arnobysinam\/author\/arnobysinam\/\">ArnobySinam<\/a><\/span><\/span><span class=\"posted-on\"><i class=\"fa fa-clock\" aria-hidden=\"true\"><\/i><a href=\"https:\/\/tiendamarcial.com\/arnobysinam\/2023\/07\/30\/kenjutsu\/\" rel=\"bookmark\">julio 30, 2023<\/a><\/span>            <\/div>\n            <div class=\"entry-post-content bm_content\">\n                            <\/div>\n        <\/div>\n    <\/article>\n    <article id=\"post-1615\" class=\"item bm_layout post-1615 post type-post status-publish format-standard has-post-thumbnail hentry category-blog tag-artes-marciales tag-colombia tag-judo tag-tienda-marcial\">\n\t\t<div class=\"bm-blog-post-image entry-post-image\">\n\t\t\t<div class=\"bm-post-image clearfix bm-hover-effect bm-hover-effect-blur\">\n\t\t\t\t<img decoding=\"async\" width=\"574\" height=\"378\" src=\"https:\/\/tiendamarcial.com\/arnobysinam\/wp-content\/uploads\/2023\/07\/Judo.png\" class=\"attachment-2048x2048 size-2048x2048 wp-post-image\" alt=\"\" srcset=\"https:\/\/tiendamarcial.com\/arnobysinam\/wp-content\/uploads\/2023\/07\/Judo.png 574w, https:\/\/tiendamarcial.com\/arnobysinam\/wp-content\/uploads\/2023\/07\/Judo-300x198.png 300w\" sizes=\"(max-width: 574px) 100vw, 574px\" \/>\t\t\t<\/div>\n\t\t<\/div>\n        <div class=\"bm-blog-post-content bm_content_box\">\n            <h4 class=\"entry-post-title bm_title\"><a href=\"https:\/\/tiendamarcial.com\/arnobysinam\/2023\/07\/29\/judo\/\" rel=\"bookmark\">J\u00fbd\u00f4<\/a><\/h4>            <div class=\"bm-blog-post-meta entry-post-meta bm_meta\">\n                <span class=\"byauthor\"><i class=\"fa fa-user\" aria-hidden=\"true\"><\/i><span class=\"screen-reader-text\">Publicado por<\/span><span class=\"author vcard\"><a class=\"url fn n\" href=\"https:\/\/tiendamarcial.com\/arnobysinam\/author\/arnobysinam\/\">ArnobySinam<\/a><\/span><\/span><span class=\"posted-on\"><i class=\"fa fa-clock\" aria-hidden=\"true\"><\/i><a href=\"https:\/\/tiendamarcial.com\/arnobysinam\/2023\/07\/29\/judo\/\" rel=\"bookmark\">julio 29, 2023<\/a><\/span>            <\/div>\n            <div class=\"entry-post-content bm_content\">\n                            <\/div>\n        <\/div>\n    <\/article>\n    <article id=\"post-1600\" class=\"item bm_layout post-1600 post type-post status-publish format-standard has-post-thumbnail hentry category-blog tag-artes-marciales tag-colombia tag-taekwondo tag-tienda-marcial\">\n\t\t<div class=\"bm-blog-post-image entry-post-image\">\n\t\t\t<div class=\"bm-post-image clearfix bm-hover-effect bm-hover-effect-blur\">\n\t\t\t\t<img decoding=\"async\" width=\"574\" height=\"378\" src=\"https:\/\/tiendamarcial.com\/arnobysinam\/wp-content\/uploads\/2023\/07\/Taekwondo.png\" class=\"attachment-2048x2048 size-2048x2048 wp-post-image\" alt=\"\" srcset=\"https:\/\/tiendamarcial.com\/arnobysinam\/wp-content\/uploads\/2023\/07\/Taekwondo.png 574w, https:\/\/tiendamarcial.com\/arnobysinam\/wp-content\/uploads\/2023\/07\/Taekwondo-300x198.png 300w\" sizes=\"(max-width: 574px) 100vw, 574px\" \/>\t\t\t<\/div>\n\t\t<\/div>\n        <div class=\"bm-blog-post-content bm_content_box\">\n            <h4 class=\"entry-post-title bm_title\"><a href=\"https:\/\/tiendamarcial.com\/arnobysinam\/2023\/07\/28\/taekwondo\/\" rel=\"bookmark\">Taekwondo<\/a><\/h4>            <div class=\"bm-blog-post-meta entry-post-meta bm_meta\">\n                <span class=\"byauthor\"><i class=\"fa fa-user\" aria-hidden=\"true\"><\/i><span class=\"screen-reader-text\">Publicado por<\/span><span class=\"author vcard\"><a class=\"url fn n\" href=\"https:\/\/tiendamarcial.com\/arnobysinam\/author\/arnobysinam\/\">ArnobySinam<\/a><\/span><\/span><span class=\"posted-on\"><i class=\"fa fa-clock\" aria-hidden=\"true\"><\/i><a href=\"https:\/\/tiendamarcial.com\/arnobysinam\/2023\/07\/28\/taekwondo\/\" rel=\"bookmark\">julio 28, 2023<\/a><\/span>            <\/div>\n            <div class=\"entry-post-content bm_content\">\n                            <\/div>\n        <\/div>\n    <\/article>\n    <article id=\"post-1406\" class=\"item bm_layout post-1406 post type-post status-publish format-standard has-post-thumbnail hentry category-blog tag-artes-marciales tag-colombia tag-karate tag-tienda-marcial\">\n\t\t<div class=\"bm-blog-post-image entry-post-image\">\n\t\t\t<div class=\"bm-post-image clearfix bm-hover-effect bm-hover-effect-blur\">\n\t\t\t\t<img loading=\"lazy\" decoding=\"async\" width=\"574\" height=\"378\" src=\"https:\/\/tiendamarcial.com\/arnobysinam\/wp-content\/uploads\/2023\/07\/Karate-Do.png\" class=\"attachment-2048x2048 size-2048x2048 wp-post-image\" alt=\"\" srcset=\"https:\/\/tiendamarcial.com\/arnobysinam\/wp-content\/uploads\/2023\/07\/Karate-Do.png 574w, https:\/\/tiendamarcial.com\/arnobysinam\/wp-content\/uploads\/2023\/07\/Karate-Do-300x198.png 300w\" sizes=\"(max-width: 574px) 100vw, 574px\" \/>\t\t\t<\/div>\n\t\t<\/div>\n        <div class=\"bm-blog-post-content bm_content_box\">\n            <h4 class=\"entry-post-title bm_title\"><a href=\"https:\/\/tiendamarcial.com\/arnobysinam\/2023\/07\/27\/karate-do-shotokan\/\" rel=\"bookmark\">Karate D\u00f4 &#8211; Sh\u00f4t\u00f4kan<\/a><\/h4>            <div class=\"bm-blog-post-meta entry-post-meta bm_meta\">\n                <span class=\"byauthor\"><i class=\"fa fa-user\" aria-hidden=\"true\"><\/i><span class=\"screen-reader-text\">Publicado por<\/span><span class=\"author vcard\"><a class=\"url fn n\" href=\"https:\/\/tiendamarcial.com\/arnobysinam\/author\/arnobysinam\/\">ArnobySinam<\/a><\/span><\/span><span class=\"posted-on\"><i class=\"fa fa-clock\" aria-hidden=\"true\"><\/i><a href=\"https:\/\/tiendamarcial.com\/arnobysinam\/2023\/07\/27\/karate-do-shotokan\/\" rel=\"bookmark\">julio 27, 2023<\/a><\/span>            <\/div>\n            <div class=\"entry-post-content bm_content\">\n                            <\/div>\n        <\/div>\n    <\/article>\n\t\t\t\t<\/div><\/div>\n\t\t\t\t\t\t\t\t<\/div>\n\t\t\t\t<\/div>\n\t\t\t\t\t<\/div>\n\t\t\t\t<\/div>\n\t\t\t\t<\/div>\n\t\t","protected":false},"excerpt":{"rendered":"<p>Kenjutsu Publicado porArnobySinamjulio 30, 2023 J\u00fbd\u00f4 Publicado porArnobySinamjulio 29, 2023 Taekwondo Publicado porArnobySinamjulio 28, 2023 Karate D\u00f4 &#8211; Sh\u00f4t\u00f4kan Publicado porArnobySinamjulio 27, 2023<\/p>\n","protected":false},"author":1,"featured_media":0,"parent":0,"menu_order":0,"comment_status":"closed","ping_status":"closed","template":"","meta":{"footnotes":""},"class_list":["post-1447","page","type-page","status-publish","hentry"],"yoast_head":"<!-- This site is optimized with the Yoast SEO plugin v26.8 - https:\/\/yoast.com\/product\/yoast-seo-wordpress\/ -->\n<title>Blog - Tienda Marcial Colombia<\/title>\n<meta name=\"robots\" content=\"index, follow, max-snippet:-1, max-image-preview:large, max-video-preview:-1\" \/>\n<link rel=\"canonical\" href=\"https:\/\/tiendamarcial.com\/arnobysinam\/blog\/\" \/>\n<meta property=\"og:locale\" content=\"es_ES\" \/>\n<meta property=\"og:type\" content=\"article\" \/>\n<meta property=\"og:title\" content=\"Blog - Tienda Marcial Colombia\" \/>\n<meta property=\"og:description\" content=\"Kenjutsu Publicado porArnobySinamjulio 30, 2023 J\u00fbd\u00f4 Publicado porArnobySinamjulio 29, 2023 Taekwondo Publicado porArnobySinamjulio 28, 2023 Karate D\u00f4 &#8211; Sh\u00f4t\u00f4kan Publicado porArnobySinamjulio 27, 2023\" \/>\n<meta property=\"og:url\" content=\"https:\/\/tiendamarcial.com\/arnobysinam\/blog\/\" \/>\n<meta property=\"og:site_name\" content=\"Tienda Marcial Colombia\" \/>\n<meta property=\"article:publisher\" content=\"https:\/\/www.facebook.com\/TiendaMarcial\" \/>\n<meta property=\"article:modified_time\" content=\"2023-08-10T16:22:34+00:00\" \/>\n<meta property=\"og:image\" content=\"https:\/\/tiendamarcial.com\/arnobysinam\/wp-content\/uploads\/2023\/07\/Kenjutsu.png\" \/>\n<meta name=\"twitter:card\" content=\"summary_large_image\" \/>\n<meta name=\"twitter:site\" content=\"@TiendaMarcial\" \/>\n<script type=\"application\/ld+json\" class=\"yoast-schema-graph\">{\"@context\":\"https:\/\/schema.org\",\"@graph\":[{\"@type\":\"WebPage\",\"@id\":\"https:\/\/tiendamarcial.com\/arnobysinam\/blog\/\",\"url\":\"https:\/\/tiendamarcial.com\/arnobysinam\/blog\/\",\"name\":\"Blog - Tienda Marcial Colombia\",\"isPartOf\":{\"@id\":\"https:\/\/tiendamarcial.com\/arnobysinam\/#website\"},\"primaryImageOfPage\":{\"@id\":\"https:\/\/tiendamarcial.com\/arnobysinam\/blog\/#primaryimage\"},\"image\":{\"@id\":\"https:\/\/tiendamarcial.com\/arnobysinam\/blog\/#primaryimage\"},\"thumbnailUrl\":\"https:\/\/tiendamarcial.com\/arnobysinam\/wp-content\/uploads\/2023\/07\/Kenjutsu.png\",\"datePublished\":\"2023-07-28T04:46:37+00:00\",\"dateModified\":\"2023-08-10T16:22:34+00:00\",\"breadcrumb\":{\"@id\":\"https:\/\/tiendamarcial.com\/arnobysinam\/blog\/#breadcrumb\"},\"inLanguage\":\"es\",\"potentialAction\":[{\"@type\":\"ReadAction\",\"target\":[\"https:\/\/tiendamarcial.com\/arnobysinam\/blog\/\"]}]},{\"@type\":\"ImageObject\",\"inLanguage\":\"es\",\"@id\":\"https:\/\/tiendamarcial.com\/arnobysinam\/blog\/#primaryimage\",\"url\":\"https:\/\/tiendamarcial.com\/arnobysinam\/wp-content\/uploads\/2023\/07\/Kenjutsu.png\",\"contentUrl\":\"https:\/\/tiendamarcial.com\/arnobysinam\/wp-content\/uploads\/2023\/07\/Kenjutsu.png\",\"width\":574,\"height\":378},{\"@type\":\"BreadcrumbList\",\"@id\":\"https:\/\/tiendamarcial.com\/arnobysinam\/blog\/#breadcrumb\",\"itemListElement\":[{\"@type\":\"ListItem\",\"position\":1,\"name\":\"Portada\",\"item\":\"https:\/\/tiendamarcial.com\/arnobysinam\/\"},{\"@type\":\"ListItem\",\"position\":2,\"name\":\"Blog\"}]},{\"@type\":\"WebSite\",\"@id\":\"https:\/\/tiendamarcial.com\/arnobysinam\/#website\",\"url\":\"https:\/\/tiendamarcial.com\/arnobysinam\/\",\"name\":\"Tienda Marcial Colombia\",\"description\":\"Todo en implementos para Artes Marciales\",\"potentialAction\":[{\"@type\":\"SearchAction\",\"target\":{\"@type\":\"EntryPoint\",\"urlTemplate\":\"https:\/\/tiendamarcial.com\/arnobysinam\/?s={search_term_string}\"},\"query-input\":{\"@type\":\"PropertyValueSpecification\",\"valueRequired\":true,\"valueName\":\"search_term_string\"}}],\"inLanguage\":\"es\"}]}<\/script>\n<!-- \/ Yoast SEO plugin. -->","yoast_head_json":{"title":"Blog - Tienda Marcial Colombia","robots":{"index":"index","follow":"follow","max-snippet":"max-snippet:-1","max-image-preview":"max-image-preview:large","max-video-preview":"max-video-preview:-1"},"canonical":"https:\/\/tiendamarcial.com\/arnobysinam\/blog\/","og_locale":"es_ES","og_type":"article","og_title":"Blog - Tienda Marcial Colombia","og_description":"Kenjutsu Publicado porArnobySinamjulio 30, 2023 J\u00fbd\u00f4 Publicado porArnobySinamjulio 29, 2023 Taekwondo Publicado porArnobySinamjulio 28, 2023 Karate D\u00f4 &#8211; Sh\u00f4t\u00f4kan Publicado porArnobySinamjulio 27, 2023","og_url":"https:\/\/tiendamarcial.com\/arnobysinam\/blog\/","og_site_name":"Tienda Marcial Colombia","article_publisher":"https:\/\/www.facebook.com\/TiendaMarcial","article_modified_time":"2023-08-10T16:22:34+00:00","og_image":[{"url":"https:\/\/tiendamarcial.com\/arnobysinam\/wp-content\/uploads\/2023\/07\/Kenjutsu.png","type":"","width":"","height":""}],"twitter_card":"summary_large_image","twitter_site":"@TiendaMarcial","schema":{"@context":"https:\/\/schema.org","@graph":[{"@type":"WebPage","@id":"https:\/\/tiendamarcial.com\/arnobysinam\/blog\/","url":"https:\/\/tiendamarcial.com\/arnobysinam\/blog\/","name":"Blog - Tienda Marcial Colombia","isPartOf":{"@id":"https:\/\/tiendamarcial.com\/arnobysinam\/#website"},"primaryImageOfPage":{"@id":"https:\/\/tiendamarcial.com\/arnobysinam\/blog\/#primaryimage"},"image":{"@id":"https:\/\/tiendamarcial.com\/arnobysinam\/blog\/#primaryimage"},"thumbnailUrl":"https:\/\/tiendamarcial.com\/arnobysinam\/wp-content\/uploads\/2023\/07\/Kenjutsu.png","datePublished":"2023-07-28T04:46:37+00:00","dateModified":"2023-08-10T16:22:34+00:00","breadcrumb":{"@id":"https:\/\/tiendamarcial.com\/arnobysinam\/blog\/#breadcrumb"},"inLanguage":"es","potentialAction":[{"@type":"ReadAction","target":["https:\/\/tiendamarcial.com\/arnobysinam\/blog\/"]}]},{"@type":"ImageObject","inLanguage":"es","@id":"https:\/\/tiendamarcial.com\/arnobysinam\/blog\/#primaryimage","url":"https:\/\/tiendamarcial.com\/arnobysinam\/wp-content\/uploads\/2023\/07\/Kenjutsu.png","contentUrl":"https:\/\/tiendamarcial.com\/arnobysinam\/wp-content\/uploads\/2023\/07\/Kenjutsu.png","width":574,"height":378},{"@type":"BreadcrumbList","@id":"https:\/\/tiendamarcial.com\/arnobysinam\/blog\/#breadcrumb","itemListElement":[{"@type":"ListItem","position":1,"name":"Portada","item":"https:\/\/tiendamarcial.com\/arnobysinam\/"},{"@type":"ListItem","position":2,"name":"Blog"}]},{"@type":"WebSite","@id":"https:\/\/tiendamarcial.com\/arnobysinam\/#website","url":"https:\/\/tiendamarcial.com\/arnobysinam\/","name":"Tienda Marcial Colombia","description":"Todo en implementos para Artes Marciales","potentialAction":[{"@type":"SearchAction","target":{"@type":"EntryPoint","urlTemplate":"https:\/\/tiendamarcial.com\/arnobysinam\/?s={search_term_string}"},"query-input":{"@type":"PropertyValueSpecification","valueRequired":true,"valueName":"search_term_string"}}],"inLanguage":"es"}]}},"_links":{"self":[{"href":"https:\/\/tiendamarcial.com\/arnobysinam\/wp-json\/wp\/v2\/pages\/1447","targetHints":{"allow":["GET"]}}],"collection":[{"href":"https:\/\/tiendamarcial.com\/arnobysinam\/wp-json\/wp\/v2\/pages"}],"about":[{"href":"https:\/\/tiendamarcial.com\/arnobysinam\/wp-json\/wp\/v2\/types\/page"}],"author":[{"embeddable":true,"href":"https:\/\/tiendamarcial.com\/arnobysinam\/wp-json\/wp\/v2\/users\/1"}],"replies":[{"embeddable":true,"href":"https:\/\/tiendamarcial.com\/arnobysinam\/wp-json\/wp\/v2\/comments?post=1447"}],"version-history":[{"count":31,"href":"https:\/\/tiendamarcial.com\/arnobysinam\/wp-json\/wp\/v2\/pages\/1447\/revisions"}],"predecessor-version":[{"id":2816,"href":"https:\/\/tiendamarcial.com\/arnobysinam\/wp-json\/wp\/v2\/pages\/1447\/revisions\/2816"}],"wp:attachment":[{"href":"https:\/\/tiendamarcial.com\/arnobysinam\/wp-json\/wp\/v2\/media?parent=1447"}],"curies":[{"name":"wp","href":"https:\/\/api.w.org\/{rel}","templated":true}]}}